{"id":831,"date":"2022-02-07T16:23:06","date_gmt":"2022-02-07T13:23:06","guid":{"rendered":"http:\/\/anemontrekking.com\/?page_id=831"},"modified":"2022-02-11T16:29:22","modified_gmt":"2022-02-11T13:29:22","slug":"kucukkiziltepe-tirmanisi-ve-karagol-kampi","status":"publish","type":"page","link":"https:\/\/anemontrekking.com\/?page_id=831","title":{"rendered":"K\u00dc\u00c7\u00dcKKIZILTEPE TIRMANI\u015eI VE KARAG\u00d6L KAMPI"},"content":{"rendered":"\n<figure class=\"wp-block-image size-large\"><img loading=\"lazy\" decoding=\"async\" width=\"1024\" height=\"819\" src=\"http:\/\/anemontrekking.com\/wp-content\/uploads\/2022\/02\/Kucukkiziltepe-Karakol-Kampi-1024x819.jpg\" alt=\"\" class=\"wp-image-832\" srcset=\"https:\/\/anemontrekking.com\/wp-content\/uploads\/2022\/02\/Kucukkiziltepe-Karakol-Kampi-1024x819.jpg 1024w, https:\/\/anemontrekking.com\/wp-content\/uploads\/2022\/02\/Kucukkiziltepe-Karakol-Kampi-300x240.jpg 300w, https:\/\/anemontrekking.com\/wp-content\/uploads\/2022\/02\/Kucukkiziltepe-Karakol-Kampi-768x614.jpg 768w, https:\/\/anemontrekking.com\/wp-content\/uploads\/2022\/02\/Kucukkiziltepe-Karakol-Kampi-1536x1229.jpg 1536w, https:\/\/anemontrekking.com\/wp-content\/uploads\/2022\/02\/Kucukkiziltepe-Karakol-Kampi.jpg 2000w\" sizes=\"auto, (max-width: 1024px) 100vw, 1024px\" \/><\/figure>\n\n\n\n<p>Denizli\u2019nin Beya\u011fa\u00e7 il\u00e7esine ba\u011fl\u0131 Karag\u00f6l&#8217;de kamp kurulacak olup buradan g\u00f6l\u00fcn kar\u015f\u0131nda y\u00fckselene 2080 rak\u0131ml\u0131 K\u00dc\u00c7\u00dcKKIZILTEPE DA\u011eINA zirve t\u0131rman\u0131\u015f\u0131 yap\u0131lacakt\u0131r. Toplam mesafe 21 km, toplam irtifa 1600 metredir. Faaliyete trekking ve da\u011fc\u0131l\u0131k tecr\u00fcbesi olan herkes davetlidir. Zirve t\u0131rman\u0131\u015f\u0131 yapmak istemeyen sadece kampta vakit ge\u00e7irmek isteyen arkada\u015flarda faaliyetimize kat\u0131labilir. <\/p>\n\n\n\n<p><strong>Program :<\/strong><\/p>\n\n\n\n<p><strong>26 Mart Cumartesi<\/strong><\/p>\n\n\n\n<p>13:00 Beya\u011fa\u00e7 Kasabas\u0131nda bulu\u015fma ve kamp al\u0131\u015fveri\u015fi<br>14:00 Kamp alan\u0131na hareket ve kamp\u0131n kurulmas\u0131<br>22:00 Sessizlik ve yat\u0131\u015f<br><\/p>\n\n\n\n<p><strong>27 Mart Pazar<\/strong><\/p>\n\n\n\n<p>04:00 Planlanan rotadan zirveye hareket<br>11:00 Tahmini zirveye var\u0131\u015f ve seremoni<br>17:00 Kamp alan\u0131na d\u00f6n\u00fc\u015f ve kamp\u0131 toplama<br>18:00 Vedala\u015fma <\/p>\n\n\n\n<p><strong>REHBER :<\/strong>&nbsp;<strong>Yavuz ALNIAK<\/strong><\/p>\n\n\n\n<p><strong>KAYIT ve B\u0130LG\u0130 \u0130\u00c7\u0130N :<\/strong><\/p>\n\n\n\n<p>Anemon Trekking Whatsap Hatt\u0131 : 0-850-303 91 11<\/p>\n\n\n\n<p>Anemon Trekking Whatsap Duyuru Gurubuna \u00fcye olarak bundan sonraki etkinliklerimizden haberdar olmak i\u00e7in<\/p>\n\n\n\n<p>WHATSAP \u0130\u00c7\u0130N&nbsp;<a rel=\"noreferrer noopener\" href=\"https:\/\/l.facebook.com\/l.php?u=https%3A%2F%2Fchat.whatsapp.com%2FEstLmUsfztaBqgDSmO8fPZ%3Ffbclid%3DIwAR0sDHYHloBbI78PY_2r3eBZZPvlTiB1ugh80AF5BYjPBtWiXmRxqz_hr6w&amp;h=AT1yFYtc0OgYQeD6uxJI07qa5amrHRjejQtsZhS16ym_4zfnoUqn4QTh-izh90lmC2xKb4z6PDbOgr7j__LP16wm89H6pEuKAWNA-_IZ5hjPCZHjdnD3MoTgh7V-MmkG&amp;__tn__=q&amp;c[0]=AT0pxQ85jpasBZy2aucmM8UYMpnhWXT-NCy483Xy6r_sLFuYjKV1x6rE8vK-9hpb4v5eC9A1E4z4xCNGUFejaq6NJ3loQ0UKauMZCTIZcvWMW5HDgPKEgj4ZZta3520x5AkX8gD2vjbzH2m2qdGgGGRE\" target=\"_blank\">https:\/\/chat.whatsapp.com\/EstLmUsfztaBqgDSmO8fPZ<\/a><\/p>\n\n\n\n<p>TELEGRAM \u0130\u00c7\u0130N<a rel=\"noreferrer noopener\" href=\"https:\/\/t.me\/anemontrekking?fbclid=IwAR105Us33vm973055gLPwgsM6ajaRDfV_lRQV-qxGJ7H-OjD25317-3xupU\" target=\"_blank\">&nbsp;https:\/\/t.me\/anemontrekking<\/a><\/p>\n","protected":false},"excerpt":{"rendered":"<div class=\"slide-text-bg2\">\n<h3>Denizli\u2019nin Beya\u011fa\u00e7 il\u00e7esine ba\u011fl\u0131 Karag\u00f6l&#8217;de kamp kurulacak olup buradan g\u00f6l\u00fcn kar\u015f\u0131nda y\u00fckselene 2080 rak\u0131ml\u0131 K\u00dc\u00c7\u00dcKKIZILTEPE DA\u011eINA zirve t\u0131rman\u0131\u015f\u0131 yap\u0131lacakt\u0131r. Toplam<\/h3>\n<\/div>\n<div class=\"flex-btn-div\"><a href=\"https:\/\/anemontrekking.com\/?page_id=831\" class=\"btn1 flex-btn\">Daha fazlas\u0131n\u0131 oku<\/a><\/div>\n","protected":false},"author":1,"featured_media":0,"parent":0,"menu_order":0,"comment_status":"closed","ping_status":"closed","template":"","meta":{"ngg_post_thumbnail":0,"footnotes":""},"class_list":["post-831","page","type-page","status-publish","hentry"],"yoast_head":"<!-- This site is optimized with the Yoast SEO plugin v26.3 - https:\/\/yoast.com\/wordpress\/plugins\/seo\/ -->\n<title>K\u00dc\u00c7\u00dcKKIZILTEPE TIRMANI\u015eI VE KARAG\u00d6L KAMPI - Anemon Trekking Spor Kulub\u00fc<\/title>\n<meta name=\"robots\" content=\"index, follow, max-snippet:-1, max-image-preview:large, max-video-preview:-1\" \/>\n<link rel=\"canonical\" href=\"https:\/\/anemontrekking.com\/?page_id=831\" \/>\n<meta property=\"og:locale\" content=\"tr_TR\" \/>\n<meta property=\"og:type\" content=\"article\" \/>\n<meta property=\"og:title\" content=\"K\u00dc\u00c7\u00dcKKIZILTEPE TIRMANI\u015eI VE KARAG\u00d6L KAMPI - Anemon Trekking Spor Kulub\u00fc\" \/>\n<meta property=\"og:description\" content=\"Denizli\u2019nin Beya\u011fa\u00e7 il\u00e7esine ba\u011fl\u0131 Karag\u00f6l&#8217;de kamp kurulacak olup buradan g\u00f6l\u00fcn kar\u015f\u0131nda y\u00fckselene 2080 rak\u0131ml\u0131 K\u00dc\u00c7\u00dcKKIZILTEPE DA\u011eINA zirve t\u0131rman\u0131\u015f\u0131 yap\u0131lacakt\u0131r. ToplamDaha fazlas\u0131n\u0131 oku\" \/>\n<meta property=\"og:url\" content=\"https:\/\/anemontrekking.com\/?page_id=831\" \/>\n<meta property=\"og:site_name\" content=\"Anemon Trekking Spor Kulub\u00fc\" \/>\n<meta property=\"article:publisher\" content=\"https:\/\/facebook.com\/anemontreking\" \/>\n<meta property=\"article:modified_time\" content=\"2022-02-11T13:29:22+00:00\" \/>\n<meta property=\"og:image\" content=\"http:\/\/anemontrekking.com\/wp-content\/uploads\/2022\/02\/Kucukkiziltepe-Karakol-Kampi-1024x819.jpg\" \/>\n<meta name=\"twitter:card\" content=\"summary_large_image\" \/>\n<meta name=\"twitter:site\" content=\"@anemon_trekking\" \/>\n<meta name=\"twitter:label1\" content=\"Tahmini okuma s\u00fcresi\" \/>\n\t<meta name=\"twitter:data1\" content=\"1 dakika\" \/>\n<script type=\"application\/ld+json\" class=\"yoast-schema-graph\">{\"@context\":\"https:\/\/schema.org\",\"@graph\":[{\"@type\":\"WebPage\",\"@id\":\"https:\/\/anemontrekking.com\/?page_id=831\",\"url\":\"https:\/\/anemontrekking.com\/?page_id=831\",\"name\":\"K\u00dc\u00c7\u00dcKKIZILTEPE TIRMANI\u015eI VE KARAG\u00d6L KAMPI - Anemon Trekking Spor Kulub\u00fc\",\"isPartOf\":{\"@id\":\"https:\/\/anemontrekking.com\/#website\"},\"primaryImageOfPage\":{\"@id\":\"https:\/\/anemontrekking.com\/?page_id=831#primaryimage\"},\"image\":{\"@id\":\"https:\/\/anemontrekking.com\/?page_id=831#primaryimage\"},\"thumbnailUrl\":\"http:\/\/anemontrekking.com\/wp-content\/uploads\/2022\/02\/Kucukkiziltepe-Karakol-Kampi-1024x819.jpg\",\"datePublished\":\"2022-02-07T13:23:06+00:00\",\"dateModified\":\"2022-02-11T13:29:22+00:00\",\"breadcrumb\":{\"@id\":\"https:\/\/anemontrekking.com\/?page_id=831#breadcrumb\"},\"inLanguage\":\"tr\",\"potentialAction\":[{\"@type\":\"ReadAction\",\"target\":[\"https:\/\/anemontrekking.com\/?page_id=831\"]}]},{\"@type\":\"ImageObject\",\"inLanguage\":\"tr\",\"@id\":\"https:\/\/anemontrekking.com\/?page_id=831#primaryimage\",\"url\":\"https:\/\/anemontrekking.com\/wp-content\/uploads\/2022\/02\/Kucukkiziltepe-Karakol-Kampi.jpg\",\"contentUrl\":\"https:\/\/anemontrekking.com\/wp-content\/uploads\/2022\/02\/Kucukkiziltepe-Karakol-Kampi.jpg\",\"width\":2000,\"height\":1600},{\"@type\":\"BreadcrumbList\",\"@id\":\"https:\/\/anemontrekking.com\/?page_id=831#breadcrumb\",\"itemListElement\":[{\"@type\":\"ListItem\",\"position\":1,\"name\":\"Anasayfa\",\"item\":\"https:\/\/anemontrekking.com\/\"},{\"@type\":\"ListItem\",\"position\":2,\"name\":\"K\u00dc\u00c7\u00dcKKIZILTEPE TIRMANI\u015eI VE KARAG\u00d6L KAMPI\"}]},{\"@type\":\"WebSite\",\"@id\":\"https:\/\/anemontrekking.com\/#website\",\"url\":\"https:\/\/anemontrekking.com\/\",\"name\":\"Anemon Trekking Spor Kulub\u00fc\",\"description\":\"Da\u011fc\u0131l\u0131k, Trekking,Kamp\u00e7\u0131l\u0131k ve Do\u011fa Sporlar\u0131\",\"publisher\":{\"@id\":\"https:\/\/anemontrekking.com\/#organization\"},\"potentialAction\":[{\"@type\":\"SearchAction\",\"target\":{\"@type\":\"EntryPoint\",\"urlTemplate\":\"https:\/\/anemontrekking.com\/?s={search_term_string}\"},\"query-input\":{\"@type\":\"PropertyValueSpecification\",\"valueRequired\":true,\"valueName\":\"search_term_string\"}}],\"inLanguage\":\"tr\"},{\"@type\":\"Organization\",\"@id\":\"https:\/\/anemontrekking.com\/#organization\",\"name\":\"Anemon Trekking Spor Kulub\u00fc\",\"url\":\"https:\/\/anemontrekking.com\/\",\"logo\":{\"@type\":\"ImageObject\",\"inLanguage\":\"tr\",\"@id\":\"https:\/\/anemontrekking.com\/#\/schema\/logo\/image\/\",\"url\":\"http:\/\/anemontrekking.com\/wp-content\/uploads\/2021\/02\/47292421_10156386216874652_1517111611498692608_n.jpg\",\"contentUrl\":\"http:\/\/anemontrekking.com\/wp-content\/uploads\/2021\/02\/47292421_10156386216874652_1517111611498692608_n.jpg\",\"width\":960,\"height\":906,\"caption\":\"Anemon Trekking Spor Kulub\u00fc\"},\"image\":{\"@id\":\"https:\/\/anemontrekking.com\/#\/schema\/logo\/image\/\"},\"sameAs\":[\"https:\/\/facebook.com\/anemontreking\",\"https:\/\/x.com\/anemon_trekking\",\"https:\/\/www.instagram.com\/anemontreking\/\"]}]}<\/script>\n<!-- \/ Yoast SEO plugin. -->","yoast_head_json":{"title":"K\u00dc\u00c7\u00dcKKIZILTEPE TIRMANI\u015eI VE KARAG\u00d6L KAMPI - Anemon Trekking Spor Kulub\u00fc","robots":{"index":"index","follow":"follow","max-snippet":"max-snippet:-1","max-image-preview":"max-image-preview:large","max-video-preview":"max-video-preview:-1"},"canonical":"https:\/\/anemontrekking.com\/?page_id=831","og_locale":"tr_TR","og_type":"article","og_title":"K\u00dc\u00c7\u00dcKKIZILTEPE TIRMANI\u015eI VE KARAG\u00d6L KAMPI - Anemon Trekking Spor Kulub\u00fc","og_description":"Denizli\u2019nin Beya\u011fa\u00e7 il\u00e7esine ba\u011fl\u0131 Karag\u00f6l&#8217;de kamp kurulacak olup buradan g\u00f6l\u00fcn kar\u015f\u0131nda y\u00fckselene 2080 rak\u0131ml\u0131 K\u00dc\u00c7\u00dcKKIZILTEPE DA\u011eINA zirve t\u0131rman\u0131\u015f\u0131 yap\u0131lacakt\u0131r. ToplamDaha fazlas\u0131n\u0131 oku","og_url":"https:\/\/anemontrekking.com\/?page_id=831","og_site_name":"Anemon Trekking Spor Kulub\u00fc","article_publisher":"https:\/\/facebook.com\/anemontreking","article_modified_time":"2022-02-11T13:29:22+00:00","og_image":[{"url":"http:\/\/anemontrekking.com\/wp-content\/uploads\/2022\/02\/Kucukkiziltepe-Karakol-Kampi-1024x819.jpg","type":"","width":"","height":""}],"twitter_card":"summary_large_image","twitter_site":"@anemon_trekking","twitter_misc":{"Tahmini okuma s\u00fcresi":"1 dakika"},"schema":{"@context":"https:\/\/schema.org","@graph":[{"@type":"WebPage","@id":"https:\/\/anemontrekking.com\/?page_id=831","url":"https:\/\/anemontrekking.com\/?page_id=831","name":"K\u00dc\u00c7\u00dcKKIZILTEPE TIRMANI\u015eI VE KARAG\u00d6L KAMPI - Anemon Trekking Spor Kulub\u00fc","isPartOf":{"@id":"https:\/\/anemontrekking.com\/#website"},"primaryImageOfPage":{"@id":"https:\/\/anemontrekking.com\/?page_id=831#primaryimage"},"image":{"@id":"https:\/\/anemontrekking.com\/?page_id=831#primaryimage"},"thumbnailUrl":"http:\/\/anemontrekking.com\/wp-content\/uploads\/2022\/02\/Kucukkiziltepe-Karakol-Kampi-1024x819.jpg","datePublished":"2022-02-07T13:23:06+00:00","dateModified":"2022-02-11T13:29:22+00:00","breadcrumb":{"@id":"https:\/\/anemontrekking.com\/?page_id=831#breadcrumb"},"inLanguage":"tr","potentialAction":[{"@type":"ReadAction","target":["https:\/\/anemontrekking.com\/?page_id=831"]}]},{"@type":"ImageObject","inLanguage":"tr","@id":"https:\/\/anemontrekking.com\/?page_id=831#primaryimage","url":"https:\/\/anemontrekking.com\/wp-content\/uploads\/2022\/02\/Kucukkiziltepe-Karakol-Kampi.jpg","contentUrl":"https:\/\/anemontrekking.com\/wp-content\/uploads\/2022\/02\/Kucukkiziltepe-Karakol-Kampi.jpg","width":2000,"height":1600},{"@type":"BreadcrumbList","@id":"https:\/\/anemontrekking.com\/?page_id=831#breadcrumb","itemListElement":[{"@type":"ListItem","position":1,"name":"Anasayfa","item":"https:\/\/anemontrekking.com\/"},{"@type":"ListItem","position":2,"name":"K\u00dc\u00c7\u00dcKKIZILTEPE TIRMANI\u015eI VE KARAG\u00d6L KAMPI"}]},{"@type":"WebSite","@id":"https:\/\/anemontrekking.com\/#website","url":"https:\/\/anemontrekking.com\/","name":"Anemon Trekking Spor Kulub\u00fc","description":"Da\u011fc\u0131l\u0131k, Trekking,Kamp\u00e7\u0131l\u0131k ve Do\u011fa Sporlar\u0131","publisher":{"@id":"https:\/\/anemontrekking.com\/#organization"},"potentialAction":[{"@type":"SearchAction","target":{"@type":"EntryPoint","urlTemplate":"https:\/\/anemontrekking.com\/?s={search_term_string}"},"query-input":{"@type":"PropertyValueSpecification","valueRequired":true,"valueName":"search_term_string"}}],"inLanguage":"tr"},{"@type":"Organization","@id":"https:\/\/anemontrekking.com\/#organization","name":"Anemon Trekking Spor Kulub\u00fc","url":"https:\/\/anemontrekking.com\/","logo":{"@type":"ImageObject","inLanguage":"tr","@id":"https:\/\/anemontrekking.com\/#\/schema\/logo\/image\/","url":"http:\/\/anemontrekking.com\/wp-content\/uploads\/2021\/02\/47292421_10156386216874652_1517111611498692608_n.jpg","contentUrl":"http:\/\/anemontrekking.com\/wp-content\/uploads\/2021\/02\/47292421_10156386216874652_1517111611498692608_n.jpg","width":960,"height":906,"caption":"Anemon Trekking Spor Kulub\u00fc"},"image":{"@id":"https:\/\/anemontrekking.com\/#\/schema\/logo\/image\/"},"sameAs":["https:\/\/facebook.com\/anemontreking","https:\/\/x.com\/anemon_trekking","https:\/\/www.instagram.com\/anemontreking\/"]}]}},"_links":{"self":[{"href":"https:\/\/anemontrekking.com\/index.php?rest_route=\/wp\/v2\/pages\/831","targetHints":{"allow":["GET"]}}],"collection":[{"href":"https:\/\/anemontrekking.com\/index.php?rest_route=\/wp\/v2\/pages"}],"about":[{"href":"https:\/\/anemontrekking.com\/index.php?rest_route=\/wp\/v2\/types\/page"}],"author":[{"embeddable":true,"href":"https:\/\/anemontrekking.com\/index.php?rest_route=\/wp\/v2\/users\/1"}],"replies":[{"embeddable":true,"href":"https:\/\/anemontrekking.com\/index.php?rest_route=%2Fwp%2Fv2%2Fcomments&post=831"}],"version-history":[{"count":2,"href":"https:\/\/anemontrekking.com\/index.php?rest_route=\/wp\/v2\/pages\/831\/revisions"}],"predecessor-version":[{"id":836,"href":"https:\/\/anemontrekking.com\/index.php?rest_route=\/wp\/v2\/pages\/831\/revisions\/836"}],"wp:attachment":[{"href":"https:\/\/anemontrekking.com\/index.php?rest_route=%2Fwp%2Fv2%2Fmedia&parent=831"}],"curies":[{"name":"wp","href":"https:\/\/api.w.org\/{rel}","templated":true}]}}