{"id":827,"date":"2022-02-02T10:10:27","date_gmt":"2022-02-02T07:10:27","guid":{"rendered":"http:\/\/anemontrekking.com\/?page_id=827"},"modified":"2022-02-02T10:10:28","modified_gmt":"2022-02-02T07:10:28","slug":"spil-millipark-turu","status":"publish","type":"page","link":"https:\/\/anemontrekking.com\/?page_id=827","title":{"rendered":"Spil Millipark Turu"},"content":{"rendered":"\n<figure class=\"wp-block-image size-large\"><img loading=\"lazy\" decoding=\"async\" width=\"1024\" height=\"819\" src=\"http:\/\/anemontrekking.com\/wp-content\/uploads\/2022\/02\/Spil-Millipark-Turu-1024x819.jpg\" alt=\"\" class=\"wp-image-828\" srcset=\"https:\/\/anemontrekking.com\/wp-content\/uploads\/2022\/02\/Spil-Millipark-Turu-1024x819.jpg 1024w, https:\/\/anemontrekking.com\/wp-content\/uploads\/2022\/02\/Spil-Millipark-Turu-300x240.jpg 300w, https:\/\/anemontrekking.com\/wp-content\/uploads\/2022\/02\/Spil-Millipark-Turu-768x614.jpg 768w, https:\/\/anemontrekking.com\/wp-content\/uploads\/2022\/02\/Spil-Millipark-Turu-1536x1229.jpg 1536w, https:\/\/anemontrekking.com\/wp-content\/uploads\/2022\/02\/Spil-Millipark-Turu.jpg 2000w\" sizes=\"auto, (max-width: 1024px) 100vw, 1024px\" \/><\/figure>\n\n\n\n<p><a rel=\"noreferrer noopener\" href=\"https:\/\/facebook.com\/anemontreking\" target=\"_blank\">Anemon Trekking<\/a>\u00a0Spor Kul\u00fcb\u00fc olarak bu hafta Spil Da\u011f\u0131na gezi tarz\u0131nda faaliyet d\u00fczenliyoruz. \u0130lk \u00f6nce \u00c7ayba\u015f\u0131 Kanyonunu gezece\u011fiz, daha sonra Spil Mavig\u00f6l&#8217;\u00fc gezece\u011fiz. Daha sonra milli park i\u00e7erisine girip Spil \u00d6nduvar Bayrak Dire\u011fine gidece\u011fiz. D\u00f6n\u00fc\u015f\u00fcm\u00fcz Manisa Ayvac\u0131k k\u00f6y\u00fc \u00fczerinden Manisa&#8217;ya olacakt\u0131r. Bu g\u00fczel gezimize t\u00fcm dostlar\u0131m\u0131z davetlidir. <\/p>\n\n\n\n<p>Program :<\/p>\n\n\n\n<p>6 \u015eubat 2022 Pazar<\/p>\n\n\n\n<p>Saat 08:00 Manisa Karak\u00f6y A\u011flayan Kaya&#8217;dan hareket<\/p>\n\n\n\n<p>Saat 18:00 Faaliyetin biti\u015fi ve Manisa\u2019ya d\u00f6n\u00fc\u015f<\/p>\n\n\n\n<p>KAYIT ve B\u0130LG\u0130 \u0130\u00c7\u0130N :<\/p>\n\n\n\n<p>Anemon Trekking Whatsap Hatt\u0131 : +90 850 303 91 11<\/p>\n\n\n\n<p>Rehber <a rel=\"noreferrer noopener\" href=\"https:\/\/www.facebook.com\/onder.ergul.5\" target=\"_blank\">\u00d6nder ERG\u00dcL <\/a> Tel : + 90 534 737 95 35<\/p>\n\n\n\n<p><a href=\"https:\/\/facebook.com\/anemontreking\" target=\"_blank\" rel=\"noreferrer noopener\">Anemon Trekking<\/a>&nbsp;Whatsapp Duyuru Gurubuna \u00fcye olarak bundan sonraki etkinliklerimizden haberdar olmak i\u00e7in&nbsp;<a href=\"https:\/\/chat.whatsapp.com\/EstLmUsfztaBqgDSmO8fPZ\" target=\"_blank\" rel=\"noreferrer noopener\">https:\/\/chat.whatsapp.com\/EstLmUsfztaBqgDSmO8fPZ<\/a>&nbsp;linkinden abone olabilirsiniz.<\/p>\n","protected":false},"excerpt":{"rendered":"<div class=\"slide-text-bg2\">\n<h3>Anemon Trekking\u00a0Spor Kul\u00fcb\u00fc olarak bu hafta Spil Da\u011f\u0131na gezi tarz\u0131nda faaliyet d\u00fczenliyoruz. \u0130lk \u00f6nce \u00c7ayba\u015f\u0131 Kanyonunu gezece\u011fiz, daha sonra Spil<\/h3>\n<\/div>\n<div class=\"flex-btn-div\"><a href=\"https:\/\/anemontrekking.com\/?page_id=827\" class=\"btn1 flex-btn\">Daha fazlas\u0131n\u0131 oku<\/a><\/div>\n","protected":false},"author":1,"featured_media":0,"parent":0,"menu_order":0,"comment_status":"closed","ping_status":"closed","template":"","meta":{"ngg_post_thumbnail":0,"footnotes":""},"class_list":["post-827","page","type-page","status-publish","hentry"],"yoast_head":"<!-- This site is optimized with the Yoast SEO plugin v26.3 - https:\/\/yoast.com\/wordpress\/plugins\/seo\/ -->\n<title>Spil Millipark Turu - Anemon Trekking Spor Kulub\u00fc<\/title>\n<meta name=\"robots\" content=\"index, follow, max-snippet:-1, max-image-preview:large, max-video-preview:-1\" \/>\n<link rel=\"canonical\" href=\"https:\/\/anemontrekking.com\/?page_id=827\" \/>\n<meta property=\"og:locale\" content=\"tr_TR\" \/>\n<meta property=\"og:type\" content=\"article\" \/>\n<meta property=\"og:title\" content=\"Spil Millipark Turu - Anemon Trekking Spor Kulub\u00fc\" \/>\n<meta property=\"og:description\" content=\"Anemon Trekking\u00a0Spor Kul\u00fcb\u00fc olarak bu hafta Spil Da\u011f\u0131na gezi tarz\u0131nda faaliyet d\u00fczenliyoruz. \u0130lk \u00f6nce \u00c7ayba\u015f\u0131 Kanyonunu gezece\u011fiz, daha sonra SpilDaha fazlas\u0131n\u0131 oku\" \/>\n<meta property=\"og:url\" content=\"https:\/\/anemontrekking.com\/?page_id=827\" \/>\n<meta property=\"og:site_name\" content=\"Anemon Trekking Spor Kulub\u00fc\" \/>\n<meta property=\"article:publisher\" content=\"https:\/\/facebook.com\/anemontreking\" \/>\n<meta property=\"article:modified_time\" content=\"2022-02-02T07:10:28+00:00\" \/>\n<meta property=\"og:image\" content=\"http:\/\/anemontrekking.com\/wp-content\/uploads\/2022\/02\/Spil-Millipark-Turu-1024x819.jpg\" \/>\n<meta name=\"twitter:card\" content=\"summary_large_image\" \/>\n<meta name=\"twitter:site\" content=\"@anemon_trekking\" \/>\n<meta name=\"twitter:label1\" content=\"Tahmini okuma s\u00fcresi\" \/>\n\t<meta name=\"twitter:data1\" content=\"1 dakika\" \/>\n<script type=\"application\/ld+json\" class=\"yoast-schema-graph\">{\"@context\":\"https:\/\/schema.org\",\"@graph\":[{\"@type\":\"WebPage\",\"@id\":\"https:\/\/anemontrekking.com\/?page_id=827\",\"url\":\"https:\/\/anemontrekking.com\/?page_id=827\",\"name\":\"Spil Millipark Turu - Anemon Trekking Spor Kulub\u00fc\",\"isPartOf\":{\"@id\":\"https:\/\/anemontrekking.com\/#website\"},\"primaryImageOfPage\":{\"@id\":\"https:\/\/anemontrekking.com\/?page_id=827#primaryimage\"},\"image\":{\"@id\":\"https:\/\/anemontrekking.com\/?page_id=827#primaryimage\"},\"thumbnailUrl\":\"http:\/\/anemontrekking.com\/wp-content\/uploads\/2022\/02\/Spil-Millipark-Turu-1024x819.jpg\",\"datePublished\":\"2022-02-02T07:10:27+00:00\",\"dateModified\":\"2022-02-02T07:10:28+00:00\",\"breadcrumb\":{\"@id\":\"https:\/\/anemontrekking.com\/?page_id=827#breadcrumb\"},\"inLanguage\":\"tr\",\"potentialAction\":[{\"@type\":\"ReadAction\",\"target\":[\"https:\/\/anemontrekking.com\/?page_id=827\"]}]},{\"@type\":\"ImageObject\",\"inLanguage\":\"tr\",\"@id\":\"https:\/\/anemontrekking.com\/?page_id=827#primaryimage\",\"url\":\"https:\/\/anemontrekking.com\/wp-content\/uploads\/2022\/02\/Spil-Millipark-Turu.jpg\",\"contentUrl\":\"https:\/\/anemontrekking.com\/wp-content\/uploads\/2022\/02\/Spil-Millipark-Turu.jpg\",\"width\":2000,\"height\":1600},{\"@type\":\"BreadcrumbList\",\"@id\":\"https:\/\/anemontrekking.com\/?page_id=827#breadcrumb\",\"itemListElement\":[{\"@type\":\"ListItem\",\"position\":1,\"name\":\"Anasayfa\",\"item\":\"https:\/\/anemontrekking.com\/\"},{\"@type\":\"ListItem\",\"position\":2,\"name\":\"Spil Millipark Turu\"}]},{\"@type\":\"WebSite\",\"@id\":\"https:\/\/anemontrekking.com\/#website\",\"url\":\"https:\/\/anemontrekking.com\/\",\"name\":\"Anemon Trekking Spor Kulub\u00fc\",\"description\":\"Da\u011fc\u0131l\u0131k, Trekking,Kamp\u00e7\u0131l\u0131k ve Do\u011fa Sporlar\u0131\",\"publisher\":{\"@id\":\"https:\/\/anemontrekking.com\/#organization\"},\"potentialAction\":[{\"@type\":\"SearchAction\",\"target\":{\"@type\":\"EntryPoint\",\"urlTemplate\":\"https:\/\/anemontrekking.com\/?s={search_term_string}\"},\"query-input\":{\"@type\":\"PropertyValueSpecification\",\"valueRequired\":true,\"valueName\":\"search_term_string\"}}],\"inLanguage\":\"tr\"},{\"@type\":\"Organization\",\"@id\":\"https:\/\/anemontrekking.com\/#organization\",\"name\":\"Anemon Trekking Spor Kulub\u00fc\",\"url\":\"https:\/\/anemontrekking.com\/\",\"logo\":{\"@type\":\"ImageObject\",\"inLanguage\":\"tr\",\"@id\":\"https:\/\/anemontrekking.com\/#\/schema\/logo\/image\/\",\"url\":\"http:\/\/anemontrekking.com\/wp-content\/uploads\/2021\/02\/47292421_10156386216874652_1517111611498692608_n.jpg\",\"contentUrl\":\"http:\/\/anemontrekking.com\/wp-content\/uploads\/2021\/02\/47292421_10156386216874652_1517111611498692608_n.jpg\",\"width\":960,\"height\":906,\"caption\":\"Anemon Trekking Spor Kulub\u00fc\"},\"image\":{\"@id\":\"https:\/\/anemontrekking.com\/#\/schema\/logo\/image\/\"},\"sameAs\":[\"https:\/\/facebook.com\/anemontreking\",\"https:\/\/x.com\/anemon_trekking\",\"https:\/\/www.instagram.com\/anemontreking\/\"]}]}<\/script>\n<!-- \/ Yoast SEO plugin. -->","yoast_head_json":{"title":"Spil Millipark Turu - Anemon Trekking Spor Kulub\u00fc","robots":{"index":"index","follow":"follow","max-snippet":"max-snippet:-1","max-image-preview":"max-image-preview:large","max-video-preview":"max-video-preview:-1"},"canonical":"https:\/\/anemontrekking.com\/?page_id=827","og_locale":"tr_TR","og_type":"article","og_title":"Spil Millipark Turu - Anemon Trekking Spor Kulub\u00fc","og_description":"Anemon Trekking\u00a0Spor Kul\u00fcb\u00fc olarak bu hafta Spil Da\u011f\u0131na gezi tarz\u0131nda faaliyet d\u00fczenliyoruz. \u0130lk \u00f6nce \u00c7ayba\u015f\u0131 Kanyonunu gezece\u011fiz, daha sonra SpilDaha fazlas\u0131n\u0131 oku","og_url":"https:\/\/anemontrekking.com\/?page_id=827","og_site_name":"Anemon Trekking Spor Kulub\u00fc","article_publisher":"https:\/\/facebook.com\/anemontreking","article_modified_time":"2022-02-02T07:10:28+00:00","og_image":[{"url":"http:\/\/anemontrekking.com\/wp-content\/uploads\/2022\/02\/Spil-Millipark-Turu-1024x819.jpg","type":"","width":"","height":""}],"twitter_card":"summary_large_image","twitter_site":"@anemon_trekking","twitter_misc":{"Tahmini okuma s\u00fcresi":"1 dakika"},"schema":{"@context":"https:\/\/schema.org","@graph":[{"@type":"WebPage","@id":"https:\/\/anemontrekking.com\/?page_id=827","url":"https:\/\/anemontrekking.com\/?page_id=827","name":"Spil Millipark Turu - Anemon Trekking Spor Kulub\u00fc","isPartOf":{"@id":"https:\/\/anemontrekking.com\/#website"},"primaryImageOfPage":{"@id":"https:\/\/anemontrekking.com\/?page_id=827#primaryimage"},"image":{"@id":"https:\/\/anemontrekking.com\/?page_id=827#primaryimage"},"thumbnailUrl":"http:\/\/anemontrekking.com\/wp-content\/uploads\/2022\/02\/Spil-Millipark-Turu-1024x819.jpg","datePublished":"2022-02-02T07:10:27+00:00","dateModified":"2022-02-02T07:10:28+00:00","breadcrumb":{"@id":"https:\/\/anemontrekking.com\/?page_id=827#breadcrumb"},"inLanguage":"tr","potentialAction":[{"@type":"ReadAction","target":["https:\/\/anemontrekking.com\/?page_id=827"]}]},{"@type":"ImageObject","inLanguage":"tr","@id":"https:\/\/anemontrekking.com\/?page_id=827#primaryimage","url":"https:\/\/anemontrekking.com\/wp-content\/uploads\/2022\/02\/Spil-Millipark-Turu.jpg","contentUrl":"https:\/\/anemontrekking.com\/wp-content\/uploads\/2022\/02\/Spil-Millipark-Turu.jpg","width":2000,"height":1600},{"@type":"BreadcrumbList","@id":"https:\/\/anemontrekking.com\/?page_id=827#breadcrumb","itemListElement":[{"@type":"ListItem","position":1,"name":"Anasayfa","item":"https:\/\/anemontrekking.com\/"},{"@type":"ListItem","position":2,"name":"Spil Millipark Turu"}]},{"@type":"WebSite","@id":"https:\/\/anemontrekking.com\/#website","url":"https:\/\/anemontrekking.com\/","name":"Anemon Trekking Spor Kulub\u00fc","description":"Da\u011fc\u0131l\u0131k, Trekking,Kamp\u00e7\u0131l\u0131k ve Do\u011fa Sporlar\u0131","publisher":{"@id":"https:\/\/anemontrekking.com\/#organization"},"potentialAction":[{"@type":"SearchAction","target":{"@type":"EntryPoint","urlTemplate":"https:\/\/anemontrekking.com\/?s={search_term_string}"},"query-input":{"@type":"PropertyValueSpecification","valueRequired":true,"valueName":"search_term_string"}}],"inLanguage":"tr"},{"@type":"Organization","@id":"https:\/\/anemontrekking.com\/#organization","name":"Anemon Trekking Spor Kulub\u00fc","url":"https:\/\/anemontrekking.com\/","logo":{"@type":"ImageObject","inLanguage":"tr","@id":"https:\/\/anemontrekking.com\/#\/schema\/logo\/image\/","url":"http:\/\/anemontrekking.com\/wp-content\/uploads\/2021\/02\/47292421_10156386216874652_1517111611498692608_n.jpg","contentUrl":"http:\/\/anemontrekking.com\/wp-content\/uploads\/2021\/02\/47292421_10156386216874652_1517111611498692608_n.jpg","width":960,"height":906,"caption":"Anemon Trekking Spor Kulub\u00fc"},"image":{"@id":"https:\/\/anemontrekking.com\/#\/schema\/logo\/image\/"},"sameAs":["https:\/\/facebook.com\/anemontreking","https:\/\/x.com\/anemon_trekking","https:\/\/www.instagram.com\/anemontreking\/"]}]}},"_links":{"self":[{"href":"https:\/\/anemontrekking.com\/index.php?rest_route=\/wp\/v2\/pages\/827","targetHints":{"allow":["GET"]}}],"collection":[{"href":"https:\/\/anemontrekking.com\/index.php?rest_route=\/wp\/v2\/pages"}],"about":[{"href":"https:\/\/anemontrekking.com\/index.php?rest_route=\/wp\/v2\/types\/page"}],"author":[{"embeddable":true,"href":"https:\/\/anemontrekking.com\/index.php?rest_route=\/wp\/v2\/users\/1"}],"replies":[{"embeddable":true,"href":"https:\/\/anemontrekking.com\/index.php?rest_route=%2Fwp%2Fv2%2Fcomments&post=827"}],"version-history":[{"count":1,"href":"https:\/\/anemontrekking.com\/index.php?rest_route=\/wp\/v2\/pages\/827\/revisions"}],"predecessor-version":[{"id":829,"href":"https:\/\/anemontrekking.com\/index.php?rest_route=\/wp\/v2\/pages\/827\/revisions\/829"}],"wp:attachment":[{"href":"https:\/\/anemontrekking.com\/index.php?rest_route=%2Fwp%2Fv2%2Fmedia&parent=827"}],"curies":[{"name":"wp","href":"https:\/\/api.w.org\/{rel}","templated":true}]}}