{"id":770,"date":"2022-01-24T11:34:12","date_gmt":"2022-01-24T08:34:12","guid":{"rendered":"http:\/\/anemontrekking.com\/?page_id=770"},"modified":"2022-02-14T09:42:38","modified_gmt":"2022-02-14T06:42:38","slug":"hatundere-dumanlidag-30-ocak","status":"publish","type":"page","link":"https:\/\/anemontrekking.com\/?page_id=770","title":{"rendered":"HATUNDERE-DUMANLIDA\u011e"},"content":{"rendered":"\n<figure class=\"wp-block-image size-large\"><img loading=\"lazy\" decoding=\"async\" width=\"1024\" height=\"819\" src=\"http:\/\/anemontrekking.com\/wp-content\/uploads\/2022\/02\/Hatundere-Dumanlidag-1024x819.jpg\" alt=\"\" class=\"wp-image-837\" srcset=\"https:\/\/anemontrekking.com\/wp-content\/uploads\/2022\/02\/Hatundere-Dumanlidag-1024x819.jpg 1024w, https:\/\/anemontrekking.com\/wp-content\/uploads\/2022\/02\/Hatundere-Dumanlidag-300x240.jpg 300w, https:\/\/anemontrekking.com\/wp-content\/uploads\/2022\/02\/Hatundere-Dumanlidag-768x614.jpg 768w, https:\/\/anemontrekking.com\/wp-content\/uploads\/2022\/02\/Hatundere-Dumanlidag-1536x1229.jpg 1536w, https:\/\/anemontrekking.com\/wp-content\/uploads\/2022\/02\/Hatundere-Dumanlidag.jpg 2000w\" sizes=\"auto, (max-width: 1024px) 100vw, 1024px\" \/><\/figure>\n\n\n\n<p>Bu hafta \u0130zmir&#8217;in Menemen il\u00e7esinin \u015firin k\u00f6ylerinden Hatundere k\u00f6y\u00fcne gidiyoruz. Planlanan rotadan Dumanl\u0131da\u011f&#8217;a \u00e7\u0131k\u0131p iniyoruz. Toplam 1100 metre irtifa y\u00fckselip 18 km y\u00fcr\u00fcyece\u011fiz. Orta zorlukta bir parkur olup bu y\u00fcr\u00fcy\u00fc\u015fe sa\u011fl\u0131k problemi olmayan herkes kat\u0131labilir.<\/p>\n\n\n\n<p><strong>Program :<\/strong><\/p>\n\n\n\n<p>20 \u015eubat 2022 Pazar<\/p>\n\n\n\n<p>Saat 08:00 Manisa\u2019dan hareket<\/p>\n\n\n\n<p>Saat 08:30 Hatundere k\u00f6y\u00fcnde kahvalt\u0131<\/p>\n\n\n\n<p>Saat 09:00 Y\u00fcr\u00fcy\u00fc\u015fe ba\u015flama<\/p>\n\n\n\n<p>Saat 18:00 Faaliyetin biti\u015fi ve Manisa\u2019ya hareket.<\/p>\n\n\n\n<p><strong>KAYIT ve B\u0130LG\u0130 \u0130\u00c7\u0130N :<\/strong><\/p>\n\n\n\n<p><a href=\"https:\/\/www.facebook.com\/anemontreking\" data-type=\"URL\" data-id=\"https:\/\/www.facebook.com\/anemontreking\">Anemon Trekking<\/a> Whatsap Hatt\u0131 : 0-850-303 91 11 veya Rehberimiz <a rel=\"noreferrer noopener\" href=\"https:\/\/www.facebook.com\/onder.ergul.5\" target=\"_blank\">\u00d6nder ERG\u00dcL<\/a> ile  <a rel=\"noreferrer noopener\" href=\"tel:\/\/+90 534 737 95 35\" target=\"_blank\">+90 534 737 95 35<\/a> nolu telefondan temasa ge\u00e7ebilir kay\u0131t yapt\u0131rabilir. <\/p>\n\n\n\n<p><a href=\"https:\/\/facebook.com\/anemontreking\" target=\"_blank\" rel=\"noreferrer noopener\">Anemon Trekking<\/a>&nbsp;Whatsapp Duyuru Gurubuna \u00fcye olarak bundan sonraki etkinliklerimizden haberdar olmak i\u00e7in&nbsp;<a href=\"https:\/\/chat.whatsapp.com\/EstLmUsfztaBqgDSmO8fPZ\" target=\"_blank\" rel=\"noreferrer noopener\">https:\/\/chat.whatsapp.com\/EstLmUsfztaBqgDSmO8fPZ<\/a>&nbsp;linkinden abone olabilirsiniz.<\/p>\n","protected":false},"excerpt":{"rendered":"<div class=\"slide-text-bg2\">\n<h3>Bu hafta \u0130zmir&#8217;in Menemen il\u00e7esinin \u015firin k\u00f6ylerinden Hatundere k\u00f6y\u00fcne gidiyoruz. Planlanan rotadan Dumanl\u0131da\u011f&#8217;a \u00e7\u0131k\u0131p iniyoruz. Toplam 1100 metre irtifa y\u00fckselip<\/h3>\n<\/div>\n<div class=\"flex-btn-div\"><a href=\"https:\/\/anemontrekking.com\/?page_id=770\" class=\"btn1 flex-btn\">Daha fazlas\u0131n\u0131 oku<\/a><\/div>\n","protected":false},"author":1,"featured_media":0,"parent":0,"menu_order":0,"comment_status":"closed","ping_status":"closed","template":"","meta":{"ngg_post_thumbnail":0,"footnotes":""},"class_list":["post-770","page","type-page","status-publish","hentry"],"yoast_head":"<!-- This site is optimized with the Yoast SEO plugin v26.3 - https:\/\/yoast.com\/wordpress\/plugins\/seo\/ -->\n<title>HATUNDERE-DUMANLIDA\u011e - Anemon Trekking Spor Kulub\u00fc<\/title>\n<meta name=\"robots\" content=\"index, follow, max-snippet:-1, max-image-preview:large, max-video-preview:-1\" \/>\n<link rel=\"canonical\" href=\"https:\/\/anemontrekking.com\/?page_id=770\" \/>\n<meta property=\"og:locale\" content=\"tr_TR\" \/>\n<meta property=\"og:type\" content=\"article\" \/>\n<meta property=\"og:title\" content=\"HATUNDERE-DUMANLIDA\u011e - Anemon Trekking Spor Kulub\u00fc\" \/>\n<meta property=\"og:description\" content=\"Bu hafta \u0130zmir&#8217;in Menemen il\u00e7esinin \u015firin k\u00f6ylerinden Hatundere k\u00f6y\u00fcne gidiyoruz. Planlanan rotadan Dumanl\u0131da\u011f&#8217;a \u00e7\u0131k\u0131p iniyoruz. Toplam 1100 metre irtifa y\u00fckselipDaha fazlas\u0131n\u0131 oku\" \/>\n<meta property=\"og:url\" content=\"https:\/\/anemontrekking.com\/?page_id=770\" \/>\n<meta property=\"og:site_name\" content=\"Anemon Trekking Spor Kulub\u00fc\" \/>\n<meta property=\"article:publisher\" content=\"https:\/\/facebook.com\/anemontreking\" \/>\n<meta property=\"article:modified_time\" content=\"2022-02-14T06:42:38+00:00\" \/>\n<meta property=\"og:image\" content=\"http:\/\/anemontrekking.com\/wp-content\/uploads\/2022\/02\/Hatundere-Dumanlidag-1024x819.jpg\" \/>\n<meta name=\"twitter:card\" content=\"summary_large_image\" \/>\n<meta name=\"twitter:site\" content=\"@anemon_trekking\" \/>\n<meta name=\"twitter:label1\" content=\"Tahmini okuma s\u00fcresi\" \/>\n\t<meta name=\"twitter:data1\" content=\"1 dakika\" \/>\n<script type=\"application\/ld+json\" class=\"yoast-schema-graph\">{\"@context\":\"https:\/\/schema.org\",\"@graph\":[{\"@type\":\"WebPage\",\"@id\":\"https:\/\/anemontrekking.com\/?page_id=770\",\"url\":\"https:\/\/anemontrekking.com\/?page_id=770\",\"name\":\"HATUNDERE-DUMANLIDA\u011e - Anemon Trekking Spor Kulub\u00fc\",\"isPartOf\":{\"@id\":\"https:\/\/anemontrekking.com\/#website\"},\"primaryImageOfPage\":{\"@id\":\"https:\/\/anemontrekking.com\/?page_id=770#primaryimage\"},\"image\":{\"@id\":\"https:\/\/anemontrekking.com\/?page_id=770#primaryimage\"},\"thumbnailUrl\":\"http:\/\/anemontrekking.com\/wp-content\/uploads\/2022\/02\/Hatundere-Dumanlidag-1024x819.jpg\",\"datePublished\":\"2022-01-24T08:34:12+00:00\",\"dateModified\":\"2022-02-14T06:42:38+00:00\",\"breadcrumb\":{\"@id\":\"https:\/\/anemontrekking.com\/?page_id=770#breadcrumb\"},\"inLanguage\":\"tr\",\"potentialAction\":[{\"@type\":\"ReadAction\",\"target\":[\"https:\/\/anemontrekking.com\/?page_id=770\"]}]},{\"@type\":\"ImageObject\",\"inLanguage\":\"tr\",\"@id\":\"https:\/\/anemontrekking.com\/?page_id=770#primaryimage\",\"url\":\"https:\/\/anemontrekking.com\/wp-content\/uploads\/2022\/02\/Hatundere-Dumanlidag.jpg\",\"contentUrl\":\"https:\/\/anemontrekking.com\/wp-content\/uploads\/2022\/02\/Hatundere-Dumanlidag.jpg\",\"width\":2000,\"height\":1600},{\"@type\":\"BreadcrumbList\",\"@id\":\"https:\/\/anemontrekking.com\/?page_id=770#breadcrumb\",\"itemListElement\":[{\"@type\":\"ListItem\",\"position\":1,\"name\":\"Anasayfa\",\"item\":\"https:\/\/anemontrekking.com\/\"},{\"@type\":\"ListItem\",\"position\":2,\"name\":\"HATUNDERE-DUMANLIDA\u011e\"}]},{\"@type\":\"WebSite\",\"@id\":\"https:\/\/anemontrekking.com\/#website\",\"url\":\"https:\/\/anemontrekking.com\/\",\"name\":\"Anemon Trekking Spor Kulub\u00fc\",\"description\":\"Da\u011fc\u0131l\u0131k, Trekking,Kamp\u00e7\u0131l\u0131k ve Do\u011fa Sporlar\u0131\",\"publisher\":{\"@id\":\"https:\/\/anemontrekking.com\/#organization\"},\"potentialAction\":[{\"@type\":\"SearchAction\",\"target\":{\"@type\":\"EntryPoint\",\"urlTemplate\":\"https:\/\/anemontrekking.com\/?s={search_term_string}\"},\"query-input\":{\"@type\":\"PropertyValueSpecification\",\"valueRequired\":true,\"valueName\":\"search_term_string\"}}],\"inLanguage\":\"tr\"},{\"@type\":\"Organization\",\"@id\":\"https:\/\/anemontrekking.com\/#organization\",\"name\":\"Anemon Trekking Spor Kulub\u00fc\",\"url\":\"https:\/\/anemontrekking.com\/\",\"logo\":{\"@type\":\"ImageObject\",\"inLanguage\":\"tr\",\"@id\":\"https:\/\/anemontrekking.com\/#\/schema\/logo\/image\/\",\"url\":\"http:\/\/anemontrekking.com\/wp-content\/uploads\/2021\/02\/47292421_10156386216874652_1517111611498692608_n.jpg\",\"contentUrl\":\"http:\/\/anemontrekking.com\/wp-content\/uploads\/2021\/02\/47292421_10156386216874652_1517111611498692608_n.jpg\",\"width\":960,\"height\":906,\"caption\":\"Anemon Trekking Spor Kulub\u00fc\"},\"image\":{\"@id\":\"https:\/\/anemontrekking.com\/#\/schema\/logo\/image\/\"},\"sameAs\":[\"https:\/\/facebook.com\/anemontreking\",\"https:\/\/x.com\/anemon_trekking\",\"https:\/\/www.instagram.com\/anemontreking\/\"]}]}<\/script>\n<!-- \/ Yoast SEO plugin. -->","yoast_head_json":{"title":"HATUNDERE-DUMANLIDA\u011e - Anemon Trekking Spor Kulub\u00fc","robots":{"index":"index","follow":"follow","max-snippet":"max-snippet:-1","max-image-preview":"max-image-preview:large","max-video-preview":"max-video-preview:-1"},"canonical":"https:\/\/anemontrekking.com\/?page_id=770","og_locale":"tr_TR","og_type":"article","og_title":"HATUNDERE-DUMANLIDA\u011e - Anemon Trekking Spor Kulub\u00fc","og_description":"Bu hafta \u0130zmir&#8217;in Menemen il\u00e7esinin \u015firin k\u00f6ylerinden Hatundere k\u00f6y\u00fcne gidiyoruz. Planlanan rotadan Dumanl\u0131da\u011f&#8217;a \u00e7\u0131k\u0131p iniyoruz. Toplam 1100 metre irtifa y\u00fckselipDaha fazlas\u0131n\u0131 oku","og_url":"https:\/\/anemontrekking.com\/?page_id=770","og_site_name":"Anemon Trekking Spor Kulub\u00fc","article_publisher":"https:\/\/facebook.com\/anemontreking","article_modified_time":"2022-02-14T06:42:38+00:00","og_image":[{"url":"http:\/\/anemontrekking.com\/wp-content\/uploads\/2022\/02\/Hatundere-Dumanlidag-1024x819.jpg","type":"","width":"","height":""}],"twitter_card":"summary_large_image","twitter_site":"@anemon_trekking","twitter_misc":{"Tahmini okuma s\u00fcresi":"1 dakika"},"schema":{"@context":"https:\/\/schema.org","@graph":[{"@type":"WebPage","@id":"https:\/\/anemontrekking.com\/?page_id=770","url":"https:\/\/anemontrekking.com\/?page_id=770","name":"HATUNDERE-DUMANLIDA\u011e - Anemon Trekking Spor Kulub\u00fc","isPartOf":{"@id":"https:\/\/anemontrekking.com\/#website"},"primaryImageOfPage":{"@id":"https:\/\/anemontrekking.com\/?page_id=770#primaryimage"},"image":{"@id":"https:\/\/anemontrekking.com\/?page_id=770#primaryimage"},"thumbnailUrl":"http:\/\/anemontrekking.com\/wp-content\/uploads\/2022\/02\/Hatundere-Dumanlidag-1024x819.jpg","datePublished":"2022-01-24T08:34:12+00:00","dateModified":"2022-02-14T06:42:38+00:00","breadcrumb":{"@id":"https:\/\/anemontrekking.com\/?page_id=770#breadcrumb"},"inLanguage":"tr","potentialAction":[{"@type":"ReadAction","target":["https:\/\/anemontrekking.com\/?page_id=770"]}]},{"@type":"ImageObject","inLanguage":"tr","@id":"https:\/\/anemontrekking.com\/?page_id=770#primaryimage","url":"https:\/\/anemontrekking.com\/wp-content\/uploads\/2022\/02\/Hatundere-Dumanlidag.jpg","contentUrl":"https:\/\/anemontrekking.com\/wp-content\/uploads\/2022\/02\/Hatundere-Dumanlidag.jpg","width":2000,"height":1600},{"@type":"BreadcrumbList","@id":"https:\/\/anemontrekking.com\/?page_id=770#breadcrumb","itemListElement":[{"@type":"ListItem","position":1,"name":"Anasayfa","item":"https:\/\/anemontrekking.com\/"},{"@type":"ListItem","position":2,"name":"HATUNDERE-DUMANLIDA\u011e"}]},{"@type":"WebSite","@id":"https:\/\/anemontrekking.com\/#website","url":"https:\/\/anemontrekking.com\/","name":"Anemon Trekking Spor Kulub\u00fc","description":"Da\u011fc\u0131l\u0131k, Trekking,Kamp\u00e7\u0131l\u0131k ve Do\u011fa Sporlar\u0131","publisher":{"@id":"https:\/\/anemontrekking.com\/#organization"},"potentialAction":[{"@type":"SearchAction","target":{"@type":"EntryPoint","urlTemplate":"https:\/\/anemontrekking.com\/?s={search_term_string}"},"query-input":{"@type":"PropertyValueSpecification","valueRequired":true,"valueName":"search_term_string"}}],"inLanguage":"tr"},{"@type":"Organization","@id":"https:\/\/anemontrekking.com\/#organization","name":"Anemon Trekking Spor Kulub\u00fc","url":"https:\/\/anemontrekking.com\/","logo":{"@type":"ImageObject","inLanguage":"tr","@id":"https:\/\/anemontrekking.com\/#\/schema\/logo\/image\/","url":"http:\/\/anemontrekking.com\/wp-content\/uploads\/2021\/02\/47292421_10156386216874652_1517111611498692608_n.jpg","contentUrl":"http:\/\/anemontrekking.com\/wp-content\/uploads\/2021\/02\/47292421_10156386216874652_1517111611498692608_n.jpg","width":960,"height":906,"caption":"Anemon Trekking Spor Kulub\u00fc"},"image":{"@id":"https:\/\/anemontrekking.com\/#\/schema\/logo\/image\/"},"sameAs":["https:\/\/facebook.com\/anemontreking","https:\/\/x.com\/anemon_trekking","https:\/\/www.instagram.com\/anemontreking\/"]}]}},"_links":{"self":[{"href":"https:\/\/anemontrekking.com\/index.php?rest_route=\/wp\/v2\/pages\/770","targetHints":{"allow":["GET"]}}],"collection":[{"href":"https:\/\/anemontrekking.com\/index.php?rest_route=\/wp\/v2\/pages"}],"about":[{"href":"https:\/\/anemontrekking.com\/index.php?rest_route=\/wp\/v2\/types\/page"}],"author":[{"embeddable":true,"href":"https:\/\/anemontrekking.com\/index.php?rest_route=\/wp\/v2\/users\/1"}],"replies":[{"embeddable":true,"href":"https:\/\/anemontrekking.com\/index.php?rest_route=%2Fwp%2Fv2%2Fcomments&post=770"}],"version-history":[{"count":4,"href":"https:\/\/anemontrekking.com\/index.php?rest_route=\/wp\/v2\/pages\/770\/revisions"}],"predecessor-version":[{"id":841,"href":"https:\/\/anemontrekking.com\/index.php?rest_route=\/wp\/v2\/pages\/770\/revisions\/841"}],"wp:attachment":[{"href":"https:\/\/anemontrekking.com\/index.php?rest_route=%2Fwp%2Fv2%2Fmedia&parent=770"}],"curies":[{"name":"wp","href":"https:\/\/api.w.org\/{rel}","templated":true}]}}