{"id":720,"date":"2021-12-30T15:33:44","date_gmt":"2021-12-30T12:33:44","guid":{"rendered":"http:\/\/anemontrekking.com\/?page_id=720"},"modified":"2021-12-30T15:35:41","modified_gmt":"2021-12-30T12:35:41","slug":"mum-kayasi-odemis-9-ocak","status":"publish","type":"page","link":"https:\/\/anemontrekking.com\/?page_id=720","title":{"rendered":"MUM KAYASI (\u00d6DEM\u0130\u015e) 9 OCAK"},"content":{"rendered":"\n<figure class=\"wp-block-image size-large\"><img loading=\"lazy\" decoding=\"async\" width=\"1024\" height=\"819\" src=\"http:\/\/anemontrekking.com\/wp-content\/uploads\/2021\/12\/Bademli-Mum-Kayasi-1024x819.jpg\" alt=\"\" class=\"wp-image-721\" srcset=\"https:\/\/anemontrekking.com\/wp-content\/uploads\/2021\/12\/Bademli-Mum-Kayasi-1024x819.jpg 1024w, https:\/\/anemontrekking.com\/wp-content\/uploads\/2021\/12\/Bademli-Mum-Kayasi-300x240.jpg 300w, https:\/\/anemontrekking.com\/wp-content\/uploads\/2021\/12\/Bademli-Mum-Kayasi-768x614.jpg 768w, https:\/\/anemontrekking.com\/wp-content\/uploads\/2021\/12\/Bademli-Mum-Kayasi-1536x1229.jpg 1536w, https:\/\/anemontrekking.com\/wp-content\/uploads\/2021\/12\/Bademli-Mum-Kayasi.jpg 2000w\" sizes=\"auto, (max-width: 1024px) 100vw, 1024px\" \/><\/figure>\n\n\n\n<p>\u0130zmir\u2019in \u00d6demi\u015f il\u00e7esine ba\u011fl\u0131 Bademli k\u00f6y\u00fcnden planlanan rotadan Mum Kayas\u0131 \u00fczerine \u00e7\u0131k\u0131lacakt\u0131r. Toplam irtifa 1100 metredir. Katedilecek mesafe 12 kmdir.<\/p>\n\n\n\n<p><strong>Program :<\/strong><\/p>\n\n\n\n<p><strong>09 Ocak Pazar <\/strong><\/p>\n\n\n\n<p>Saat 06:30 Manisa\u2019dan hareket<\/p>\n\n\n\n<p>Saat 07:00 Turgutlu \u00c7atalk\u00f6pr\u00fc k\u00f6y\u00fcnde kahvalt\u0131<\/p>\n\n\n\n<p>Saat 09:30 Bademli k\u00f6y\u00fcne var\u0131\u015f ve t\u0131rman\u0131\u015fa ba\u015flama<\/p>\n\n\n\n<p>Saat 18:00 Faaliyetin biti\u015fi ve Manisa\u2019ya hareket.<\/p>\n\n\n\n<p><strong>KAYIT ve B\u0130LG\u0130 \u0130\u00c7\u0130N :<\/strong><\/p>\n\n\n\n<p>Anemon Trekking Whatsap Hatt\u0131 : 0-850-303 91 11<\/p>\n\n\n\n<p>Anemon Trekking Whatsapp Duyuru Gurubuna \u00fcye olarak bundan sonraki etkinliklerimizden haberdar olmak i\u00e7in <a rel=\"noreferrer noopener\" href=\"https:\/\/chat.whatsapp.com\/EstLmUsfztaBqgDSmO8fPZ?fbclid=IwAR3wS7h25s26K_wJHGJZ5jN_LVKMsWjnEiTgKE0FDhpl613mhPTK2leCgi0\" target=\"_blank\">https:\/\/chat.whatsapp.com\/EstLmUsfztaBqgDSmO8fPZ<\/a> linkinden abone olabilirsiniz.<\/p>\n","protected":false},"excerpt":{"rendered":"<div class=\"slide-text-bg2\">\n<h3>\u0130zmir\u2019in \u00d6demi\u015f il\u00e7esine ba\u011fl\u0131 Bademli k\u00f6y\u00fcnden planlanan rotadan Mum Kayas\u0131 \u00fczerine \u00e7\u0131k\u0131lacakt\u0131r. Toplam irtifa 1100 metredir. Katedilecek mesafe 12 kmdir.<\/h3>\n<\/div>\n<div class=\"flex-btn-div\"><a href=\"https:\/\/anemontrekking.com\/?page_id=720\" class=\"btn1 flex-btn\">Daha fazlas\u0131n\u0131 oku<\/a><\/div>\n","protected":false},"author":1,"featured_media":0,"parent":0,"menu_order":0,"comment_status":"closed","ping_status":"closed","template":"","meta":{"ngg_post_thumbnail":0,"footnotes":""},"class_list":["post-720","page","type-page","status-publish","hentry"],"yoast_head":"<!-- This site is optimized with the Yoast SEO plugin v26.3 - https:\/\/yoast.com\/wordpress\/plugins\/seo\/ -->\n<title>MUM KAYASI (\u00d6DEM\u0130\u015e) 9 OCAK - Anemon Trekking Spor Kulub\u00fc<\/title>\n<meta name=\"robots\" content=\"index, follow, max-snippet:-1, max-image-preview:large, max-video-preview:-1\" \/>\n<link rel=\"canonical\" href=\"https:\/\/anemontrekking.com\/?page_id=720\" \/>\n<meta property=\"og:locale\" content=\"tr_TR\" \/>\n<meta property=\"og:type\" content=\"article\" \/>\n<meta property=\"og:title\" content=\"MUM KAYASI (\u00d6DEM\u0130\u015e) 9 OCAK - Anemon Trekking Spor Kulub\u00fc\" \/>\n<meta property=\"og:description\" content=\"\u0130zmir\u2019in \u00d6demi\u015f il\u00e7esine ba\u011fl\u0131 Bademli k\u00f6y\u00fcnden planlanan rotadan Mum Kayas\u0131 \u00fczerine \u00e7\u0131k\u0131lacakt\u0131r. Toplam irtifa 1100 metredir. Katedilecek mesafe 12 kmdir.Daha fazlas\u0131n\u0131 oku\" \/>\n<meta property=\"og:url\" content=\"https:\/\/anemontrekking.com\/?page_id=720\" \/>\n<meta property=\"og:site_name\" content=\"Anemon Trekking Spor Kulub\u00fc\" \/>\n<meta property=\"article:publisher\" content=\"https:\/\/facebook.com\/anemontreking\" \/>\n<meta property=\"article:modified_time\" content=\"2021-12-30T12:35:41+00:00\" \/>\n<meta property=\"og:image\" content=\"http:\/\/anemontrekking.com\/wp-content\/uploads\/2021\/12\/Bademli-Mum-Kayasi-1024x819.jpg\" \/>\n<meta name=\"twitter:card\" content=\"summary_large_image\" \/>\n<meta name=\"twitter:site\" content=\"@anemon_trekking\" \/>\n<script type=\"application\/ld+json\" class=\"yoast-schema-graph\">{\"@context\":\"https:\/\/schema.org\",\"@graph\":[{\"@type\":\"WebPage\",\"@id\":\"https:\/\/anemontrekking.com\/?page_id=720\",\"url\":\"https:\/\/anemontrekking.com\/?page_id=720\",\"name\":\"MUM KAYASI (\u00d6DEM\u0130\u015e) 9 OCAK - Anemon Trekking Spor Kulub\u00fc\",\"isPartOf\":{\"@id\":\"https:\/\/anemontrekking.com\/#website\"},\"primaryImageOfPage\":{\"@id\":\"https:\/\/anemontrekking.com\/?page_id=720#primaryimage\"},\"image\":{\"@id\":\"https:\/\/anemontrekking.com\/?page_id=720#primaryimage\"},\"thumbnailUrl\":\"http:\/\/anemontrekking.com\/wp-content\/uploads\/2021\/12\/Bademli-Mum-Kayasi-1024x819.jpg\",\"datePublished\":\"2021-12-30T12:33:44+00:00\",\"dateModified\":\"2021-12-30T12:35:41+00:00\",\"breadcrumb\":{\"@id\":\"https:\/\/anemontrekking.com\/?page_id=720#breadcrumb\"},\"inLanguage\":\"tr\",\"potentialAction\":[{\"@type\":\"ReadAction\",\"target\":[\"https:\/\/anemontrekking.com\/?page_id=720\"]}]},{\"@type\":\"ImageObject\",\"inLanguage\":\"tr\",\"@id\":\"https:\/\/anemontrekking.com\/?page_id=720#primaryimage\",\"url\":\"https:\/\/anemontrekking.com\/wp-content\/uploads\/2021\/12\/Bademli-Mum-Kayasi.jpg\",\"contentUrl\":\"https:\/\/anemontrekking.com\/wp-content\/uploads\/2021\/12\/Bademli-Mum-Kayasi.jpg\",\"width\":2000,\"height\":1600},{\"@type\":\"BreadcrumbList\",\"@id\":\"https:\/\/anemontrekking.com\/?page_id=720#breadcrumb\",\"itemListElement\":[{\"@type\":\"ListItem\",\"position\":1,\"name\":\"Anasayfa\",\"item\":\"https:\/\/anemontrekking.com\/\"},{\"@type\":\"ListItem\",\"position\":2,\"name\":\"MUM KAYASI (\u00d6DEM\u0130\u015e) 9 OCAK\"}]},{\"@type\":\"WebSite\",\"@id\":\"https:\/\/anemontrekking.com\/#website\",\"url\":\"https:\/\/anemontrekking.com\/\",\"name\":\"Anemon Trekking Spor Kulub\u00fc\",\"description\":\"Da\u011fc\u0131l\u0131k, Trekking,Kamp\u00e7\u0131l\u0131k ve Do\u011fa Sporlar\u0131\",\"publisher\":{\"@id\":\"https:\/\/anemontrekking.com\/#organization\"},\"potentialAction\":[{\"@type\":\"SearchAction\",\"target\":{\"@type\":\"EntryPoint\",\"urlTemplate\":\"https:\/\/anemontrekking.com\/?s={search_term_string}\"},\"query-input\":{\"@type\":\"PropertyValueSpecification\",\"valueRequired\":true,\"valueName\":\"search_term_string\"}}],\"inLanguage\":\"tr\"},{\"@type\":\"Organization\",\"@id\":\"https:\/\/anemontrekking.com\/#organization\",\"name\":\"Anemon Trekking Spor Kulub\u00fc\",\"url\":\"https:\/\/anemontrekking.com\/\",\"logo\":{\"@type\":\"ImageObject\",\"inLanguage\":\"tr\",\"@id\":\"https:\/\/anemontrekking.com\/#\/schema\/logo\/image\/\",\"url\":\"http:\/\/anemontrekking.com\/wp-content\/uploads\/2021\/02\/47292421_10156386216874652_1517111611498692608_n.jpg\",\"contentUrl\":\"http:\/\/anemontrekking.com\/wp-content\/uploads\/2021\/02\/47292421_10156386216874652_1517111611498692608_n.jpg\",\"width\":960,\"height\":906,\"caption\":\"Anemon Trekking Spor Kulub\u00fc\"},\"image\":{\"@id\":\"https:\/\/anemontrekking.com\/#\/schema\/logo\/image\/\"},\"sameAs\":[\"https:\/\/facebook.com\/anemontreking\",\"https:\/\/x.com\/anemon_trekking\",\"https:\/\/www.instagram.com\/anemontreking\/\"]}]}<\/script>\n<!-- \/ Yoast SEO plugin. -->","yoast_head_json":{"title":"MUM KAYASI (\u00d6DEM\u0130\u015e) 9 OCAK - Anemon Trekking Spor Kulub\u00fc","robots":{"index":"index","follow":"follow","max-snippet":"max-snippet:-1","max-image-preview":"max-image-preview:large","max-video-preview":"max-video-preview:-1"},"canonical":"https:\/\/anemontrekking.com\/?page_id=720","og_locale":"tr_TR","og_type":"article","og_title":"MUM KAYASI (\u00d6DEM\u0130\u015e) 9 OCAK - Anemon Trekking Spor Kulub\u00fc","og_description":"\u0130zmir\u2019in \u00d6demi\u015f il\u00e7esine ba\u011fl\u0131 Bademli k\u00f6y\u00fcnden planlanan rotadan Mum Kayas\u0131 \u00fczerine \u00e7\u0131k\u0131lacakt\u0131r. Toplam irtifa 1100 metredir. Katedilecek mesafe 12 kmdir.Daha fazlas\u0131n\u0131 oku","og_url":"https:\/\/anemontrekking.com\/?page_id=720","og_site_name":"Anemon Trekking Spor Kulub\u00fc","article_publisher":"https:\/\/facebook.com\/anemontreking","article_modified_time":"2021-12-30T12:35:41+00:00","og_image":[{"url":"http:\/\/anemontrekking.com\/wp-content\/uploads\/2021\/12\/Bademli-Mum-Kayasi-1024x819.jpg","type":"","width":"","height":""}],"twitter_card":"summary_large_image","twitter_site":"@anemon_trekking","schema":{"@context":"https:\/\/schema.org","@graph":[{"@type":"WebPage","@id":"https:\/\/anemontrekking.com\/?page_id=720","url":"https:\/\/anemontrekking.com\/?page_id=720","name":"MUM KAYASI (\u00d6DEM\u0130\u015e) 9 OCAK - Anemon Trekking Spor Kulub\u00fc","isPartOf":{"@id":"https:\/\/anemontrekking.com\/#website"},"primaryImageOfPage":{"@id":"https:\/\/anemontrekking.com\/?page_id=720#primaryimage"},"image":{"@id":"https:\/\/anemontrekking.com\/?page_id=720#primaryimage"},"thumbnailUrl":"http:\/\/anemontrekking.com\/wp-content\/uploads\/2021\/12\/Bademli-Mum-Kayasi-1024x819.jpg","datePublished":"2021-12-30T12:33:44+00:00","dateModified":"2021-12-30T12:35:41+00:00","breadcrumb":{"@id":"https:\/\/anemontrekking.com\/?page_id=720#breadcrumb"},"inLanguage":"tr","potentialAction":[{"@type":"ReadAction","target":["https:\/\/anemontrekking.com\/?page_id=720"]}]},{"@type":"ImageObject","inLanguage":"tr","@id":"https:\/\/anemontrekking.com\/?page_id=720#primaryimage","url":"https:\/\/anemontrekking.com\/wp-content\/uploads\/2021\/12\/Bademli-Mum-Kayasi.jpg","contentUrl":"https:\/\/anemontrekking.com\/wp-content\/uploads\/2021\/12\/Bademli-Mum-Kayasi.jpg","width":2000,"height":1600},{"@type":"BreadcrumbList","@id":"https:\/\/anemontrekking.com\/?page_id=720#breadcrumb","itemListElement":[{"@type":"ListItem","position":1,"name":"Anasayfa","item":"https:\/\/anemontrekking.com\/"},{"@type":"ListItem","position":2,"name":"MUM KAYASI (\u00d6DEM\u0130\u015e) 9 OCAK"}]},{"@type":"WebSite","@id":"https:\/\/anemontrekking.com\/#website","url":"https:\/\/anemontrekking.com\/","name":"Anemon Trekking Spor Kulub\u00fc","description":"Da\u011fc\u0131l\u0131k, Trekking,Kamp\u00e7\u0131l\u0131k ve Do\u011fa Sporlar\u0131","publisher":{"@id":"https:\/\/anemontrekking.com\/#organization"},"potentialAction":[{"@type":"SearchAction","target":{"@type":"EntryPoint","urlTemplate":"https:\/\/anemontrekking.com\/?s={search_term_string}"},"query-input":{"@type":"PropertyValueSpecification","valueRequired":true,"valueName":"search_term_string"}}],"inLanguage":"tr"},{"@type":"Organization","@id":"https:\/\/anemontrekking.com\/#organization","name":"Anemon Trekking Spor Kulub\u00fc","url":"https:\/\/anemontrekking.com\/","logo":{"@type":"ImageObject","inLanguage":"tr","@id":"https:\/\/anemontrekking.com\/#\/schema\/logo\/image\/","url":"http:\/\/anemontrekking.com\/wp-content\/uploads\/2021\/02\/47292421_10156386216874652_1517111611498692608_n.jpg","contentUrl":"http:\/\/anemontrekking.com\/wp-content\/uploads\/2021\/02\/47292421_10156386216874652_1517111611498692608_n.jpg","width":960,"height":906,"caption":"Anemon Trekking Spor Kulub\u00fc"},"image":{"@id":"https:\/\/anemontrekking.com\/#\/schema\/logo\/image\/"},"sameAs":["https:\/\/facebook.com\/anemontreking","https:\/\/x.com\/anemon_trekking","https:\/\/www.instagram.com\/anemontreking\/"]}]}},"_links":{"self":[{"href":"https:\/\/anemontrekking.com\/index.php?rest_route=\/wp\/v2\/pages\/720","targetHints":{"allow":["GET"]}}],"collection":[{"href":"https:\/\/anemontrekking.com\/index.php?rest_route=\/wp\/v2\/pages"}],"about":[{"href":"https:\/\/anemontrekking.com\/index.php?rest_route=\/wp\/v2\/types\/page"}],"author":[{"embeddable":true,"href":"https:\/\/anemontrekking.com\/index.php?rest_route=\/wp\/v2\/users\/1"}],"replies":[{"embeddable":true,"href":"https:\/\/anemontrekking.com\/index.php?rest_route=%2Fwp%2Fv2%2Fcomments&post=720"}],"version-history":[{"count":2,"href":"https:\/\/anemontrekking.com\/index.php?rest_route=\/wp\/v2\/pages\/720\/revisions"}],"predecessor-version":[{"id":724,"href":"https:\/\/anemontrekking.com\/index.php?rest_route=\/wp\/v2\/pages\/720\/revisions\/724"}],"wp:attachment":[{"href":"https:\/\/anemontrekking.com\/index.php?rest_route=%2Fwp%2Fv2%2Fmedia&parent=720"}],"curies":[{"name":"wp","href":"https:\/\/api.w.org\/{rel}","templated":true}]}}