{"id":7,"date":"2021-02-25T13:32:46","date_gmt":"2021-02-25T10:32:46","guid":{"rendered":"http:\/\/10.100.9.2\/blog\/wordpress\/?page_id=7"},"modified":"2023-10-13T10:12:50","modified_gmt":"2023-10-13T07:12:50","slug":"bize-ulasin","status":"publish","type":"page","link":"https:\/\/anemontrekking.com\/?page_id=7","title":{"rendered":"Bize Kat\u0131l\u0131n"},"content":{"rendered":"\n<p><a rel=\"noreferrer noopener\" href=\"https:\/\/www.facebook.com\/anemontreking\/\" target=\"_blank\">Anemon Trekking<\/a>&nbsp;Etkinliklerine kat\u0131lmak i\u00e7in :<\/p>\n\n\n\n<p>* \u0130lan Edilen Faliyetlerimizin Duyurular\u0131na&nbsp;<\/p>\n\n\n\n<ul class=\"wp-block-list\">\n<li>1.&nbsp;<a rel=\"noreferrer noopener\" href=\"https:\/\/chat.whatsapp.com\/EstLmUsfztaBqgDSmO8fPZ\" target=\"_blank\">Anemon Trekking Whatsap Duyuru Grubu<\/a><\/li>\n\n\n\n<li>2.&nbsp;<a rel=\"noreferrer noopener\" href=\"https:\/\/anemontrekking.business.site\/?fbclid=IwAR0-pYGBL9TtvbQouGMI2j33CMxDH03yCtiGQTqXytmKpWhIVmsvJgwMzpI\" target=\"_blank\">https:\/\/anemontrekking.business.site<\/a><\/li>\n\n\n\n<li>3.&nbsp;<a href=\"https:\/\/facebook.com\/anemontreking\/events?__xts__%5B0%5D=68.ARAtId5MWux7i8UCb9NaFIx87P1fw5w2FhjHtJtd_YV6c27hlAOPpWexOGXHDzlbeVdmULCZ4h6h8OyEsdwOVYZD_KO85d-gAigECcfRjLQR2PQnlUwrVE-IvZWkU5iRl2joEXo6923BCubsm_zlZ9Aox3scvkcsUFE9wIEOIat1IWn_b13wCE6BRFcf5ic0H1OHH4wVlr8LEue4Xg&amp;__tn__=KH-R\">https:\/\/facebook.com\/anemontreking\/events<\/a><\/li>\n\n\n\n<li>4.\u00a0<a rel=\"noreferrer noopener\" href=\"https:\/\/instagram.com\/anemontreking\" target=\"_blank\"><a rel=\"noreferrer noopener\" href=\"https:\/\/www.youtube.com\/@anemontrekking\" target=\"_blank\">Anemon Trekking Youtube Kanal\u0131<\/a><\/a><\/li>\n\n\n\n<li>5.&nbsp;<a rel=\"noreferrer noopener\" href=\"https:\/\/twitter.com\/anemon_trekking\" target=\"_blank\">https:\/\/twitter.com\/anemon_trekking<\/a><\/li>\n\n\n\n<li>6.&nbsp;<a rel=\"noreferrer noopener\" href=\"https:\/\/instagram.com\/anemontreking\" target=\"_blank\">https:\/\/instagram.com\/anemontreking<\/a><\/li>\n\n\n\n<li>7.&nbsp;<a rel=\"noreferrer noopener\" href=\"https:\/\/t.me\/anemontrekking\" target=\"_blank\">Telegram Duyuru Grubu<\/a><\/li>\n\n\n\n<li>8. <a href=\"https:\/\/t.me\/manisaanemontrekking\">Telegram Haber Kanal\u0131<\/a><\/li>\n<\/ul>\n\n\n\n<p> adreslerinden ula\u015fabilirsiniz.<\/p>\n\n\n\n<p><strong>Anemon Trekking Spor Kul\u00fcb\u00fc<\/strong><\/p>\n\n\n\n<p>Mehmet\u00e7ik Cad. No:28\/11 \u015eehzadeler\/Manisa<\/p>\n\n\n\n<p>Telefon :&nbsp;<a href=\"tel:08503039111\" target=\"_blank\" rel=\"noreferrer noopener\">0 850 303 91 11<\/a><\/p>\n\n\n\n<p>eposta : <a href=\"mailto:anemontrekking@gmail.com\">anemontrekking@gmail.com<\/a><\/p>\n\n\n\n<p><strong><a href=\"http:\/\/anemontrekking.com\/?page_id=2148\">\u00dcYEL\u0130K KO\u015eULLARI<\/a><\/strong><\/p>\n\n\n\n<div class=\"wp-block-columns is-layout-flex wp-container-core-columns-is-layout-9d6595d7 wp-block-columns-is-layout-flex\">\n<div class=\"wp-block-column is-layout-flow wp-block-column-is-layout-flow\" style=\"flex-basis:100%\">\n<!-- Messenger Sohbet Eklentisi Code -->\n    <div id=\"fb-root\"><\/div>\n      <script>\n        window.fbAsyncInit = function() {\n          FB.init({\n            xfbml            : true,\n            version          : 'v10.0'\n          });\n        };\n\n        (function(d, s, id) {\n          var js, fjs = d.getElementsByTagName(s)[0];\n          if (d.getElementById(id)) return;\n          js = d.createElement(s); js.id = id;\n          js.src = 'https:\/\/connect.facebook.net\/tr_TR\/sdk\/xfbml.customerchat.js';\n          fjs.parentNode.insertBefore(js, fjs);\n        }(document, 'script', 'facebook-jssdk'));\n      <\/script>\n\n      <!-- Your Sohbet Eklentisi code -->\n      <div class=\"fb-customerchat\" attribution=\"biz_inbox\" page_id=\"213442225530294\">\n      <\/div>\n<\/div>\n<\/div>\n\n\n\n<p><\/p>\n","protected":false},"excerpt":{"rendered":"<div class=\"slide-text-bg2\">\n<h3>Anemon Trekking&nbsp;Etkinliklerine kat\u0131lmak i\u00e7in : * \u0130lan Edilen Faliyetlerimizin Duyurular\u0131na&nbsp; adreslerinden ula\u015fabilirsiniz. Anemon Trekking Spor Kul\u00fcb\u00fc Mehmet\u00e7ik Cad. No:28\/11 \u015eehzadeler\/Manisa<\/h3>\n<\/div>\n<div class=\"flex-btn-div\"><a href=\"https:\/\/anemontrekking.com\/?page_id=7\" class=\"btn1 flex-btn\">Daha fazlas\u0131n\u0131 oku<\/a><\/div>\n","protected":false},"author":1,"featured_media":0,"parent":0,"menu_order":0,"comment_status":"closed","ping_status":"closed","template":"","meta":{"ngg_post_thumbnail":0,"footnotes":""},"class_list":["post-7","page","type-page","status-publish","hentry"],"yoast_head":"<!-- This site is optimized with the Yoast SEO plugin v26.3 - https:\/\/yoast.com\/wordpress\/plugins\/seo\/ -->\n<title>Bize Kat\u0131l\u0131n - Anemon Trekking Spor Kulub\u00fc<\/title>\n<meta name=\"robots\" content=\"index, follow, max-snippet:-1, max-image-preview:large, max-video-preview:-1\" \/>\n<link rel=\"canonical\" href=\"https:\/\/anemontrekking.com\/?page_id=7\" \/>\n<meta property=\"og:locale\" content=\"tr_TR\" \/>\n<meta property=\"og:type\" content=\"article\" \/>\n<meta property=\"og:title\" content=\"Bize Kat\u0131l\u0131n - Anemon Trekking Spor Kulub\u00fc\" \/>\n<meta property=\"og:description\" content=\"Anemon Trekking&nbsp;Etkinliklerine kat\u0131lmak i\u00e7in : * \u0130lan Edilen Faliyetlerimizin Duyurular\u0131na&nbsp; adreslerinden ula\u015fabilirsiniz. Anemon Trekking Spor Kul\u00fcb\u00fc Mehmet\u00e7ik Cad. No:28\/11 \u015eehzadeler\/ManisaDaha fazlas\u0131n\u0131 oku\" \/>\n<meta property=\"og:url\" content=\"https:\/\/anemontrekking.com\/?page_id=7\" \/>\n<meta property=\"og:site_name\" content=\"Anemon Trekking Spor Kulub\u00fc\" \/>\n<meta property=\"article:publisher\" content=\"https:\/\/facebook.com\/anemontreking\" \/>\n<meta property=\"article:modified_time\" content=\"2023-10-13T07:12:50+00:00\" \/>\n<meta name=\"twitter:card\" content=\"summary_large_image\" \/>\n<meta name=\"twitter:site\" content=\"@anemon_trekking\" \/>\n<meta name=\"twitter:label1\" content=\"Tahmini okuma s\u00fcresi\" \/>\n\t<meta name=\"twitter:data1\" content=\"1 dakika\" \/>\n<script type=\"application\/ld+json\" class=\"yoast-schema-graph\">{\"@context\":\"https:\/\/schema.org\",\"@graph\":[{\"@type\":\"WebPage\",\"@id\":\"https:\/\/anemontrekking.com\/?page_id=7\",\"url\":\"https:\/\/anemontrekking.com\/?page_id=7\",\"name\":\"Bize Kat\u0131l\u0131n - Anemon Trekking Spor Kulub\u00fc\",\"isPartOf\":{\"@id\":\"https:\/\/anemontrekking.com\/#website\"},\"datePublished\":\"2021-02-25T10:32:46+00:00\",\"dateModified\":\"2023-10-13T07:12:50+00:00\",\"breadcrumb\":{\"@id\":\"https:\/\/anemontrekking.com\/?page_id=7#breadcrumb\"},\"inLanguage\":\"tr\",\"potentialAction\":[{\"@type\":\"ReadAction\",\"target\":[\"https:\/\/anemontrekking.com\/?page_id=7\"]}]},{\"@type\":\"BreadcrumbList\",\"@id\":\"https:\/\/anemontrekking.com\/?page_id=7#breadcrumb\",\"itemListElement\":[{\"@type\":\"ListItem\",\"position\":1,\"name\":\"Anasayfa\",\"item\":\"https:\/\/anemontrekking.com\/\"},{\"@type\":\"ListItem\",\"position\":2,\"name\":\"Bize Kat\u0131l\u0131n\"}]},{\"@type\":\"WebSite\",\"@id\":\"https:\/\/anemontrekking.com\/#website\",\"url\":\"https:\/\/anemontrekking.com\/\",\"name\":\"Anemon Trekking Spor Kulub\u00fc\",\"description\":\"Da\u011fc\u0131l\u0131k, Trekking,Kamp\u00e7\u0131l\u0131k ve Do\u011fa Sporlar\u0131\",\"publisher\":{\"@id\":\"https:\/\/anemontrekking.com\/#organization\"},\"potentialAction\":[{\"@type\":\"SearchAction\",\"target\":{\"@type\":\"EntryPoint\",\"urlTemplate\":\"https:\/\/anemontrekking.com\/?s={search_term_string}\"},\"query-input\":{\"@type\":\"PropertyValueSpecification\",\"valueRequired\":true,\"valueName\":\"search_term_string\"}}],\"inLanguage\":\"tr\"},{\"@type\":\"Organization\",\"@id\":\"https:\/\/anemontrekking.com\/#organization\",\"name\":\"Anemon Trekking Spor Kulub\u00fc\",\"url\":\"https:\/\/anemontrekking.com\/\",\"logo\":{\"@type\":\"ImageObject\",\"inLanguage\":\"tr\",\"@id\":\"https:\/\/anemontrekking.com\/#\/schema\/logo\/image\/\",\"url\":\"http:\/\/anemontrekking.com\/wp-content\/uploads\/2021\/02\/47292421_10156386216874652_1517111611498692608_n.jpg\",\"contentUrl\":\"http:\/\/anemontrekking.com\/wp-content\/uploads\/2021\/02\/47292421_10156386216874652_1517111611498692608_n.jpg\",\"width\":960,\"height\":906,\"caption\":\"Anemon Trekking Spor Kulub\u00fc\"},\"image\":{\"@id\":\"https:\/\/anemontrekking.com\/#\/schema\/logo\/image\/\"},\"sameAs\":[\"https:\/\/facebook.com\/anemontreking\",\"https:\/\/x.com\/anemon_trekking\",\"https:\/\/www.instagram.com\/anemontreking\/\"]}]}<\/script>\n<!-- \/ Yoast SEO plugin. -->","yoast_head_json":{"title":"Bize Kat\u0131l\u0131n - Anemon Trekking Spor Kulub\u00fc","robots":{"index":"index","follow":"follow","max-snippet":"max-snippet:-1","max-image-preview":"max-image-preview:large","max-video-preview":"max-video-preview:-1"},"canonical":"https:\/\/anemontrekking.com\/?page_id=7","og_locale":"tr_TR","og_type":"article","og_title":"Bize Kat\u0131l\u0131n - Anemon Trekking Spor Kulub\u00fc","og_description":"Anemon Trekking&nbsp;Etkinliklerine kat\u0131lmak i\u00e7in : * \u0130lan Edilen Faliyetlerimizin Duyurular\u0131na&nbsp; adreslerinden ula\u015fabilirsiniz. Anemon Trekking Spor Kul\u00fcb\u00fc Mehmet\u00e7ik Cad. No:28\/11 \u015eehzadeler\/ManisaDaha fazlas\u0131n\u0131 oku","og_url":"https:\/\/anemontrekking.com\/?page_id=7","og_site_name":"Anemon Trekking Spor Kulub\u00fc","article_publisher":"https:\/\/facebook.com\/anemontreking","article_modified_time":"2023-10-13T07:12:50+00:00","twitter_card":"summary_large_image","twitter_site":"@anemon_trekking","twitter_misc":{"Tahmini okuma s\u00fcresi":"1 dakika"},"schema":{"@context":"https:\/\/schema.org","@graph":[{"@type":"WebPage","@id":"https:\/\/anemontrekking.com\/?page_id=7","url":"https:\/\/anemontrekking.com\/?page_id=7","name":"Bize Kat\u0131l\u0131n - Anemon Trekking Spor Kulub\u00fc","isPartOf":{"@id":"https:\/\/anemontrekking.com\/#website"},"datePublished":"2021-02-25T10:32:46+00:00","dateModified":"2023-10-13T07:12:50+00:00","breadcrumb":{"@id":"https:\/\/anemontrekking.com\/?page_id=7#breadcrumb"},"inLanguage":"tr","potentialAction":[{"@type":"ReadAction","target":["https:\/\/anemontrekking.com\/?page_id=7"]}]},{"@type":"BreadcrumbList","@id":"https:\/\/anemontrekking.com\/?page_id=7#breadcrumb","itemListElement":[{"@type":"ListItem","position":1,"name":"Anasayfa","item":"https:\/\/anemontrekking.com\/"},{"@type":"ListItem","position":2,"name":"Bize Kat\u0131l\u0131n"}]},{"@type":"WebSite","@id":"https:\/\/anemontrekking.com\/#website","url":"https:\/\/anemontrekking.com\/","name":"Anemon Trekking Spor Kulub\u00fc","description":"Da\u011fc\u0131l\u0131k, Trekking,Kamp\u00e7\u0131l\u0131k ve Do\u011fa Sporlar\u0131","publisher":{"@id":"https:\/\/anemontrekking.com\/#organization"},"potentialAction":[{"@type":"SearchAction","target":{"@type":"EntryPoint","urlTemplate":"https:\/\/anemontrekking.com\/?s={search_term_string}"},"query-input":{"@type":"PropertyValueSpecification","valueRequired":true,"valueName":"search_term_string"}}],"inLanguage":"tr"},{"@type":"Organization","@id":"https:\/\/anemontrekking.com\/#organization","name":"Anemon Trekking Spor Kulub\u00fc","url":"https:\/\/anemontrekking.com\/","logo":{"@type":"ImageObject","inLanguage":"tr","@id":"https:\/\/anemontrekking.com\/#\/schema\/logo\/image\/","url":"http:\/\/anemontrekking.com\/wp-content\/uploads\/2021\/02\/47292421_10156386216874652_1517111611498692608_n.jpg","contentUrl":"http:\/\/anemontrekking.com\/wp-content\/uploads\/2021\/02\/47292421_10156386216874652_1517111611498692608_n.jpg","width":960,"height":906,"caption":"Anemon Trekking Spor Kulub\u00fc"},"image":{"@id":"https:\/\/anemontrekking.com\/#\/schema\/logo\/image\/"},"sameAs":["https:\/\/facebook.com\/anemontreking","https:\/\/x.com\/anemon_trekking","https:\/\/www.instagram.com\/anemontreking\/"]}]}},"_links":{"self":[{"href":"https:\/\/anemontrekking.com\/index.php?rest_route=\/wp\/v2\/pages\/7","targetHints":{"allow":["GET"]}}],"collection":[{"href":"https:\/\/anemontrekking.com\/index.php?rest_route=\/wp\/v2\/pages"}],"about":[{"href":"https:\/\/anemontrekking.com\/index.php?rest_route=\/wp\/v2\/types\/page"}],"author":[{"embeddable":true,"href":"https:\/\/anemontrekking.com\/index.php?rest_route=\/wp\/v2\/users\/1"}],"replies":[{"embeddable":true,"href":"https:\/\/anemontrekking.com\/index.php?rest_route=%2Fwp%2Fv2%2Fcomments&post=7"}],"version-history":[{"count":18,"href":"https:\/\/anemontrekking.com\/index.php?rest_route=\/wp\/v2\/pages\/7\/revisions"}],"predecessor-version":[{"id":2154,"href":"https:\/\/anemontrekking.com\/index.php?rest_route=\/wp\/v2\/pages\/7\/revisions\/2154"}],"wp:attachment":[{"href":"https:\/\/anemontrekking.com\/index.php?rest_route=%2Fwp%2Fv2%2Fmedia&parent=7"}],"curies":[{"name":"wp","href":"https:\/\/api.w.org\/{rel}","templated":true}]}}