{"id":670,"date":"2021-11-22T10:49:10","date_gmt":"2021-11-22T07:49:10","guid":{"rendered":"http:\/\/anemontrekking.com\/?page_id=670"},"modified":"2021-12-04T17:14:12","modified_gmt":"2021-12-04T14:14:12","slug":"tas-duvar-nif-zirve-28-kasim","status":"publish","type":"page","link":"https:\/\/anemontrekking.com\/?page_id=670","title":{"rendered":"TA\u015e DUVAR N\u0130F Z\u0130RVE (05 ARALIK)"},"content":{"rendered":"\n<figure class=\"wp-block-image size-large\"><a href=\"http:\/\/anemontrekking.com\/wp-content\/uploads\/2021\/12\/Tas-Duvar-Nif-Zirve.jpg\"><img loading=\"lazy\" decoding=\"async\" width=\"1024\" height=\"819\" src=\"http:\/\/anemontrekking.com\/wp-content\/uploads\/2021\/12\/Tas-Duvar-Nif-Zirve-1024x819.jpg\" alt=\"\" class=\"wp-image-675\" srcset=\"https:\/\/anemontrekking.com\/wp-content\/uploads\/2021\/12\/Tas-Duvar-Nif-Zirve-1024x819.jpg 1024w, https:\/\/anemontrekking.com\/wp-content\/uploads\/2021\/12\/Tas-Duvar-Nif-Zirve-300x240.jpg 300w, https:\/\/anemontrekking.com\/wp-content\/uploads\/2021\/12\/Tas-Duvar-Nif-Zirve-768x614.jpg 768w, https:\/\/anemontrekking.com\/wp-content\/uploads\/2021\/12\/Tas-Duvar-Nif-Zirve-1536x1229.jpg 1536w, https:\/\/anemontrekking.com\/wp-content\/uploads\/2021\/12\/Tas-Duvar-Nif-Zirve.jpg 2000w\" sizes=\"auto, (max-width: 1024px) 100vw, 1024px\" \/><\/a><\/figure>\n\n\n\n<p>\u0130zmir&#8217;in Kemalpa\u015fa il\u00e7esi \u00c7INARK\u00d6Y mevkiinden ba\u015flayarak TA\u015e DUVAR rotas\u0131ndan Nif Da\u011f\u0131 zirveye \u00e7\u0131k\u0131lacakt\u0131r. D\u00f6n\u00fc\u015fte da\u011f\u0131n bat\u0131 s\u0131rt\u0131ndan K\u0131z\u0131l\u00fcz\u00fcm k\u00f6y\u00fcne d\u00f6n\u00fclecektir. Ortalama mesafe 19 km toplam irtifa 1550 metre olup zor bir faaliyettir. Faaliyetimize kondisyonu y\u00fcksek ve sa\u011fl\u0131k durumu iyi olan arkada\u015flar davetlidir. Yan\u0131n\u0131zda en az 2 litre su bulundurunuz.<\/p>\n\n\n\n<p> <strong>Program :<\/strong><\/p>\n\n\n\n<p>05 Aral\u0131k Pazar<\/p>\n\n\n\n<p>Saat 06:30 Manisa&#8217;dan faaliyet alan\u0131na hareket<\/p>\n\n\n\n<p>Saat 07:20 Faaliyet ba\u015flang\u0131\u00e7 noktas\u0131na var\u0131\u015f<\/p>\n\n\n\n<p>Saat 07:45 Y\u00fcr\u00fcy\u00fc\u015fe ba\u015flama<\/p>\n\n\n\n<p>Saat 17:00 Faliyetin biti\u015fi ve Manisa&#8217;ya hareket.<\/p>\n\n\n\n<p><strong>KAYIT ve B\u0130LG\u0130 \u0130\u00c7\u0130N :<\/strong><\/p>\n\n\n\n<p>Anemon Trekking Whatsap Hatt\u0131 : <strong>0-850-303 91 11<\/strong><\/p>\n\n\n\n<p><a href=\"https:\/\/facebook.com\/anemontreking\" target=\"_blank\" rel=\"noreferrer noopener\">Anemon Trekking<\/a> Whatsapp Duyuru Gurubuna \u00fcye olarak bundan sonraki etkinliklerimizden haberdar olmak i\u00e7in <a rel=\"noreferrer noopener\" href=\"https:\/\/chat.whatsapp.com\/EstLmUsfztaBqgDSmO8fPZ\" target=\"_blank\">https:\/\/chat.whatsapp.com\/EstLmUsfztaBqgDSmO8fPZ<\/a> linkinden abone olabilirsiniz.<\/p>\n","protected":false},"excerpt":{"rendered":"<div class=\"slide-text-bg2\">\n<h3>\u0130zmir&#8217;in Kemalpa\u015fa il\u00e7esi \u00c7INARK\u00d6Y mevkiinden ba\u015flayarak TA\u015e DUVAR rotas\u0131ndan Nif Da\u011f\u0131 zirveye \u00e7\u0131k\u0131lacakt\u0131r. D\u00f6n\u00fc\u015fte da\u011f\u0131n bat\u0131 s\u0131rt\u0131ndan K\u0131z\u0131l\u00fcz\u00fcm k\u00f6y\u00fcne d\u00f6n\u00fclecektir.<\/h3>\n<\/div>\n<div class=\"flex-btn-div\"><a href=\"https:\/\/anemontrekking.com\/?page_id=670\" class=\"btn1 flex-btn\">Daha fazlas\u0131n\u0131 oku<\/a><\/div>\n","protected":false},"author":1,"featured_media":0,"parent":0,"menu_order":0,"comment_status":"closed","ping_status":"closed","template":"","meta":{"ngg_post_thumbnail":0,"footnotes":""},"class_list":["post-670","page","type-page","status-publish","hentry"],"yoast_head":"<!-- This site is optimized with the Yoast SEO plugin v26.3 - https:\/\/yoast.com\/wordpress\/plugins\/seo\/ -->\n<title>TA\u015e DUVAR N\u0130F Z\u0130RVE (05 ARALIK) - Anemon Trekking Spor Kulub\u00fc<\/title>\n<meta name=\"robots\" content=\"index, follow, max-snippet:-1, max-image-preview:large, max-video-preview:-1\" \/>\n<link rel=\"canonical\" href=\"https:\/\/anemontrekking.com\/?page_id=670\" \/>\n<meta property=\"og:locale\" content=\"tr_TR\" \/>\n<meta property=\"og:type\" content=\"article\" \/>\n<meta property=\"og:title\" content=\"TA\u015e DUVAR N\u0130F Z\u0130RVE (05 ARALIK) - Anemon Trekking Spor Kulub\u00fc\" \/>\n<meta property=\"og:description\" content=\"\u0130zmir&#8217;in Kemalpa\u015fa il\u00e7esi \u00c7INARK\u00d6Y mevkiinden ba\u015flayarak TA\u015e DUVAR rotas\u0131ndan Nif Da\u011f\u0131 zirveye \u00e7\u0131k\u0131lacakt\u0131r. D\u00f6n\u00fc\u015fte da\u011f\u0131n bat\u0131 s\u0131rt\u0131ndan K\u0131z\u0131l\u00fcz\u00fcm k\u00f6y\u00fcne d\u00f6n\u00fclecektir.Daha fazlas\u0131n\u0131 oku\" \/>\n<meta property=\"og:url\" content=\"https:\/\/anemontrekking.com\/?page_id=670\" \/>\n<meta property=\"og:site_name\" content=\"Anemon Trekking Spor Kulub\u00fc\" \/>\n<meta property=\"article:publisher\" content=\"https:\/\/facebook.com\/anemontreking\" \/>\n<meta property=\"article:modified_time\" content=\"2021-12-04T14:14:12+00:00\" \/>\n<meta property=\"og:image\" content=\"http:\/\/anemontrekking.com\/wp-content\/uploads\/2021\/12\/Tas-Duvar-Nif-Zirve-1024x819.jpg\" \/>\n<meta name=\"twitter:card\" content=\"summary_large_image\" \/>\n<meta name=\"twitter:site\" content=\"@anemon_trekking\" \/>\n<meta name=\"twitter:label1\" content=\"Tahmini okuma s\u00fcresi\" \/>\n\t<meta name=\"twitter:data1\" content=\"1 dakika\" \/>\n<script type=\"application\/ld+json\" class=\"yoast-schema-graph\">{\"@context\":\"https:\/\/schema.org\",\"@graph\":[{\"@type\":\"WebPage\",\"@id\":\"https:\/\/anemontrekking.com\/?page_id=670\",\"url\":\"https:\/\/anemontrekking.com\/?page_id=670\",\"name\":\"TA\u015e DUVAR N\u0130F Z\u0130RVE (05 ARALIK) - Anemon Trekking Spor Kulub\u00fc\",\"isPartOf\":{\"@id\":\"https:\/\/anemontrekking.com\/#website\"},\"primaryImageOfPage\":{\"@id\":\"https:\/\/anemontrekking.com\/?page_id=670#primaryimage\"},\"image\":{\"@id\":\"https:\/\/anemontrekking.com\/?page_id=670#primaryimage\"},\"thumbnailUrl\":\"http:\/\/anemontrekking.com\/wp-content\/uploads\/2021\/12\/Tas-Duvar-Nif-Zirve-1024x819.jpg\",\"datePublished\":\"2021-11-22T07:49:10+00:00\",\"dateModified\":\"2021-12-04T14:14:12+00:00\",\"breadcrumb\":{\"@id\":\"https:\/\/anemontrekking.com\/?page_id=670#breadcrumb\"},\"inLanguage\":\"tr\",\"potentialAction\":[{\"@type\":\"ReadAction\",\"target\":[\"https:\/\/anemontrekking.com\/?page_id=670\"]}]},{\"@type\":\"ImageObject\",\"inLanguage\":\"tr\",\"@id\":\"https:\/\/anemontrekking.com\/?page_id=670#primaryimage\",\"url\":\"https:\/\/anemontrekking.com\/wp-content\/uploads\/2021\/12\/Tas-Duvar-Nif-Zirve.jpg\",\"contentUrl\":\"https:\/\/anemontrekking.com\/wp-content\/uploads\/2021\/12\/Tas-Duvar-Nif-Zirve.jpg\",\"width\":2000,\"height\":1600},{\"@type\":\"BreadcrumbList\",\"@id\":\"https:\/\/anemontrekking.com\/?page_id=670#breadcrumb\",\"itemListElement\":[{\"@type\":\"ListItem\",\"position\":1,\"name\":\"Anasayfa\",\"item\":\"https:\/\/anemontrekking.com\/\"},{\"@type\":\"ListItem\",\"position\":2,\"name\":\"TA\u015e DUVAR N\u0130F Z\u0130RVE (05 ARALIK)\"}]},{\"@type\":\"WebSite\",\"@id\":\"https:\/\/anemontrekking.com\/#website\",\"url\":\"https:\/\/anemontrekking.com\/\",\"name\":\"Anemon Trekking Spor Kulub\u00fc\",\"description\":\"Da\u011fc\u0131l\u0131k, Trekking,Kamp\u00e7\u0131l\u0131k ve Do\u011fa Sporlar\u0131\",\"publisher\":{\"@id\":\"https:\/\/anemontrekking.com\/#organization\"},\"potentialAction\":[{\"@type\":\"SearchAction\",\"target\":{\"@type\":\"EntryPoint\",\"urlTemplate\":\"https:\/\/anemontrekking.com\/?s={search_term_string}\"},\"query-input\":{\"@type\":\"PropertyValueSpecification\",\"valueRequired\":true,\"valueName\":\"search_term_string\"}}],\"inLanguage\":\"tr\"},{\"@type\":\"Organization\",\"@id\":\"https:\/\/anemontrekking.com\/#organization\",\"name\":\"Anemon Trekking Spor Kulub\u00fc\",\"url\":\"https:\/\/anemontrekking.com\/\",\"logo\":{\"@type\":\"ImageObject\",\"inLanguage\":\"tr\",\"@id\":\"https:\/\/anemontrekking.com\/#\/schema\/logo\/image\/\",\"url\":\"http:\/\/anemontrekking.com\/wp-content\/uploads\/2021\/02\/47292421_10156386216874652_1517111611498692608_n.jpg\",\"contentUrl\":\"http:\/\/anemontrekking.com\/wp-content\/uploads\/2021\/02\/47292421_10156386216874652_1517111611498692608_n.jpg\",\"width\":960,\"height\":906,\"caption\":\"Anemon Trekking Spor Kulub\u00fc\"},\"image\":{\"@id\":\"https:\/\/anemontrekking.com\/#\/schema\/logo\/image\/\"},\"sameAs\":[\"https:\/\/facebook.com\/anemontreking\",\"https:\/\/x.com\/anemon_trekking\",\"https:\/\/www.instagram.com\/anemontreking\/\"]}]}<\/script>\n<!-- \/ Yoast SEO plugin. -->","yoast_head_json":{"title":"TA\u015e DUVAR N\u0130F Z\u0130RVE (05 ARALIK) - Anemon Trekking Spor Kulub\u00fc","robots":{"index":"index","follow":"follow","max-snippet":"max-snippet:-1","max-image-preview":"max-image-preview:large","max-video-preview":"max-video-preview:-1"},"canonical":"https:\/\/anemontrekking.com\/?page_id=670","og_locale":"tr_TR","og_type":"article","og_title":"TA\u015e DUVAR N\u0130F Z\u0130RVE (05 ARALIK) - Anemon Trekking Spor Kulub\u00fc","og_description":"\u0130zmir&#8217;in Kemalpa\u015fa il\u00e7esi \u00c7INARK\u00d6Y mevkiinden ba\u015flayarak TA\u015e DUVAR rotas\u0131ndan Nif Da\u011f\u0131 zirveye \u00e7\u0131k\u0131lacakt\u0131r. D\u00f6n\u00fc\u015fte da\u011f\u0131n bat\u0131 s\u0131rt\u0131ndan K\u0131z\u0131l\u00fcz\u00fcm k\u00f6y\u00fcne d\u00f6n\u00fclecektir.Daha fazlas\u0131n\u0131 oku","og_url":"https:\/\/anemontrekking.com\/?page_id=670","og_site_name":"Anemon Trekking Spor Kulub\u00fc","article_publisher":"https:\/\/facebook.com\/anemontreking","article_modified_time":"2021-12-04T14:14:12+00:00","og_image":[{"url":"http:\/\/anemontrekking.com\/wp-content\/uploads\/2021\/12\/Tas-Duvar-Nif-Zirve-1024x819.jpg","type":"","width":"","height":""}],"twitter_card":"summary_large_image","twitter_site":"@anemon_trekking","twitter_misc":{"Tahmini okuma s\u00fcresi":"1 dakika"},"schema":{"@context":"https:\/\/schema.org","@graph":[{"@type":"WebPage","@id":"https:\/\/anemontrekking.com\/?page_id=670","url":"https:\/\/anemontrekking.com\/?page_id=670","name":"TA\u015e DUVAR N\u0130F Z\u0130RVE (05 ARALIK) - Anemon Trekking Spor Kulub\u00fc","isPartOf":{"@id":"https:\/\/anemontrekking.com\/#website"},"primaryImageOfPage":{"@id":"https:\/\/anemontrekking.com\/?page_id=670#primaryimage"},"image":{"@id":"https:\/\/anemontrekking.com\/?page_id=670#primaryimage"},"thumbnailUrl":"http:\/\/anemontrekking.com\/wp-content\/uploads\/2021\/12\/Tas-Duvar-Nif-Zirve-1024x819.jpg","datePublished":"2021-11-22T07:49:10+00:00","dateModified":"2021-12-04T14:14:12+00:00","breadcrumb":{"@id":"https:\/\/anemontrekking.com\/?page_id=670#breadcrumb"},"inLanguage":"tr","potentialAction":[{"@type":"ReadAction","target":["https:\/\/anemontrekking.com\/?page_id=670"]}]},{"@type":"ImageObject","inLanguage":"tr","@id":"https:\/\/anemontrekking.com\/?page_id=670#primaryimage","url":"https:\/\/anemontrekking.com\/wp-content\/uploads\/2021\/12\/Tas-Duvar-Nif-Zirve.jpg","contentUrl":"https:\/\/anemontrekking.com\/wp-content\/uploads\/2021\/12\/Tas-Duvar-Nif-Zirve.jpg","width":2000,"height":1600},{"@type":"BreadcrumbList","@id":"https:\/\/anemontrekking.com\/?page_id=670#breadcrumb","itemListElement":[{"@type":"ListItem","position":1,"name":"Anasayfa","item":"https:\/\/anemontrekking.com\/"},{"@type":"ListItem","position":2,"name":"TA\u015e DUVAR N\u0130F Z\u0130RVE (05 ARALIK)"}]},{"@type":"WebSite","@id":"https:\/\/anemontrekking.com\/#website","url":"https:\/\/anemontrekking.com\/","name":"Anemon Trekking Spor Kulub\u00fc","description":"Da\u011fc\u0131l\u0131k, Trekking,Kamp\u00e7\u0131l\u0131k ve Do\u011fa Sporlar\u0131","publisher":{"@id":"https:\/\/anemontrekking.com\/#organization"},"potentialAction":[{"@type":"SearchAction","target":{"@type":"EntryPoint","urlTemplate":"https:\/\/anemontrekking.com\/?s={search_term_string}"},"query-input":{"@type":"PropertyValueSpecification","valueRequired":true,"valueName":"search_term_string"}}],"inLanguage":"tr"},{"@type":"Organization","@id":"https:\/\/anemontrekking.com\/#organization","name":"Anemon Trekking Spor Kulub\u00fc","url":"https:\/\/anemontrekking.com\/","logo":{"@type":"ImageObject","inLanguage":"tr","@id":"https:\/\/anemontrekking.com\/#\/schema\/logo\/image\/","url":"http:\/\/anemontrekking.com\/wp-content\/uploads\/2021\/02\/47292421_10156386216874652_1517111611498692608_n.jpg","contentUrl":"http:\/\/anemontrekking.com\/wp-content\/uploads\/2021\/02\/47292421_10156386216874652_1517111611498692608_n.jpg","width":960,"height":906,"caption":"Anemon Trekking Spor Kulub\u00fc"},"image":{"@id":"https:\/\/anemontrekking.com\/#\/schema\/logo\/image\/"},"sameAs":["https:\/\/facebook.com\/anemontreking","https:\/\/x.com\/anemon_trekking","https:\/\/www.instagram.com\/anemontreking\/"]}]}},"_links":{"self":[{"href":"https:\/\/anemontrekking.com\/index.php?rest_route=\/wp\/v2\/pages\/670","targetHints":{"allow":["GET"]}}],"collection":[{"href":"https:\/\/anemontrekking.com\/index.php?rest_route=\/wp\/v2\/pages"}],"about":[{"href":"https:\/\/anemontrekking.com\/index.php?rest_route=\/wp\/v2\/types\/page"}],"author":[{"embeddable":true,"href":"https:\/\/anemontrekking.com\/index.php?rest_route=\/wp\/v2\/users\/1"}],"replies":[{"embeddable":true,"href":"https:\/\/anemontrekking.com\/index.php?rest_route=%2Fwp%2Fv2%2Fcomments&post=670"}],"version-history":[{"count":2,"href":"https:\/\/anemontrekking.com\/index.php?rest_route=\/wp\/v2\/pages\/670\/revisions"}],"predecessor-version":[{"id":677,"href":"https:\/\/anemontrekking.com\/index.php?rest_route=\/wp\/v2\/pages\/670\/revisions\/677"}],"wp:attachment":[{"href":"https:\/\/anemontrekking.com\/index.php?rest_route=%2Fwp%2Fv2%2Fmedia&parent=670"}],"curies":[{"name":"wp","href":"https:\/\/api.w.org\/{rel}","templated":true}]}}