{"id":652,"date":"2021-11-10T18:42:02","date_gmt":"2021-11-10T15:42:02","guid":{"rendered":"http:\/\/anemontrekking.com\/?page_id=652"},"modified":"2021-11-10T18:42:03","modified_gmt":"2021-11-10T15:42:03","slug":"suyun-yolculugu-bergama","status":"publish","type":"page","link":"https:\/\/anemontrekking.com\/?page_id=652","title":{"rendered":"SUYUN YOLCULU\u011eU (BERGAMA)"},"content":{"rendered":"\n<figure class=\"wp-block-image size-large\"><img loading=\"lazy\" decoding=\"async\" width=\"1024\" height=\"819\" src=\"http:\/\/anemontrekking.com\/wp-content\/uploads\/2021\/11\/1-1024x819.jpg\" alt=\"\" class=\"wp-image-653\" srcset=\"https:\/\/anemontrekking.com\/wp-content\/uploads\/2021\/11\/1-1024x819.jpg 1024w, https:\/\/anemontrekking.com\/wp-content\/uploads\/2021\/11\/1-300x240.jpg 300w, https:\/\/anemontrekking.com\/wp-content\/uploads\/2021\/11\/1-768x614.jpg 768w, https:\/\/anemontrekking.com\/wp-content\/uploads\/2021\/11\/1-1536x1229.jpg 1536w, https:\/\/anemontrekking.com\/wp-content\/uploads\/2021\/11\/1.jpg 2000w\" sizes=\"auto, (max-width: 1024px) 100vw, 1024px\" \/><\/figure>\n\n\n\n<p>Bergama Kozak Yaylas\u0131ndan tarihi PERGAMON Su Kemelerini takip ederek BERGAMA KALES\u0130NE do\u011fru trekking yaparak SUYUN TAR\u0130H\u0130 YOLCULU\u011eUNA \u015fahit olaca\u011f\u0131z. Parkurumuz 15 km uzunlu\u011funda orta zorlukta bir parkurdur. Parkur bitiminde m\u00fcze kart\u0131 olanlar BERGAMA M\u00dcZES\u0130&#8217;ni gezebilir.<\/p>\n\n\n\n<p><strong>Program :<\/strong><\/p>\n\n\n\n<p>14 Kas\u0131m Pazar<\/p>\n\n\n\n<p>Saat 06:30 Manisa&#8217;dan Bergama&#8217;ya hareket<\/p>\n\n\n\n<p>Saat 07:00 \u015eakran&#8217;da Kahvalt\u0131<\/p>\n\n\n\n<p>Saat 08:00 Bergama&#8217;ya var\u0131\u015f ve y\u00fcr\u00fcy\u00fc\u015fe ba\u015flama<\/p>\n\n\n\n<p>Saat 17:00 Faliyetin biti\u015fi ve Manisa&#8217;ya hareket.<\/p>\n\n\n\n<p><strong>KAYIT ve B\u0130LG\u0130 \u0130\u00c7\u0130N :<\/strong><\/p>\n\n\n\n<p>Anemon Trekking Whatsap Hatt\u0131 : 0-850-303 91 11<\/p>\n\n\n\n<p>Anemon Trekking Whatsap Duyuru Gurubuna \u00fcye olarak bundan sonraki etkinliklerimizden haberdar olmak i\u00e7in <a href=\"https:\/\/chat.whatsapp.com\/EstLmUsfztaBqgDSmO8fPZ\" target=\"_blank\" rel=\"noreferrer noopener\">https:\/\/chat.whatsapp.com\/EstLmUsfztaBqgDSmO8fPZ<\/a> linkinden abone olabilirsiniz.<\/p>\n","protected":false},"excerpt":{"rendered":"<div class=\"slide-text-bg2\">\n<h3>Bergama Kozak Yaylas\u0131ndan tarihi PERGAMON Su Kemelerini takip ederek BERGAMA KALES\u0130NE do\u011fru trekking yaparak SUYUN TAR\u0130H\u0130 YOLCULU\u011eUNA \u015fahit olaca\u011f\u0131z. Parkurumuz<\/h3>\n<\/div>\n<div class=\"flex-btn-div\"><a href=\"https:\/\/anemontrekking.com\/?page_id=652\" class=\"btn1 flex-btn\">Daha fazlas\u0131n\u0131 oku<\/a><\/div>\n","protected":false},"author":1,"featured_media":0,"parent":0,"menu_order":0,"comment_status":"closed","ping_status":"closed","template":"","meta":{"ngg_post_thumbnail":0,"footnotes":""},"class_list":["post-652","page","type-page","status-publish","hentry"],"yoast_head":"<!-- This site is optimized with the Yoast SEO plugin v26.3 - https:\/\/yoast.com\/wordpress\/plugins\/seo\/ -->\n<title>SUYUN YOLCULU\u011eU (BERGAMA) - Anemon Trekking Spor Kulub\u00fc<\/title>\n<meta name=\"robots\" content=\"index, follow, max-snippet:-1, max-image-preview:large, max-video-preview:-1\" \/>\n<link rel=\"canonical\" href=\"https:\/\/anemontrekking.com\/?page_id=652\" \/>\n<meta property=\"og:locale\" content=\"tr_TR\" \/>\n<meta property=\"og:type\" content=\"article\" \/>\n<meta property=\"og:title\" content=\"SUYUN YOLCULU\u011eU (BERGAMA) - Anemon Trekking Spor Kulub\u00fc\" \/>\n<meta property=\"og:description\" content=\"Bergama Kozak Yaylas\u0131ndan tarihi PERGAMON Su Kemelerini takip ederek BERGAMA KALES\u0130NE do\u011fru trekking yaparak SUYUN TAR\u0130H\u0130 YOLCULU\u011eUNA \u015fahit olaca\u011f\u0131z. ParkurumuzDaha fazlas\u0131n\u0131 oku\" \/>\n<meta property=\"og:url\" content=\"https:\/\/anemontrekking.com\/?page_id=652\" \/>\n<meta property=\"og:site_name\" content=\"Anemon Trekking Spor Kulub\u00fc\" \/>\n<meta property=\"article:publisher\" content=\"https:\/\/facebook.com\/anemontreking\" \/>\n<meta property=\"article:modified_time\" content=\"2021-11-10T15:42:03+00:00\" \/>\n<meta property=\"og:image\" content=\"http:\/\/anemontrekking.com\/wp-content\/uploads\/2021\/11\/1-1024x819.jpg\" \/>\n<meta name=\"twitter:card\" content=\"summary_large_image\" \/>\n<meta name=\"twitter:site\" content=\"@anemon_trekking\" \/>\n<meta name=\"twitter:label1\" content=\"Tahmini okuma s\u00fcresi\" \/>\n\t<meta name=\"twitter:data1\" content=\"1 dakika\" \/>\n<script type=\"application\/ld+json\" class=\"yoast-schema-graph\">{\"@context\":\"https:\/\/schema.org\",\"@graph\":[{\"@type\":\"WebPage\",\"@id\":\"https:\/\/anemontrekking.com\/?page_id=652\",\"url\":\"https:\/\/anemontrekking.com\/?page_id=652\",\"name\":\"SUYUN YOLCULU\u011eU (BERGAMA) - Anemon Trekking Spor Kulub\u00fc\",\"isPartOf\":{\"@id\":\"https:\/\/anemontrekking.com\/#website\"},\"primaryImageOfPage\":{\"@id\":\"https:\/\/anemontrekking.com\/?page_id=652#primaryimage\"},\"image\":{\"@id\":\"https:\/\/anemontrekking.com\/?page_id=652#primaryimage\"},\"thumbnailUrl\":\"http:\/\/anemontrekking.com\/wp-content\/uploads\/2021\/11\/1-1024x819.jpg\",\"datePublished\":\"2021-11-10T15:42:02+00:00\",\"dateModified\":\"2021-11-10T15:42:03+00:00\",\"breadcrumb\":{\"@id\":\"https:\/\/anemontrekking.com\/?page_id=652#breadcrumb\"},\"inLanguage\":\"tr\",\"potentialAction\":[{\"@type\":\"ReadAction\",\"target\":[\"https:\/\/anemontrekking.com\/?page_id=652\"]}]},{\"@type\":\"ImageObject\",\"inLanguage\":\"tr\",\"@id\":\"https:\/\/anemontrekking.com\/?page_id=652#primaryimage\",\"url\":\"https:\/\/anemontrekking.com\/wp-content\/uploads\/2021\/11\/1.jpg\",\"contentUrl\":\"https:\/\/anemontrekking.com\/wp-content\/uploads\/2021\/11\/1.jpg\",\"width\":2000,\"height\":1600},{\"@type\":\"BreadcrumbList\",\"@id\":\"https:\/\/anemontrekking.com\/?page_id=652#breadcrumb\",\"itemListElement\":[{\"@type\":\"ListItem\",\"position\":1,\"name\":\"Anasayfa\",\"item\":\"https:\/\/anemontrekking.com\/\"},{\"@type\":\"ListItem\",\"position\":2,\"name\":\"SUYUN YOLCULU\u011eU (BERGAMA)\"}]},{\"@type\":\"WebSite\",\"@id\":\"https:\/\/anemontrekking.com\/#website\",\"url\":\"https:\/\/anemontrekking.com\/\",\"name\":\"Anemon Trekking Spor Kulub\u00fc\",\"description\":\"Da\u011fc\u0131l\u0131k, Trekking,Kamp\u00e7\u0131l\u0131k ve Do\u011fa Sporlar\u0131\",\"publisher\":{\"@id\":\"https:\/\/anemontrekking.com\/#organization\"},\"potentialAction\":[{\"@type\":\"SearchAction\",\"target\":{\"@type\":\"EntryPoint\",\"urlTemplate\":\"https:\/\/anemontrekking.com\/?s={search_term_string}\"},\"query-input\":{\"@type\":\"PropertyValueSpecification\",\"valueRequired\":true,\"valueName\":\"search_term_string\"}}],\"inLanguage\":\"tr\"},{\"@type\":\"Organization\",\"@id\":\"https:\/\/anemontrekking.com\/#organization\",\"name\":\"Anemon Trekking Spor Kulub\u00fc\",\"url\":\"https:\/\/anemontrekking.com\/\",\"logo\":{\"@type\":\"ImageObject\",\"inLanguage\":\"tr\",\"@id\":\"https:\/\/anemontrekking.com\/#\/schema\/logo\/image\/\",\"url\":\"http:\/\/anemontrekking.com\/wp-content\/uploads\/2021\/02\/47292421_10156386216874652_1517111611498692608_n.jpg\",\"contentUrl\":\"http:\/\/anemontrekking.com\/wp-content\/uploads\/2021\/02\/47292421_10156386216874652_1517111611498692608_n.jpg\",\"width\":960,\"height\":906,\"caption\":\"Anemon Trekking Spor Kulub\u00fc\"},\"image\":{\"@id\":\"https:\/\/anemontrekking.com\/#\/schema\/logo\/image\/\"},\"sameAs\":[\"https:\/\/facebook.com\/anemontreking\",\"https:\/\/x.com\/anemon_trekking\",\"https:\/\/www.instagram.com\/anemontreking\/\"]}]}<\/script>\n<!-- \/ Yoast SEO plugin. -->","yoast_head_json":{"title":"SUYUN YOLCULU\u011eU (BERGAMA) - Anemon Trekking Spor Kulub\u00fc","robots":{"index":"index","follow":"follow","max-snippet":"max-snippet:-1","max-image-preview":"max-image-preview:large","max-video-preview":"max-video-preview:-1"},"canonical":"https:\/\/anemontrekking.com\/?page_id=652","og_locale":"tr_TR","og_type":"article","og_title":"SUYUN YOLCULU\u011eU (BERGAMA) - Anemon Trekking Spor Kulub\u00fc","og_description":"Bergama Kozak Yaylas\u0131ndan tarihi PERGAMON Su Kemelerini takip ederek BERGAMA KALES\u0130NE do\u011fru trekking yaparak SUYUN TAR\u0130H\u0130 YOLCULU\u011eUNA \u015fahit olaca\u011f\u0131z. ParkurumuzDaha fazlas\u0131n\u0131 oku","og_url":"https:\/\/anemontrekking.com\/?page_id=652","og_site_name":"Anemon Trekking Spor Kulub\u00fc","article_publisher":"https:\/\/facebook.com\/anemontreking","article_modified_time":"2021-11-10T15:42:03+00:00","og_image":[{"url":"http:\/\/anemontrekking.com\/wp-content\/uploads\/2021\/11\/1-1024x819.jpg","type":"","width":"","height":""}],"twitter_card":"summary_large_image","twitter_site":"@anemon_trekking","twitter_misc":{"Tahmini okuma s\u00fcresi":"1 dakika"},"schema":{"@context":"https:\/\/schema.org","@graph":[{"@type":"WebPage","@id":"https:\/\/anemontrekking.com\/?page_id=652","url":"https:\/\/anemontrekking.com\/?page_id=652","name":"SUYUN YOLCULU\u011eU (BERGAMA) - Anemon Trekking Spor Kulub\u00fc","isPartOf":{"@id":"https:\/\/anemontrekking.com\/#website"},"primaryImageOfPage":{"@id":"https:\/\/anemontrekking.com\/?page_id=652#primaryimage"},"image":{"@id":"https:\/\/anemontrekking.com\/?page_id=652#primaryimage"},"thumbnailUrl":"http:\/\/anemontrekking.com\/wp-content\/uploads\/2021\/11\/1-1024x819.jpg","datePublished":"2021-11-10T15:42:02+00:00","dateModified":"2021-11-10T15:42:03+00:00","breadcrumb":{"@id":"https:\/\/anemontrekking.com\/?page_id=652#breadcrumb"},"inLanguage":"tr","potentialAction":[{"@type":"ReadAction","target":["https:\/\/anemontrekking.com\/?page_id=652"]}]},{"@type":"ImageObject","inLanguage":"tr","@id":"https:\/\/anemontrekking.com\/?page_id=652#primaryimage","url":"https:\/\/anemontrekking.com\/wp-content\/uploads\/2021\/11\/1.jpg","contentUrl":"https:\/\/anemontrekking.com\/wp-content\/uploads\/2021\/11\/1.jpg","width":2000,"height":1600},{"@type":"BreadcrumbList","@id":"https:\/\/anemontrekking.com\/?page_id=652#breadcrumb","itemListElement":[{"@type":"ListItem","position":1,"name":"Anasayfa","item":"https:\/\/anemontrekking.com\/"},{"@type":"ListItem","position":2,"name":"SUYUN YOLCULU\u011eU (BERGAMA)"}]},{"@type":"WebSite","@id":"https:\/\/anemontrekking.com\/#website","url":"https:\/\/anemontrekking.com\/","name":"Anemon Trekking Spor Kulub\u00fc","description":"Da\u011fc\u0131l\u0131k, Trekking,Kamp\u00e7\u0131l\u0131k ve Do\u011fa Sporlar\u0131","publisher":{"@id":"https:\/\/anemontrekking.com\/#organization"},"potentialAction":[{"@type":"SearchAction","target":{"@type":"EntryPoint","urlTemplate":"https:\/\/anemontrekking.com\/?s={search_term_string}"},"query-input":{"@type":"PropertyValueSpecification","valueRequired":true,"valueName":"search_term_string"}}],"inLanguage":"tr"},{"@type":"Organization","@id":"https:\/\/anemontrekking.com\/#organization","name":"Anemon Trekking Spor Kulub\u00fc","url":"https:\/\/anemontrekking.com\/","logo":{"@type":"ImageObject","inLanguage":"tr","@id":"https:\/\/anemontrekking.com\/#\/schema\/logo\/image\/","url":"http:\/\/anemontrekking.com\/wp-content\/uploads\/2021\/02\/47292421_10156386216874652_1517111611498692608_n.jpg","contentUrl":"http:\/\/anemontrekking.com\/wp-content\/uploads\/2021\/02\/47292421_10156386216874652_1517111611498692608_n.jpg","width":960,"height":906,"caption":"Anemon Trekking Spor Kulub\u00fc"},"image":{"@id":"https:\/\/anemontrekking.com\/#\/schema\/logo\/image\/"},"sameAs":["https:\/\/facebook.com\/anemontreking","https:\/\/x.com\/anemon_trekking","https:\/\/www.instagram.com\/anemontreking\/"]}]}},"_links":{"self":[{"href":"https:\/\/anemontrekking.com\/index.php?rest_route=\/wp\/v2\/pages\/652","targetHints":{"allow":["GET"]}}],"collection":[{"href":"https:\/\/anemontrekking.com\/index.php?rest_route=\/wp\/v2\/pages"}],"about":[{"href":"https:\/\/anemontrekking.com\/index.php?rest_route=\/wp\/v2\/types\/page"}],"author":[{"embeddable":true,"href":"https:\/\/anemontrekking.com\/index.php?rest_route=\/wp\/v2\/users\/1"}],"replies":[{"embeddable":true,"href":"https:\/\/anemontrekking.com\/index.php?rest_route=%2Fwp%2Fv2%2Fcomments&post=652"}],"version-history":[{"count":1,"href":"https:\/\/anemontrekking.com\/index.php?rest_route=\/wp\/v2\/pages\/652\/revisions"}],"predecessor-version":[{"id":654,"href":"https:\/\/anemontrekking.com\/index.php?rest_route=\/wp\/v2\/pages\/652\/revisions\/654"}],"wp:attachment":[{"href":"https:\/\/anemontrekking.com\/index.php?rest_route=%2Fwp%2Fv2%2Fmedia&parent=652"}],"curies":[{"name":"wp","href":"https:\/\/api.w.org\/{rel}","templated":true}]}}