{"id":502,"date":"2021-08-24T22:30:48","date_gmt":"2021-08-24T19:30:48","guid":{"rendered":"http:\/\/anemontrekking.com\/?page_id=502"},"modified":"2021-09-21T23:04:24","modified_gmt":"2021-09-21T20:04:24","slug":"egrigoz-dagi-25-26-eylul-20201","status":"publish","type":"page","link":"https:\/\/anemontrekking.com\/?page_id=502","title":{"rendered":"E\u011eR\u0130G\u00d6Z DA\u011eI  (25-26 EYL\u00dcL 2021)"},"content":{"rendered":"\n<figure class=\"wp-block-gallery columns-1 is-cropped wp-block-gallery-1 is-layout-flex wp-block-gallery-is-layout-flex\"><ul class=\"blocks-gallery-grid\"><li class=\"blocks-gallery-item\"><figure><img loading=\"lazy\" decoding=\"async\" width=\"1024\" height=\"819\" src=\"http:\/\/anemontrekking.com\/wp-content\/uploads\/2021\/08\/236958466_251191600340161_4713522833775180424_n-1024x819.jpg\" alt=\"\" data-id=\"503\" data-full-url=\"http:\/\/anemontrekking.com\/wp-content\/uploads\/2021\/08\/236958466_251191600340161_4713522833775180424_n.jpg\" data-link=\"http:\/\/anemontrekking.com\/?attachment_id=503\" class=\"wp-image-503\" srcset=\"https:\/\/anemontrekking.com\/wp-content\/uploads\/2021\/08\/236958466_251191600340161_4713522833775180424_n-1024x819.jpg 1024w, https:\/\/anemontrekking.com\/wp-content\/uploads\/2021\/08\/236958466_251191600340161_4713522833775180424_n-300x240.jpg 300w, https:\/\/anemontrekking.com\/wp-content\/uploads\/2021\/08\/236958466_251191600340161_4713522833775180424_n-768x614.jpg 768w, https:\/\/anemontrekking.com\/wp-content\/uploads\/2021\/08\/236958466_251191600340161_4713522833775180424_n-1536x1229.jpg 1536w, https:\/\/anemontrekking.com\/wp-content\/uploads\/2021\/08\/236958466_251191600340161_4713522833775180424_n.jpg 2000w\" sizes=\"auto, (max-width: 1024px) 100vw, 1024px\" \/><\/figure><\/li><\/ul><figcaption class=\"blocks-gallery-caption\">E\u011frig\u00f6z Da\u011f\u0131 Kampl\u0131 Etkinli\u011fi<\/figcaption><\/figure>\n\n\n\n<p>K\u00fctahya\u2019n\u0131n EMET il\u00e7esine ba\u011fl\u0131 Umutlu ve Yenice k\u00f6yleri aras\u0131ndaki Tahtal\u0131 Baraj G\u00f6l\u00fcnde kamp kurup planlanan rotadan Volkanik G\u00f6ller parkurunu izleyerek Sar\u0131alan Yaylas\u0131ndan ge\u00e7erek 2100 rak\u0131ml\u0131 E\u011eR\u0130G\u00d6Z DA\u011eINA t\u0131rmanaca\u011f\u0131z. Parku 21 km uzunlu\u011funda olup bizlere muhte\u015fem bir g\u00f6rsel \u015f\u00f6len sunacakt\u0131r.<\/p>\n\n\n\n<p><strong>Program :<\/strong><\/p>\n\n\n\n<p><strong>25 Eyl\u00fcl Cumartesi <\/strong><\/p>\n\n\n\n<p>Saat 09:00 Manisa&#8217;dan Hareket<br>Saat 12:00 Sinav\u2019da di\u011fer illerden gelen kat\u0131l\u0131mc\u0131lar ile bulu\u015fma<br>Saat 13:00 Kamp Alan\u0131na hareket.<br>Saat 15:00 Kamp Alan\u0131na Ula\u015f\u0131m ve Kamp\u0131n Kurulmas\u0131<\/p>\n\n\n\n<p><strong>26 Eyl\u00fcl Pazar<\/strong><\/p>\n\n\n\n<p>Saat 05:00 Zirveye Hareket<br>Saat 16:00 Tahmini Faaliyet Biti\u015fi<br>Saat 17:00 Kamp\u0131 toplama ve vedala\u015fma<\/p>\n\n\n\n<p><strong>KAYIT ve B\u0130LG\u0130 \u0130\u00c7\u0130N : <\/strong><\/p>\n\n\n\n<p>Anemon Trekking Whatsap Hatt\u0131 : 0-850-303 91 11<\/p>\n\n\n\n<p>Anemon Trekking Whatsap Duyuru Gurubuna \u00fcye olarak bundan sonraki etkinliklerimizden haberdar olmak i\u00e7in<\/p>\n\n\n\n<p>WHATSAP \u0130\u00c7\u0130N <a rel=\"noreferrer noopener\" href=\"https:\/\/l.facebook.com\/l.php?u=https%3A%2F%2Fchat.whatsapp.com%2FEstLmUsfztaBqgDSmO8fPZ%3Ffbclid%3DIwAR0sDHYHloBbI78PY_2r3eBZZPvlTiB1ugh80AF5BYjPBtWiXmRxqz_hr6w&amp;h=AT1yFYtc0OgYQeD6uxJI07qa5amrHRjejQtsZhS16ym_4zfnoUqn4QTh-izh90lmC2xKb4z6PDbOgr7j__LP16wm89H6pEuKAWNA-_IZ5hjPCZHjdnD3MoTgh7V-MmkG&amp;__tn__=q&amp;c[0]=AT0pxQ85jpasBZy2aucmM8UYMpnhWXT-NCy483Xy6r_sLFuYjKV1x6rE8vK-9hpb4v5eC9A1E4z4xCNGUFejaq6NJ3loQ0UKauMZCTIZcvWMW5HDgPKEgj4ZZta3520x5AkX8gD2vjbzH2m2qdGgGGRE\" target=\"_blank\">https:\/\/chat.whatsapp.com\/EstLmUsfztaBqgDSmO8fPZ<\/a><\/p>\n\n\n\n<p>TELEGRAM \u0130\u00c7\u0130N<a rel=\"noreferrer noopener\" href=\"https:\/\/t.me\/anemontrekking?fbclid=IwAR105Us33vm973055gLPwgsM6ajaRDfV_lRQV-qxGJ7H-OjD25317-3xupU\" target=\"_blank\"> https:\/\/t.me\/anemontrekking<\/a><\/p>\n","protected":false},"excerpt":{"rendered":"<div class=\"slide-text-bg2\">\n<h3>K\u00fctahya\u2019n\u0131n EMET il\u00e7esine ba\u011fl\u0131 Umutlu ve Yenice k\u00f6yleri aras\u0131ndaki Tahtal\u0131 Baraj G\u00f6l\u00fcnde kamp kurup planlanan rotadan Volkanik G\u00f6ller parkurunu izleyerek<\/h3>\n<\/div>\n<div class=\"flex-btn-div\"><a href=\"https:\/\/anemontrekking.com\/?page_id=502\" class=\"btn1 flex-btn\">Daha fazlas\u0131n\u0131 oku<\/a><\/div>\n","protected":false},"author":1,"featured_media":0,"parent":0,"menu_order":0,"comment_status":"closed","ping_status":"closed","template":"","meta":{"ngg_post_thumbnail":0,"footnotes":""},"class_list":["post-502","page","type-page","status-publish","hentry"],"yoast_head":"<!-- This site is optimized with the Yoast SEO plugin v26.3 - https:\/\/yoast.com\/wordpress\/plugins\/seo\/ -->\n<title>E\u011eR\u0130G\u00d6Z DA\u011eI (25-26 EYL\u00dcL 2021) - Anemon Trekking Spor Kulub\u00fc<\/title>\n<meta name=\"robots\" content=\"index, follow, max-snippet:-1, max-image-preview:large, max-video-preview:-1\" \/>\n<link rel=\"canonical\" href=\"https:\/\/anemontrekking.com\/?page_id=502\" \/>\n<meta property=\"og:locale\" content=\"tr_TR\" \/>\n<meta property=\"og:type\" content=\"article\" \/>\n<meta property=\"og:title\" content=\"E\u011eR\u0130G\u00d6Z DA\u011eI (25-26 EYL\u00dcL 2021) - Anemon Trekking Spor Kulub\u00fc\" \/>\n<meta property=\"og:description\" content=\"K\u00fctahya\u2019n\u0131n EMET il\u00e7esine ba\u011fl\u0131 Umutlu ve Yenice k\u00f6yleri aras\u0131ndaki Tahtal\u0131 Baraj G\u00f6l\u00fcnde kamp kurup planlanan rotadan Volkanik G\u00f6ller parkurunu izleyerekDaha fazlas\u0131n\u0131 oku\" \/>\n<meta property=\"og:url\" content=\"https:\/\/anemontrekking.com\/?page_id=502\" \/>\n<meta property=\"og:site_name\" content=\"Anemon Trekking Spor Kulub\u00fc\" \/>\n<meta property=\"article:publisher\" content=\"https:\/\/facebook.com\/anemontreking\" \/>\n<meta property=\"article:modified_time\" content=\"2021-09-21T20:04:24+00:00\" \/>\n<meta property=\"og:image\" content=\"http:\/\/anemontrekking.com\/wp-content\/uploads\/2021\/08\/236958466_251191600340161_4713522833775180424_n-1024x819.jpg\" \/>\n<meta name=\"twitter:card\" content=\"summary_large_image\" \/>\n<meta name=\"twitter:site\" content=\"@anemon_trekking\" \/>\n<meta name=\"twitter:label1\" content=\"Tahmini okuma s\u00fcresi\" \/>\n\t<meta name=\"twitter:data1\" content=\"1 dakika\" \/>\n<script type=\"application\/ld+json\" class=\"yoast-schema-graph\">{\"@context\":\"https:\/\/schema.org\",\"@graph\":[{\"@type\":\"WebPage\",\"@id\":\"https:\/\/anemontrekking.com\/?page_id=502\",\"url\":\"https:\/\/anemontrekking.com\/?page_id=502\",\"name\":\"E\u011eR\u0130G\u00d6Z DA\u011eI (25-26 EYL\u00dcL 2021) - Anemon Trekking Spor Kulub\u00fc\",\"isPartOf\":{\"@id\":\"https:\/\/anemontrekking.com\/#website\"},\"primaryImageOfPage\":{\"@id\":\"https:\/\/anemontrekking.com\/?page_id=502#primaryimage\"},\"image\":{\"@id\":\"https:\/\/anemontrekking.com\/?page_id=502#primaryimage\"},\"thumbnailUrl\":\"http:\/\/anemontrekking.com\/wp-content\/uploads\/2021\/08\/236958466_251191600340161_4713522833775180424_n-1024x819.jpg\",\"datePublished\":\"2021-08-24T19:30:48+00:00\",\"dateModified\":\"2021-09-21T20:04:24+00:00\",\"breadcrumb\":{\"@id\":\"https:\/\/anemontrekking.com\/?page_id=502#breadcrumb\"},\"inLanguage\":\"tr\",\"potentialAction\":[{\"@type\":\"ReadAction\",\"target\":[\"https:\/\/anemontrekking.com\/?page_id=502\"]}]},{\"@type\":\"ImageObject\",\"inLanguage\":\"tr\",\"@id\":\"https:\/\/anemontrekking.com\/?page_id=502#primaryimage\",\"url\":\"https:\/\/anemontrekking.com\/wp-content\/uploads\/2021\/08\/236958466_251191600340161_4713522833775180424_n.jpg\",\"contentUrl\":\"https:\/\/anemontrekking.com\/wp-content\/uploads\/2021\/08\/236958466_251191600340161_4713522833775180424_n.jpg\",\"width\":2000,\"height\":1600},{\"@type\":\"BreadcrumbList\",\"@id\":\"https:\/\/anemontrekking.com\/?page_id=502#breadcrumb\",\"itemListElement\":[{\"@type\":\"ListItem\",\"position\":1,\"name\":\"Anasayfa\",\"item\":\"https:\/\/anemontrekking.com\/\"},{\"@type\":\"ListItem\",\"position\":2,\"name\":\"E\u011eR\u0130G\u00d6Z DA\u011eI (25-26 EYL\u00dcL 2021)\"}]},{\"@type\":\"WebSite\",\"@id\":\"https:\/\/anemontrekking.com\/#website\",\"url\":\"https:\/\/anemontrekking.com\/\",\"name\":\"Anemon Trekking Spor Kulub\u00fc\",\"description\":\"Da\u011fc\u0131l\u0131k, Trekking,Kamp\u00e7\u0131l\u0131k ve Do\u011fa Sporlar\u0131\",\"publisher\":{\"@id\":\"https:\/\/anemontrekking.com\/#organization\"},\"potentialAction\":[{\"@type\":\"SearchAction\",\"target\":{\"@type\":\"EntryPoint\",\"urlTemplate\":\"https:\/\/anemontrekking.com\/?s={search_term_string}\"},\"query-input\":{\"@type\":\"PropertyValueSpecification\",\"valueRequired\":true,\"valueName\":\"search_term_string\"}}],\"inLanguage\":\"tr\"},{\"@type\":\"Organization\",\"@id\":\"https:\/\/anemontrekking.com\/#organization\",\"name\":\"Anemon Trekking Spor Kulub\u00fc\",\"url\":\"https:\/\/anemontrekking.com\/\",\"logo\":{\"@type\":\"ImageObject\",\"inLanguage\":\"tr\",\"@id\":\"https:\/\/anemontrekking.com\/#\/schema\/logo\/image\/\",\"url\":\"http:\/\/anemontrekking.com\/wp-content\/uploads\/2021\/02\/47292421_10156386216874652_1517111611498692608_n.jpg\",\"contentUrl\":\"http:\/\/anemontrekking.com\/wp-content\/uploads\/2021\/02\/47292421_10156386216874652_1517111611498692608_n.jpg\",\"width\":960,\"height\":906,\"caption\":\"Anemon Trekking Spor Kulub\u00fc\"},\"image\":{\"@id\":\"https:\/\/anemontrekking.com\/#\/schema\/logo\/image\/\"},\"sameAs\":[\"https:\/\/facebook.com\/anemontreking\",\"https:\/\/x.com\/anemon_trekking\",\"https:\/\/www.instagram.com\/anemontreking\/\"]}]}<\/script>\n<!-- \/ Yoast SEO plugin. -->","yoast_head_json":{"title":"E\u011eR\u0130G\u00d6Z DA\u011eI (25-26 EYL\u00dcL 2021) - Anemon Trekking Spor Kulub\u00fc","robots":{"index":"index","follow":"follow","max-snippet":"max-snippet:-1","max-image-preview":"max-image-preview:large","max-video-preview":"max-video-preview:-1"},"canonical":"https:\/\/anemontrekking.com\/?page_id=502","og_locale":"tr_TR","og_type":"article","og_title":"E\u011eR\u0130G\u00d6Z DA\u011eI (25-26 EYL\u00dcL 2021) - Anemon Trekking Spor Kulub\u00fc","og_description":"K\u00fctahya\u2019n\u0131n EMET il\u00e7esine ba\u011fl\u0131 Umutlu ve Yenice k\u00f6yleri aras\u0131ndaki Tahtal\u0131 Baraj G\u00f6l\u00fcnde kamp kurup planlanan rotadan Volkanik G\u00f6ller parkurunu izleyerekDaha fazlas\u0131n\u0131 oku","og_url":"https:\/\/anemontrekking.com\/?page_id=502","og_site_name":"Anemon Trekking Spor Kulub\u00fc","article_publisher":"https:\/\/facebook.com\/anemontreking","article_modified_time":"2021-09-21T20:04:24+00:00","og_image":[{"url":"http:\/\/anemontrekking.com\/wp-content\/uploads\/2021\/08\/236958466_251191600340161_4713522833775180424_n-1024x819.jpg","type":"","width":"","height":""}],"twitter_card":"summary_large_image","twitter_site":"@anemon_trekking","twitter_misc":{"Tahmini okuma s\u00fcresi":"1 dakika"},"schema":{"@context":"https:\/\/schema.org","@graph":[{"@type":"WebPage","@id":"https:\/\/anemontrekking.com\/?page_id=502","url":"https:\/\/anemontrekking.com\/?page_id=502","name":"E\u011eR\u0130G\u00d6Z DA\u011eI (25-26 EYL\u00dcL 2021) - Anemon Trekking Spor Kulub\u00fc","isPartOf":{"@id":"https:\/\/anemontrekking.com\/#website"},"primaryImageOfPage":{"@id":"https:\/\/anemontrekking.com\/?page_id=502#primaryimage"},"image":{"@id":"https:\/\/anemontrekking.com\/?page_id=502#primaryimage"},"thumbnailUrl":"http:\/\/anemontrekking.com\/wp-content\/uploads\/2021\/08\/236958466_251191600340161_4713522833775180424_n-1024x819.jpg","datePublished":"2021-08-24T19:30:48+00:00","dateModified":"2021-09-21T20:04:24+00:00","breadcrumb":{"@id":"https:\/\/anemontrekking.com\/?page_id=502#breadcrumb"},"inLanguage":"tr","potentialAction":[{"@type":"ReadAction","target":["https:\/\/anemontrekking.com\/?page_id=502"]}]},{"@type":"ImageObject","inLanguage":"tr","@id":"https:\/\/anemontrekking.com\/?page_id=502#primaryimage","url":"https:\/\/anemontrekking.com\/wp-content\/uploads\/2021\/08\/236958466_251191600340161_4713522833775180424_n.jpg","contentUrl":"https:\/\/anemontrekking.com\/wp-content\/uploads\/2021\/08\/236958466_251191600340161_4713522833775180424_n.jpg","width":2000,"height":1600},{"@type":"BreadcrumbList","@id":"https:\/\/anemontrekking.com\/?page_id=502#breadcrumb","itemListElement":[{"@type":"ListItem","position":1,"name":"Anasayfa","item":"https:\/\/anemontrekking.com\/"},{"@type":"ListItem","position":2,"name":"E\u011eR\u0130G\u00d6Z DA\u011eI (25-26 EYL\u00dcL 2021)"}]},{"@type":"WebSite","@id":"https:\/\/anemontrekking.com\/#website","url":"https:\/\/anemontrekking.com\/","name":"Anemon Trekking Spor Kulub\u00fc","description":"Da\u011fc\u0131l\u0131k, Trekking,Kamp\u00e7\u0131l\u0131k ve Do\u011fa Sporlar\u0131","publisher":{"@id":"https:\/\/anemontrekking.com\/#organization"},"potentialAction":[{"@type":"SearchAction","target":{"@type":"EntryPoint","urlTemplate":"https:\/\/anemontrekking.com\/?s={search_term_string}"},"query-input":{"@type":"PropertyValueSpecification","valueRequired":true,"valueName":"search_term_string"}}],"inLanguage":"tr"},{"@type":"Organization","@id":"https:\/\/anemontrekking.com\/#organization","name":"Anemon Trekking Spor Kulub\u00fc","url":"https:\/\/anemontrekking.com\/","logo":{"@type":"ImageObject","inLanguage":"tr","@id":"https:\/\/anemontrekking.com\/#\/schema\/logo\/image\/","url":"http:\/\/anemontrekking.com\/wp-content\/uploads\/2021\/02\/47292421_10156386216874652_1517111611498692608_n.jpg","contentUrl":"http:\/\/anemontrekking.com\/wp-content\/uploads\/2021\/02\/47292421_10156386216874652_1517111611498692608_n.jpg","width":960,"height":906,"caption":"Anemon Trekking Spor Kulub\u00fc"},"image":{"@id":"https:\/\/anemontrekking.com\/#\/schema\/logo\/image\/"},"sameAs":["https:\/\/facebook.com\/anemontreking","https:\/\/x.com\/anemon_trekking","https:\/\/www.instagram.com\/anemontreking\/"]}]}},"_links":{"self":[{"href":"https:\/\/anemontrekking.com\/index.php?rest_route=\/wp\/v2\/pages\/502","targetHints":{"allow":["GET"]}}],"collection":[{"href":"https:\/\/anemontrekking.com\/index.php?rest_route=\/wp\/v2\/pages"}],"about":[{"href":"https:\/\/anemontrekking.com\/index.php?rest_route=\/wp\/v2\/types\/page"}],"author":[{"embeddable":true,"href":"https:\/\/anemontrekking.com\/index.php?rest_route=\/wp\/v2\/users\/1"}],"replies":[{"embeddable":true,"href":"https:\/\/anemontrekking.com\/index.php?rest_route=%2Fwp%2Fv2%2Fcomments&post=502"}],"version-history":[{"count":2,"href":"https:\/\/anemontrekking.com\/index.php?rest_route=\/wp\/v2\/pages\/502\/revisions"}],"predecessor-version":[{"id":533,"href":"https:\/\/anemontrekking.com\/index.php?rest_route=\/wp\/v2\/pages\/502\/revisions\/533"}],"wp:attachment":[{"href":"https:\/\/anemontrekking.com\/index.php?rest_route=%2Fwp%2Fv2%2Fmedia&parent=502"}],"curies":[{"name":"wp","href":"https:\/\/api.w.org\/{rel}","templated":true}]}}