{"id":390,"date":"2021-06-16T11:22:52","date_gmt":"2021-06-16T08:22:52","guid":{"rendered":"http:\/\/anemontrekking.com\/?page_id=390"},"modified":"2021-06-16T11:22:53","modified_gmt":"2021-06-16T08:22:53","slug":"cayeli-7-uluslararasi-dagcilik-turizm-ve-yayla-senligi-festivali-26-30-temmuz-2021-vercenik-dagi","status":"publish","type":"page","link":"https:\/\/anemontrekking.com\/?page_id=390","title":{"rendered":"\u00c7AYEL\u0130 7. ULUSLARARASI DA\u011eCILIK TUR\u0130ZM VE YAYLA \u015eENL\u0130\u011e\u0130 FEST\u0130VAL\u0130 (26-30 TEMMUZ 2021) VER\u00c7EN\u0130K DA\u011eI"},"content":{"rendered":"\n<figure class=\"wp-block-image size-large\"><img loading=\"lazy\" decoding=\"async\" width=\"1024\" height=\"585\" src=\"http:\/\/anemontrekking.com\/wp-content\/uploads\/2021\/06\/200910502_5032794923402958_3497326333959116927_n-1024x585.jpg\" alt=\"\" class=\"wp-image-391\" srcset=\"https:\/\/anemontrekking.com\/wp-content\/uploads\/2021\/06\/200910502_5032794923402958_3497326333959116927_n-1024x585.jpg 1024w, https:\/\/anemontrekking.com\/wp-content\/uploads\/2021\/06\/200910502_5032794923402958_3497326333959116927_n-300x171.jpg 300w, https:\/\/anemontrekking.com\/wp-content\/uploads\/2021\/06\/200910502_5032794923402958_3497326333959116927_n-768x439.jpg 768w, https:\/\/anemontrekking.com\/wp-content\/uploads\/2021\/06\/200910502_5032794923402958_3497326333959116927_n.jpg 1280w\" sizes=\"auto, (max-width: 1024px) 100vw, 1024px\" \/><\/figure>\n\n\n\n<p class=\"has-large-font-size\"><strong>Program:<\/strong><\/p>\n\n\n\n<p><strong>1 G\u00fcn: 26 Temmuz 2021-Pazartesi <\/strong><\/p>\n\n\n\n<p>10:00 \u00c7ayeli 15 Temmuz \u015fehitler meydan\u0131nda toplanma ve a\u00e7\u0131l\u0131\u015f etkinli\u011fi<br>11:00 de S\u0131rt \u00e7antalar\u0131n\u0131n kamyona y\u00fcklenmesi<br>11:30 \u00f6\u011fle yeme\u011fi i\u00e7in lokantaya hareket<br>12:30 Lokantadan hareket ile \u00c7ayeli Senoz vadisi Marbudam yaylas\u0131 (\u0130ncesu k\u00f6y\u00fc) ard\u0131ndan Ver\u00e7enik yaylas\u0131na, buradan 3 saat kamp y\u00fck\u00fc ile Ver\u00e7enik kap\u0131l\u0131 g\u00f6llere kamp <\/p>\n\n\n\n<p><strong>2. G\u00fcn: 27 Temmuz 2021 Sal\u0131<\/strong><\/p>\n\n\n\n<p>1.Grup 3711 Rak\u0131ml\u0131 Ver\u00e7enik Da\u011f\u0131na Zirve T\u0131rman\u0131\u015f\u0131, Kampta kalanlar i\u00e7in \u00e7evre gezisi turu, buzul g\u00f6llerde y\u00fczme<\/p>\n\n\n\n<p><strong>3.G\u00fcn: 28 Temmuz 2021 \u00c7ar\u015famba<\/strong><\/p>\n\n\n\n<p>2.Grup 3711 Rak\u0131ml\u0131 Ver\u00e7enik Da\u011f\u0131na Zirve T\u0131rman\u0131\u015f\u0131, Kampta kalanlar i\u00e7in \u00e7evre gezisi turu, buzul g\u00f6llerde y\u00fczme<\/p>\n\n\n\n<p><strong>4.G\u00fcn:29 Temmuz 2021 Per\u015fembe<\/strong><\/p>\n\n\n\n<p>Kap\u0131l\u0131 g\u00f6llerden yakla\u015f\u0131k 3 saatlik kamp y\u00fck\u00fc ile beraber Tatos g\u00f6llere hareket ve kamp<\/p>\n\n\n\n<p><strong>5. G\u00fcn 30 Temmuz Cuma <\/strong><\/p>\n\n\n\n<p>Tatos g\u00f6llerden yakla\u015f\u0131k 3 saatlik kamp y\u00fck\u00fc ile beraber \u00c7aml\u0131hem\u015fin \u00e7i\u00e7ekli yaylas\u0131na hareket ve ard\u0131ndan minib\u00fcslerle \u00c7ayeli\u2019ne hareket.Kat\u0131l\u0131m Belgelerin Verilmesi<\/p>\n\n\n\n<p><strong>NOTLAR<\/strong><\/p>\n\n\n\n<p>Kat\u0131l\u0131m \u00fccretsizdir.\u2022 Mevsim \u015fartlar\u0131na uygun e\u015fyalar\u0131n\u0131z olmas\u0131(bot,mont,\u00e7ad\u0131r v.bZirve yapacaklar\u0131n TDF \u0130leri kaya e\u011fitimi alm\u0131\u015f veya bu e\u011fitimi kul\u00fcpleri taraf\u0131ndan ald\u0131klar\u0131n\u0131 belgelemeleri, yanlar\u0131na KASK,EMN\u0130YET KEMER\u0130,KARAB\u0130NA (\u0130N\u0130\u015e MALZEMELER\u0130N\u0130) bulundurulmas\u0131 gerekmektedir.\u2022 Kat\u0131lmak i\u00e7in caydoski@hotmail.com mail adresine \u201cAD SOYAD,\u0130L T.C K\u0130ML\u0130K NO, \u0130LET\u0130\u015e\u0130M NUMARASI\u201d bilgilerini g\u00f6ndermeleri gerekmektedir.<\/p>\n\n\n\n<p><strong>\u0130LET\u0130\u015e\u0130M <\/strong><\/p>\n\n\n\n<p>Adem K\u00d6SE kul\u00fcp Ba\u015fkan\u0131 0535 932 53 43<br>H\u00fcsamettin k\u00f6m\u00fcrc\u00fc Kamp Sorumlusu 0532 431 89 27<br>Zikrullah KESER T\u0131rman\u0131\u015f Teknik sorumlu 0530 575 63 87<br>Alper KAPLAN T\u0131rman\u0131\u015f Teknik sorumlu 0530 679 08 53 <br>Y\u0131lmaz SEFERO\u011eLU T\u0131rman\u0131\u015f Teknik Sorumlu 0532 318 21 38<br>Osman ASLAN T\u0131rman\u0131\u015f Teknik Sorumlu 0539 974 41 53<\/p>\n","protected":false},"excerpt":{"rendered":"<div class=\"slide-text-bg2\">\n<h3>Program: 1 G\u00fcn: 26 Temmuz 2021-Pazartesi 10:00 \u00c7ayeli 15 Temmuz \u015fehitler meydan\u0131nda toplanma ve a\u00e7\u0131l\u0131\u015f etkinli\u011fi11:00 de S\u0131rt \u00e7antalar\u0131n\u0131n kamyona<\/h3>\n<\/div>\n<div class=\"flex-btn-div\"><a href=\"https:\/\/anemontrekking.com\/?page_id=390\" class=\"btn1 flex-btn\">Daha fazlas\u0131n\u0131 oku<\/a><\/div>\n","protected":false},"author":1,"featured_media":0,"parent":0,"menu_order":0,"comment_status":"closed","ping_status":"closed","template":"","meta":{"ngg_post_thumbnail":0,"footnotes":""},"class_list":["post-390","page","type-page","status-publish","hentry"],"yoast_head":"<!-- This site is optimized with the Yoast SEO plugin v26.3 - https:\/\/yoast.com\/wordpress\/plugins\/seo\/ -->\n<title>\u00c7AYEL\u0130 7. ULUSLARARASI DA\u011eCILIK TUR\u0130ZM VE YAYLA \u015eENL\u0130\u011e\u0130 FEST\u0130VAL\u0130 (26-30 TEMMUZ 2021) VER\u00c7EN\u0130K DA\u011eI - Anemon Trekking Spor Kulub\u00fc<\/title>\n<meta name=\"robots\" content=\"index, follow, max-snippet:-1, max-image-preview:large, max-video-preview:-1\" \/>\n<link rel=\"canonical\" href=\"https:\/\/anemontrekking.com\/?page_id=390\" \/>\n<meta property=\"og:locale\" content=\"tr_TR\" \/>\n<meta property=\"og:type\" content=\"article\" \/>\n<meta property=\"og:title\" content=\"\u00c7AYEL\u0130 7. ULUSLARARASI DA\u011eCILIK TUR\u0130ZM VE YAYLA \u015eENL\u0130\u011e\u0130 FEST\u0130VAL\u0130 (26-30 TEMMUZ 2021) VER\u00c7EN\u0130K DA\u011eI - Anemon Trekking Spor Kulub\u00fc\" \/>\n<meta property=\"og:description\" content=\"Program: 1 G\u00fcn: 26 Temmuz 2021-Pazartesi 10:00 \u00c7ayeli 15 Temmuz \u015fehitler meydan\u0131nda toplanma ve a\u00e7\u0131l\u0131\u015f etkinli\u011fi11:00 de S\u0131rt \u00e7antalar\u0131n\u0131n kamyonaDaha fazlas\u0131n\u0131 oku\" \/>\n<meta property=\"og:url\" content=\"https:\/\/anemontrekking.com\/?page_id=390\" \/>\n<meta property=\"og:site_name\" content=\"Anemon Trekking Spor Kulub\u00fc\" \/>\n<meta property=\"article:publisher\" content=\"https:\/\/facebook.com\/anemontreking\" \/>\n<meta property=\"article:modified_time\" content=\"2021-06-16T08:22:53+00:00\" \/>\n<meta property=\"og:image\" content=\"http:\/\/anemontrekking.com\/wp-content\/uploads\/2021\/06\/200910502_5032794923402958_3497326333959116927_n-1024x585.jpg\" \/>\n<meta name=\"twitter:card\" content=\"summary_large_image\" \/>\n<meta name=\"twitter:site\" content=\"@anemon_trekking\" \/>\n<meta name=\"twitter:label1\" content=\"Tahmini okuma s\u00fcresi\" \/>\n\t<meta name=\"twitter:data1\" content=\"1 dakika\" \/>\n<script type=\"application\/ld+json\" class=\"yoast-schema-graph\">{\"@context\":\"https:\/\/schema.org\",\"@graph\":[{\"@type\":\"WebPage\",\"@id\":\"https:\/\/anemontrekking.com\/?page_id=390\",\"url\":\"https:\/\/anemontrekking.com\/?page_id=390\",\"name\":\"\u00c7AYEL\u0130 7. ULUSLARARASI DA\u011eCILIK TUR\u0130ZM VE YAYLA \u015eENL\u0130\u011e\u0130 FEST\u0130VAL\u0130 (26-30 TEMMUZ 2021) VER\u00c7EN\u0130K DA\u011eI - Anemon Trekking Spor Kulub\u00fc\",\"isPartOf\":{\"@id\":\"https:\/\/anemontrekking.com\/#website\"},\"primaryImageOfPage\":{\"@id\":\"https:\/\/anemontrekking.com\/?page_id=390#primaryimage\"},\"image\":{\"@id\":\"https:\/\/anemontrekking.com\/?page_id=390#primaryimage\"},\"thumbnailUrl\":\"http:\/\/anemontrekking.com\/wp-content\/uploads\/2021\/06\/200910502_5032794923402958_3497326333959116927_n-1024x585.jpg\",\"datePublished\":\"2021-06-16T08:22:52+00:00\",\"dateModified\":\"2021-06-16T08:22:53+00:00\",\"breadcrumb\":{\"@id\":\"https:\/\/anemontrekking.com\/?page_id=390#breadcrumb\"},\"inLanguage\":\"tr\",\"potentialAction\":[{\"@type\":\"ReadAction\",\"target\":[\"https:\/\/anemontrekking.com\/?page_id=390\"]}]},{\"@type\":\"ImageObject\",\"inLanguage\":\"tr\",\"@id\":\"https:\/\/anemontrekking.com\/?page_id=390#primaryimage\",\"url\":\"https:\/\/anemontrekking.com\/wp-content\/uploads\/2021\/06\/200910502_5032794923402958_3497326333959116927_n.jpg\",\"contentUrl\":\"https:\/\/anemontrekking.com\/wp-content\/uploads\/2021\/06\/200910502_5032794923402958_3497326333959116927_n.jpg\",\"width\":1280,\"height\":731},{\"@type\":\"BreadcrumbList\",\"@id\":\"https:\/\/anemontrekking.com\/?page_id=390#breadcrumb\",\"itemListElement\":[{\"@type\":\"ListItem\",\"position\":1,\"name\":\"Anasayfa\",\"item\":\"https:\/\/anemontrekking.com\/\"},{\"@type\":\"ListItem\",\"position\":2,\"name\":\"\u00c7AYEL\u0130 7. ULUSLARARASI DA\u011eCILIK TUR\u0130ZM VE YAYLA \u015eENL\u0130\u011e\u0130 FEST\u0130VAL\u0130 (26-30 TEMMUZ 2021) VER\u00c7EN\u0130K DA\u011eI\"}]},{\"@type\":\"WebSite\",\"@id\":\"https:\/\/anemontrekking.com\/#website\",\"url\":\"https:\/\/anemontrekking.com\/\",\"name\":\"Anemon Trekking Spor Kulub\u00fc\",\"description\":\"Da\u011fc\u0131l\u0131k, Trekking,Kamp\u00e7\u0131l\u0131k ve Do\u011fa Sporlar\u0131\",\"publisher\":{\"@id\":\"https:\/\/anemontrekking.com\/#organization\"},\"potentialAction\":[{\"@type\":\"SearchAction\",\"target\":{\"@type\":\"EntryPoint\",\"urlTemplate\":\"https:\/\/anemontrekking.com\/?s={search_term_string}\"},\"query-input\":{\"@type\":\"PropertyValueSpecification\",\"valueRequired\":true,\"valueName\":\"search_term_string\"}}],\"inLanguage\":\"tr\"},{\"@type\":\"Organization\",\"@id\":\"https:\/\/anemontrekking.com\/#organization\",\"name\":\"Anemon Trekking Spor Kulub\u00fc\",\"url\":\"https:\/\/anemontrekking.com\/\",\"logo\":{\"@type\":\"ImageObject\",\"inLanguage\":\"tr\",\"@id\":\"https:\/\/anemontrekking.com\/#\/schema\/logo\/image\/\",\"url\":\"http:\/\/anemontrekking.com\/wp-content\/uploads\/2021\/02\/47292421_10156386216874652_1517111611498692608_n.jpg\",\"contentUrl\":\"http:\/\/anemontrekking.com\/wp-content\/uploads\/2021\/02\/47292421_10156386216874652_1517111611498692608_n.jpg\",\"width\":960,\"height\":906,\"caption\":\"Anemon Trekking Spor Kulub\u00fc\"},\"image\":{\"@id\":\"https:\/\/anemontrekking.com\/#\/schema\/logo\/image\/\"},\"sameAs\":[\"https:\/\/facebook.com\/anemontreking\",\"https:\/\/x.com\/anemon_trekking\",\"https:\/\/www.instagram.com\/anemontreking\/\"]}]}<\/script>\n<!-- \/ Yoast SEO plugin. -->","yoast_head_json":{"title":"\u00c7AYEL\u0130 7. ULUSLARARASI DA\u011eCILIK TUR\u0130ZM VE YAYLA \u015eENL\u0130\u011e\u0130 FEST\u0130VAL\u0130 (26-30 TEMMUZ 2021) VER\u00c7EN\u0130K DA\u011eI - Anemon Trekking Spor Kulub\u00fc","robots":{"index":"index","follow":"follow","max-snippet":"max-snippet:-1","max-image-preview":"max-image-preview:large","max-video-preview":"max-video-preview:-1"},"canonical":"https:\/\/anemontrekking.com\/?page_id=390","og_locale":"tr_TR","og_type":"article","og_title":"\u00c7AYEL\u0130 7. ULUSLARARASI DA\u011eCILIK TUR\u0130ZM VE YAYLA \u015eENL\u0130\u011e\u0130 FEST\u0130VAL\u0130 (26-30 TEMMUZ 2021) VER\u00c7EN\u0130K DA\u011eI - Anemon Trekking Spor Kulub\u00fc","og_description":"Program: 1 G\u00fcn: 26 Temmuz 2021-Pazartesi 10:00 \u00c7ayeli 15 Temmuz \u015fehitler meydan\u0131nda toplanma ve a\u00e7\u0131l\u0131\u015f etkinli\u011fi11:00 de S\u0131rt \u00e7antalar\u0131n\u0131n kamyonaDaha fazlas\u0131n\u0131 oku","og_url":"https:\/\/anemontrekking.com\/?page_id=390","og_site_name":"Anemon Trekking Spor Kulub\u00fc","article_publisher":"https:\/\/facebook.com\/anemontreking","article_modified_time":"2021-06-16T08:22:53+00:00","og_image":[{"url":"http:\/\/anemontrekking.com\/wp-content\/uploads\/2021\/06\/200910502_5032794923402958_3497326333959116927_n-1024x585.jpg","type":"","width":"","height":""}],"twitter_card":"summary_large_image","twitter_site":"@anemon_trekking","twitter_misc":{"Tahmini okuma s\u00fcresi":"1 dakika"},"schema":{"@context":"https:\/\/schema.org","@graph":[{"@type":"WebPage","@id":"https:\/\/anemontrekking.com\/?page_id=390","url":"https:\/\/anemontrekking.com\/?page_id=390","name":"\u00c7AYEL\u0130 7. ULUSLARARASI DA\u011eCILIK TUR\u0130ZM VE YAYLA \u015eENL\u0130\u011e\u0130 FEST\u0130VAL\u0130 (26-30 TEMMUZ 2021) VER\u00c7EN\u0130K DA\u011eI - Anemon Trekking Spor Kulub\u00fc","isPartOf":{"@id":"https:\/\/anemontrekking.com\/#website"},"primaryImageOfPage":{"@id":"https:\/\/anemontrekking.com\/?page_id=390#primaryimage"},"image":{"@id":"https:\/\/anemontrekking.com\/?page_id=390#primaryimage"},"thumbnailUrl":"http:\/\/anemontrekking.com\/wp-content\/uploads\/2021\/06\/200910502_5032794923402958_3497326333959116927_n-1024x585.jpg","datePublished":"2021-06-16T08:22:52+00:00","dateModified":"2021-06-16T08:22:53+00:00","breadcrumb":{"@id":"https:\/\/anemontrekking.com\/?page_id=390#breadcrumb"},"inLanguage":"tr","potentialAction":[{"@type":"ReadAction","target":["https:\/\/anemontrekking.com\/?page_id=390"]}]},{"@type":"ImageObject","inLanguage":"tr","@id":"https:\/\/anemontrekking.com\/?page_id=390#primaryimage","url":"https:\/\/anemontrekking.com\/wp-content\/uploads\/2021\/06\/200910502_5032794923402958_3497326333959116927_n.jpg","contentUrl":"https:\/\/anemontrekking.com\/wp-content\/uploads\/2021\/06\/200910502_5032794923402958_3497326333959116927_n.jpg","width":1280,"height":731},{"@type":"BreadcrumbList","@id":"https:\/\/anemontrekking.com\/?page_id=390#breadcrumb","itemListElement":[{"@type":"ListItem","position":1,"name":"Anasayfa","item":"https:\/\/anemontrekking.com\/"},{"@type":"ListItem","position":2,"name":"\u00c7AYEL\u0130 7. ULUSLARARASI DA\u011eCILIK TUR\u0130ZM VE YAYLA \u015eENL\u0130\u011e\u0130 FEST\u0130VAL\u0130 (26-30 TEMMUZ 2021) VER\u00c7EN\u0130K DA\u011eI"}]},{"@type":"WebSite","@id":"https:\/\/anemontrekking.com\/#website","url":"https:\/\/anemontrekking.com\/","name":"Anemon Trekking Spor Kulub\u00fc","description":"Da\u011fc\u0131l\u0131k, Trekking,Kamp\u00e7\u0131l\u0131k ve Do\u011fa Sporlar\u0131","publisher":{"@id":"https:\/\/anemontrekking.com\/#organization"},"potentialAction":[{"@type":"SearchAction","target":{"@type":"EntryPoint","urlTemplate":"https:\/\/anemontrekking.com\/?s={search_term_string}"},"query-input":{"@type":"PropertyValueSpecification","valueRequired":true,"valueName":"search_term_string"}}],"inLanguage":"tr"},{"@type":"Organization","@id":"https:\/\/anemontrekking.com\/#organization","name":"Anemon Trekking Spor Kulub\u00fc","url":"https:\/\/anemontrekking.com\/","logo":{"@type":"ImageObject","inLanguage":"tr","@id":"https:\/\/anemontrekking.com\/#\/schema\/logo\/image\/","url":"http:\/\/anemontrekking.com\/wp-content\/uploads\/2021\/02\/47292421_10156386216874652_1517111611498692608_n.jpg","contentUrl":"http:\/\/anemontrekking.com\/wp-content\/uploads\/2021\/02\/47292421_10156386216874652_1517111611498692608_n.jpg","width":960,"height":906,"caption":"Anemon Trekking Spor Kulub\u00fc"},"image":{"@id":"https:\/\/anemontrekking.com\/#\/schema\/logo\/image\/"},"sameAs":["https:\/\/facebook.com\/anemontreking","https:\/\/x.com\/anemon_trekking","https:\/\/www.instagram.com\/anemontreking\/"]}]}},"_links":{"self":[{"href":"https:\/\/anemontrekking.com\/index.php?rest_route=\/wp\/v2\/pages\/390","targetHints":{"allow":["GET"]}}],"collection":[{"href":"https:\/\/anemontrekking.com\/index.php?rest_route=\/wp\/v2\/pages"}],"about":[{"href":"https:\/\/anemontrekking.com\/index.php?rest_route=\/wp\/v2\/types\/page"}],"author":[{"embeddable":true,"href":"https:\/\/anemontrekking.com\/index.php?rest_route=\/wp\/v2\/users\/1"}],"replies":[{"embeddable":true,"href":"https:\/\/anemontrekking.com\/index.php?rest_route=%2Fwp%2Fv2%2Fcomments&post=390"}],"version-history":[{"count":1,"href":"https:\/\/anemontrekking.com\/index.php?rest_route=\/wp\/v2\/pages\/390\/revisions"}],"predecessor-version":[{"id":392,"href":"https:\/\/anemontrekking.com\/index.php?rest_route=\/wp\/v2\/pages\/390\/revisions\/392"}],"wp:attachment":[{"href":"https:\/\/anemontrekking.com\/index.php?rest_route=%2Fwp%2Fv2%2Fmedia&parent=390"}],"curies":[{"name":"wp","href":"https:\/\/api.w.org\/{rel}","templated":true}]}}