{"id":361,"date":"2021-06-07T12:04:51","date_gmt":"2021-06-07T09:04:51","guid":{"rendered":"http:\/\/anemontrekking.com\/?page_id=361"},"modified":"2021-06-07T12:47:50","modified_gmt":"2021-06-07T09:47:50","slug":"ilk-defa-dagcilik-lisansi-cikarma","status":"publish","type":"page","link":"https:\/\/anemontrekking.com\/?page_id=361","title":{"rendered":"\u0130LK DEFA DA\u011eCILIK L\u0130SANSI \u00c7IKARMA"},"content":{"rendered":"\n<p><strong>\u0130lk defa da\u011fc\u0131l\u0131k lisans\u0131 \u00e7\u0131karacaklar \u015fu ad\u0131mlar\u0131 takip etmelidir. <\/strong><\/p>\n\n\n\n<ul class=\"wp-block-list\"><li>Lisans Tescil Formunu <a rel=\"noreferrer noopener\" href=\"http:\/\/anemontrekking.com\/belgeler\/Sporcu-Tescil-Formu.xls\" target=\"_blank\">bu linkten<\/a> indirip EXCEL&#8217;de dolduruyoruz. \u00c7\u0131kt\u0131s\u0131n\u0131 yaz\u0131c\u0131dan al\u0131p imzal\u0131yoruz.<\/li><li><a rel=\"noreferrer noopener\" href=\"https:\/\/www.turkiye.gov.tr\" target=\"_blank\">https:\/\/www.turkiye.gov.tr<\/a> adresine e-devlet \u015fifremiz ile giriyoruz. <\/li><li>Giri\u015f yapt\u0131ktan sonra arama b\u00f6l\u00fcm\u00fcne &#8220;Spor Bilgi Sistemi&#8221; yazarak kar\u015f\u0131m\u0131za \u00e7\u0131kan Spor Bilgi Sistemi Portal\u0131na giriyoruz. <\/li><li>Sa\u011fl\u0131k \u0130\u015flemleri linkine t\u0131k\u0131l\u0131yoruz. <\/li><li>Sa\u011fl\u0131k Raporu Sevk B\u00f6l\u00fcm\u00fcnden sevk talebi olu\u015fturuyoruz ve olu\u015fturdu\u011fumuz randevuya g\u00f6re gidip sa\u011fl\u0131k kurulu\u015fundan sa\u011fl\u0131k raporu al\u0131yoruz.<\/li><li>30 ya\u015f \u00fczerindeki sporcular TDF&#8217;nin a\u015fa\u011f\u0131daki hesab\u0131na 24 TL para yat\u0131r\u0131yor ve dekontunu al\u0131yor. 30 ya\u015f alt\u0131nda iseniz bu b\u00f6l\u00fcm\u00fc pas ge\u00e7iniz. <br><br><strong>Lisans Bedeli Yat\u0131r\u0131lacak Hesap Bilgileri :<\/strong> <br><br>              <strong>Al\u0131c\u0131 :<\/strong> T\u00fcrkiye Da\u011fc\u0131l\u0131k Federasyonu Ba\u015fkanl\u0131\u011f\u0131<br>              <strong>Banka :<\/strong> T\u00fcrkiye Ekonomi Bankas\u0131 (TEB) <br>              <strong>\u015eube :<\/strong> Ulus Ankara \u015eubesi <br>              <strong>IBAN :<\/strong> TR32 0003 2000 0000 0060 7704 27<br>              <strong>A\u00c7IKLAMA :<\/strong> L\u0130SANS V\u0130ZE BEDEL\u0130 (Ad ve Soyad)<br><\/li><li>Lisans Tescil Formu, Sa\u011fl\u0131k Raporu, 3 Adet foto\u011fraf, kimlik fotokopiniz ve banka dekontunuz ile birlikte bulundu\u011funuz ilin Spor Lisans servisine giderek yeni da\u011fc\u0131l\u0131k lisans\u0131n\u0131z\u0131 yetkili ki\u015fiden al\u0131yorsunuz. Tebrikler art\u0131k da\u011fc\u0131l\u0131k lisans\u0131 sahibisiniz. <\/li><\/ul>\n","protected":false},"excerpt":{"rendered":"<div class=\"slide-text-bg2\">\n<h3>\u0130lk defa da\u011fc\u0131l\u0131k lisans\u0131 \u00e7\u0131karacaklar \u015fu ad\u0131mlar\u0131 takip etmelidir. Lisans Tescil Formunu bu linkten indirip EXCEL&#8217;de dolduruyoruz. \u00c7\u0131kt\u0131s\u0131n\u0131 yaz\u0131c\u0131dan al\u0131p<\/h3>\n<\/div>\n<div class=\"flex-btn-div\"><a href=\"https:\/\/anemontrekking.com\/?page_id=361\" class=\"btn1 flex-btn\">Daha fazlas\u0131n\u0131 oku<\/a><\/div>\n","protected":false},"author":1,"featured_media":0,"parent":0,"menu_order":0,"comment_status":"closed","ping_status":"closed","template":"","meta":{"ngg_post_thumbnail":0,"footnotes":""},"class_list":["post-361","page","type-page","status-publish","hentry"],"yoast_head":"<!-- This site is optimized with the Yoast SEO plugin v26.3 - https:\/\/yoast.com\/wordpress\/plugins\/seo\/ -->\n<title>\u0130LK DEFA DA\u011eCILIK L\u0130SANSI \u00c7IKARMA - Anemon Trekking Spor Kulub\u00fc<\/title>\n<meta name=\"robots\" content=\"index, follow, max-snippet:-1, max-image-preview:large, max-video-preview:-1\" \/>\n<link rel=\"canonical\" href=\"https:\/\/anemontrekking.com\/?page_id=361\" \/>\n<meta property=\"og:locale\" content=\"tr_TR\" \/>\n<meta property=\"og:type\" content=\"article\" \/>\n<meta property=\"og:title\" content=\"\u0130LK DEFA DA\u011eCILIK L\u0130SANSI \u00c7IKARMA - Anemon Trekking Spor Kulub\u00fc\" \/>\n<meta property=\"og:description\" content=\"\u0130lk defa da\u011fc\u0131l\u0131k lisans\u0131 \u00e7\u0131karacaklar \u015fu ad\u0131mlar\u0131 takip etmelidir. Lisans Tescil Formunu bu linkten indirip EXCEL&#8217;de dolduruyoruz. \u00c7\u0131kt\u0131s\u0131n\u0131 yaz\u0131c\u0131dan al\u0131pDaha fazlas\u0131n\u0131 oku\" \/>\n<meta property=\"og:url\" content=\"https:\/\/anemontrekking.com\/?page_id=361\" \/>\n<meta property=\"og:site_name\" content=\"Anemon Trekking Spor Kulub\u00fc\" \/>\n<meta property=\"article:publisher\" content=\"https:\/\/facebook.com\/anemontreking\" \/>\n<meta property=\"article:modified_time\" content=\"2021-06-07T09:47:50+00:00\" \/>\n<meta name=\"twitter:card\" content=\"summary_large_image\" \/>\n<meta name=\"twitter:site\" content=\"@anemon_trekking\" \/>\n<meta name=\"twitter:label1\" content=\"Tahmini okuma s\u00fcresi\" \/>\n\t<meta name=\"twitter:data1\" content=\"1 dakika\" \/>\n<script type=\"application\/ld+json\" class=\"yoast-schema-graph\">{\"@context\":\"https:\/\/schema.org\",\"@graph\":[{\"@type\":\"WebPage\",\"@id\":\"https:\/\/anemontrekking.com\/?page_id=361\",\"url\":\"https:\/\/anemontrekking.com\/?page_id=361\",\"name\":\"\u0130LK DEFA DA\u011eCILIK L\u0130SANSI \u00c7IKARMA - Anemon Trekking Spor Kulub\u00fc\",\"isPartOf\":{\"@id\":\"https:\/\/anemontrekking.com\/#website\"},\"datePublished\":\"2021-06-07T09:04:51+00:00\",\"dateModified\":\"2021-06-07T09:47:50+00:00\",\"breadcrumb\":{\"@id\":\"https:\/\/anemontrekking.com\/?page_id=361#breadcrumb\"},\"inLanguage\":\"tr\",\"potentialAction\":[{\"@type\":\"ReadAction\",\"target\":[\"https:\/\/anemontrekking.com\/?page_id=361\"]}]},{\"@type\":\"BreadcrumbList\",\"@id\":\"https:\/\/anemontrekking.com\/?page_id=361#breadcrumb\",\"itemListElement\":[{\"@type\":\"ListItem\",\"position\":1,\"name\":\"Anasayfa\",\"item\":\"https:\/\/anemontrekking.com\/\"},{\"@type\":\"ListItem\",\"position\":2,\"name\":\"\u0130LK DEFA DA\u011eCILIK L\u0130SANSI \u00c7IKARMA\"}]},{\"@type\":\"WebSite\",\"@id\":\"https:\/\/anemontrekking.com\/#website\",\"url\":\"https:\/\/anemontrekking.com\/\",\"name\":\"Anemon Trekking Spor Kulub\u00fc\",\"description\":\"Da\u011fc\u0131l\u0131k, Trekking,Kamp\u00e7\u0131l\u0131k ve Do\u011fa Sporlar\u0131\",\"publisher\":{\"@id\":\"https:\/\/anemontrekking.com\/#organization\"},\"potentialAction\":[{\"@type\":\"SearchAction\",\"target\":{\"@type\":\"EntryPoint\",\"urlTemplate\":\"https:\/\/anemontrekking.com\/?s={search_term_string}\"},\"query-input\":{\"@type\":\"PropertyValueSpecification\",\"valueRequired\":true,\"valueName\":\"search_term_string\"}}],\"inLanguage\":\"tr\"},{\"@type\":\"Organization\",\"@id\":\"https:\/\/anemontrekking.com\/#organization\",\"name\":\"Anemon Trekking Spor Kulub\u00fc\",\"url\":\"https:\/\/anemontrekking.com\/\",\"logo\":{\"@type\":\"ImageObject\",\"inLanguage\":\"tr\",\"@id\":\"https:\/\/anemontrekking.com\/#\/schema\/logo\/image\/\",\"url\":\"http:\/\/anemontrekking.com\/wp-content\/uploads\/2021\/02\/47292421_10156386216874652_1517111611498692608_n.jpg\",\"contentUrl\":\"http:\/\/anemontrekking.com\/wp-content\/uploads\/2021\/02\/47292421_10156386216874652_1517111611498692608_n.jpg\",\"width\":960,\"height\":906,\"caption\":\"Anemon Trekking Spor Kulub\u00fc\"},\"image\":{\"@id\":\"https:\/\/anemontrekking.com\/#\/schema\/logo\/image\/\"},\"sameAs\":[\"https:\/\/facebook.com\/anemontreking\",\"https:\/\/x.com\/anemon_trekking\",\"https:\/\/www.instagram.com\/anemontreking\/\"]}]}<\/script>\n<!-- \/ Yoast SEO plugin. -->","yoast_head_json":{"title":"\u0130LK DEFA DA\u011eCILIK L\u0130SANSI \u00c7IKARMA - Anemon Trekking Spor Kulub\u00fc","robots":{"index":"index","follow":"follow","max-snippet":"max-snippet:-1","max-image-preview":"max-image-preview:large","max-video-preview":"max-video-preview:-1"},"canonical":"https:\/\/anemontrekking.com\/?page_id=361","og_locale":"tr_TR","og_type":"article","og_title":"\u0130LK DEFA DA\u011eCILIK L\u0130SANSI \u00c7IKARMA - Anemon Trekking Spor Kulub\u00fc","og_description":"\u0130lk defa da\u011fc\u0131l\u0131k lisans\u0131 \u00e7\u0131karacaklar \u015fu ad\u0131mlar\u0131 takip etmelidir. Lisans Tescil Formunu bu linkten indirip EXCEL&#8217;de dolduruyoruz. \u00c7\u0131kt\u0131s\u0131n\u0131 yaz\u0131c\u0131dan al\u0131pDaha fazlas\u0131n\u0131 oku","og_url":"https:\/\/anemontrekking.com\/?page_id=361","og_site_name":"Anemon Trekking Spor Kulub\u00fc","article_publisher":"https:\/\/facebook.com\/anemontreking","article_modified_time":"2021-06-07T09:47:50+00:00","twitter_card":"summary_large_image","twitter_site":"@anemon_trekking","twitter_misc":{"Tahmini okuma s\u00fcresi":"1 dakika"},"schema":{"@context":"https:\/\/schema.org","@graph":[{"@type":"WebPage","@id":"https:\/\/anemontrekking.com\/?page_id=361","url":"https:\/\/anemontrekking.com\/?page_id=361","name":"\u0130LK DEFA DA\u011eCILIK L\u0130SANSI \u00c7IKARMA - Anemon Trekking Spor Kulub\u00fc","isPartOf":{"@id":"https:\/\/anemontrekking.com\/#website"},"datePublished":"2021-06-07T09:04:51+00:00","dateModified":"2021-06-07T09:47:50+00:00","breadcrumb":{"@id":"https:\/\/anemontrekking.com\/?page_id=361#breadcrumb"},"inLanguage":"tr","potentialAction":[{"@type":"ReadAction","target":["https:\/\/anemontrekking.com\/?page_id=361"]}]},{"@type":"BreadcrumbList","@id":"https:\/\/anemontrekking.com\/?page_id=361#breadcrumb","itemListElement":[{"@type":"ListItem","position":1,"name":"Anasayfa","item":"https:\/\/anemontrekking.com\/"},{"@type":"ListItem","position":2,"name":"\u0130LK DEFA DA\u011eCILIK L\u0130SANSI \u00c7IKARMA"}]},{"@type":"WebSite","@id":"https:\/\/anemontrekking.com\/#website","url":"https:\/\/anemontrekking.com\/","name":"Anemon Trekking Spor Kulub\u00fc","description":"Da\u011fc\u0131l\u0131k, Trekking,Kamp\u00e7\u0131l\u0131k ve Do\u011fa Sporlar\u0131","publisher":{"@id":"https:\/\/anemontrekking.com\/#organization"},"potentialAction":[{"@type":"SearchAction","target":{"@type":"EntryPoint","urlTemplate":"https:\/\/anemontrekking.com\/?s={search_term_string}"},"query-input":{"@type":"PropertyValueSpecification","valueRequired":true,"valueName":"search_term_string"}}],"inLanguage":"tr"},{"@type":"Organization","@id":"https:\/\/anemontrekking.com\/#organization","name":"Anemon Trekking Spor Kulub\u00fc","url":"https:\/\/anemontrekking.com\/","logo":{"@type":"ImageObject","inLanguage":"tr","@id":"https:\/\/anemontrekking.com\/#\/schema\/logo\/image\/","url":"http:\/\/anemontrekking.com\/wp-content\/uploads\/2021\/02\/47292421_10156386216874652_1517111611498692608_n.jpg","contentUrl":"http:\/\/anemontrekking.com\/wp-content\/uploads\/2021\/02\/47292421_10156386216874652_1517111611498692608_n.jpg","width":960,"height":906,"caption":"Anemon Trekking Spor Kulub\u00fc"},"image":{"@id":"https:\/\/anemontrekking.com\/#\/schema\/logo\/image\/"},"sameAs":["https:\/\/facebook.com\/anemontreking","https:\/\/x.com\/anemon_trekking","https:\/\/www.instagram.com\/anemontreking\/"]}]}},"_links":{"self":[{"href":"https:\/\/anemontrekking.com\/index.php?rest_route=\/wp\/v2\/pages\/361","targetHints":{"allow":["GET"]}}],"collection":[{"href":"https:\/\/anemontrekking.com\/index.php?rest_route=\/wp\/v2\/pages"}],"about":[{"href":"https:\/\/anemontrekking.com\/index.php?rest_route=\/wp\/v2\/types\/page"}],"author":[{"embeddable":true,"href":"https:\/\/anemontrekking.com\/index.php?rest_route=\/wp\/v2\/users\/1"}],"replies":[{"embeddable":true,"href":"https:\/\/anemontrekking.com\/index.php?rest_route=%2Fwp%2Fv2%2Fcomments&post=361"}],"version-history":[{"count":4,"href":"https:\/\/anemontrekking.com\/index.php?rest_route=\/wp\/v2\/pages\/361\/revisions"}],"predecessor-version":[{"id":374,"href":"https:\/\/anemontrekking.com\/index.php?rest_route=\/wp\/v2\/pages\/361\/revisions\/374"}],"wp:attachment":[{"href":"https:\/\/anemontrekking.com\/index.php?rest_route=%2Fwp%2Fv2%2Fmedia&parent=361"}],"curies":[{"name":"wp","href":"https:\/\/api.w.org\/{rel}","templated":true}]}}