{"id":357,"date":"2021-06-07T06:19:59","date_gmt":"2021-06-07T03:19:59","guid":{"rendered":"http:\/\/anemontrekking.com\/?page_id=357"},"modified":"2021-06-14T06:39:29","modified_gmt":"2021-06-14T03:39:29","slug":"bozdag-zirve-turu-12-haziran-2021","status":"publish","type":"page","link":"https:\/\/anemontrekking.com\/?page_id=357","title":{"rendered":"Bozda\u011f Zirve Turu (19 Haziran 2021)"},"content":{"rendered":"\n<figure class=\"wp-block-image size-large\"><img loading=\"lazy\" decoding=\"async\" width=\"896\" height=\"676\" src=\"http:\/\/anemontrekking.com\/wp-content\/uploads\/2021\/06\/odemis-bozdag.jpg\" alt=\"\u00d6demi\u015f Bpzda\u011f\" class=\"wp-image-387\" srcset=\"https:\/\/anemontrekking.com\/wp-content\/uploads\/2021\/06\/odemis-bozdag.jpg 896w, https:\/\/anemontrekking.com\/wp-content\/uploads\/2021\/06\/odemis-bozdag-300x226.jpg 300w, https:\/\/anemontrekking.com\/wp-content\/uploads\/2021\/06\/odemis-bozdag-768x579.jpg 768w\" sizes=\"auto, (max-width: 896px) 100vw, 896px\" \/><\/figure>\n\n\n\n<p>\u00d6demi\u015f Bozda\u011f\u2019da planlanan rotadan 14 kmlik da\u011f y\u00fcr\u00fcy\u00fc\u015f\u00fc yap\u0131lacakt\u0131r. Toplam irtifa 950 metre olup orta zorlukta bir parkurdur. S\u0131ras\u0131yla planlanan rotadan 2150 Rak\u0131ml\u0131 Bozda\u011f Zirve ve 2120 rak\u0131ml\u0131 Sayg\u0131 Tepeye \u00e7\u0131k\u0131lacakt\u0131r. G\u00fcncel vizeli da\u011fc\u0131l\u0131k lisans\u0131 olan arkada\u015flar\u0131m\u0131z faaliyetimize kat\u0131labilir. Hava muhalefeti olmas\u0131 durumunda faaliyet uygun bir g\u00fcne ertelenecektir.<\/p>\n\n\n\n<p><strong>Program :<\/strong><\/p>\n\n\n\n<p>19 Haziran 2021 Cumartesi<\/p>\n\n\n\n<p>Saat 06:30 Manisa&#8217;dan hareket<\/p>\n\n\n\n<p>Saat 07:15 Sart K\u00f6y\u00fcnde kahvalt\u0131<\/p>\n\n\n\n<p>Saat 07:45 Faaliyet ba\u015flang\u0131c\u0131na hareket<\/p>\n\n\n\n<p>Saat 08:30 T\u0131rman\u0131\u015fa ba\u015flama<\/p>\n\n\n\n<p>Saat 17:30 Faaliyet biti\u015fi ve d\u00f6n\u00fc\u015f<\/p>\n\n\n\n<p><strong>Gerekli Malzemeler :<\/strong><\/p>\n\n\n\n<p>S\u0131rt \u00c7antas\u0131, At\u0131\u015ft\u0131rmal\u0131k Yiyecek ve \u0130\u00e7ecekler, 2 Litre Su<\/p>\n\n\n\n<p><br><br><strong>KAYIT ve B\u0130LG\u0130 \u0130\u00c7\u0130N :<\/strong><br><br>Anemon Trekking Whatsap Hatt\u0131 : 0-850-303 91 11<br><\/p>\n\n\n\n<p>Anemon Trekking Whatsap Duyuru Gurubuna \u00fcye olarak bundan sonraki etkinliklerimizden haberdar olmak i\u00e7in <a href=\"https:\/\/chat.whatsapp.com\/EstLmUsfztaBqgDSmO8fPZ\">https<\/a><a href=\"https:\/\/chat.whatsapp.com\/EstLmUsfztaBqgDSmO8fPZ\">:\/\/<\/a><a href=\"https:\/\/chat.whatsapp.com\/EstLmUsfztaBqgDSmO8fPZ\">chat.whatsapp.com\/EstLmUsfztaBqgDSmO8fPZ<\/a> linkinden abone olabilirsiniz.<\/p>\n","protected":false},"excerpt":{"rendered":"<div class=\"slide-text-bg2\">\n<h3>\u00d6demi\u015f Bozda\u011f\u2019da planlanan rotadan 14 kmlik da\u011f y\u00fcr\u00fcy\u00fc\u015f\u00fc yap\u0131lacakt\u0131r. Toplam irtifa 950 metre olup orta zorlukta bir parkurdur. S\u0131ras\u0131yla planlanan<\/h3>\n<\/div>\n<div class=\"flex-btn-div\"><a href=\"https:\/\/anemontrekking.com\/?page_id=357\" class=\"btn1 flex-btn\">Daha fazlas\u0131n\u0131 oku<\/a><\/div>\n","protected":false},"author":1,"featured_media":0,"parent":0,"menu_order":0,"comment_status":"closed","ping_status":"closed","template":"","meta":{"ngg_post_thumbnail":0,"footnotes":""},"class_list":["post-357","page","type-page","status-publish","hentry"],"yoast_head":"<!-- This site is optimized with the Yoast SEO plugin v26.3 - https:\/\/yoast.com\/wordpress\/plugins\/seo\/ -->\n<title>Bozda\u011f Zirve Turu (19 Haziran 2021) - Anemon Trekking Spor Kulub\u00fc<\/title>\n<meta name=\"robots\" content=\"index, follow, max-snippet:-1, max-image-preview:large, max-video-preview:-1\" \/>\n<link rel=\"canonical\" href=\"https:\/\/anemontrekking.com\/?page_id=357\" \/>\n<meta property=\"og:locale\" content=\"tr_TR\" \/>\n<meta property=\"og:type\" content=\"article\" \/>\n<meta property=\"og:title\" content=\"Bozda\u011f Zirve Turu (19 Haziran 2021) - Anemon Trekking Spor Kulub\u00fc\" \/>\n<meta property=\"og:description\" content=\"\u00d6demi\u015f Bozda\u011f\u2019da planlanan rotadan 14 kmlik da\u011f y\u00fcr\u00fcy\u00fc\u015f\u00fc yap\u0131lacakt\u0131r. Toplam irtifa 950 metre olup orta zorlukta bir parkurdur. S\u0131ras\u0131yla planlananDaha fazlas\u0131n\u0131 oku\" \/>\n<meta property=\"og:url\" content=\"https:\/\/anemontrekking.com\/?page_id=357\" \/>\n<meta property=\"og:site_name\" content=\"Anemon Trekking Spor Kulub\u00fc\" \/>\n<meta property=\"article:publisher\" content=\"https:\/\/facebook.com\/anemontreking\" \/>\n<meta property=\"article:modified_time\" content=\"2021-06-14T03:39:29+00:00\" \/>\n<meta property=\"og:image\" content=\"http:\/\/anemontrekking.com\/wp-content\/uploads\/2021\/06\/odemis-bozdag.jpg\" \/>\n<meta name=\"twitter:card\" content=\"summary_large_image\" \/>\n<meta name=\"twitter:site\" content=\"@anemon_trekking\" \/>\n<meta name=\"twitter:label1\" content=\"Tahmini okuma s\u00fcresi\" \/>\n\t<meta name=\"twitter:data1\" content=\"1 dakika\" \/>\n<script type=\"application\/ld+json\" class=\"yoast-schema-graph\">{\"@context\":\"https:\/\/schema.org\",\"@graph\":[{\"@type\":\"WebPage\",\"@id\":\"https:\/\/anemontrekking.com\/?page_id=357\",\"url\":\"https:\/\/anemontrekking.com\/?page_id=357\",\"name\":\"Bozda\u011f Zirve Turu (19 Haziran 2021) - Anemon Trekking Spor Kulub\u00fc\",\"isPartOf\":{\"@id\":\"https:\/\/anemontrekking.com\/#website\"},\"primaryImageOfPage\":{\"@id\":\"https:\/\/anemontrekking.com\/?page_id=357#primaryimage\"},\"image\":{\"@id\":\"https:\/\/anemontrekking.com\/?page_id=357#primaryimage\"},\"thumbnailUrl\":\"http:\/\/anemontrekking.com\/wp-content\/uploads\/2021\/06\/odemis-bozdag.jpg\",\"datePublished\":\"2021-06-07T03:19:59+00:00\",\"dateModified\":\"2021-06-14T03:39:29+00:00\",\"breadcrumb\":{\"@id\":\"https:\/\/anemontrekking.com\/?page_id=357#breadcrumb\"},\"inLanguage\":\"tr\",\"potentialAction\":[{\"@type\":\"ReadAction\",\"target\":[\"https:\/\/anemontrekking.com\/?page_id=357\"]}]},{\"@type\":\"ImageObject\",\"inLanguage\":\"tr\",\"@id\":\"https:\/\/anemontrekking.com\/?page_id=357#primaryimage\",\"url\":\"https:\/\/anemontrekking.com\/wp-content\/uploads\/2021\/06\/odemis-bozdag.jpg\",\"contentUrl\":\"https:\/\/anemontrekking.com\/wp-content\/uploads\/2021\/06\/odemis-bozdag.jpg\",\"width\":896,\"height\":676,\"caption\":\"\u00d6demi\u015f Bpzda\u011f\"},{\"@type\":\"BreadcrumbList\",\"@id\":\"https:\/\/anemontrekking.com\/?page_id=357#breadcrumb\",\"itemListElement\":[{\"@type\":\"ListItem\",\"position\":1,\"name\":\"Anasayfa\",\"item\":\"https:\/\/anemontrekking.com\/\"},{\"@type\":\"ListItem\",\"position\":2,\"name\":\"Bozda\u011f Zirve Turu (19 Haziran 2021)\"}]},{\"@type\":\"WebSite\",\"@id\":\"https:\/\/anemontrekking.com\/#website\",\"url\":\"https:\/\/anemontrekking.com\/\",\"name\":\"Anemon Trekking Spor Kulub\u00fc\",\"description\":\"Da\u011fc\u0131l\u0131k, Trekking,Kamp\u00e7\u0131l\u0131k ve Do\u011fa Sporlar\u0131\",\"publisher\":{\"@id\":\"https:\/\/anemontrekking.com\/#organization\"},\"potentialAction\":[{\"@type\":\"SearchAction\",\"target\":{\"@type\":\"EntryPoint\",\"urlTemplate\":\"https:\/\/anemontrekking.com\/?s={search_term_string}\"},\"query-input\":{\"@type\":\"PropertyValueSpecification\",\"valueRequired\":true,\"valueName\":\"search_term_string\"}}],\"inLanguage\":\"tr\"},{\"@type\":\"Organization\",\"@id\":\"https:\/\/anemontrekking.com\/#organization\",\"name\":\"Anemon Trekking Spor Kulub\u00fc\",\"url\":\"https:\/\/anemontrekking.com\/\",\"logo\":{\"@type\":\"ImageObject\",\"inLanguage\":\"tr\",\"@id\":\"https:\/\/anemontrekking.com\/#\/schema\/logo\/image\/\",\"url\":\"http:\/\/anemontrekking.com\/wp-content\/uploads\/2021\/02\/47292421_10156386216874652_1517111611498692608_n.jpg\",\"contentUrl\":\"http:\/\/anemontrekking.com\/wp-content\/uploads\/2021\/02\/47292421_10156386216874652_1517111611498692608_n.jpg\",\"width\":960,\"height\":906,\"caption\":\"Anemon Trekking Spor Kulub\u00fc\"},\"image\":{\"@id\":\"https:\/\/anemontrekking.com\/#\/schema\/logo\/image\/\"},\"sameAs\":[\"https:\/\/facebook.com\/anemontreking\",\"https:\/\/x.com\/anemon_trekking\",\"https:\/\/www.instagram.com\/anemontreking\/\"]}]}<\/script>\n<!-- \/ Yoast SEO plugin. -->","yoast_head_json":{"title":"Bozda\u011f Zirve Turu (19 Haziran 2021) - Anemon Trekking Spor Kulub\u00fc","robots":{"index":"index","follow":"follow","max-snippet":"max-snippet:-1","max-image-preview":"max-image-preview:large","max-video-preview":"max-video-preview:-1"},"canonical":"https:\/\/anemontrekking.com\/?page_id=357","og_locale":"tr_TR","og_type":"article","og_title":"Bozda\u011f Zirve Turu (19 Haziran 2021) - Anemon Trekking Spor Kulub\u00fc","og_description":"\u00d6demi\u015f Bozda\u011f\u2019da planlanan rotadan 14 kmlik da\u011f y\u00fcr\u00fcy\u00fc\u015f\u00fc yap\u0131lacakt\u0131r. Toplam irtifa 950 metre olup orta zorlukta bir parkurdur. S\u0131ras\u0131yla planlananDaha fazlas\u0131n\u0131 oku","og_url":"https:\/\/anemontrekking.com\/?page_id=357","og_site_name":"Anemon Trekking Spor Kulub\u00fc","article_publisher":"https:\/\/facebook.com\/anemontreking","article_modified_time":"2021-06-14T03:39:29+00:00","og_image":[{"url":"http:\/\/anemontrekking.com\/wp-content\/uploads\/2021\/06\/odemis-bozdag.jpg","type":"","width":"","height":""}],"twitter_card":"summary_large_image","twitter_site":"@anemon_trekking","twitter_misc":{"Tahmini okuma s\u00fcresi":"1 dakika"},"schema":{"@context":"https:\/\/schema.org","@graph":[{"@type":"WebPage","@id":"https:\/\/anemontrekking.com\/?page_id=357","url":"https:\/\/anemontrekking.com\/?page_id=357","name":"Bozda\u011f Zirve Turu (19 Haziran 2021) - Anemon Trekking Spor Kulub\u00fc","isPartOf":{"@id":"https:\/\/anemontrekking.com\/#website"},"primaryImageOfPage":{"@id":"https:\/\/anemontrekking.com\/?page_id=357#primaryimage"},"image":{"@id":"https:\/\/anemontrekking.com\/?page_id=357#primaryimage"},"thumbnailUrl":"http:\/\/anemontrekking.com\/wp-content\/uploads\/2021\/06\/odemis-bozdag.jpg","datePublished":"2021-06-07T03:19:59+00:00","dateModified":"2021-06-14T03:39:29+00:00","breadcrumb":{"@id":"https:\/\/anemontrekking.com\/?page_id=357#breadcrumb"},"inLanguage":"tr","potentialAction":[{"@type":"ReadAction","target":["https:\/\/anemontrekking.com\/?page_id=357"]}]},{"@type":"ImageObject","inLanguage":"tr","@id":"https:\/\/anemontrekking.com\/?page_id=357#primaryimage","url":"https:\/\/anemontrekking.com\/wp-content\/uploads\/2021\/06\/odemis-bozdag.jpg","contentUrl":"https:\/\/anemontrekking.com\/wp-content\/uploads\/2021\/06\/odemis-bozdag.jpg","width":896,"height":676,"caption":"\u00d6demi\u015f Bpzda\u011f"},{"@type":"BreadcrumbList","@id":"https:\/\/anemontrekking.com\/?page_id=357#breadcrumb","itemListElement":[{"@type":"ListItem","position":1,"name":"Anasayfa","item":"https:\/\/anemontrekking.com\/"},{"@type":"ListItem","position":2,"name":"Bozda\u011f Zirve Turu (19 Haziran 2021)"}]},{"@type":"WebSite","@id":"https:\/\/anemontrekking.com\/#website","url":"https:\/\/anemontrekking.com\/","name":"Anemon Trekking Spor Kulub\u00fc","description":"Da\u011fc\u0131l\u0131k, Trekking,Kamp\u00e7\u0131l\u0131k ve Do\u011fa Sporlar\u0131","publisher":{"@id":"https:\/\/anemontrekking.com\/#organization"},"potentialAction":[{"@type":"SearchAction","target":{"@type":"EntryPoint","urlTemplate":"https:\/\/anemontrekking.com\/?s={search_term_string}"},"query-input":{"@type":"PropertyValueSpecification","valueRequired":true,"valueName":"search_term_string"}}],"inLanguage":"tr"},{"@type":"Organization","@id":"https:\/\/anemontrekking.com\/#organization","name":"Anemon Trekking Spor Kulub\u00fc","url":"https:\/\/anemontrekking.com\/","logo":{"@type":"ImageObject","inLanguage":"tr","@id":"https:\/\/anemontrekking.com\/#\/schema\/logo\/image\/","url":"http:\/\/anemontrekking.com\/wp-content\/uploads\/2021\/02\/47292421_10156386216874652_1517111611498692608_n.jpg","contentUrl":"http:\/\/anemontrekking.com\/wp-content\/uploads\/2021\/02\/47292421_10156386216874652_1517111611498692608_n.jpg","width":960,"height":906,"caption":"Anemon Trekking Spor Kulub\u00fc"},"image":{"@id":"https:\/\/anemontrekking.com\/#\/schema\/logo\/image\/"},"sameAs":["https:\/\/facebook.com\/anemontreking","https:\/\/x.com\/anemon_trekking","https:\/\/www.instagram.com\/anemontreking\/"]}]}},"_links":{"self":[{"href":"https:\/\/anemontrekking.com\/index.php?rest_route=\/wp\/v2\/pages\/357","targetHints":{"allow":["GET"]}}],"collection":[{"href":"https:\/\/anemontrekking.com\/index.php?rest_route=\/wp\/v2\/pages"}],"about":[{"href":"https:\/\/anemontrekking.com\/index.php?rest_route=\/wp\/v2\/types\/page"}],"author":[{"embeddable":true,"href":"https:\/\/anemontrekking.com\/index.php?rest_route=\/wp\/v2\/users\/1"}],"replies":[{"embeddable":true,"href":"https:\/\/anemontrekking.com\/index.php?rest_route=%2Fwp%2Fv2%2Fcomments&post=357"}],"version-history":[{"count":2,"href":"https:\/\/anemontrekking.com\/index.php?rest_route=\/wp\/v2\/pages\/357\/revisions"}],"predecessor-version":[{"id":388,"href":"https:\/\/anemontrekking.com\/index.php?rest_route=\/wp\/v2\/pages\/357\/revisions\/388"}],"wp:attachment":[{"href":"https:\/\/anemontrekking.com\/index.php?rest_route=%2Fwp%2Fv2%2Fmedia&parent=357"}],"curies":[{"name":"wp","href":"https:\/\/api.w.org\/{rel}","templated":true}]}}