{"id":3413,"date":"2025-08-27T10:25:48","date_gmt":"2025-08-27T07:25:48","guid":{"rendered":"https:\/\/anemontrekking.com\/?page_id=3413"},"modified":"2025-08-27T10:34:09","modified_gmt":"2025-08-27T07:34:09","slug":"sekiz-eylul-sehitlikten-zirveye-ferdi-zeyrek-anma-tirmanisi","status":"publish","type":"page","link":"https:\/\/anemontrekking.com\/?page_id=3413","title":{"rendered":"SEK\u0130Z EYL\u00dcL \u015eEH\u0130TL\u0130KTEN Z\u0130RVEYE FERD\u0130 ZEYREK ANMA TIRMANI\u015eI"},"content":{"rendered":"\n<figure class=\"wp-block-image size-large\"><img loading=\"lazy\" decoding=\"async\" width=\"1024\" height=\"576\" src=\"https:\/\/anemontrekking.com\/wp-content\/uploads\/2025\/08\/ferdi-zeyrekin-olumuyle-ilgili-flas-gelisme-022716-20250615-1024x576.webp\" alt=\"\" class=\"wp-image-3415\" srcset=\"https:\/\/anemontrekking.com\/wp-content\/uploads\/2025\/08\/ferdi-zeyrekin-olumuyle-ilgili-flas-gelisme-022716-20250615-1024x576.webp 1024w, https:\/\/anemontrekking.com\/wp-content\/uploads\/2025\/08\/ferdi-zeyrekin-olumuyle-ilgili-flas-gelisme-022716-20250615-300x169.webp 300w, https:\/\/anemontrekking.com\/wp-content\/uploads\/2025\/08\/ferdi-zeyrekin-olumuyle-ilgili-flas-gelisme-022716-20250615-768x432.webp 768w, https:\/\/anemontrekking.com\/wp-content\/uploads\/2025\/08\/ferdi-zeyrekin-olumuyle-ilgili-flas-gelisme-022716-20250615.webp 1200w\" sizes=\"auto, (max-width: 1024px) 100vw, 1024px\" \/><\/figure>\n\n\n\n<p class=\"has-text-align-center\"><strong>SEK\u0130Z EYL\u00dcL \u015eEH\u0130TL\u0130KTEN Z\u0130RVEYE FERD\u0130 ZEYREK ANMA TIRMANI\u015eI<\/strong><\/p>\n\n\n\n<div class=\"wp-block-columns is-layout-flex wp-container-core-columns-is-layout-9d6595d7 wp-block-columns-is-layout-flex\">\n<div class=\"wp-block-column is-layout-flow wp-block-column-is-layout-flow\">\n<figure class=\"wp-block-image size-large\"><img loading=\"lazy\" decoding=\"async\" width=\"1024\" height=\"768\" src=\"https:\/\/anemontrekking.com\/wp-content\/uploads\/2025\/08\/493746983_10161981522324652_4923830907666316527_n-1024x768.jpg\" alt=\"\" class=\"wp-image-3417\" srcset=\"https:\/\/anemontrekking.com\/wp-content\/uploads\/2025\/08\/493746983_10161981522324652_4923830907666316527_n-1024x768.jpg 1024w, https:\/\/anemontrekking.com\/wp-content\/uploads\/2025\/08\/493746983_10161981522324652_4923830907666316527_n-300x225.jpg 300w, https:\/\/anemontrekking.com\/wp-content\/uploads\/2025\/08\/493746983_10161981522324652_4923830907666316527_n-768x576.jpg 768w, https:\/\/anemontrekking.com\/wp-content\/uploads\/2025\/08\/493746983_10161981522324652_4923830907666316527_n-1536x1152.jpg 1536w, https:\/\/anemontrekking.com\/wp-content\/uploads\/2025\/08\/493746983_10161981522324652_4923830907666316527_n.jpg 2048w\" sizes=\"auto, (max-width: 1024px) 100vw, 1024px\" \/><\/figure>\n<\/div>\n\n\n\n<div class=\"wp-block-column is-layout-flow wp-block-column-is-layout-flow\">\n<figure class=\"wp-block-image size-large\"><img loading=\"lazy\" decoding=\"async\" width=\"1024\" height=\"768\" src=\"https:\/\/anemontrekking.com\/wp-content\/uploads\/2025\/08\/492422844_10161983370349652_6576514532321265232_n-1024x768.jpg\" alt=\"\" class=\"wp-image-3419\" srcset=\"https:\/\/anemontrekking.com\/wp-content\/uploads\/2025\/08\/492422844_10161983370349652_6576514532321265232_n-1024x768.jpg 1024w, https:\/\/anemontrekking.com\/wp-content\/uploads\/2025\/08\/492422844_10161983370349652_6576514532321265232_n-300x225.jpg 300w, https:\/\/anemontrekking.com\/wp-content\/uploads\/2025\/08\/492422844_10161983370349652_6576514532321265232_n-768x576.jpg 768w, https:\/\/anemontrekking.com\/wp-content\/uploads\/2025\/08\/492422844_10161983370349652_6576514532321265232_n-1536x1152.jpg 1536w, https:\/\/anemontrekking.com\/wp-content\/uploads\/2025\/08\/492422844_10161983370349652_6576514532321265232_n.jpg 2048w\" sizes=\"auto, (max-width: 1024px) 100vw, 1024px\" \/><\/figure>\n<\/div>\n\n\n\n<div class=\"wp-block-column is-layout-flow wp-block-column-is-layout-flow\">\n<figure class=\"wp-block-image size-large\"><img loading=\"lazy\" decoding=\"async\" width=\"1024\" height=\"768\" src=\"https:\/\/anemontrekking.com\/wp-content\/uploads\/2025\/08\/492526857_10161983373554652_1723340946908122563_n-1024x768.jpg\" alt=\"\" class=\"wp-image-3420\" srcset=\"https:\/\/anemontrekking.com\/wp-content\/uploads\/2025\/08\/492526857_10161983373554652_1723340946908122563_n-1024x768.jpg 1024w, https:\/\/anemontrekking.com\/wp-content\/uploads\/2025\/08\/492526857_10161983373554652_1723340946908122563_n-300x225.jpg 300w, https:\/\/anemontrekking.com\/wp-content\/uploads\/2025\/08\/492526857_10161983373554652_1723340946908122563_n-768x576.jpg 768w, https:\/\/anemontrekking.com\/wp-content\/uploads\/2025\/08\/492526857_10161983373554652_1723340946908122563_n-1536x1152.jpg 1536w, https:\/\/anemontrekking.com\/wp-content\/uploads\/2025\/08\/492526857_10161983373554652_1723340946908122563_n.jpg 2048w\" sizes=\"auto, (max-width: 1024px) 100vw, 1024px\" \/><\/figure>\n<\/div>\n<\/div>\n\n\n\n<p>Manisa&#8217;n\u0131n kurtulu\u015funun 103. Y\u0131l D\u00f6n\u00fcm\u00fcnde SEK\u0130Z EYL\u00dcL PAZARTES\u0130 g\u00fcn\u00fc saat 08:00&#8217;de Manisa \u015eehitli\u011finden ba\u015flayarak ilk \u00f6nce \u015eehit mezarlar\u0131ndan bir avu\u00e7 toprak alaca\u011f\u0131z, daha sonra Merhum Manisa Tarzan\u0131 Ahmet Bedevinin kabrinden bir avu\u00e7 toprak alaca\u011f\u0131z. 9 Haziran 2025 tarihinde vefaat eden merhum Manisa B\u00fcy\u00fck\u015fehir Belediyesi Ba\u015fkan\u0131 Ferdi Zeyrek kabrinden bir avu\u00e7 toprak ald\u0131ktan sonra Manisa Falezleri, Karakaya Teraslar\u0131, Armutsuyu, Spil \u00d6nduvar Klasik Rotadan TURAN TEPE&#8217;ye \u00e7\u0131kaca\u011f\u0131z. Bayrak Tepe&#8217;de getirdi\u011fimiz TOPRAKLARI zirveye serpip seremoni yaparak faaliyetimizi sonland\u0131raca\u011f\u0131z. Manisa B\u00fcy\u00fck\u015fehir Belediyesinin haz\u0131rlam\u0131\u015f oldu\u011fu kumanyalar\u0131 yedikten sonra B\u00fcy\u00fck\u015fehir Belediyesinin tahsis etti\u011fi ara\u00e7lar ile \u015fehir merkezine inerek faaliyetmizi sonland\u0131raca\u011f\u0131z. \u015eehitlerimizin ruhu \u015fad olsun. <\/p>\n\n\n\n<p><strong>PROGRAM :<\/strong><\/p>\n\n\n\n<p><strong>8 Eyl\u00fcl 2025  PAZARTES\u0130 <\/strong><br> <strong>07:30<\/strong> Manisa Valili\u011fi \u00f6n\u00fcnde toplanma<br> <strong>07:45 <\/strong>\u015eehitli\u011fe Y\u00fcr\u00fcyerek ula\u015fma<br> <strong>08:00 <\/strong>Manisa \u015eehitli\u011finden, Manisa Tarzan\u0131 Ahmet Bedevinin Mezar\u0131ndan, Merhum Ferdi Zeyrek Mezar\u0131ndan toprak alma t\u00f6reni <br> <strong>08:30 <\/strong>\u015eehitlikten ba\u015flayarak Falezler, Karakaya Teraslar\u0131, Armutsuyu, Spil \u00d6nduvar Klasik Rotadan zirveye hareket <br> <strong>12:30 <\/strong>Tahmini Zirveye var\u0131\u015f ve seremoni <br> <strong>14:00 <\/strong>Faaliyeti sonland\u0131rma ve ara\u00e7larla d\u00f6n\u00fc\u015f <\/p>\n\n\n\n<p><\/p>\n\n\n\n<p>\u2139\ufe0f B\u0130LG\u0130 VE REZERVASYON<br>\u27a1\ufe0f Anemon Trekking Whatsapp Hatt\u0131<br>\u260e\ufe0f 0(850) 303 91 11<\/p>\n\n\n\n<p><strong>KAYIT ve B\u0130LG\u0130 \u0130\u00c7\u0130N :<\/strong><br>Anemon Trekking Whatsap Hatt\u0131 : 0-850-303 91 11 numaral\u0131 telefondan irtibata ge\u00e7ebilirsiniz.<\/p>\n\n\n\n<p><strong>NOT :<\/strong><br>Programda de\u011fi\u015fiklikler ve sarkmalar olabilir. Faaliyet esnas\u0131nda parkurda ayarlama yap\u0131labilir.<\/p>\n\n\n\n<p><\/p>\n","protected":false},"excerpt":{"rendered":"<div class=\"slide-text-bg2\">\n<h3>SEK\u0130Z EYL\u00dcL \u015eEH\u0130TL\u0130KTEN Z\u0130RVEYE FERD\u0130 ZEYREK ANMA TIRMANI\u015eI Manisa&#8217;n\u0131n kurtulu\u015funun 103. Y\u0131l D\u00f6n\u00fcm\u00fcnde SEK\u0130Z EYL\u00dcL PAZARTES\u0130 g\u00fcn\u00fc saat 08:00&#8217;de Manisa<\/h3>\n<\/div>\n<div class=\"flex-btn-div\"><a href=\"https:\/\/anemontrekking.com\/?page_id=3413\" class=\"btn1 flex-btn\">Daha fazlas\u0131n\u0131 oku<\/a><\/div>\n","protected":false},"author":1,"featured_media":0,"parent":0,"menu_order":0,"comment_status":"closed","ping_status":"closed","template":"","meta":{"ngg_post_thumbnail":0,"footnotes":""},"class_list":["post-3413","page","type-page","status-publish","hentry"],"yoast_head":"<!-- This site is optimized with the Yoast SEO plugin v26.3 - https:\/\/yoast.com\/wordpress\/plugins\/seo\/ -->\n<title>SEK\u0130Z EYL\u00dcL \u015eEH\u0130TL\u0130KTEN Z\u0130RVEYE FERD\u0130 ZEYREK ANMA TIRMANI\u015eI - Anemon Trekking Spor Kulub\u00fc<\/title>\n<meta name=\"robots\" content=\"index, follow, max-snippet:-1, max-image-preview:large, max-video-preview:-1\" \/>\n<link rel=\"canonical\" href=\"https:\/\/anemontrekking.com\/?page_id=3413\" \/>\n<meta property=\"og:locale\" content=\"tr_TR\" \/>\n<meta property=\"og:type\" content=\"article\" \/>\n<meta property=\"og:title\" content=\"SEK\u0130Z EYL\u00dcL \u015eEH\u0130TL\u0130KTEN Z\u0130RVEYE FERD\u0130 ZEYREK ANMA TIRMANI\u015eI - Anemon Trekking Spor Kulub\u00fc\" \/>\n<meta property=\"og:description\" content=\"SEK\u0130Z EYL\u00dcL \u015eEH\u0130TL\u0130KTEN Z\u0130RVEYE FERD\u0130 ZEYREK ANMA TIRMANI\u015eI Manisa&#8217;n\u0131n kurtulu\u015funun 103. Y\u0131l D\u00f6n\u00fcm\u00fcnde SEK\u0130Z EYL\u00dcL PAZARTES\u0130 g\u00fcn\u00fc saat 08:00&#8217;de ManisaDaha fazlas\u0131n\u0131 oku\" \/>\n<meta property=\"og:url\" content=\"https:\/\/anemontrekking.com\/?page_id=3413\" \/>\n<meta property=\"og:site_name\" content=\"Anemon Trekking Spor Kulub\u00fc\" \/>\n<meta property=\"article:publisher\" content=\"https:\/\/facebook.com\/anemontreking\" \/>\n<meta property=\"article:modified_time\" content=\"2025-08-27T07:34:09+00:00\" \/>\n<meta property=\"og:image\" content=\"https:\/\/anemontrekking.com\/wp-content\/uploads\/2025\/08\/ferdi-zeyrekin-olumuyle-ilgili-flas-gelisme-022716-20250615.webp\" \/>\n\t<meta property=\"og:image:width\" content=\"1200\" \/>\n\t<meta property=\"og:image:height\" content=\"675\" \/>\n\t<meta property=\"og:image:type\" content=\"image\/webp\" \/>\n<meta name=\"twitter:card\" content=\"summary_large_image\" \/>\n<meta name=\"twitter:site\" content=\"@anemon_trekking\" \/>\n<meta name=\"twitter:label1\" content=\"Tahmini okuma s\u00fcresi\" \/>\n\t<meta name=\"twitter:data1\" content=\"3 dakika\" \/>\n<script type=\"application\/ld+json\" class=\"yoast-schema-graph\">{\"@context\":\"https:\/\/schema.org\",\"@graph\":[{\"@type\":\"WebPage\",\"@id\":\"https:\/\/anemontrekking.com\/?page_id=3413\",\"url\":\"https:\/\/anemontrekking.com\/?page_id=3413\",\"name\":\"SEK\u0130Z EYL\u00dcL \u015eEH\u0130TL\u0130KTEN Z\u0130RVEYE FERD\u0130 ZEYREK ANMA TIRMANI\u015eI - Anemon Trekking Spor Kulub\u00fc\",\"isPartOf\":{\"@id\":\"https:\/\/anemontrekking.com\/#website\"},\"primaryImageOfPage\":{\"@id\":\"https:\/\/anemontrekking.com\/?page_id=3413#primaryimage\"},\"image\":{\"@id\":\"https:\/\/anemontrekking.com\/?page_id=3413#primaryimage\"},\"thumbnailUrl\":\"https:\/\/anemontrekking.com\/wp-content\/uploads\/2025\/08\/ferdi-zeyrekin-olumuyle-ilgili-flas-gelisme-022716-20250615-1024x576.webp\",\"datePublished\":\"2025-08-27T07:25:48+00:00\",\"dateModified\":\"2025-08-27T07:34:09+00:00\",\"breadcrumb\":{\"@id\":\"https:\/\/anemontrekking.com\/?page_id=3413#breadcrumb\"},\"inLanguage\":\"tr\",\"potentialAction\":[{\"@type\":\"ReadAction\",\"target\":[\"https:\/\/anemontrekking.com\/?page_id=3413\"]}]},{\"@type\":\"ImageObject\",\"inLanguage\":\"tr\",\"@id\":\"https:\/\/anemontrekking.com\/?page_id=3413#primaryimage\",\"url\":\"https:\/\/anemontrekking.com\/wp-content\/uploads\/2025\/08\/ferdi-zeyrekin-olumuyle-ilgili-flas-gelisme-022716-20250615.webp\",\"contentUrl\":\"https:\/\/anemontrekking.com\/wp-content\/uploads\/2025\/08\/ferdi-zeyrekin-olumuyle-ilgili-flas-gelisme-022716-20250615.webp\",\"width\":1200,\"height\":675},{\"@type\":\"BreadcrumbList\",\"@id\":\"https:\/\/anemontrekking.com\/?page_id=3413#breadcrumb\",\"itemListElement\":[{\"@type\":\"ListItem\",\"position\":1,\"name\":\"Anasayfa\",\"item\":\"https:\/\/anemontrekking.com\/\"},{\"@type\":\"ListItem\",\"position\":2,\"name\":\"SEK\u0130Z EYL\u00dcL \u015eEH\u0130TL\u0130KTEN Z\u0130RVEYE FERD\u0130 ZEYREK ANMA TIRMANI\u015eI\"}]},{\"@type\":\"WebSite\",\"@id\":\"https:\/\/anemontrekking.com\/#website\",\"url\":\"https:\/\/anemontrekking.com\/\",\"name\":\"Anemon Trekking Spor Kulub\u00fc\",\"description\":\"Da\u011fc\u0131l\u0131k, Trekking,Kamp\u00e7\u0131l\u0131k ve Do\u011fa Sporlar\u0131\",\"publisher\":{\"@id\":\"https:\/\/anemontrekking.com\/#organization\"},\"potentialAction\":[{\"@type\":\"SearchAction\",\"target\":{\"@type\":\"EntryPoint\",\"urlTemplate\":\"https:\/\/anemontrekking.com\/?s={search_term_string}\"},\"query-input\":{\"@type\":\"PropertyValueSpecification\",\"valueRequired\":true,\"valueName\":\"search_term_string\"}}],\"inLanguage\":\"tr\"},{\"@type\":\"Organization\",\"@id\":\"https:\/\/anemontrekking.com\/#organization\",\"name\":\"Anemon Trekking Spor Kulub\u00fc\",\"url\":\"https:\/\/anemontrekking.com\/\",\"logo\":{\"@type\":\"ImageObject\",\"inLanguage\":\"tr\",\"@id\":\"https:\/\/anemontrekking.com\/#\/schema\/logo\/image\/\",\"url\":\"http:\/\/anemontrekking.com\/wp-content\/uploads\/2021\/02\/47292421_10156386216874652_1517111611498692608_n.jpg\",\"contentUrl\":\"http:\/\/anemontrekking.com\/wp-content\/uploads\/2021\/02\/47292421_10156386216874652_1517111611498692608_n.jpg\",\"width\":960,\"height\":906,\"caption\":\"Anemon Trekking Spor Kulub\u00fc\"},\"image\":{\"@id\":\"https:\/\/anemontrekking.com\/#\/schema\/logo\/image\/\"},\"sameAs\":[\"https:\/\/facebook.com\/anemontreking\",\"https:\/\/x.com\/anemon_trekking\",\"https:\/\/www.instagram.com\/anemontreking\/\"]}]}<\/script>\n<!-- \/ Yoast SEO plugin. -->","yoast_head_json":{"title":"SEK\u0130Z EYL\u00dcL \u015eEH\u0130TL\u0130KTEN Z\u0130RVEYE FERD\u0130 ZEYREK ANMA TIRMANI\u015eI - Anemon Trekking Spor Kulub\u00fc","robots":{"index":"index","follow":"follow","max-snippet":"max-snippet:-1","max-image-preview":"max-image-preview:large","max-video-preview":"max-video-preview:-1"},"canonical":"https:\/\/anemontrekking.com\/?page_id=3413","og_locale":"tr_TR","og_type":"article","og_title":"SEK\u0130Z EYL\u00dcL \u015eEH\u0130TL\u0130KTEN Z\u0130RVEYE FERD\u0130 ZEYREK ANMA TIRMANI\u015eI - Anemon Trekking Spor Kulub\u00fc","og_description":"SEK\u0130Z EYL\u00dcL \u015eEH\u0130TL\u0130KTEN Z\u0130RVEYE FERD\u0130 ZEYREK ANMA TIRMANI\u015eI Manisa&#8217;n\u0131n kurtulu\u015funun 103. Y\u0131l D\u00f6n\u00fcm\u00fcnde SEK\u0130Z EYL\u00dcL PAZARTES\u0130 g\u00fcn\u00fc saat 08:00&#8217;de ManisaDaha fazlas\u0131n\u0131 oku","og_url":"https:\/\/anemontrekking.com\/?page_id=3413","og_site_name":"Anemon Trekking Spor Kulub\u00fc","article_publisher":"https:\/\/facebook.com\/anemontreking","article_modified_time":"2025-08-27T07:34:09+00:00","og_image":[{"width":1200,"height":675,"url":"https:\/\/anemontrekking.com\/wp-content\/uploads\/2025\/08\/ferdi-zeyrekin-olumuyle-ilgili-flas-gelisme-022716-20250615.webp","type":"image\/webp"}],"twitter_card":"summary_large_image","twitter_site":"@anemon_trekking","twitter_misc":{"Tahmini okuma s\u00fcresi":"3 dakika"},"schema":{"@context":"https:\/\/schema.org","@graph":[{"@type":"WebPage","@id":"https:\/\/anemontrekking.com\/?page_id=3413","url":"https:\/\/anemontrekking.com\/?page_id=3413","name":"SEK\u0130Z EYL\u00dcL \u015eEH\u0130TL\u0130KTEN Z\u0130RVEYE FERD\u0130 ZEYREK ANMA TIRMANI\u015eI - Anemon Trekking Spor Kulub\u00fc","isPartOf":{"@id":"https:\/\/anemontrekking.com\/#website"},"primaryImageOfPage":{"@id":"https:\/\/anemontrekking.com\/?page_id=3413#primaryimage"},"image":{"@id":"https:\/\/anemontrekking.com\/?page_id=3413#primaryimage"},"thumbnailUrl":"https:\/\/anemontrekking.com\/wp-content\/uploads\/2025\/08\/ferdi-zeyrekin-olumuyle-ilgili-flas-gelisme-022716-20250615-1024x576.webp","datePublished":"2025-08-27T07:25:48+00:00","dateModified":"2025-08-27T07:34:09+00:00","breadcrumb":{"@id":"https:\/\/anemontrekking.com\/?page_id=3413#breadcrumb"},"inLanguage":"tr","potentialAction":[{"@type":"ReadAction","target":["https:\/\/anemontrekking.com\/?page_id=3413"]}]},{"@type":"ImageObject","inLanguage":"tr","@id":"https:\/\/anemontrekking.com\/?page_id=3413#primaryimage","url":"https:\/\/anemontrekking.com\/wp-content\/uploads\/2025\/08\/ferdi-zeyrekin-olumuyle-ilgili-flas-gelisme-022716-20250615.webp","contentUrl":"https:\/\/anemontrekking.com\/wp-content\/uploads\/2025\/08\/ferdi-zeyrekin-olumuyle-ilgili-flas-gelisme-022716-20250615.webp","width":1200,"height":675},{"@type":"BreadcrumbList","@id":"https:\/\/anemontrekking.com\/?page_id=3413#breadcrumb","itemListElement":[{"@type":"ListItem","position":1,"name":"Anasayfa","item":"https:\/\/anemontrekking.com\/"},{"@type":"ListItem","position":2,"name":"SEK\u0130Z EYL\u00dcL \u015eEH\u0130TL\u0130KTEN Z\u0130RVEYE FERD\u0130 ZEYREK ANMA TIRMANI\u015eI"}]},{"@type":"WebSite","@id":"https:\/\/anemontrekking.com\/#website","url":"https:\/\/anemontrekking.com\/","name":"Anemon Trekking Spor Kulub\u00fc","description":"Da\u011fc\u0131l\u0131k, Trekking,Kamp\u00e7\u0131l\u0131k ve Do\u011fa Sporlar\u0131","publisher":{"@id":"https:\/\/anemontrekking.com\/#organization"},"potentialAction":[{"@type":"SearchAction","target":{"@type":"EntryPoint","urlTemplate":"https:\/\/anemontrekking.com\/?s={search_term_string}"},"query-input":{"@type":"PropertyValueSpecification","valueRequired":true,"valueName":"search_term_string"}}],"inLanguage":"tr"},{"@type":"Organization","@id":"https:\/\/anemontrekking.com\/#organization","name":"Anemon Trekking Spor Kulub\u00fc","url":"https:\/\/anemontrekking.com\/","logo":{"@type":"ImageObject","inLanguage":"tr","@id":"https:\/\/anemontrekking.com\/#\/schema\/logo\/image\/","url":"http:\/\/anemontrekking.com\/wp-content\/uploads\/2021\/02\/47292421_10156386216874652_1517111611498692608_n.jpg","contentUrl":"http:\/\/anemontrekking.com\/wp-content\/uploads\/2021\/02\/47292421_10156386216874652_1517111611498692608_n.jpg","width":960,"height":906,"caption":"Anemon Trekking Spor Kulub\u00fc"},"image":{"@id":"https:\/\/anemontrekking.com\/#\/schema\/logo\/image\/"},"sameAs":["https:\/\/facebook.com\/anemontreking","https:\/\/x.com\/anemon_trekking","https:\/\/www.instagram.com\/anemontreking\/"]}]}},"_links":{"self":[{"href":"https:\/\/anemontrekking.com\/index.php?rest_route=\/wp\/v2\/pages\/3413","targetHints":{"allow":["GET"]}}],"collection":[{"href":"https:\/\/anemontrekking.com\/index.php?rest_route=\/wp\/v2\/pages"}],"about":[{"href":"https:\/\/anemontrekking.com\/index.php?rest_route=\/wp\/v2\/types\/page"}],"author":[{"embeddable":true,"href":"https:\/\/anemontrekking.com\/index.php?rest_route=\/wp\/v2\/users\/1"}],"replies":[{"embeddable":true,"href":"https:\/\/anemontrekking.com\/index.php?rest_route=%2Fwp%2Fv2%2Fcomments&post=3413"}],"version-history":[{"count":3,"href":"https:\/\/anemontrekking.com\/index.php?rest_route=\/wp\/v2\/pages\/3413\/revisions"}],"predecessor-version":[{"id":3422,"href":"https:\/\/anemontrekking.com\/index.php?rest_route=\/wp\/v2\/pages\/3413\/revisions\/3422"}],"wp:attachment":[{"href":"https:\/\/anemontrekking.com\/index.php?rest_route=%2Fwp%2Fv2%2Fmedia&parent=3413"}],"curies":[{"name":"wp","href":"https:\/\/api.w.org\/{rel}","templated":true}]}}