{"id":2915,"date":"2024-07-31T15:11:23","date_gmt":"2024-07-31T12:11:23","guid":{"rendered":"https:\/\/anemontrekking.com\/?page_id=2915"},"modified":"2024-10-18T10:29:18","modified_gmt":"2024-10-18T07:29:18","slug":"tunc-dagi-tirmanisi-antalya","status":"publish","type":"page","link":"https:\/\/anemontrekking.com\/?page_id=2915","title":{"rendered":"TUN\u00c7 DA\u011eI TIRMANI\u015eI (ANTALYA)"},"content":{"rendered":"\n<figure class=\"wp-block-image size-large\"><img loading=\"lazy\" decoding=\"async\" width=\"1024\" height=\"1024\" src=\"https:\/\/anemontrekking.com\/wp-content\/uploads\/2024\/07\/Tunc-Dagi-1024x1024.jpg\" alt=\"\" class=\"wp-image-2916\" srcset=\"https:\/\/anemontrekking.com\/wp-content\/uploads\/2024\/07\/Tunc-Dagi-1024x1024.jpg 1024w, https:\/\/anemontrekking.com\/wp-content\/uploads\/2024\/07\/Tunc-Dagi-300x300.jpg 300w, https:\/\/anemontrekking.com\/wp-content\/uploads\/2024\/07\/Tunc-Dagi-150x150.jpg 150w, https:\/\/anemontrekking.com\/wp-content\/uploads\/2024\/07\/Tunc-Dagi-768x768.jpg 768w, https:\/\/anemontrekking.com\/wp-content\/uploads\/2024\/07\/Tunc-Dagi.jpg 1080w\" sizes=\"auto, (max-width: 1024px) 100vw, 1024px\" \/><\/figure>\n\n\n\n<p>Antalya k\u00f6rfezini g\u00f6ren en yak\u0131n ve ve en y\u00fcksek da\u011flardan biri olan 2653 rak\u0131ml\u0131 Tun\u00e7 Da\u011f\u0131na 2000 rak\u0131ml\u0131 Kar\u00e7ukuru Yaylas\u0131ndan kolay bir t\u0131rman\u0131\u015f yapaca\u011f\u0131z. Planlanan rotam\u0131zdan Tun\u00e7 Da\u011f\u0131n\u0131n zirvesine yak\u0131n t\u00fcm tepelere \u00e7\u0131kaca\u011f\u0131z. Toplam mesafe on kilometre olup ortalama sekizy\u00fcz metre civar\u0131nda irtifa y\u00fckselece\u011fiz. Faaliyet sonras\u0131 zaman kal\u0131rsa yak\u0131nlardaki di\u011fer zirvelere de \u00e7\u0131kabiliriz. Y\u00fcksek irtifa t\u0131rman\u0131\u015flar\u0131na ad\u0131m atmak isteyenler i\u00e7in ba\u015flang\u0131\u00e7 seviyesinde g\u00fczel bir faaliyettir. Bu f\u0131rsat\u0131 ka\u00e7\u0131rmay\u0131n.<\/p>\n\n\n\n<p><strong>PROGRAM :<\/strong><\/p>\n\n\n\n<p><strong>1.G\u00dcN (26.10.2024 CUMARTES\u0130) <\/strong><br>      <strong>06:00<\/strong> Manisa&#8217;dan Antalya&#8217;ya hareket <br>      <strong>12:00 <\/strong>Antalya merkezde kamp al\u0131\u015fveri\u015fi ve kamp alan\u0131na hareket, kamp\u0131n kurulmas\u0131    <\/p>\n\n\n\n<p><strong>2.G\u00dcN (27.10.2024 PAZAR)<\/strong><br>        <strong>06:00<\/strong> T\u0131rman\u0131\u015fa ba\u015flama <br>        <strong>14:00 <\/strong>Kamp\u0131 toplama ve sonras\u0131 \u00e7evre gezisi ve d\u00f6n\u00fc\u015f     <\/p>\n\n\n\n<p>\u2139\ufe0f B\u0130LG\u0130 VE REZERVASYON<br>\u27a1\ufe0f Anemon Trekking Whatsapp Hatt\u0131<br>\u260e\ufe0f 0(850) 303 91 11<\/p>\n\n\n\n<p><strong>\u00dcYE OLMAK<\/strong>, <strong>KAYIT ve B\u0130LG\u0130 \u0130\u00c7\u0130N :<\/strong><br>Anemon Trekking Whatsap Hatt\u0131 : 0-850-303 91 11 numaral\u0131 telefondan irtibata ge\u00e7ebilirsiniz.<\/p>\n\n\n\n<p><strong>NOT :<\/strong><br>Programda de\u011fi\u015fiklikler ve sarkmalar olabilir. Faaliyet esnas\u0131nda parkurda ayarlama yap\u0131labilir.<\/p>\n\n\n\n<p><strong>ULA\u015eIM :<\/strong><br>Antalya&#8217;daki kamp alan\u0131na herkes kendi imkanlar\u0131 ile gelecektir.<\/p>\n\n\n\n<p><strong>Manisa d\u0131\u015f\u0131ndan da kat\u0131lmak isteyenler kendi ara\u00e7lar\u0131 ile faaliyetlerimize kat\u0131labilirler. <\/strong><\/p>\n\n\n\n<p>Anemon Trekking Whatsap Duyuru Gurubuna \u00fcye olarak bundan sonraki etkinliklerimizden haberdar olmak i\u00e7in<br>WHATSAP \u0130\u00c7\u0130N&nbsp;<a href=\"https:\/\/l.facebook.com\/l.php?u=https%3A%2F%2Fchat.whatsapp.com%2FEstLmUsfztaBqgDSmO8fPZ%3Ffbclid%3DIwAR0sDHYHloBbI78PY_2r3eBZZPvlTiB1ugh80AF5BYjPBtWiXmRxqz_hr6w&amp;h=AT1yFYtc0OgYQeD6uxJI07qa5amrHRjejQtsZhS16ym_4zfnoUqn4QTh-izh90lmC2xKb4z6PDbOgr7j__LP16wm89H6pEuKAWNA-_IZ5hjPCZHjdnD3MoTgh7V-MmkG&amp;__tn__=q&amp;c[0]=AT0pxQ85jpasBZy2aucmM8UYMpnhWXT-NCy483Xy6r_sLFuYjKV1x6rE8vK-9hpb4v5eC9A1E4z4xCNGUFejaq6NJ3loQ0UKauMZCTIZcvWMW5HDgPKEgj4ZZta3520x5AkX8gD2vjbzH2m2qdGgGGRE\" target=\"_blank\" rel=\"noreferrer noopener\">https:\/\/chat.whatsapp.com\/EstLmUsfztaBqgDSmO8fPZ<\/a><br>TELEGRAM \u0130\u00c7\u0130N<a href=\"https:\/\/t.me\/anemontrekking?fbclid=IwAR105Us33vm973055gLPwgsM6ajaRDfV_lRQV-qxGJ7H-OjD25317-3xupU\" target=\"_blank\" rel=\"noreferrer noopener\">&nbsp;https:\/\/t.me\/anemontrekking<\/a><\/p>\n","protected":false},"excerpt":{"rendered":"<div class=\"slide-text-bg2\">\n<h3>Antalya k\u00f6rfezini g\u00f6ren en yak\u0131n ve ve en y\u00fcksek da\u011flardan biri olan 2653 rak\u0131ml\u0131 Tun\u00e7 Da\u011f\u0131na 2000 rak\u0131ml\u0131 Kar\u00e7ukuru Yaylas\u0131ndan<\/h3>\n<\/div>\n<div class=\"flex-btn-div\"><a href=\"https:\/\/anemontrekking.com\/?page_id=2915\" class=\"btn1 flex-btn\">Daha fazlas\u0131n\u0131 oku<\/a><\/div>\n","protected":false},"author":1,"featured_media":0,"parent":0,"menu_order":0,"comment_status":"closed","ping_status":"closed","template":"","meta":{"ngg_post_thumbnail":0,"footnotes":""},"class_list":["post-2915","page","type-page","status-publish","hentry"],"yoast_head":"<!-- This site is optimized with the Yoast SEO plugin v26.3 - https:\/\/yoast.com\/wordpress\/plugins\/seo\/ -->\n<title>TUN\u00c7 DA\u011eI TIRMANI\u015eI (ANTALYA) - Anemon Trekking Spor Kulub\u00fc<\/title>\n<meta name=\"robots\" content=\"index, follow, max-snippet:-1, max-image-preview:large, max-video-preview:-1\" \/>\n<link rel=\"canonical\" href=\"https:\/\/anemontrekking.com\/?page_id=2915\" \/>\n<meta property=\"og:locale\" content=\"tr_TR\" \/>\n<meta property=\"og:type\" content=\"article\" \/>\n<meta property=\"og:title\" content=\"TUN\u00c7 DA\u011eI TIRMANI\u015eI (ANTALYA) - Anemon Trekking Spor Kulub\u00fc\" \/>\n<meta property=\"og:description\" content=\"Antalya k\u00f6rfezini g\u00f6ren en yak\u0131n ve ve en y\u00fcksek da\u011flardan biri olan 2653 rak\u0131ml\u0131 Tun\u00e7 Da\u011f\u0131na 2000 rak\u0131ml\u0131 Kar\u00e7ukuru Yaylas\u0131ndanDaha fazlas\u0131n\u0131 oku\" \/>\n<meta property=\"og:url\" content=\"https:\/\/anemontrekking.com\/?page_id=2915\" \/>\n<meta property=\"og:site_name\" content=\"Anemon Trekking Spor Kulub\u00fc\" \/>\n<meta property=\"article:publisher\" content=\"https:\/\/facebook.com\/anemontreking\" \/>\n<meta property=\"article:modified_time\" content=\"2024-10-18T07:29:18+00:00\" \/>\n<meta property=\"og:image\" content=\"https:\/\/anemontrekking.com\/wp-content\/uploads\/2024\/07\/Tunc-Dagi-1024x1024.jpg\" \/>\n<meta name=\"twitter:card\" content=\"summary_large_image\" \/>\n<meta name=\"twitter:site\" content=\"@anemon_trekking\" \/>\n<meta name=\"twitter:label1\" content=\"Tahmini okuma s\u00fcresi\" \/>\n\t<meta name=\"twitter:data1\" content=\"2 dakika\" \/>\n<script type=\"application\/ld+json\" class=\"yoast-schema-graph\">{\"@context\":\"https:\/\/schema.org\",\"@graph\":[{\"@type\":\"WebPage\",\"@id\":\"https:\/\/anemontrekking.com\/?page_id=2915\",\"url\":\"https:\/\/anemontrekking.com\/?page_id=2915\",\"name\":\"TUN\u00c7 DA\u011eI TIRMANI\u015eI (ANTALYA) - Anemon Trekking Spor Kulub\u00fc\",\"isPartOf\":{\"@id\":\"https:\/\/anemontrekking.com\/#website\"},\"primaryImageOfPage\":{\"@id\":\"https:\/\/anemontrekking.com\/?page_id=2915#primaryimage\"},\"image\":{\"@id\":\"https:\/\/anemontrekking.com\/?page_id=2915#primaryimage\"},\"thumbnailUrl\":\"https:\/\/anemontrekking.com\/wp-content\/uploads\/2024\/07\/Tunc-Dagi-1024x1024.jpg\",\"datePublished\":\"2024-07-31T12:11:23+00:00\",\"dateModified\":\"2024-10-18T07:29:18+00:00\",\"breadcrumb\":{\"@id\":\"https:\/\/anemontrekking.com\/?page_id=2915#breadcrumb\"},\"inLanguage\":\"tr\",\"potentialAction\":[{\"@type\":\"ReadAction\",\"target\":[\"https:\/\/anemontrekking.com\/?page_id=2915\"]}]},{\"@type\":\"ImageObject\",\"inLanguage\":\"tr\",\"@id\":\"https:\/\/anemontrekking.com\/?page_id=2915#primaryimage\",\"url\":\"https:\/\/anemontrekking.com\/wp-content\/uploads\/2024\/07\/Tunc-Dagi-1024x1024.jpg\",\"contentUrl\":\"https:\/\/anemontrekking.com\/wp-content\/uploads\/2024\/07\/Tunc-Dagi-1024x1024.jpg\"},{\"@type\":\"BreadcrumbList\",\"@id\":\"https:\/\/anemontrekking.com\/?page_id=2915#breadcrumb\",\"itemListElement\":[{\"@type\":\"ListItem\",\"position\":1,\"name\":\"Anasayfa\",\"item\":\"https:\/\/anemontrekking.com\/\"},{\"@type\":\"ListItem\",\"position\":2,\"name\":\"TUN\u00c7 DA\u011eI TIRMANI\u015eI (ANTALYA)\"}]},{\"@type\":\"WebSite\",\"@id\":\"https:\/\/anemontrekking.com\/#website\",\"url\":\"https:\/\/anemontrekking.com\/\",\"name\":\"Anemon Trekking Spor Kulub\u00fc\",\"description\":\"Da\u011fc\u0131l\u0131k, Trekking,Kamp\u00e7\u0131l\u0131k ve Do\u011fa Sporlar\u0131\",\"publisher\":{\"@id\":\"https:\/\/anemontrekking.com\/#organization\"},\"potentialAction\":[{\"@type\":\"SearchAction\",\"target\":{\"@type\":\"EntryPoint\",\"urlTemplate\":\"https:\/\/anemontrekking.com\/?s={search_term_string}\"},\"query-input\":{\"@type\":\"PropertyValueSpecification\",\"valueRequired\":true,\"valueName\":\"search_term_string\"}}],\"inLanguage\":\"tr\"},{\"@type\":\"Organization\",\"@id\":\"https:\/\/anemontrekking.com\/#organization\",\"name\":\"Anemon Trekking Spor Kulub\u00fc\",\"url\":\"https:\/\/anemontrekking.com\/\",\"logo\":{\"@type\":\"ImageObject\",\"inLanguage\":\"tr\",\"@id\":\"https:\/\/anemontrekking.com\/#\/schema\/logo\/image\/\",\"url\":\"http:\/\/anemontrekking.com\/wp-content\/uploads\/2021\/02\/47292421_10156386216874652_1517111611498692608_n.jpg\",\"contentUrl\":\"http:\/\/anemontrekking.com\/wp-content\/uploads\/2021\/02\/47292421_10156386216874652_1517111611498692608_n.jpg\",\"width\":960,\"height\":906,\"caption\":\"Anemon Trekking Spor Kulub\u00fc\"},\"image\":{\"@id\":\"https:\/\/anemontrekking.com\/#\/schema\/logo\/image\/\"},\"sameAs\":[\"https:\/\/facebook.com\/anemontreking\",\"https:\/\/x.com\/anemon_trekking\",\"https:\/\/www.instagram.com\/anemontreking\/\"]}]}<\/script>\n<!-- \/ Yoast SEO plugin. -->","yoast_head_json":{"title":"TUN\u00c7 DA\u011eI TIRMANI\u015eI (ANTALYA) - Anemon Trekking Spor Kulub\u00fc","robots":{"index":"index","follow":"follow","max-snippet":"max-snippet:-1","max-image-preview":"max-image-preview:large","max-video-preview":"max-video-preview:-1"},"canonical":"https:\/\/anemontrekking.com\/?page_id=2915","og_locale":"tr_TR","og_type":"article","og_title":"TUN\u00c7 DA\u011eI TIRMANI\u015eI (ANTALYA) - Anemon Trekking Spor Kulub\u00fc","og_description":"Antalya k\u00f6rfezini g\u00f6ren en yak\u0131n ve ve en y\u00fcksek da\u011flardan biri olan 2653 rak\u0131ml\u0131 Tun\u00e7 Da\u011f\u0131na 2000 rak\u0131ml\u0131 Kar\u00e7ukuru Yaylas\u0131ndanDaha fazlas\u0131n\u0131 oku","og_url":"https:\/\/anemontrekking.com\/?page_id=2915","og_site_name":"Anemon Trekking Spor Kulub\u00fc","article_publisher":"https:\/\/facebook.com\/anemontreking","article_modified_time":"2024-10-18T07:29:18+00:00","og_image":[{"url":"https:\/\/anemontrekking.com\/wp-content\/uploads\/2024\/07\/Tunc-Dagi-1024x1024.jpg","type":"","width":"","height":""}],"twitter_card":"summary_large_image","twitter_site":"@anemon_trekking","twitter_misc":{"Tahmini okuma s\u00fcresi":"2 dakika"},"schema":{"@context":"https:\/\/schema.org","@graph":[{"@type":"WebPage","@id":"https:\/\/anemontrekking.com\/?page_id=2915","url":"https:\/\/anemontrekking.com\/?page_id=2915","name":"TUN\u00c7 DA\u011eI TIRMANI\u015eI (ANTALYA) - Anemon Trekking Spor Kulub\u00fc","isPartOf":{"@id":"https:\/\/anemontrekking.com\/#website"},"primaryImageOfPage":{"@id":"https:\/\/anemontrekking.com\/?page_id=2915#primaryimage"},"image":{"@id":"https:\/\/anemontrekking.com\/?page_id=2915#primaryimage"},"thumbnailUrl":"https:\/\/anemontrekking.com\/wp-content\/uploads\/2024\/07\/Tunc-Dagi-1024x1024.jpg","datePublished":"2024-07-31T12:11:23+00:00","dateModified":"2024-10-18T07:29:18+00:00","breadcrumb":{"@id":"https:\/\/anemontrekking.com\/?page_id=2915#breadcrumb"},"inLanguage":"tr","potentialAction":[{"@type":"ReadAction","target":["https:\/\/anemontrekking.com\/?page_id=2915"]}]},{"@type":"ImageObject","inLanguage":"tr","@id":"https:\/\/anemontrekking.com\/?page_id=2915#primaryimage","url":"https:\/\/anemontrekking.com\/wp-content\/uploads\/2024\/07\/Tunc-Dagi-1024x1024.jpg","contentUrl":"https:\/\/anemontrekking.com\/wp-content\/uploads\/2024\/07\/Tunc-Dagi-1024x1024.jpg"},{"@type":"BreadcrumbList","@id":"https:\/\/anemontrekking.com\/?page_id=2915#breadcrumb","itemListElement":[{"@type":"ListItem","position":1,"name":"Anasayfa","item":"https:\/\/anemontrekking.com\/"},{"@type":"ListItem","position":2,"name":"TUN\u00c7 DA\u011eI TIRMANI\u015eI (ANTALYA)"}]},{"@type":"WebSite","@id":"https:\/\/anemontrekking.com\/#website","url":"https:\/\/anemontrekking.com\/","name":"Anemon Trekking Spor Kulub\u00fc","description":"Da\u011fc\u0131l\u0131k, Trekking,Kamp\u00e7\u0131l\u0131k ve Do\u011fa Sporlar\u0131","publisher":{"@id":"https:\/\/anemontrekking.com\/#organization"},"potentialAction":[{"@type":"SearchAction","target":{"@type":"EntryPoint","urlTemplate":"https:\/\/anemontrekking.com\/?s={search_term_string}"},"query-input":{"@type":"PropertyValueSpecification","valueRequired":true,"valueName":"search_term_string"}}],"inLanguage":"tr"},{"@type":"Organization","@id":"https:\/\/anemontrekking.com\/#organization","name":"Anemon Trekking Spor Kulub\u00fc","url":"https:\/\/anemontrekking.com\/","logo":{"@type":"ImageObject","inLanguage":"tr","@id":"https:\/\/anemontrekking.com\/#\/schema\/logo\/image\/","url":"http:\/\/anemontrekking.com\/wp-content\/uploads\/2021\/02\/47292421_10156386216874652_1517111611498692608_n.jpg","contentUrl":"http:\/\/anemontrekking.com\/wp-content\/uploads\/2021\/02\/47292421_10156386216874652_1517111611498692608_n.jpg","width":960,"height":906,"caption":"Anemon Trekking Spor Kulub\u00fc"},"image":{"@id":"https:\/\/anemontrekking.com\/#\/schema\/logo\/image\/"},"sameAs":["https:\/\/facebook.com\/anemontreking","https:\/\/x.com\/anemon_trekking","https:\/\/www.instagram.com\/anemontreking\/"]}]}},"_links":{"self":[{"href":"https:\/\/anemontrekking.com\/index.php?rest_route=\/wp\/v2\/pages\/2915","targetHints":{"allow":["GET"]}}],"collection":[{"href":"https:\/\/anemontrekking.com\/index.php?rest_route=\/wp\/v2\/pages"}],"about":[{"href":"https:\/\/anemontrekking.com\/index.php?rest_route=\/wp\/v2\/types\/page"}],"author":[{"embeddable":true,"href":"https:\/\/anemontrekking.com\/index.php?rest_route=\/wp\/v2\/users\/1"}],"replies":[{"embeddable":true,"href":"https:\/\/anemontrekking.com\/index.php?rest_route=%2Fwp%2Fv2%2Fcomments&post=2915"}],"version-history":[{"count":2,"href":"https:\/\/anemontrekking.com\/index.php?rest_route=\/wp\/v2\/pages\/2915\/revisions"}],"predecessor-version":[{"id":3003,"href":"https:\/\/anemontrekking.com\/index.php?rest_route=\/wp\/v2\/pages\/2915\/revisions\/3003"}],"wp:attachment":[{"href":"https:\/\/anemontrekking.com\/index.php?rest_route=%2Fwp%2Fv2%2Fmedia&parent=2915"}],"curies":[{"name":"wp","href":"https:\/\/api.w.org\/{rel}","templated":true}]}}