{"id":2635,"date":"2024-03-05T11:00:17","date_gmt":"2024-03-05T08:00:17","guid":{"rendered":"https:\/\/anemontrekking.com\/?page_id=2635"},"modified":"2024-03-05T11:01:40","modified_gmt":"2024-03-05T08:01:40","slug":"kuzugobegi-festivali","status":"publish","type":"page","link":"https:\/\/anemontrekking.com\/?page_id=2635","title":{"rendered":"KUZUG\u00d6BE\u011e\u0130 FEST\u0130VAL\u0130"},"content":{"rendered":"\n<figure class=\"wp-block-image size-large\"><img loading=\"lazy\" decoding=\"async\" width=\"1024\" height=\"1024\" src=\"https:\/\/anemontrekking.com\/wp-content\/uploads\/2024\/03\/1-1024x1024.jpg\" alt=\"\" class=\"wp-image-2636\" srcset=\"https:\/\/anemontrekking.com\/wp-content\/uploads\/2024\/03\/1-1024x1024.jpg 1024w, https:\/\/anemontrekking.com\/wp-content\/uploads\/2024\/03\/1-300x300.jpg 300w, https:\/\/anemontrekking.com\/wp-content\/uploads\/2024\/03\/1-150x150.jpg 150w, https:\/\/anemontrekking.com\/wp-content\/uploads\/2024\/03\/1-768x768.jpg 768w, https:\/\/anemontrekking.com\/wp-content\/uploads\/2024\/03\/1.jpg 1080w\" sizes=\"auto, (max-width: 1024px) 100vw, 1024px\" \/><\/figure>\n\n\n\n<p>10 Mart 2024 Pazar g\u00fcn\u00fcnden ba\u015flayarak her hafta sonu  s\u00fcrpriz parkurlar\u0131m\u0131zdan birisinde hem do\u011fa y\u00fcr\u00fcy\u00fc\u015f\u00fc yap\u0131p hem de varsa Kuzug\u00f6be\u011fi toplayaca\u011f\u0131z. Faaliyetlerimiz her hafta sonu May\u0131s&#8217;a kadar devam edecektir. Arada \u00f6zel farkl\u0131 faaliyetler a\u00e7\u0131lacakt\u0131r. Faaliyetlerimize kat\u0131lmak i\u00e7in 0 850 303 91 11 nolu Whatsap hatt\u0131na mesaj atarak \u00fcye olabilir. \u00dcye olduktan sonra ilgili haftan\u0131n faaliyeti ile ilgili bilgi alabilirsiniz.<\/p>\n\n\n\n<div class=\"wp-block-columns is-layout-flex wp-container-core-columns-is-layout-9d6595d7 wp-block-columns-is-layout-flex\">\n<div class=\"wp-block-column is-layout-flow wp-block-column-is-layout-flow\">\n<figure class=\"wp-block-image size-large\"><img loading=\"lazy\" decoding=\"async\" width=\"1024\" height=\"1024\" src=\"https:\/\/anemontrekking.com\/wp-content\/uploads\/2024\/03\/2-1024x1024.jpg\" alt=\"\" class=\"wp-image-2638\" srcset=\"https:\/\/anemontrekking.com\/wp-content\/uploads\/2024\/03\/2-1024x1024.jpg 1024w, https:\/\/anemontrekking.com\/wp-content\/uploads\/2024\/03\/2-300x300.jpg 300w, https:\/\/anemontrekking.com\/wp-content\/uploads\/2024\/03\/2-150x150.jpg 150w, https:\/\/anemontrekking.com\/wp-content\/uploads\/2024\/03\/2-768x768.jpg 768w, https:\/\/anemontrekking.com\/wp-content\/uploads\/2024\/03\/2.jpg 1080w\" sizes=\"auto, (max-width: 1024px) 100vw, 1024px\" \/><\/figure>\n<\/div>\n\n\n\n<div class=\"wp-block-column is-layout-flow wp-block-column-is-layout-flow\">\n<figure class=\"wp-block-image size-large\"><img loading=\"lazy\" decoding=\"async\" width=\"1024\" height=\"1024\" src=\"https:\/\/anemontrekking.com\/wp-content\/uploads\/2024\/03\/3-1024x1024.jpg\" alt=\"\" class=\"wp-image-2640\" srcset=\"https:\/\/anemontrekking.com\/wp-content\/uploads\/2024\/03\/3-1024x1024.jpg 1024w, https:\/\/anemontrekking.com\/wp-content\/uploads\/2024\/03\/3-300x300.jpg 300w, https:\/\/anemontrekking.com\/wp-content\/uploads\/2024\/03\/3-150x150.jpg 150w, https:\/\/anemontrekking.com\/wp-content\/uploads\/2024\/03\/3-768x768.jpg 768w, https:\/\/anemontrekking.com\/wp-content\/uploads\/2024\/03\/3.jpg 1080w\" sizes=\"auto, (max-width: 1024px) 100vw, 1024px\" \/><\/figure>\n<\/div>\n\n\n\n<div class=\"wp-block-column is-layout-flow wp-block-column-is-layout-flow\">\n<figure class=\"wp-block-image size-large\"><img loading=\"lazy\" decoding=\"async\" width=\"1080\" height=\"1080\" src=\"https:\/\/anemontrekking.com\/wp-content\/uploads\/2024\/03\/4-1024x1024.jpg\" alt=\"\" class=\"wp-image-2641\" srcset=\"https:\/\/anemontrekking.com\/wp-content\/uploads\/2024\/03\/4-1024x1024.jpg 1024w, https:\/\/anemontrekking.com\/wp-content\/uploads\/2024\/03\/4-300x300.jpg 300w, https:\/\/anemontrekking.com\/wp-content\/uploads\/2024\/03\/4-150x150.jpg 150w, https:\/\/anemontrekking.com\/wp-content\/uploads\/2024\/03\/4-768x768.jpg 768w, https:\/\/anemontrekking.com\/wp-content\/uploads\/2024\/03\/4.jpg 1080w\" sizes=\"auto, (max-width: 1080px) 100vw, 1080px\" \/><\/figure>\n<\/div>\n<\/div>\n","protected":false},"excerpt":{"rendered":"<div class=\"slide-text-bg2\">\n<h3>10 Mart 2024 Pazar g\u00fcn\u00fcnden ba\u015flayarak her hafta sonu s\u00fcrpriz parkurlar\u0131m\u0131zdan birisinde hem do\u011fa y\u00fcr\u00fcy\u00fc\u015f\u00fc yap\u0131p hem de varsa Kuzug\u00f6be\u011fi<\/h3>\n<\/div>\n<div class=\"flex-btn-div\"><a href=\"https:\/\/anemontrekking.com\/?page_id=2635\" class=\"btn1 flex-btn\">Daha fazlas\u0131n\u0131 oku<\/a><\/div>\n","protected":false},"author":1,"featured_media":0,"parent":0,"menu_order":0,"comment_status":"closed","ping_status":"closed","template":"","meta":{"ngg_post_thumbnail":0,"footnotes":""},"class_list":["post-2635","page","type-page","status-publish","hentry"],"yoast_head":"<!-- This site is optimized with the Yoast SEO plugin v26.3 - https:\/\/yoast.com\/wordpress\/plugins\/seo\/ -->\n<title>KUZUG\u00d6BE\u011e\u0130 FEST\u0130VAL\u0130 - Anemon Trekking Spor Kulub\u00fc<\/title>\n<meta name=\"robots\" content=\"index, follow, max-snippet:-1, max-image-preview:large, max-video-preview:-1\" \/>\n<link rel=\"canonical\" href=\"https:\/\/anemontrekking.com\/?page_id=2635\" \/>\n<meta property=\"og:locale\" content=\"tr_TR\" \/>\n<meta property=\"og:type\" content=\"article\" \/>\n<meta property=\"og:title\" content=\"KUZUG\u00d6BE\u011e\u0130 FEST\u0130VAL\u0130 - Anemon Trekking Spor Kulub\u00fc\" \/>\n<meta property=\"og:description\" content=\"10 Mart 2024 Pazar g\u00fcn\u00fcnden ba\u015flayarak her hafta sonu s\u00fcrpriz parkurlar\u0131m\u0131zdan birisinde hem do\u011fa y\u00fcr\u00fcy\u00fc\u015f\u00fc yap\u0131p hem de varsa Kuzug\u00f6be\u011fiDaha fazlas\u0131n\u0131 oku\" \/>\n<meta property=\"og:url\" content=\"https:\/\/anemontrekking.com\/?page_id=2635\" \/>\n<meta property=\"og:site_name\" content=\"Anemon Trekking Spor Kulub\u00fc\" \/>\n<meta property=\"article:publisher\" content=\"https:\/\/facebook.com\/anemontreking\" \/>\n<meta property=\"article:modified_time\" content=\"2024-03-05T08:01:40+00:00\" \/>\n<meta property=\"og:image\" content=\"https:\/\/anemontrekking.com\/wp-content\/uploads\/2024\/03\/1-1024x1024.jpg\" \/>\n<meta name=\"twitter:card\" content=\"summary_large_image\" \/>\n<meta name=\"twitter:site\" content=\"@anemon_trekking\" \/>\n<meta name=\"twitter:label1\" content=\"Tahmini okuma s\u00fcresi\" \/>\n\t<meta name=\"twitter:data1\" content=\"2 dakika\" \/>\n<script type=\"application\/ld+json\" class=\"yoast-schema-graph\">{\"@context\":\"https:\/\/schema.org\",\"@graph\":[{\"@type\":\"WebPage\",\"@id\":\"https:\/\/anemontrekking.com\/?page_id=2635\",\"url\":\"https:\/\/anemontrekking.com\/?page_id=2635\",\"name\":\"KUZUG\u00d6BE\u011e\u0130 FEST\u0130VAL\u0130 - Anemon Trekking Spor Kulub\u00fc\",\"isPartOf\":{\"@id\":\"https:\/\/anemontrekking.com\/#website\"},\"primaryImageOfPage\":{\"@id\":\"https:\/\/anemontrekking.com\/?page_id=2635#primaryimage\"},\"image\":{\"@id\":\"https:\/\/anemontrekking.com\/?page_id=2635#primaryimage\"},\"thumbnailUrl\":\"https:\/\/anemontrekking.com\/wp-content\/uploads\/2024\/03\/1-1024x1024.jpg\",\"datePublished\":\"2024-03-05T08:00:17+00:00\",\"dateModified\":\"2024-03-05T08:01:40+00:00\",\"breadcrumb\":{\"@id\":\"https:\/\/anemontrekking.com\/?page_id=2635#breadcrumb\"},\"inLanguage\":\"tr\",\"potentialAction\":[{\"@type\":\"ReadAction\",\"target\":[\"https:\/\/anemontrekking.com\/?page_id=2635\"]}]},{\"@type\":\"ImageObject\",\"inLanguage\":\"tr\",\"@id\":\"https:\/\/anemontrekking.com\/?page_id=2635#primaryimage\",\"url\":\"https:\/\/anemontrekking.com\/wp-content\/uploads\/2024\/03\/1-1024x1024.jpg\",\"contentUrl\":\"https:\/\/anemontrekking.com\/wp-content\/uploads\/2024\/03\/1-1024x1024.jpg\"},{\"@type\":\"BreadcrumbList\",\"@id\":\"https:\/\/anemontrekking.com\/?page_id=2635#breadcrumb\",\"itemListElement\":[{\"@type\":\"ListItem\",\"position\":1,\"name\":\"Anasayfa\",\"item\":\"https:\/\/anemontrekking.com\/\"},{\"@type\":\"ListItem\",\"position\":2,\"name\":\"KUZUG\u00d6BE\u011e\u0130 FEST\u0130VAL\u0130\"}]},{\"@type\":\"WebSite\",\"@id\":\"https:\/\/anemontrekking.com\/#website\",\"url\":\"https:\/\/anemontrekking.com\/\",\"name\":\"Anemon Trekking Spor Kulub\u00fc\",\"description\":\"Da\u011fc\u0131l\u0131k, Trekking,Kamp\u00e7\u0131l\u0131k ve Do\u011fa Sporlar\u0131\",\"publisher\":{\"@id\":\"https:\/\/anemontrekking.com\/#organization\"},\"potentialAction\":[{\"@type\":\"SearchAction\",\"target\":{\"@type\":\"EntryPoint\",\"urlTemplate\":\"https:\/\/anemontrekking.com\/?s={search_term_string}\"},\"query-input\":{\"@type\":\"PropertyValueSpecification\",\"valueRequired\":true,\"valueName\":\"search_term_string\"}}],\"inLanguage\":\"tr\"},{\"@type\":\"Organization\",\"@id\":\"https:\/\/anemontrekking.com\/#organization\",\"name\":\"Anemon Trekking Spor Kulub\u00fc\",\"url\":\"https:\/\/anemontrekking.com\/\",\"logo\":{\"@type\":\"ImageObject\",\"inLanguage\":\"tr\",\"@id\":\"https:\/\/anemontrekking.com\/#\/schema\/logo\/image\/\",\"url\":\"http:\/\/anemontrekking.com\/wp-content\/uploads\/2021\/02\/47292421_10156386216874652_1517111611498692608_n.jpg\",\"contentUrl\":\"http:\/\/anemontrekking.com\/wp-content\/uploads\/2021\/02\/47292421_10156386216874652_1517111611498692608_n.jpg\",\"width\":960,\"height\":906,\"caption\":\"Anemon Trekking Spor Kulub\u00fc\"},\"image\":{\"@id\":\"https:\/\/anemontrekking.com\/#\/schema\/logo\/image\/\"},\"sameAs\":[\"https:\/\/facebook.com\/anemontreking\",\"https:\/\/x.com\/anemon_trekking\",\"https:\/\/www.instagram.com\/anemontreking\/\"]}]}<\/script>\n<!-- \/ Yoast SEO plugin. -->","yoast_head_json":{"title":"KUZUG\u00d6BE\u011e\u0130 FEST\u0130VAL\u0130 - Anemon Trekking Spor Kulub\u00fc","robots":{"index":"index","follow":"follow","max-snippet":"max-snippet:-1","max-image-preview":"max-image-preview:large","max-video-preview":"max-video-preview:-1"},"canonical":"https:\/\/anemontrekking.com\/?page_id=2635","og_locale":"tr_TR","og_type":"article","og_title":"KUZUG\u00d6BE\u011e\u0130 FEST\u0130VAL\u0130 - Anemon Trekking Spor Kulub\u00fc","og_description":"10 Mart 2024 Pazar g\u00fcn\u00fcnden ba\u015flayarak her hafta sonu s\u00fcrpriz parkurlar\u0131m\u0131zdan birisinde hem do\u011fa y\u00fcr\u00fcy\u00fc\u015f\u00fc yap\u0131p hem de varsa Kuzug\u00f6be\u011fiDaha fazlas\u0131n\u0131 oku","og_url":"https:\/\/anemontrekking.com\/?page_id=2635","og_site_name":"Anemon Trekking Spor Kulub\u00fc","article_publisher":"https:\/\/facebook.com\/anemontreking","article_modified_time":"2024-03-05T08:01:40+00:00","og_image":[{"url":"https:\/\/anemontrekking.com\/wp-content\/uploads\/2024\/03\/1-1024x1024.jpg","type":"","width":"","height":""}],"twitter_card":"summary_large_image","twitter_site":"@anemon_trekking","twitter_misc":{"Tahmini okuma s\u00fcresi":"2 dakika"},"schema":{"@context":"https:\/\/schema.org","@graph":[{"@type":"WebPage","@id":"https:\/\/anemontrekking.com\/?page_id=2635","url":"https:\/\/anemontrekking.com\/?page_id=2635","name":"KUZUG\u00d6BE\u011e\u0130 FEST\u0130VAL\u0130 - Anemon Trekking Spor Kulub\u00fc","isPartOf":{"@id":"https:\/\/anemontrekking.com\/#website"},"primaryImageOfPage":{"@id":"https:\/\/anemontrekking.com\/?page_id=2635#primaryimage"},"image":{"@id":"https:\/\/anemontrekking.com\/?page_id=2635#primaryimage"},"thumbnailUrl":"https:\/\/anemontrekking.com\/wp-content\/uploads\/2024\/03\/1-1024x1024.jpg","datePublished":"2024-03-05T08:00:17+00:00","dateModified":"2024-03-05T08:01:40+00:00","breadcrumb":{"@id":"https:\/\/anemontrekking.com\/?page_id=2635#breadcrumb"},"inLanguage":"tr","potentialAction":[{"@type":"ReadAction","target":["https:\/\/anemontrekking.com\/?page_id=2635"]}]},{"@type":"ImageObject","inLanguage":"tr","@id":"https:\/\/anemontrekking.com\/?page_id=2635#primaryimage","url":"https:\/\/anemontrekking.com\/wp-content\/uploads\/2024\/03\/1-1024x1024.jpg","contentUrl":"https:\/\/anemontrekking.com\/wp-content\/uploads\/2024\/03\/1-1024x1024.jpg"},{"@type":"BreadcrumbList","@id":"https:\/\/anemontrekking.com\/?page_id=2635#breadcrumb","itemListElement":[{"@type":"ListItem","position":1,"name":"Anasayfa","item":"https:\/\/anemontrekking.com\/"},{"@type":"ListItem","position":2,"name":"KUZUG\u00d6BE\u011e\u0130 FEST\u0130VAL\u0130"}]},{"@type":"WebSite","@id":"https:\/\/anemontrekking.com\/#website","url":"https:\/\/anemontrekking.com\/","name":"Anemon Trekking Spor Kulub\u00fc","description":"Da\u011fc\u0131l\u0131k, Trekking,Kamp\u00e7\u0131l\u0131k ve Do\u011fa Sporlar\u0131","publisher":{"@id":"https:\/\/anemontrekking.com\/#organization"},"potentialAction":[{"@type":"SearchAction","target":{"@type":"EntryPoint","urlTemplate":"https:\/\/anemontrekking.com\/?s={search_term_string}"},"query-input":{"@type":"PropertyValueSpecification","valueRequired":true,"valueName":"search_term_string"}}],"inLanguage":"tr"},{"@type":"Organization","@id":"https:\/\/anemontrekking.com\/#organization","name":"Anemon Trekking Spor Kulub\u00fc","url":"https:\/\/anemontrekking.com\/","logo":{"@type":"ImageObject","inLanguage":"tr","@id":"https:\/\/anemontrekking.com\/#\/schema\/logo\/image\/","url":"http:\/\/anemontrekking.com\/wp-content\/uploads\/2021\/02\/47292421_10156386216874652_1517111611498692608_n.jpg","contentUrl":"http:\/\/anemontrekking.com\/wp-content\/uploads\/2021\/02\/47292421_10156386216874652_1517111611498692608_n.jpg","width":960,"height":906,"caption":"Anemon Trekking Spor Kulub\u00fc"},"image":{"@id":"https:\/\/anemontrekking.com\/#\/schema\/logo\/image\/"},"sameAs":["https:\/\/facebook.com\/anemontreking","https:\/\/x.com\/anemon_trekking","https:\/\/www.instagram.com\/anemontreking\/"]}]}},"_links":{"self":[{"href":"https:\/\/anemontrekking.com\/index.php?rest_route=\/wp\/v2\/pages\/2635","targetHints":{"allow":["GET"]}}],"collection":[{"href":"https:\/\/anemontrekking.com\/index.php?rest_route=\/wp\/v2\/pages"}],"about":[{"href":"https:\/\/anemontrekking.com\/index.php?rest_route=\/wp\/v2\/types\/page"}],"author":[{"embeddable":true,"href":"https:\/\/anemontrekking.com\/index.php?rest_route=\/wp\/v2\/users\/1"}],"replies":[{"embeddable":true,"href":"https:\/\/anemontrekking.com\/index.php?rest_route=%2Fwp%2Fv2%2Fcomments&post=2635"}],"version-history":[{"count":2,"href":"https:\/\/anemontrekking.com\/index.php?rest_route=\/wp\/v2\/pages\/2635\/revisions"}],"predecessor-version":[{"id":2642,"href":"https:\/\/anemontrekking.com\/index.php?rest_route=\/wp\/v2\/pages\/2635\/revisions\/2642"}],"wp:attachment":[{"href":"https:\/\/anemontrekking.com\/index.php?rest_route=%2Fwp%2Fv2%2Fmedia&parent=2635"}],"curies":[{"name":"wp","href":"https:\/\/api.w.org\/{rel}","templated":true}]}}