{"id":2625,"date":"2024-02-27T10:08:41","date_gmt":"2024-02-27T07:08:41","guid":{"rendered":"https:\/\/anemontrekking.com\/?page_id=2625"},"modified":"2024-02-27T10:10:16","modified_gmt":"2024-02-27T07:10:16","slug":"turkmen-selalesi-karakuzu-kanyonu","status":"publish","type":"page","link":"https:\/\/anemontrekking.com\/?page_id=2625","title":{"rendered":"T\u00dcRKMEN \u015eELALES\u0130-KARAKUZU KANYONU"},"content":{"rendered":"\n<figure class=\"wp-block-image size-large\"><img loading=\"lazy\" decoding=\"async\" width=\"1024\" height=\"819\" src=\"https:\/\/anemontrekking.com\/wp-content\/uploads\/2024\/02\/WhatsApp-Gorsel-2024-02-26-saat-15.52.44_7f1fdf57-1024x819.jpg\" alt=\"\" class=\"wp-image-2626\" srcset=\"https:\/\/anemontrekking.com\/wp-content\/uploads\/2024\/02\/WhatsApp-Gorsel-2024-02-26-saat-15.52.44_7f1fdf57-1024x819.jpg 1024w, https:\/\/anemontrekking.com\/wp-content\/uploads\/2024\/02\/WhatsApp-Gorsel-2024-02-26-saat-15.52.44_7f1fdf57-300x240.jpg 300w, https:\/\/anemontrekking.com\/wp-content\/uploads\/2024\/02\/WhatsApp-Gorsel-2024-02-26-saat-15.52.44_7f1fdf57-768x614.jpg 768w, https:\/\/anemontrekking.com\/wp-content\/uploads\/2024\/02\/WhatsApp-Gorsel-2024-02-26-saat-15.52.44_7f1fdf57-1536x1229.jpg 1536w, https:\/\/anemontrekking.com\/wp-content\/uploads\/2024\/02\/WhatsApp-Gorsel-2024-02-26-saat-15.52.44_7f1fdf57.jpg 1600w\" sizes=\"auto, (max-width: 1024px) 100vw, 1024px\" \/><\/figure>\n\n\n\n<p>3 Mart 2024 Pazar g\u00fcn\u00fc sabah saat 07:00&#8217;de Manisa&#8217;dan T\u00fcrkmen k\u00f6y\u00fcne do\u011fru yola \u00e7\u0131kaca\u011f\u0131z. Sabah kahvalt\u0131m\u0131z\u0131 B\u00fcy\u00fcks\u00fcmb\u00fcller k\u00f6y\u00fcnde yapaca\u011f\u0131z. B\u00fcy\u00fcks\u00fcmb\u00fcller k\u00f6y\u00fcnden T\u00fcrkmen \u015eelalesi giri\u015fine kadar ara\u00e7la ge\u00e7ece\u011fiz. T\u00fcrkmen \u015eelalesinden ba\u015flayarak Karakuzu Kanyonuna patikalardan ula\u015faca\u011f\u0131z. \u0130lk \u00f6nce Medine&#8217;nin \u015earla\u011f\u0131n\u0131 g\u00f6rece\u011fiz. Daha sonra birbirinden g\u00fczel Karakuzu Kanyonu \u015eelale ve havuzlar\u0131n\u0131 g\u00f6rece\u011fiz. Toplam 13 km orta zorlukta ve sezonun en g\u00fczel faaliyetine herkesi bekliyoruz. <\/p>\n\n\n\n<div class=\"wp-block-columns is-layout-flex wp-container-core-columns-is-layout-9d6595d7 wp-block-columns-is-layout-flex\">\n<div class=\"wp-block-column is-layout-flow wp-block-column-is-layout-flow\">\n<figure class=\"wp-block-image size-large\"><a href=\"https:\/\/anemontrekking.com\/wp-content\/uploads\/2024\/02\/4.jpg\"><img loading=\"lazy\" decoding=\"async\" width=\"1080\" height=\"1080\" src=\"https:\/\/anemontrekking.com\/wp-content\/uploads\/2024\/02\/4-1024x1024.jpg\" alt=\"\" class=\"wp-image-2627\" srcset=\"https:\/\/anemontrekking.com\/wp-content\/uploads\/2024\/02\/4-1024x1024.jpg 1024w, https:\/\/anemontrekking.com\/wp-content\/uploads\/2024\/02\/4-300x300.jpg 300w, https:\/\/anemontrekking.com\/wp-content\/uploads\/2024\/02\/4-150x150.jpg 150w, https:\/\/anemontrekking.com\/wp-content\/uploads\/2024\/02\/4-768x768.jpg 768w, https:\/\/anemontrekking.com\/wp-content\/uploads\/2024\/02\/4.jpg 1080w\" sizes=\"auto, (max-width: 1080px) 100vw, 1080px\" \/><\/a><\/figure>\n<\/div>\n\n\n\n<div class=\"wp-block-column is-layout-flow wp-block-column-is-layout-flow\">\n<figure class=\"wp-block-image size-large\"><a href=\"https:\/\/anemontrekking.com\/wp-content\/uploads\/2024\/02\/5.jpg\"><img loading=\"lazy\" decoding=\"async\" width=\"1024\" height=\"1024\" src=\"https:\/\/anemontrekking.com\/wp-content\/uploads\/2024\/02\/5-1024x1024.jpg\" alt=\"\" class=\"wp-image-2628\" srcset=\"https:\/\/anemontrekking.com\/wp-content\/uploads\/2024\/02\/5-1024x1024.jpg 1024w, https:\/\/anemontrekking.com\/wp-content\/uploads\/2024\/02\/5-300x300.jpg 300w, https:\/\/anemontrekking.com\/wp-content\/uploads\/2024\/02\/5-150x150.jpg 150w, https:\/\/anemontrekking.com\/wp-content\/uploads\/2024\/02\/5-768x768.jpg 768w, https:\/\/anemontrekking.com\/wp-content\/uploads\/2024\/02\/5.jpg 1080w\" sizes=\"auto, (max-width: 1024px) 100vw, 1024px\" \/><\/a><\/figure>\n<\/div>\n\n\n\n<div class=\"wp-block-column is-layout-flow wp-block-column-is-layout-flow\">\n<figure class=\"wp-block-image size-large\"><a href=\"https:\/\/anemontrekking.com\/wp-content\/uploads\/2024\/02\/2.jpg\"><img loading=\"lazy\" decoding=\"async\" width=\"1024\" height=\"1024\" src=\"https:\/\/anemontrekking.com\/wp-content\/uploads\/2024\/02\/2-1024x1024.jpg\" alt=\"\" class=\"wp-image-2629\" srcset=\"https:\/\/anemontrekking.com\/wp-content\/uploads\/2024\/02\/2-1024x1024.jpg 1024w, https:\/\/anemontrekking.com\/wp-content\/uploads\/2024\/02\/2-300x300.jpg 300w, https:\/\/anemontrekking.com\/wp-content\/uploads\/2024\/02\/2-150x150.jpg 150w, https:\/\/anemontrekking.com\/wp-content\/uploads\/2024\/02\/2-768x768.jpg 768w, https:\/\/anemontrekking.com\/wp-content\/uploads\/2024\/02\/2.jpg 1080w\" sizes=\"auto, (max-width: 1024px) 100vw, 1024px\" \/><\/a><\/figure>\n<\/div>\n<\/div>\n\n\n\n<p>Faaliyete kat\u0131lmak ve \u00fcye olmak i\u00e7in l\u00fctfen 0 850 303 91 11 nolu hatt\u0131 arayarak m\u00fc\u015fteri hizmetleri ile ileti\u015fime ge\u00e7iniz. <\/p>\n","protected":false},"excerpt":{"rendered":"<div class=\"slide-text-bg2\">\n<h3>3 Mart 2024 Pazar g\u00fcn\u00fc sabah saat 07:00&#8217;de Manisa&#8217;dan T\u00fcrkmen k\u00f6y\u00fcne do\u011fru yola \u00e7\u0131kaca\u011f\u0131z. Sabah kahvalt\u0131m\u0131z\u0131 B\u00fcy\u00fcks\u00fcmb\u00fcller k\u00f6y\u00fcnde yapaca\u011f\u0131z. B\u00fcy\u00fcks\u00fcmb\u00fcller<\/h3>\n<\/div>\n<div class=\"flex-btn-div\"><a href=\"https:\/\/anemontrekking.com\/?page_id=2625\" class=\"btn1 flex-btn\">Daha fazlas\u0131n\u0131 oku<\/a><\/div>\n","protected":false},"author":1,"featured_media":0,"parent":0,"menu_order":0,"comment_status":"closed","ping_status":"closed","template":"","meta":{"ngg_post_thumbnail":0,"footnotes":""},"class_list":["post-2625","page","type-page","status-publish","hentry"],"yoast_head":"<!-- This site is optimized with the Yoast SEO plugin v26.3 - https:\/\/yoast.com\/wordpress\/plugins\/seo\/ -->\n<title>T\u00dcRKMEN \u015eELALES\u0130-KARAKUZU KANYONU - Anemon Trekking Spor Kulub\u00fc<\/title>\n<meta name=\"robots\" content=\"index, follow, max-snippet:-1, max-image-preview:large, max-video-preview:-1\" \/>\n<link rel=\"canonical\" href=\"https:\/\/anemontrekking.com\/?page_id=2625\" \/>\n<meta property=\"og:locale\" content=\"tr_TR\" \/>\n<meta property=\"og:type\" content=\"article\" \/>\n<meta property=\"og:title\" content=\"T\u00dcRKMEN \u015eELALES\u0130-KARAKUZU KANYONU - Anemon Trekking Spor Kulub\u00fc\" \/>\n<meta property=\"og:description\" content=\"3 Mart 2024 Pazar g\u00fcn\u00fc sabah saat 07:00&#8217;de Manisa&#8217;dan T\u00fcrkmen k\u00f6y\u00fcne do\u011fru yola \u00e7\u0131kaca\u011f\u0131z. Sabah kahvalt\u0131m\u0131z\u0131 B\u00fcy\u00fcks\u00fcmb\u00fcller k\u00f6y\u00fcnde yapaca\u011f\u0131z. B\u00fcy\u00fcks\u00fcmb\u00fcllerDaha fazlas\u0131n\u0131 oku\" \/>\n<meta property=\"og:url\" content=\"https:\/\/anemontrekking.com\/?page_id=2625\" \/>\n<meta property=\"og:site_name\" content=\"Anemon Trekking Spor Kulub\u00fc\" \/>\n<meta property=\"article:publisher\" content=\"https:\/\/facebook.com\/anemontreking\" \/>\n<meta property=\"article:modified_time\" content=\"2024-02-27T07:10:16+00:00\" \/>\n<meta property=\"og:image\" content=\"https:\/\/anemontrekking.com\/wp-content\/uploads\/2024\/02\/WhatsApp-Gorsel-2024-02-26-saat-15.52.44_7f1fdf57-1024x819.jpg\" \/>\n<meta name=\"twitter:card\" content=\"summary_large_image\" \/>\n<meta name=\"twitter:site\" content=\"@anemon_trekking\" \/>\n<meta name=\"twitter:label1\" content=\"Tahmini okuma s\u00fcresi\" \/>\n\t<meta name=\"twitter:data1\" content=\"2 dakika\" \/>\n<script type=\"application\/ld+json\" class=\"yoast-schema-graph\">{\"@context\":\"https:\/\/schema.org\",\"@graph\":[{\"@type\":\"WebPage\",\"@id\":\"https:\/\/anemontrekking.com\/?page_id=2625\",\"url\":\"https:\/\/anemontrekking.com\/?page_id=2625\",\"name\":\"T\u00dcRKMEN \u015eELALES\u0130-KARAKUZU KANYONU - Anemon Trekking Spor Kulub\u00fc\",\"isPartOf\":{\"@id\":\"https:\/\/anemontrekking.com\/#website\"},\"primaryImageOfPage\":{\"@id\":\"https:\/\/anemontrekking.com\/?page_id=2625#primaryimage\"},\"image\":{\"@id\":\"https:\/\/anemontrekking.com\/?page_id=2625#primaryimage\"},\"thumbnailUrl\":\"https:\/\/anemontrekking.com\/wp-content\/uploads\/2024\/02\/WhatsApp-Gorsel-2024-02-26-saat-15.52.44_7f1fdf57-1024x819.jpg\",\"datePublished\":\"2024-02-27T07:08:41+00:00\",\"dateModified\":\"2024-02-27T07:10:16+00:00\",\"breadcrumb\":{\"@id\":\"https:\/\/anemontrekking.com\/?page_id=2625#breadcrumb\"},\"inLanguage\":\"tr\",\"potentialAction\":[{\"@type\":\"ReadAction\",\"target\":[\"https:\/\/anemontrekking.com\/?page_id=2625\"]}]},{\"@type\":\"ImageObject\",\"inLanguage\":\"tr\",\"@id\":\"https:\/\/anemontrekking.com\/?page_id=2625#primaryimage\",\"url\":\"https:\/\/anemontrekking.com\/wp-content\/uploads\/2024\/02\/WhatsApp-Gorsel-2024-02-26-saat-15.52.44_7f1fdf57-1024x819.jpg\",\"contentUrl\":\"https:\/\/anemontrekking.com\/wp-content\/uploads\/2024\/02\/WhatsApp-Gorsel-2024-02-26-saat-15.52.44_7f1fdf57-1024x819.jpg\"},{\"@type\":\"BreadcrumbList\",\"@id\":\"https:\/\/anemontrekking.com\/?page_id=2625#breadcrumb\",\"itemListElement\":[{\"@type\":\"ListItem\",\"position\":1,\"name\":\"Anasayfa\",\"item\":\"https:\/\/anemontrekking.com\/\"},{\"@type\":\"ListItem\",\"position\":2,\"name\":\"T\u00dcRKMEN \u015eELALES\u0130-KARAKUZU KANYONU\"}]},{\"@type\":\"WebSite\",\"@id\":\"https:\/\/anemontrekking.com\/#website\",\"url\":\"https:\/\/anemontrekking.com\/\",\"name\":\"Anemon Trekking Spor Kulub\u00fc\",\"description\":\"Da\u011fc\u0131l\u0131k, Trekking,Kamp\u00e7\u0131l\u0131k ve Do\u011fa Sporlar\u0131\",\"publisher\":{\"@id\":\"https:\/\/anemontrekking.com\/#organization\"},\"potentialAction\":[{\"@type\":\"SearchAction\",\"target\":{\"@type\":\"EntryPoint\",\"urlTemplate\":\"https:\/\/anemontrekking.com\/?s={search_term_string}\"},\"query-input\":{\"@type\":\"PropertyValueSpecification\",\"valueRequired\":true,\"valueName\":\"search_term_string\"}}],\"inLanguage\":\"tr\"},{\"@type\":\"Organization\",\"@id\":\"https:\/\/anemontrekking.com\/#organization\",\"name\":\"Anemon Trekking Spor Kulub\u00fc\",\"url\":\"https:\/\/anemontrekking.com\/\",\"logo\":{\"@type\":\"ImageObject\",\"inLanguage\":\"tr\",\"@id\":\"https:\/\/anemontrekking.com\/#\/schema\/logo\/image\/\",\"url\":\"http:\/\/anemontrekking.com\/wp-content\/uploads\/2021\/02\/47292421_10156386216874652_1517111611498692608_n.jpg\",\"contentUrl\":\"http:\/\/anemontrekking.com\/wp-content\/uploads\/2021\/02\/47292421_10156386216874652_1517111611498692608_n.jpg\",\"width\":960,\"height\":906,\"caption\":\"Anemon Trekking Spor Kulub\u00fc\"},\"image\":{\"@id\":\"https:\/\/anemontrekking.com\/#\/schema\/logo\/image\/\"},\"sameAs\":[\"https:\/\/facebook.com\/anemontreking\",\"https:\/\/x.com\/anemon_trekking\",\"https:\/\/www.instagram.com\/anemontreking\/\"]}]}<\/script>\n<!-- \/ Yoast SEO plugin. -->","yoast_head_json":{"title":"T\u00dcRKMEN \u015eELALES\u0130-KARAKUZU KANYONU - Anemon Trekking Spor Kulub\u00fc","robots":{"index":"index","follow":"follow","max-snippet":"max-snippet:-1","max-image-preview":"max-image-preview:large","max-video-preview":"max-video-preview:-1"},"canonical":"https:\/\/anemontrekking.com\/?page_id=2625","og_locale":"tr_TR","og_type":"article","og_title":"T\u00dcRKMEN \u015eELALES\u0130-KARAKUZU KANYONU - Anemon Trekking Spor Kulub\u00fc","og_description":"3 Mart 2024 Pazar g\u00fcn\u00fc sabah saat 07:00&#8217;de Manisa&#8217;dan T\u00fcrkmen k\u00f6y\u00fcne do\u011fru yola \u00e7\u0131kaca\u011f\u0131z. Sabah kahvalt\u0131m\u0131z\u0131 B\u00fcy\u00fcks\u00fcmb\u00fcller k\u00f6y\u00fcnde yapaca\u011f\u0131z. B\u00fcy\u00fcks\u00fcmb\u00fcllerDaha fazlas\u0131n\u0131 oku","og_url":"https:\/\/anemontrekking.com\/?page_id=2625","og_site_name":"Anemon Trekking Spor Kulub\u00fc","article_publisher":"https:\/\/facebook.com\/anemontreking","article_modified_time":"2024-02-27T07:10:16+00:00","og_image":[{"url":"https:\/\/anemontrekking.com\/wp-content\/uploads\/2024\/02\/WhatsApp-Gorsel-2024-02-26-saat-15.52.44_7f1fdf57-1024x819.jpg","type":"","width":"","height":""}],"twitter_card":"summary_large_image","twitter_site":"@anemon_trekking","twitter_misc":{"Tahmini okuma s\u00fcresi":"2 dakika"},"schema":{"@context":"https:\/\/schema.org","@graph":[{"@type":"WebPage","@id":"https:\/\/anemontrekking.com\/?page_id=2625","url":"https:\/\/anemontrekking.com\/?page_id=2625","name":"T\u00dcRKMEN \u015eELALES\u0130-KARAKUZU KANYONU - Anemon Trekking Spor Kulub\u00fc","isPartOf":{"@id":"https:\/\/anemontrekking.com\/#website"},"primaryImageOfPage":{"@id":"https:\/\/anemontrekking.com\/?page_id=2625#primaryimage"},"image":{"@id":"https:\/\/anemontrekking.com\/?page_id=2625#primaryimage"},"thumbnailUrl":"https:\/\/anemontrekking.com\/wp-content\/uploads\/2024\/02\/WhatsApp-Gorsel-2024-02-26-saat-15.52.44_7f1fdf57-1024x819.jpg","datePublished":"2024-02-27T07:08:41+00:00","dateModified":"2024-02-27T07:10:16+00:00","breadcrumb":{"@id":"https:\/\/anemontrekking.com\/?page_id=2625#breadcrumb"},"inLanguage":"tr","potentialAction":[{"@type":"ReadAction","target":["https:\/\/anemontrekking.com\/?page_id=2625"]}]},{"@type":"ImageObject","inLanguage":"tr","@id":"https:\/\/anemontrekking.com\/?page_id=2625#primaryimage","url":"https:\/\/anemontrekking.com\/wp-content\/uploads\/2024\/02\/WhatsApp-Gorsel-2024-02-26-saat-15.52.44_7f1fdf57-1024x819.jpg","contentUrl":"https:\/\/anemontrekking.com\/wp-content\/uploads\/2024\/02\/WhatsApp-Gorsel-2024-02-26-saat-15.52.44_7f1fdf57-1024x819.jpg"},{"@type":"BreadcrumbList","@id":"https:\/\/anemontrekking.com\/?page_id=2625#breadcrumb","itemListElement":[{"@type":"ListItem","position":1,"name":"Anasayfa","item":"https:\/\/anemontrekking.com\/"},{"@type":"ListItem","position":2,"name":"T\u00dcRKMEN \u015eELALES\u0130-KARAKUZU KANYONU"}]},{"@type":"WebSite","@id":"https:\/\/anemontrekking.com\/#website","url":"https:\/\/anemontrekking.com\/","name":"Anemon Trekking Spor Kulub\u00fc","description":"Da\u011fc\u0131l\u0131k, Trekking,Kamp\u00e7\u0131l\u0131k ve Do\u011fa Sporlar\u0131","publisher":{"@id":"https:\/\/anemontrekking.com\/#organization"},"potentialAction":[{"@type":"SearchAction","target":{"@type":"EntryPoint","urlTemplate":"https:\/\/anemontrekking.com\/?s={search_term_string}"},"query-input":{"@type":"PropertyValueSpecification","valueRequired":true,"valueName":"search_term_string"}}],"inLanguage":"tr"},{"@type":"Organization","@id":"https:\/\/anemontrekking.com\/#organization","name":"Anemon Trekking Spor Kulub\u00fc","url":"https:\/\/anemontrekking.com\/","logo":{"@type":"ImageObject","inLanguage":"tr","@id":"https:\/\/anemontrekking.com\/#\/schema\/logo\/image\/","url":"http:\/\/anemontrekking.com\/wp-content\/uploads\/2021\/02\/47292421_10156386216874652_1517111611498692608_n.jpg","contentUrl":"http:\/\/anemontrekking.com\/wp-content\/uploads\/2021\/02\/47292421_10156386216874652_1517111611498692608_n.jpg","width":960,"height":906,"caption":"Anemon Trekking Spor Kulub\u00fc"},"image":{"@id":"https:\/\/anemontrekking.com\/#\/schema\/logo\/image\/"},"sameAs":["https:\/\/facebook.com\/anemontreking","https:\/\/x.com\/anemon_trekking","https:\/\/www.instagram.com\/anemontreking\/"]}]}},"_links":{"self":[{"href":"https:\/\/anemontrekking.com\/index.php?rest_route=\/wp\/v2\/pages\/2625","targetHints":{"allow":["GET"]}}],"collection":[{"href":"https:\/\/anemontrekking.com\/index.php?rest_route=\/wp\/v2\/pages"}],"about":[{"href":"https:\/\/anemontrekking.com\/index.php?rest_route=\/wp\/v2\/types\/page"}],"author":[{"embeddable":true,"href":"https:\/\/anemontrekking.com\/index.php?rest_route=\/wp\/v2\/users\/1"}],"replies":[{"embeddable":true,"href":"https:\/\/anemontrekking.com\/index.php?rest_route=%2Fwp%2Fv2%2Fcomments&post=2625"}],"version-history":[{"count":3,"href":"https:\/\/anemontrekking.com\/index.php?rest_route=\/wp\/v2\/pages\/2625\/revisions"}],"predecessor-version":[{"id":2633,"href":"https:\/\/anemontrekking.com\/index.php?rest_route=\/wp\/v2\/pages\/2625\/revisions\/2633"}],"wp:attachment":[{"href":"https:\/\/anemontrekking.com\/index.php?rest_route=%2Fwp%2Fv2%2Fmedia&parent=2625"}],"curies":[{"name":"wp","href":"https:\/\/api.w.org\/{rel}","templated":true}]}}