{"id":2474,"date":"2024-01-09T17:17:18","date_gmt":"2024-01-09T14:17:18","guid":{"rendered":"https:\/\/anemontrekking.com\/?page_id=2474"},"modified":"2024-01-09T17:17:19","modified_gmt":"2024-01-09T14:17:19","slug":"yunt-dagi-golleri","status":"publish","type":"page","link":"https:\/\/anemontrekking.com\/?page_id=2474","title":{"rendered":"YUNT DA\u011eI G\u00d6LLER\u0130"},"content":{"rendered":"\n<figure class=\"wp-block-image size-large\"><img loading=\"lazy\" decoding=\"async\" width=\"1024\" height=\"1024\" src=\"https:\/\/anemontrekking.com\/wp-content\/uploads\/2024\/01\/Yunt-Dagi-Golleri-1024x1024.jpg\" alt=\"\" class=\"wp-image-2475\" srcset=\"https:\/\/anemontrekking.com\/wp-content\/uploads\/2024\/01\/Yunt-Dagi-Golleri-1024x1024.jpg 1024w, https:\/\/anemontrekking.com\/wp-content\/uploads\/2024\/01\/Yunt-Dagi-Golleri-300x300.jpg 300w, https:\/\/anemontrekking.com\/wp-content\/uploads\/2024\/01\/Yunt-Dagi-Golleri-150x150.jpg 150w, https:\/\/anemontrekking.com\/wp-content\/uploads\/2024\/01\/Yunt-Dagi-Golleri-768x768.jpg 768w, https:\/\/anemontrekking.com\/wp-content\/uploads\/2024\/01\/Yunt-Dagi-Golleri.jpg 1080w\" sizes=\"auto, (max-width: 1024px) 100vw, 1024px\" \/><\/figure>\n\n\n\n<p>14 Ocak 2024 Pazar g\u00fcn\u00fc y\u0131l\u0131n ikinci etkinli\u011fini Yunt Da\u011flar\u0131 Osmancal\u0131 k\u00f6y\u00fc yak\u0131nlar\u0131ndaki Siyekli Baraj\u0131 ve g\u00f6lleri etraf\u0131nda yapaca\u011f\u0131z. E\u011fimi olmayan orman yollar\u0131ndan ve orman i\u00e7inden 10-15 km civar\u0131nda gurubun performans\u0131na g\u00f6re y\u00fcr\u00fcy\u00fc\u015f yapaca\u011f\u0131z. Sabah kahvalt\u0131m\u0131z\u0131 B\u00fcy\u00fcks\u00fcmb\u00fcller k\u00f6y\u00fcnde yapaca\u011f\u0131z. Yeni y\u00fcr\u00fcy\u00fc\u015fe ba\u015flayacaklar i\u00e7in uygun bir parkurdur. <\/p>\n\n\n\n<p>\u23f0Hareket yeri ve saati:<\/p>\n\n\n\n<p>07:00 H\u00fck\u00fcmet \u00f6n\u00fc<br>07:15 Ulupark Akbank<br>07:20 Malta Park\u0131<br>07:25 Magnesia Avm<br>07:30 5M Migros<\/p>\n\n\n\n<p>\ud83d\uddd3 12 Ocak ak\u015fam\u0131na kadar kat\u0131l\u0131m bilginizi a\u015fa\u011f\u0131daki telefon numaralar\u0131na bildiriniz.<\/p>\n\n\n\n<p>\u2139\ufe0f B\u0130LG\u0130 VE REZERVASYON<br>\u27a1\ufe0f Anemon Trekking Whatsapp Hatt\u0131<br>\u260e\ufe0f 0(850) 303 91 11<\/p>\n\n\n\n<p>\u23f3L\u00fctfen 15 dakika \u00f6nce duraklarda olunuz.<\/p>\n\n\n\n<p><strong>\u00dcYE OLMAK<\/strong>, <strong>KAYIT ve B\u0130LG\u0130 \u0130\u00c7\u0130N :<\/strong><br>Anemon Trekking Whatsap Hatt\u0131 : 0-850-303 91 11 numaral\u0131 telefondan irtibata ge\u00e7ebilirsiniz.<\/p>\n\n\n\n<p><strong>NOT :<\/strong><br>Programda de\u011fi\u015fiklikler ve sarkmalar olabilir. Faaliyet esnas\u0131nda parkurda ayarlama yap\u0131labilir.<\/p>\n\n\n\n<p><strong>ULA\u015eIM :<\/strong><br><strong>Kat\u0131l\u0131m 15 ki\u015fiyi ge\u00e7mesi halinde minib\u00fcs veya otob\u00fcs tutulacakt\u0131r.<\/strong>&nbsp;Ara\u00e7 \u00fccreti kat\u0131l\u0131mc\u0131 say\u0131s\u0131na g\u00f6re netle\u015fecektir.<\/p>\n\n\n\n<p><strong>Kat\u0131l\u0131m say\u0131s\u0131 15 ki\u015fi alt\u0131nda olmas\u0131 durumunda kendi ara\u00e7lar\u0131m\u0131z ile gidece\u011fiz.<\/strong>&nbsp;Kendi arac\u0131 olmayanlar bindikleri ki\u015finin arac\u0131na uygun bir \u00fccret \u00f6deyecektir. (Ki\u015fiba\u015f\u0131 ikiy\u00fczlira)<\/p>\n\n\n\n<p>Anemon Trekking Whatsap Duyuru Gurubuna \u00fcye olarak bundan sonraki etkinliklerimizden haberdar olmak i\u00e7in<br>WHATSAP \u0130\u00c7\u0130N&nbsp;<a href=\"https:\/\/l.facebook.com\/l.php?u=https%3A%2F%2Fchat.whatsapp.com%2FEstLmUsfztaBqgDSmO8fPZ%3Ffbclid%3DIwAR0sDHYHloBbI78PY_2r3eBZZPvlTiB1ugh80AF5BYjPBtWiXmRxqz_hr6w&amp;h=AT1yFYtc0OgYQeD6uxJI07qa5amrHRjejQtsZhS16ym_4zfnoUqn4QTh-izh90lmC2xKb4z6PDbOgr7j__LP16wm89H6pEuKAWNA-_IZ5hjPCZHjdnD3MoTgh7V-MmkG&amp;__tn__=q&amp;c[0]=AT0pxQ85jpasBZy2aucmM8UYMpnhWXT-NCy483Xy6r_sLFuYjKV1x6rE8vK-9hpb4v5eC9A1E4z4xCNGUFejaq6NJ3loQ0UKauMZCTIZcvWMW5HDgPKEgj4ZZta3520x5AkX8gD2vjbzH2m2qdGgGGRE\" target=\"_blank\" rel=\"noreferrer noopener\">https:\/\/chat.whatsapp.com\/EstLmUsfztaBqgDSmO8fPZ<\/a><br>TELEGRAM \u0130\u00c7\u0130N<a href=\"https:\/\/t.me\/anemontrekking?fbclid=IwAR105Us33vm973055gLPwgsM6ajaRDfV_lRQV-qxGJ7H-OjD25317-3xupU\" target=\"_blank\" rel=\"noreferrer noopener\">&nbsp;https:\/\/t.me\/anemontrekking<\/a><\/p>\n\n\n\n<p><br><a href=\"https:\/\/www.instagram.com\/explore\/tags\/do%C4%9Fay%C3%BCr%C3%BCy%C3%BC%C5%9F%C3%BC\/\">#do\u011fay\u00fcr\u00fcy\u00fc\u015f\u00fc<\/a>\u00a0<a href=\"https:\/\/www.instagram.com\/explore\/tags\/hiking\/\">#hiking\u00a0<\/a><a href=\"https:\/\/www.instagram.com\/explore\/tags\/trekking\/\">#trekking\u00a0<\/a><a href=\"https:\/\/www.instagram.com\/explore\/tags\/da%C4%9Fc%C4%B1l%C4%B1k\/\">#da\u011fc\u0131l\u0131k\u00a0<\/a><a href=\"https:\/\/www.instagram.com\/explore\/tags\/manisada%C4%9Fc%C4%B1l%C4%B1k\/\">#manisada\u011fc\u0131l\u0131k\u00a0<\/a><a href=\"https:\/\/www.instagram.com\/explore\/tags\/spilda%C4%9F%C4%B1\/\">#spilda\u011f\u0131\u00a0<\/a><a href=\"https:\/\/www.instagram.com\/explore\/tags\/anemontrekking\/\">#anemontrekking\u00a0<\/a><a href=\"https:\/\/www.instagram.com\/explore\/tags\/nature\/\">#nature\u00a0<\/a><a href=\"https:\/\/www.instagram.com\/explore\/tags\/natural\/\">#natural\u00a0<\/a><a href=\"https:\/\/www.instagram.com\/explore\/tags\/gezi\/\">#gezi<\/a>\u00a0#yuntda\u011f\u0131 #osmancal\u0131 <\/p>\n","protected":false},"excerpt":{"rendered":"<div class=\"slide-text-bg2\">\n<h3>14 Ocak 2024 Pazar g\u00fcn\u00fc y\u0131l\u0131n ikinci etkinli\u011fini Yunt Da\u011flar\u0131 Osmancal\u0131 k\u00f6y\u00fc yak\u0131nlar\u0131ndaki Siyekli Baraj\u0131 ve g\u00f6lleri etraf\u0131nda yapaca\u011f\u0131z. E\u011fimi<\/h3>\n<\/div>\n<div class=\"flex-btn-div\"><a href=\"https:\/\/anemontrekking.com\/?page_id=2474\" class=\"btn1 flex-btn\">Daha fazlas\u0131n\u0131 oku<\/a><\/div>\n","protected":false},"author":1,"featured_media":0,"parent":0,"menu_order":0,"comment_status":"closed","ping_status":"closed","template":"","meta":{"ngg_post_thumbnail":0,"footnotes":""},"class_list":["post-2474","page","type-page","status-publish","hentry"],"yoast_head":"<!-- This site is optimized with the Yoast SEO plugin v26.3 - https:\/\/yoast.com\/wordpress\/plugins\/seo\/ -->\n<title>YUNT DA\u011eI G\u00d6LLER\u0130 - Anemon Trekking Spor Kulub\u00fc<\/title>\n<meta name=\"robots\" content=\"index, follow, max-snippet:-1, max-image-preview:large, max-video-preview:-1\" \/>\n<link rel=\"canonical\" href=\"https:\/\/anemontrekking.com\/?page_id=2474\" \/>\n<meta property=\"og:locale\" content=\"tr_TR\" \/>\n<meta property=\"og:type\" content=\"article\" \/>\n<meta property=\"og:title\" content=\"YUNT DA\u011eI G\u00d6LLER\u0130 - Anemon Trekking Spor Kulub\u00fc\" \/>\n<meta property=\"og:description\" content=\"14 Ocak 2024 Pazar g\u00fcn\u00fc y\u0131l\u0131n ikinci etkinli\u011fini Yunt Da\u011flar\u0131 Osmancal\u0131 k\u00f6y\u00fc yak\u0131nlar\u0131ndaki Siyekli Baraj\u0131 ve g\u00f6lleri etraf\u0131nda yapaca\u011f\u0131z. E\u011fimiDaha fazlas\u0131n\u0131 oku\" \/>\n<meta property=\"og:url\" content=\"https:\/\/anemontrekking.com\/?page_id=2474\" \/>\n<meta property=\"og:site_name\" content=\"Anemon Trekking Spor Kulub\u00fc\" \/>\n<meta property=\"article:publisher\" content=\"https:\/\/facebook.com\/anemontreking\" \/>\n<meta property=\"article:modified_time\" content=\"2024-01-09T14:17:19+00:00\" \/>\n<meta property=\"og:image\" content=\"https:\/\/anemontrekking.com\/wp-content\/uploads\/2024\/01\/Yunt-Dagi-Golleri-1024x1024.jpg\" \/>\n<meta name=\"twitter:card\" content=\"summary_large_image\" \/>\n<meta name=\"twitter:site\" content=\"@anemon_trekking\" \/>\n<meta name=\"twitter:label1\" content=\"Tahmini okuma s\u00fcresi\" \/>\n\t<meta name=\"twitter:data1\" content=\"2 dakika\" \/>\n<script type=\"application\/ld+json\" class=\"yoast-schema-graph\">{\"@context\":\"https:\/\/schema.org\",\"@graph\":[{\"@type\":\"WebPage\",\"@id\":\"https:\/\/anemontrekking.com\/?page_id=2474\",\"url\":\"https:\/\/anemontrekking.com\/?page_id=2474\",\"name\":\"YUNT DA\u011eI G\u00d6LLER\u0130 - Anemon Trekking Spor Kulub\u00fc\",\"isPartOf\":{\"@id\":\"https:\/\/anemontrekking.com\/#website\"},\"primaryImageOfPage\":{\"@id\":\"https:\/\/anemontrekking.com\/?page_id=2474#primaryimage\"},\"image\":{\"@id\":\"https:\/\/anemontrekking.com\/?page_id=2474#primaryimage\"},\"thumbnailUrl\":\"https:\/\/anemontrekking.com\/wp-content\/uploads\/2024\/01\/Yunt-Dagi-Golleri-1024x1024.jpg\",\"datePublished\":\"2024-01-09T14:17:18+00:00\",\"dateModified\":\"2024-01-09T14:17:19+00:00\",\"breadcrumb\":{\"@id\":\"https:\/\/anemontrekking.com\/?page_id=2474#breadcrumb\"},\"inLanguage\":\"tr\",\"potentialAction\":[{\"@type\":\"ReadAction\",\"target\":[\"https:\/\/anemontrekking.com\/?page_id=2474\"]}]},{\"@type\":\"ImageObject\",\"inLanguage\":\"tr\",\"@id\":\"https:\/\/anemontrekking.com\/?page_id=2474#primaryimage\",\"url\":\"https:\/\/anemontrekking.com\/wp-content\/uploads\/2024\/01\/Yunt-Dagi-Golleri-1024x1024.jpg\",\"contentUrl\":\"https:\/\/anemontrekking.com\/wp-content\/uploads\/2024\/01\/Yunt-Dagi-Golleri-1024x1024.jpg\"},{\"@type\":\"BreadcrumbList\",\"@id\":\"https:\/\/anemontrekking.com\/?page_id=2474#breadcrumb\",\"itemListElement\":[{\"@type\":\"ListItem\",\"position\":1,\"name\":\"Anasayfa\",\"item\":\"https:\/\/anemontrekking.com\/\"},{\"@type\":\"ListItem\",\"position\":2,\"name\":\"YUNT DA\u011eI G\u00d6LLER\u0130\"}]},{\"@type\":\"WebSite\",\"@id\":\"https:\/\/anemontrekking.com\/#website\",\"url\":\"https:\/\/anemontrekking.com\/\",\"name\":\"Anemon Trekking Spor Kulub\u00fc\",\"description\":\"Da\u011fc\u0131l\u0131k, Trekking,Kamp\u00e7\u0131l\u0131k ve Do\u011fa Sporlar\u0131\",\"publisher\":{\"@id\":\"https:\/\/anemontrekking.com\/#organization\"},\"potentialAction\":[{\"@type\":\"SearchAction\",\"target\":{\"@type\":\"EntryPoint\",\"urlTemplate\":\"https:\/\/anemontrekking.com\/?s={search_term_string}\"},\"query-input\":{\"@type\":\"PropertyValueSpecification\",\"valueRequired\":true,\"valueName\":\"search_term_string\"}}],\"inLanguage\":\"tr\"},{\"@type\":\"Organization\",\"@id\":\"https:\/\/anemontrekking.com\/#organization\",\"name\":\"Anemon Trekking Spor Kulub\u00fc\",\"url\":\"https:\/\/anemontrekking.com\/\",\"logo\":{\"@type\":\"ImageObject\",\"inLanguage\":\"tr\",\"@id\":\"https:\/\/anemontrekking.com\/#\/schema\/logo\/image\/\",\"url\":\"http:\/\/anemontrekking.com\/wp-content\/uploads\/2021\/02\/47292421_10156386216874652_1517111611498692608_n.jpg\",\"contentUrl\":\"http:\/\/anemontrekking.com\/wp-content\/uploads\/2021\/02\/47292421_10156386216874652_1517111611498692608_n.jpg\",\"width\":960,\"height\":906,\"caption\":\"Anemon Trekking Spor Kulub\u00fc\"},\"image\":{\"@id\":\"https:\/\/anemontrekking.com\/#\/schema\/logo\/image\/\"},\"sameAs\":[\"https:\/\/facebook.com\/anemontreking\",\"https:\/\/x.com\/anemon_trekking\",\"https:\/\/www.instagram.com\/anemontreking\/\"]}]}<\/script>\n<!-- \/ Yoast SEO plugin. -->","yoast_head_json":{"title":"YUNT DA\u011eI G\u00d6LLER\u0130 - Anemon Trekking Spor Kulub\u00fc","robots":{"index":"index","follow":"follow","max-snippet":"max-snippet:-1","max-image-preview":"max-image-preview:large","max-video-preview":"max-video-preview:-1"},"canonical":"https:\/\/anemontrekking.com\/?page_id=2474","og_locale":"tr_TR","og_type":"article","og_title":"YUNT DA\u011eI G\u00d6LLER\u0130 - Anemon Trekking Spor Kulub\u00fc","og_description":"14 Ocak 2024 Pazar g\u00fcn\u00fc y\u0131l\u0131n ikinci etkinli\u011fini Yunt Da\u011flar\u0131 Osmancal\u0131 k\u00f6y\u00fc yak\u0131nlar\u0131ndaki Siyekli Baraj\u0131 ve g\u00f6lleri etraf\u0131nda yapaca\u011f\u0131z. E\u011fimiDaha fazlas\u0131n\u0131 oku","og_url":"https:\/\/anemontrekking.com\/?page_id=2474","og_site_name":"Anemon Trekking Spor Kulub\u00fc","article_publisher":"https:\/\/facebook.com\/anemontreking","article_modified_time":"2024-01-09T14:17:19+00:00","og_image":[{"url":"https:\/\/anemontrekking.com\/wp-content\/uploads\/2024\/01\/Yunt-Dagi-Golleri-1024x1024.jpg","type":"","width":"","height":""}],"twitter_card":"summary_large_image","twitter_site":"@anemon_trekking","twitter_misc":{"Tahmini okuma s\u00fcresi":"2 dakika"},"schema":{"@context":"https:\/\/schema.org","@graph":[{"@type":"WebPage","@id":"https:\/\/anemontrekking.com\/?page_id=2474","url":"https:\/\/anemontrekking.com\/?page_id=2474","name":"YUNT DA\u011eI G\u00d6LLER\u0130 - Anemon Trekking Spor Kulub\u00fc","isPartOf":{"@id":"https:\/\/anemontrekking.com\/#website"},"primaryImageOfPage":{"@id":"https:\/\/anemontrekking.com\/?page_id=2474#primaryimage"},"image":{"@id":"https:\/\/anemontrekking.com\/?page_id=2474#primaryimage"},"thumbnailUrl":"https:\/\/anemontrekking.com\/wp-content\/uploads\/2024\/01\/Yunt-Dagi-Golleri-1024x1024.jpg","datePublished":"2024-01-09T14:17:18+00:00","dateModified":"2024-01-09T14:17:19+00:00","breadcrumb":{"@id":"https:\/\/anemontrekking.com\/?page_id=2474#breadcrumb"},"inLanguage":"tr","potentialAction":[{"@type":"ReadAction","target":["https:\/\/anemontrekking.com\/?page_id=2474"]}]},{"@type":"ImageObject","inLanguage":"tr","@id":"https:\/\/anemontrekking.com\/?page_id=2474#primaryimage","url":"https:\/\/anemontrekking.com\/wp-content\/uploads\/2024\/01\/Yunt-Dagi-Golleri-1024x1024.jpg","contentUrl":"https:\/\/anemontrekking.com\/wp-content\/uploads\/2024\/01\/Yunt-Dagi-Golleri-1024x1024.jpg"},{"@type":"BreadcrumbList","@id":"https:\/\/anemontrekking.com\/?page_id=2474#breadcrumb","itemListElement":[{"@type":"ListItem","position":1,"name":"Anasayfa","item":"https:\/\/anemontrekking.com\/"},{"@type":"ListItem","position":2,"name":"YUNT DA\u011eI G\u00d6LLER\u0130"}]},{"@type":"WebSite","@id":"https:\/\/anemontrekking.com\/#website","url":"https:\/\/anemontrekking.com\/","name":"Anemon Trekking Spor Kulub\u00fc","description":"Da\u011fc\u0131l\u0131k, Trekking,Kamp\u00e7\u0131l\u0131k ve Do\u011fa Sporlar\u0131","publisher":{"@id":"https:\/\/anemontrekking.com\/#organization"},"potentialAction":[{"@type":"SearchAction","target":{"@type":"EntryPoint","urlTemplate":"https:\/\/anemontrekking.com\/?s={search_term_string}"},"query-input":{"@type":"PropertyValueSpecification","valueRequired":true,"valueName":"search_term_string"}}],"inLanguage":"tr"},{"@type":"Organization","@id":"https:\/\/anemontrekking.com\/#organization","name":"Anemon Trekking Spor Kulub\u00fc","url":"https:\/\/anemontrekking.com\/","logo":{"@type":"ImageObject","inLanguage":"tr","@id":"https:\/\/anemontrekking.com\/#\/schema\/logo\/image\/","url":"http:\/\/anemontrekking.com\/wp-content\/uploads\/2021\/02\/47292421_10156386216874652_1517111611498692608_n.jpg","contentUrl":"http:\/\/anemontrekking.com\/wp-content\/uploads\/2021\/02\/47292421_10156386216874652_1517111611498692608_n.jpg","width":960,"height":906,"caption":"Anemon Trekking Spor Kulub\u00fc"},"image":{"@id":"https:\/\/anemontrekking.com\/#\/schema\/logo\/image\/"},"sameAs":["https:\/\/facebook.com\/anemontreking","https:\/\/x.com\/anemon_trekking","https:\/\/www.instagram.com\/anemontreking\/"]}]}},"_links":{"self":[{"href":"https:\/\/anemontrekking.com\/index.php?rest_route=\/wp\/v2\/pages\/2474","targetHints":{"allow":["GET"]}}],"collection":[{"href":"https:\/\/anemontrekking.com\/index.php?rest_route=\/wp\/v2\/pages"}],"about":[{"href":"https:\/\/anemontrekking.com\/index.php?rest_route=\/wp\/v2\/types\/page"}],"author":[{"embeddable":true,"href":"https:\/\/anemontrekking.com\/index.php?rest_route=\/wp\/v2\/users\/1"}],"replies":[{"embeddable":true,"href":"https:\/\/anemontrekking.com\/index.php?rest_route=%2Fwp%2Fv2%2Fcomments&post=2474"}],"version-history":[{"count":1,"href":"https:\/\/anemontrekking.com\/index.php?rest_route=\/wp\/v2\/pages\/2474\/revisions"}],"predecessor-version":[{"id":2476,"href":"https:\/\/anemontrekking.com\/index.php?rest_route=\/wp\/v2\/pages\/2474\/revisions\/2476"}],"wp:attachment":[{"href":"https:\/\/anemontrekking.com\/index.php?rest_route=%2Fwp%2Fv2%2Fmedia&parent=2474"}],"curies":[{"name":"wp","href":"https:\/\/api.w.org\/{rel}","templated":true}]}}