{"id":2440,"date":"2024-01-03T11:48:54","date_gmt":"2024-01-03T08:48:54","guid":{"rendered":"https:\/\/anemontrekking.com\/?page_id=2440"},"modified":"2024-01-03T11:58:32","modified_gmt":"2024-01-03T08:58:32","slug":"likya-yolu-1-etap-19-24-nisan","status":"publish","type":"page","link":"https:\/\/anemontrekking.com\/?page_id=2440","title":{"rendered":"L\u0130KYA YOLU 1.ETAP (19-24 N\u0130SAN)"},"content":{"rendered":"\n<figure class=\"wp-block-image size-large\"><img loading=\"lazy\" decoding=\"async\" width=\"1024\" height=\"1024\" src=\"https:\/\/anemontrekking.com\/wp-content\/uploads\/2024\/01\/Likya-Yolu-1.Etap_-1024x1024.jpg\" alt=\"\" class=\"wp-image-2442\" srcset=\"https:\/\/anemontrekking.com\/wp-content\/uploads\/2024\/01\/Likya-Yolu-1.Etap_-1024x1024.jpg 1024w, https:\/\/anemontrekking.com\/wp-content\/uploads\/2024\/01\/Likya-Yolu-1.Etap_-300x300.jpg 300w, https:\/\/anemontrekking.com\/wp-content\/uploads\/2024\/01\/Likya-Yolu-1.Etap_-150x150.jpg 150w, https:\/\/anemontrekking.com\/wp-content\/uploads\/2024\/01\/Likya-Yolu-1.Etap_-768x768.jpg 768w, https:\/\/anemontrekking.com\/wp-content\/uploads\/2024\/01\/Likya-Yolu-1.Etap_.jpg 1080w\" sizes=\"auto, (max-width: 1024px) 100vw, 1024px\" \/><\/figure>\n\n\n\n<p>23 Nisan Ulusal Egemenlik ve \u00c7ocuk Bayram\u0131 tatilini de\u011ferlendirerek Manisa \u00e7\u0131k\u0131\u015fl\u0131 d\u00f6rt g\u00fcnl\u00fck likya yolu faaliyeti yapaca\u011f\u0131z. Birinci g\u00fcn (Fethiye-Ovac\u0131k-Faralya), \u0130kinci G\u00fcn (Faralya-Kabak), \u00dc\u00e7\u00fcnc\u00fc g\u00fcn (Kabak-Ge K\u00f6y\u00fc), D\u00f6rd\u00fcnc\u00fc G\u00fcn (Gevura\u011f\u0131l\u0131) parkuru y\u00fcr\u00fcnecek faaliyet sonras\u0131 Patara plaj\u0131 \u00e7evre y\u00fcr\u00fcy\u00fc\u015f\u00fc yap\u0131larak faaliyetimiz sonland\u0131r\u0131lacakt\u0131r. Y\u00fcr\u00fcy\u00fc\u015f\u00fcm\u00fcz\u00fc kamp y\u00fck\u00fcm\u00fcz ile yapaca\u011f\u0131z. Daha \u00f6nceki faaliyetlerimizi <a href=\"https:\/\/anemontrekking.com\/?p=1809\" target=\"_blank\" rel=\"noreferrer noopener\">https:\/\/anemontrekking.com\/?p=1809<\/a> adresinden inceleyebilirsiniz.<\/p>\n\n\n\n<p><strong>PROGRAM :<\/strong><\/p>\n\n\n\n<p><strong>1.G\u00dcN (19.04.2023 CUMA) <\/strong><br>      <strong>20:00<\/strong> Manisa&#8217;dan b\u00f6lgeye hareket<\/p>\n\n\n\n<p><strong>2.G\u00dcN (20.04.2023 CUMARTES\u0130)<\/strong><br>        <strong>07:00<\/strong>&#8211;<strong>10:00<\/strong> Fethiye&#8217;ye ula\u015f\u0131m \u00e7evre gezisi ve al\u0131\u015fveri\u015f sonras\u0131 parkur ba\u015flang\u0131c\u0131na hareket.<br>        <strong>10:30<\/strong> Ovac\u0131k Mevkiinden Y\u00fcr\u00fcy\u00fc\u015fe ba\u015flama (16 km, toplam irtifa 1150 metre)<br>        <strong>16:30<\/strong> Faralya&#8217;ya ula\u015f\u0131m ve kamp\u0131n kurulmas\u0131  (dileyenler butik otellerde kalabilir)<\/p>\n\n\n\n<p><strong>3.G\u00dcN (21.04.2023 PAZAR)<\/strong><br>       <strong>06:00<\/strong> Kalk\u0131\u015f kahvalt\u0131 ve kamp\u0131 toplama<br>       <strong>08:00<\/strong> Faralya-Kabak Etab\u0131 y\u00fcr\u00fcy\u00fc\u015f\u00fc (13 km, toplam irtifa 1100 metre)<br><strong>       16:30<\/strong> Kabak koyuna ula\u015f\u0131m ve kamp\u0131n kurulmas\u0131 (dileyenler butik otellerde kalabilir)<\/p>\n\n\n\n<p><strong>4.G\u00dcN (22.04.2023 PAZARTES\u0130)<\/strong><br>       <strong>06:00<\/strong> Kalk\u0131\u015f kahvalt\u0131 ve kamp\u0131 toplama<br>       <strong>08:00<\/strong> Kabak-Ge Etab\u0131 y\u00fcr\u00fcy\u00fc\u015f\u00fc (18 km, toplam irtifa 1850 metre)<br><strong>       16:30<\/strong> Ge k\u00f6y\u00fcne ula\u015f\u0131m ve kamp\u0131n kurulmas\u0131 (dileyenler butik otellerde kalabilir)<\/p>\n\n\n\n<p><strong>5.G\u00dcN (23.04.2023 SALI)<\/strong><br>       <strong>06:00<\/strong> Kalk\u0131\u015f kahvalt\u0131 ve kamp\u0131 toplama<br>       <strong>08:00<\/strong> Ge k\u00f6y\u00fc-Gevura\u011f\u0131l\u0131-Karak\u00f6y Etab\u0131 y\u00fcr\u00fcy\u00fc\u015f\u00fc (15 km, toplam irtifa 800 metre)<br><strong>       16:30<\/strong> Patara Plaj\u0131nda kamp kurulmas\u0131 (dileyenler butik otellerde kalabilir)<\/p>\n\n\n\n<p><strong>6.G\u00dcN (24.04.2023 \u00c7AR\u015eAMBA)<\/strong><br>       <strong>06:00<\/strong> Kalk\u0131\u015f kahvalt\u0131 ve kamp\u0131 toplama<br>       <strong>08:00<\/strong> Patara Plaj\u0131 \u00e7evre Gezisi <br><strong>       16:30<\/strong> Faaliyeti sonland\u0131rma ve Manisa&#8217;ya d\u00f6n\u00fc\u015f<\/p>\n\n\n\n<p>\u2139\ufe0f B\u0130LG\u0130 VE REZERVASYON<br>\u27a1\ufe0f Anemon Trekking Whatsapp Hatt\u0131<br>\u260e\ufe0f 0(850) 303 91 11<\/p>\n\n\n\n<p><strong>\u00dcYE OLMAK<\/strong>, <strong>KAYIT ve B\u0130LG\u0130 \u0130\u00c7\u0130N :<\/strong><br>Anemon Trekking Whatsap Hatt\u0131 : 0-850-303 91 11 numaral\u0131 telefondan irtibata ge\u00e7ebilirsiniz.<\/p>\n\n\n\n<p><strong>NOT :<\/strong><br>Programda de\u011fi\u015fiklikler ve sarkmalar olabilir. Faaliyet esnas\u0131nda parkurda ayarlama yap\u0131labilir.<\/p>\n\n\n\n<p><strong>ULA\u015eIM :<\/strong><br><strong>Kat\u0131l\u0131m 10 ki\u015fiyi ge\u00e7mesi halinde minib\u00fcs veya otob\u00fcs tutulacakt\u0131r.<\/strong>&nbsp;Ara\u00e7 \u00fccreti kat\u0131l\u0131mc\u0131 say\u0131s\u0131na g\u00f6re netle\u015fecektir. <strong>(\u00d6nkapora ikibinlira)<\/strong><\/p>\n\n\n\n<p><strong>Kat\u0131l\u0131m say\u0131s\u0131 15 ki\u015fi alt\u0131nda olmas\u0131 durumunda kendi ara\u00e7lar\u0131m\u0131z ile gidece\u011fiz.<\/strong>&nbsp;Kendi arac\u0131 olmayanlar bindikleri ki\u015finin arac\u0131na uygun bir \u00fccret \u00f6deyecektir. <\/p>\n\n\n\n<p><strong>Manisa d\u0131\u015f\u0131ndan da kat\u0131lmak isteyenler kendi ara\u00e7lar\u0131 ile faaliyetlerimize kat\u0131labilirler. <\/strong><\/p>\n\n\n\n<p>Anemon Trekking Whatsap Duyuru Gurubuna \u00fcye olarak bundan sonraki etkinliklerimizden haberdar olmak i\u00e7in<br>WHATSAP \u0130\u00c7\u0130N&nbsp;<a href=\"https:\/\/l.facebook.com\/l.php?u=https%3A%2F%2Fchat.whatsapp.com%2FEstLmUsfztaBqgDSmO8fPZ%3Ffbclid%3DIwAR0sDHYHloBbI78PY_2r3eBZZPvlTiB1ugh80AF5BYjPBtWiXmRxqz_hr6w&amp;h=AT1yFYtc0OgYQeD6uxJI07qa5amrHRjejQtsZhS16ym_4zfnoUqn4QTh-izh90lmC2xKb4z6PDbOgr7j__LP16wm89H6pEuKAWNA-_IZ5hjPCZHjdnD3MoTgh7V-MmkG&amp;__tn__=q&amp;c[0]=AT0pxQ85jpasBZy2aucmM8UYMpnhWXT-NCy483Xy6r_sLFuYjKV1x6rE8vK-9hpb4v5eC9A1E4z4xCNGUFejaq6NJ3loQ0UKauMZCTIZcvWMW5HDgPKEgj4ZZta3520x5AkX8gD2vjbzH2m2qdGgGGRE\" target=\"_blank\" rel=\"noreferrer noopener\">https:\/\/chat.whatsapp.com\/EstLmUsfztaBqgDSmO8fPZ<\/a><br>TELEGRAM \u0130\u00c7\u0130N<a href=\"https:\/\/t.me\/anemontrekking?fbclid=IwAR105Us33vm973055gLPwgsM6ajaRDfV_lRQV-qxGJ7H-OjD25317-3xupU\" target=\"_blank\" rel=\"noreferrer noopener\">&nbsp;https:\/\/t.me\/anemontrekking<\/a><\/p>\n\n\n\n<p><br><a href=\"https:\/\/www.instagram.com\/explore\/tags\/do%C4%9Fay%C3%BCr%C3%BCy%C3%BC%C5%9F%C3%BC\/\">#do\u011fay\u00fcr\u00fcy\u00fc\u015f\u00fc<\/a>&nbsp;<a href=\"https:\/\/www.instagram.com\/explore\/tags\/hiking\/\">#hiking&nbsp;<\/a><a href=\"https:\/\/www.instagram.com\/explore\/tags\/trekking\/\">#trekking&nbsp;<\/a><a href=\"https:\/\/www.instagram.com\/explore\/tags\/da%C4%9Fc%C4%B1l%C4%B1k\/\">#da\u011fc\u0131l\u0131k&nbsp;<\/a><a href=\"https:\/\/www.instagram.com\/explore\/tags\/manisada%C4%9Fc%C4%B1l%C4%B1k\/\">#manisada\u011fc\u0131l\u0131k&nbsp;<\/a><a href=\"https:\/\/www.instagram.com\/explore\/tags\/spilda%C4%9F%C4%B1\/\">#spilda\u011f\u0131&nbsp;<\/a><a href=\"https:\/\/www.instagram.com\/explore\/tags\/anemontrekking\/\">#anemontrekking&nbsp;<\/a><a href=\"https:\/\/www.instagram.com\/explore\/tags\/nature\/\">#nature&nbsp;<\/a><a href=\"https:\/\/www.instagram.com\/explore\/tags\/natural\/\">#natural&nbsp;<\/a><a href=\"https:\/\/www.instagram.com\/explore\/tags\/gezi\/\">#gezi<\/a>&nbsp;#likyayolu #lycianway #fethiye <\/p>\n","protected":false},"excerpt":{"rendered":"<div class=\"slide-text-bg2\">\n<h3>23 Nisan Ulusal Egemenlik ve \u00c7ocuk Bayram\u0131 tatilini de\u011ferlendirerek Manisa \u00e7\u0131k\u0131\u015fl\u0131 d\u00f6rt g\u00fcnl\u00fck likya yolu faaliyeti yapaca\u011f\u0131z. Birinci g\u00fcn (Fethiye-Ovac\u0131k-Faralya),<\/h3>\n<\/div>\n<div class=\"flex-btn-div\"><a href=\"https:\/\/anemontrekking.com\/?page_id=2440\" class=\"btn1 flex-btn\">Daha fazlas\u0131n\u0131 oku<\/a><\/div>\n","protected":false},"author":1,"featured_media":0,"parent":0,"menu_order":0,"comment_status":"closed","ping_status":"closed","template":"","meta":{"ngg_post_thumbnail":0,"footnotes":""},"class_list":["post-2440","page","type-page","status-publish","hentry"],"yoast_head":"<!-- This site is optimized with the Yoast SEO plugin v26.3 - https:\/\/yoast.com\/wordpress\/plugins\/seo\/ -->\n<title>L\u0130KYA YOLU 1.ETAP (19-24 N\u0130SAN) - Anemon Trekking Spor Kulub\u00fc<\/title>\n<meta name=\"robots\" content=\"index, follow, max-snippet:-1, max-image-preview:large, max-video-preview:-1\" \/>\n<link rel=\"canonical\" href=\"https:\/\/anemontrekking.com\/?page_id=2440\" \/>\n<meta property=\"og:locale\" content=\"tr_TR\" \/>\n<meta property=\"og:type\" content=\"article\" \/>\n<meta property=\"og:title\" content=\"L\u0130KYA YOLU 1.ETAP (19-24 N\u0130SAN) - Anemon Trekking Spor Kulub\u00fc\" \/>\n<meta property=\"og:description\" content=\"23 Nisan Ulusal Egemenlik ve \u00c7ocuk Bayram\u0131 tatilini de\u011ferlendirerek Manisa \u00e7\u0131k\u0131\u015fl\u0131 d\u00f6rt g\u00fcnl\u00fck likya yolu faaliyeti yapaca\u011f\u0131z. Birinci g\u00fcn (Fethiye-Ovac\u0131k-Faralya),Daha fazlas\u0131n\u0131 oku\" \/>\n<meta property=\"og:url\" content=\"https:\/\/anemontrekking.com\/?page_id=2440\" \/>\n<meta property=\"og:site_name\" content=\"Anemon Trekking Spor Kulub\u00fc\" \/>\n<meta property=\"article:publisher\" content=\"https:\/\/facebook.com\/anemontreking\" \/>\n<meta property=\"article:modified_time\" content=\"2024-01-03T08:58:32+00:00\" \/>\n<meta property=\"og:image\" content=\"https:\/\/anemontrekking.com\/wp-content\/uploads\/2024\/01\/Likya-Yolu-1.Etap_-1024x1024.jpg\" \/>\n<meta name=\"twitter:card\" content=\"summary_large_image\" \/>\n<meta name=\"twitter:site\" content=\"@anemon_trekking\" \/>\n<meta name=\"twitter:label1\" content=\"Tahmini okuma s\u00fcresi\" \/>\n\t<meta name=\"twitter:data1\" content=\"3 dakika\" \/>\n<script type=\"application\/ld+json\" class=\"yoast-schema-graph\">{\"@context\":\"https:\/\/schema.org\",\"@graph\":[{\"@type\":\"WebPage\",\"@id\":\"https:\/\/anemontrekking.com\/?page_id=2440\",\"url\":\"https:\/\/anemontrekking.com\/?page_id=2440\",\"name\":\"L\u0130KYA YOLU 1.ETAP (19-24 N\u0130SAN) - Anemon Trekking Spor Kulub\u00fc\",\"isPartOf\":{\"@id\":\"https:\/\/anemontrekking.com\/#website\"},\"primaryImageOfPage\":{\"@id\":\"https:\/\/anemontrekking.com\/?page_id=2440#primaryimage\"},\"image\":{\"@id\":\"https:\/\/anemontrekking.com\/?page_id=2440#primaryimage\"},\"thumbnailUrl\":\"https:\/\/anemontrekking.com\/wp-content\/uploads\/2024\/01\/Likya-Yolu-1.Etap_-1024x1024.jpg\",\"datePublished\":\"2024-01-03T08:48:54+00:00\",\"dateModified\":\"2024-01-03T08:58:32+00:00\",\"breadcrumb\":{\"@id\":\"https:\/\/anemontrekking.com\/?page_id=2440#breadcrumb\"},\"inLanguage\":\"tr\",\"potentialAction\":[{\"@type\":\"ReadAction\",\"target\":[\"https:\/\/anemontrekking.com\/?page_id=2440\"]}]},{\"@type\":\"ImageObject\",\"inLanguage\":\"tr\",\"@id\":\"https:\/\/anemontrekking.com\/?page_id=2440#primaryimage\",\"url\":\"https:\/\/anemontrekking.com\/wp-content\/uploads\/2024\/01\/Likya-Yolu-1.Etap_-1024x1024.jpg\",\"contentUrl\":\"https:\/\/anemontrekking.com\/wp-content\/uploads\/2024\/01\/Likya-Yolu-1.Etap_-1024x1024.jpg\"},{\"@type\":\"BreadcrumbList\",\"@id\":\"https:\/\/anemontrekking.com\/?page_id=2440#breadcrumb\",\"itemListElement\":[{\"@type\":\"ListItem\",\"position\":1,\"name\":\"Anasayfa\",\"item\":\"https:\/\/anemontrekking.com\/\"},{\"@type\":\"ListItem\",\"position\":2,\"name\":\"L\u0130KYA YOLU 1.ETAP (19-24 N\u0130SAN)\"}]},{\"@type\":\"WebSite\",\"@id\":\"https:\/\/anemontrekking.com\/#website\",\"url\":\"https:\/\/anemontrekking.com\/\",\"name\":\"Anemon Trekking Spor Kulub\u00fc\",\"description\":\"Da\u011fc\u0131l\u0131k, Trekking,Kamp\u00e7\u0131l\u0131k ve Do\u011fa Sporlar\u0131\",\"publisher\":{\"@id\":\"https:\/\/anemontrekking.com\/#organization\"},\"potentialAction\":[{\"@type\":\"SearchAction\",\"target\":{\"@type\":\"EntryPoint\",\"urlTemplate\":\"https:\/\/anemontrekking.com\/?s={search_term_string}\"},\"query-input\":{\"@type\":\"PropertyValueSpecification\",\"valueRequired\":true,\"valueName\":\"search_term_string\"}}],\"inLanguage\":\"tr\"},{\"@type\":\"Organization\",\"@id\":\"https:\/\/anemontrekking.com\/#organization\",\"name\":\"Anemon Trekking Spor Kulub\u00fc\",\"url\":\"https:\/\/anemontrekking.com\/\",\"logo\":{\"@type\":\"ImageObject\",\"inLanguage\":\"tr\",\"@id\":\"https:\/\/anemontrekking.com\/#\/schema\/logo\/image\/\",\"url\":\"http:\/\/anemontrekking.com\/wp-content\/uploads\/2021\/02\/47292421_10156386216874652_1517111611498692608_n.jpg\",\"contentUrl\":\"http:\/\/anemontrekking.com\/wp-content\/uploads\/2021\/02\/47292421_10156386216874652_1517111611498692608_n.jpg\",\"width\":960,\"height\":906,\"caption\":\"Anemon Trekking Spor Kulub\u00fc\"},\"image\":{\"@id\":\"https:\/\/anemontrekking.com\/#\/schema\/logo\/image\/\"},\"sameAs\":[\"https:\/\/facebook.com\/anemontreking\",\"https:\/\/x.com\/anemon_trekking\",\"https:\/\/www.instagram.com\/anemontreking\/\"]}]}<\/script>\n<!-- \/ Yoast SEO plugin. -->","yoast_head_json":{"title":"L\u0130KYA YOLU 1.ETAP (19-24 N\u0130SAN) - Anemon Trekking Spor Kulub\u00fc","robots":{"index":"index","follow":"follow","max-snippet":"max-snippet:-1","max-image-preview":"max-image-preview:large","max-video-preview":"max-video-preview:-1"},"canonical":"https:\/\/anemontrekking.com\/?page_id=2440","og_locale":"tr_TR","og_type":"article","og_title":"L\u0130KYA YOLU 1.ETAP (19-24 N\u0130SAN) - Anemon Trekking Spor Kulub\u00fc","og_description":"23 Nisan Ulusal Egemenlik ve \u00c7ocuk Bayram\u0131 tatilini de\u011ferlendirerek Manisa \u00e7\u0131k\u0131\u015fl\u0131 d\u00f6rt g\u00fcnl\u00fck likya yolu faaliyeti yapaca\u011f\u0131z. Birinci g\u00fcn (Fethiye-Ovac\u0131k-Faralya),Daha fazlas\u0131n\u0131 oku","og_url":"https:\/\/anemontrekking.com\/?page_id=2440","og_site_name":"Anemon Trekking Spor Kulub\u00fc","article_publisher":"https:\/\/facebook.com\/anemontreking","article_modified_time":"2024-01-03T08:58:32+00:00","og_image":[{"url":"https:\/\/anemontrekking.com\/wp-content\/uploads\/2024\/01\/Likya-Yolu-1.Etap_-1024x1024.jpg","type":"","width":"","height":""}],"twitter_card":"summary_large_image","twitter_site":"@anemon_trekking","twitter_misc":{"Tahmini okuma s\u00fcresi":"3 dakika"},"schema":{"@context":"https:\/\/schema.org","@graph":[{"@type":"WebPage","@id":"https:\/\/anemontrekking.com\/?page_id=2440","url":"https:\/\/anemontrekking.com\/?page_id=2440","name":"L\u0130KYA YOLU 1.ETAP (19-24 N\u0130SAN) - Anemon Trekking Spor Kulub\u00fc","isPartOf":{"@id":"https:\/\/anemontrekking.com\/#website"},"primaryImageOfPage":{"@id":"https:\/\/anemontrekking.com\/?page_id=2440#primaryimage"},"image":{"@id":"https:\/\/anemontrekking.com\/?page_id=2440#primaryimage"},"thumbnailUrl":"https:\/\/anemontrekking.com\/wp-content\/uploads\/2024\/01\/Likya-Yolu-1.Etap_-1024x1024.jpg","datePublished":"2024-01-03T08:48:54+00:00","dateModified":"2024-01-03T08:58:32+00:00","breadcrumb":{"@id":"https:\/\/anemontrekking.com\/?page_id=2440#breadcrumb"},"inLanguage":"tr","potentialAction":[{"@type":"ReadAction","target":["https:\/\/anemontrekking.com\/?page_id=2440"]}]},{"@type":"ImageObject","inLanguage":"tr","@id":"https:\/\/anemontrekking.com\/?page_id=2440#primaryimage","url":"https:\/\/anemontrekking.com\/wp-content\/uploads\/2024\/01\/Likya-Yolu-1.Etap_-1024x1024.jpg","contentUrl":"https:\/\/anemontrekking.com\/wp-content\/uploads\/2024\/01\/Likya-Yolu-1.Etap_-1024x1024.jpg"},{"@type":"BreadcrumbList","@id":"https:\/\/anemontrekking.com\/?page_id=2440#breadcrumb","itemListElement":[{"@type":"ListItem","position":1,"name":"Anasayfa","item":"https:\/\/anemontrekking.com\/"},{"@type":"ListItem","position":2,"name":"L\u0130KYA YOLU 1.ETAP (19-24 N\u0130SAN)"}]},{"@type":"WebSite","@id":"https:\/\/anemontrekking.com\/#website","url":"https:\/\/anemontrekking.com\/","name":"Anemon Trekking Spor Kulub\u00fc","description":"Da\u011fc\u0131l\u0131k, Trekking,Kamp\u00e7\u0131l\u0131k ve Do\u011fa Sporlar\u0131","publisher":{"@id":"https:\/\/anemontrekking.com\/#organization"},"potentialAction":[{"@type":"SearchAction","target":{"@type":"EntryPoint","urlTemplate":"https:\/\/anemontrekking.com\/?s={search_term_string}"},"query-input":{"@type":"PropertyValueSpecification","valueRequired":true,"valueName":"search_term_string"}}],"inLanguage":"tr"},{"@type":"Organization","@id":"https:\/\/anemontrekking.com\/#organization","name":"Anemon Trekking Spor Kulub\u00fc","url":"https:\/\/anemontrekking.com\/","logo":{"@type":"ImageObject","inLanguage":"tr","@id":"https:\/\/anemontrekking.com\/#\/schema\/logo\/image\/","url":"http:\/\/anemontrekking.com\/wp-content\/uploads\/2021\/02\/47292421_10156386216874652_1517111611498692608_n.jpg","contentUrl":"http:\/\/anemontrekking.com\/wp-content\/uploads\/2021\/02\/47292421_10156386216874652_1517111611498692608_n.jpg","width":960,"height":906,"caption":"Anemon Trekking Spor Kulub\u00fc"},"image":{"@id":"https:\/\/anemontrekking.com\/#\/schema\/logo\/image\/"},"sameAs":["https:\/\/facebook.com\/anemontreking","https:\/\/x.com\/anemon_trekking","https:\/\/www.instagram.com\/anemontreking\/"]}]}},"_links":{"self":[{"href":"https:\/\/anemontrekking.com\/index.php?rest_route=\/wp\/v2\/pages\/2440","targetHints":{"allow":["GET"]}}],"collection":[{"href":"https:\/\/anemontrekking.com\/index.php?rest_route=\/wp\/v2\/pages"}],"about":[{"href":"https:\/\/anemontrekking.com\/index.php?rest_route=\/wp\/v2\/types\/page"}],"author":[{"embeddable":true,"href":"https:\/\/anemontrekking.com\/index.php?rest_route=\/wp\/v2\/users\/1"}],"replies":[{"embeddable":true,"href":"https:\/\/anemontrekking.com\/index.php?rest_route=%2Fwp%2Fv2%2Fcomments&post=2440"}],"version-history":[{"count":4,"href":"https:\/\/anemontrekking.com\/index.php?rest_route=\/wp\/v2\/pages\/2440\/revisions"}],"predecessor-version":[{"id":2448,"href":"https:\/\/anemontrekking.com\/index.php?rest_route=\/wp\/v2\/pages\/2440\/revisions\/2448"}],"wp:attachment":[{"href":"https:\/\/anemontrekking.com\/index.php?rest_route=%2Fwp%2Fv2%2Fmedia&parent=2440"}],"curies":[{"name":"wp","href":"https:\/\/api.w.org\/{rel}","templated":true}]}}