{"id":2426,"date":"2024-01-02T14:37:12","date_gmt":"2024-01-02T11:37:12","guid":{"rendered":"https:\/\/anemontrekking.com\/?page_id=2426"},"modified":"2024-01-02T14:37:13","modified_gmt":"2024-01-02T11:37:13","slug":"spil-dagi-ucdeli-magarasi","status":"publish","type":"page","link":"https:\/\/anemontrekking.com\/?page_id=2426","title":{"rendered":"SP\u0130L DA\u011eI \u00dc\u00c7DEL\u0130 MA\u011eARASI"},"content":{"rendered":"\n<figure class=\"wp-block-image size-large\"><img loading=\"lazy\" decoding=\"async\" width=\"1024\" height=\"1024\" src=\"https:\/\/anemontrekking.com\/wp-content\/uploads\/2024\/01\/Ucdeli-Magarasi-1024x1024.jpg\" alt=\"\" class=\"wp-image-2427\" srcset=\"https:\/\/anemontrekking.com\/wp-content\/uploads\/2024\/01\/Ucdeli-Magarasi-1024x1024.jpg 1024w, https:\/\/anemontrekking.com\/wp-content\/uploads\/2024\/01\/Ucdeli-Magarasi-300x300.jpg 300w, https:\/\/anemontrekking.com\/wp-content\/uploads\/2024\/01\/Ucdeli-Magarasi-150x150.jpg 150w, https:\/\/anemontrekking.com\/wp-content\/uploads\/2024\/01\/Ucdeli-Magarasi-768x768.jpg 768w, https:\/\/anemontrekking.com\/wp-content\/uploads\/2024\/01\/Ucdeli-Magarasi.jpg 1080w\" sizes=\"auto, (max-width: 1024px) 100vw, 1024px\" \/><\/figure>\n\n\n\n<p>7 Ocak 2024 Pazar g\u00fcn\u00fc y\u0131l\u0131n ilk etkinli\u011fini Manisa Spil Da\u011f\u0131 \u00dc\u00c7DEL\u0130 MA\u011eARASI mevkiine yapaca\u011f\u0131z. Y\u00fcr\u00fcy\u00fc\u015f\u00fcm\u00fcze Manisa Karak\u00f6y K\u0131rm\u0131z\u0131 k\u00f6pr\u00fcden ba\u015flayaca\u011f\u0131z. Manisa Kalesi \u00fcst\u00fcnden Oduncuyolu istikametinden \u00dc\u00c7DEL\u0130 MA\u011eARASINA y\u00fckselece\u011fiz. Toplam 15 km mesafe kaydedip bin metre irtifa alaca\u011f\u0131z. Y\u00fcr\u00fcy\u00fc\u015f\u00fcm\u00fcze bekliyoruz. <\/p>\n\n\n\n<p>\ud83d\uddd3 5 Ocak Cuma ak\u015fam\u0131na kadar kat\u0131l\u0131m bilginizi a\u015fa\u011f\u0131daki telefon numaralar\u0131na bildiriniz.<\/p>\n\n\n\n<p>\u2139\ufe0f B\u0130LG\u0130 VE REZERVASYON<br>\u27a1\ufe0f Anemon Trekking Whatsapp Hatt\u0131<br>\u260e\ufe0f 0(850) 303 91 11<\/p>\n\n\n\n<p><strong>\u00dcYE OLMAK<\/strong>, <strong>KAYIT ve B\u0130LG\u0130 \u0130\u00c7\u0130N :<\/strong><br>Anemon Trekking Whatsap Hatt\u0131 : 0-850-303 91 11 numaral\u0131 telefondan irtibata ge\u00e7ebilirsiniz.<\/p>\n\n\n\n<p><strong>NOT :<\/strong><br>Programda de\u011fi\u015fiklikler ve sarkmalar olabilir. Faaliyet esnas\u0131nda parkurda ayarlama yap\u0131labilir.<\/p>\n\n\n\n<p><strong>ULA\u015eIM :<\/strong><br>Bulu\u015fma yeri Karak\u00f6y K\u0131rm\u0131z\u0131 K\u00f6pr\u00fc (<a href=\"https:\/\/maps.app.goo.gl\/tvA6V2NkQxm7Xgfb9\">Konum<\/a>) Saat 08:00 Herkes kendi imkanlar\u0131 ile bulu\u015fma yerine gelecektir.  <\/p>\n\n\n\n<p>Anemon Trekking Whatsap Duyuru Gurubuna \u00fcye olarak bundan sonraki etkinliklerimizden haberdar olmak i\u00e7in<br>WHATSAP \u0130\u00c7\u0130N\u00a0<a href=\"https:\/\/l.facebook.com\/l.php?u=https%3A%2F%2Fchat.whatsapp.com%2FEstLmUsfztaBqgDSmO8fPZ%3Ffbclid%3DIwAR0sDHYHloBbI78PY_2r3eBZZPvlTiB1ugh80AF5BYjPBtWiXmRxqz_hr6w&amp;h=AT1yFYtc0OgYQeD6uxJI07qa5amrHRjejQtsZhS16ym_4zfnoUqn4QTh-izh90lmC2xKb4z6PDbOgr7j__LP16wm89H6pEuKAWNA-_IZ5hjPCZHjdnD3MoTgh7V-MmkG&amp;__tn__=q&amp;c[0]=AT0pxQ85jpasBZy2aucmM8UYMpnhWXT-NCy483Xy6r_sLFuYjKV1x6rE8vK-9hpb4v5eC9A1E4z4xCNGUFejaq6NJ3loQ0UKauMZCTIZcvWMW5HDgPKEgj4ZZta3520x5AkX8gD2vjbzH2m2qdGgGGRE\" target=\"_blank\" rel=\"noreferrer noopener\">https:\/\/chat.whatsapp.com\/EstLmUsfztaBqgDSmO8fPZ<\/a><br>TELEGRAM \u0130\u00c7\u0130N<a href=\"https:\/\/t.me\/anemontrekking?fbclid=IwAR105Us33vm973055gLPwgsM6ajaRDfV_lRQV-qxGJ7H-OjD25317-3xupU\" target=\"_blank\" rel=\"noreferrer noopener\">\u00a0https:\/\/t.me\/anemontrekking<\/a><br><\/p>\n\n\n\n<p><a href=\"https:\/\/www.instagram.com\/explore\/tags\/do%C4%9Fay%C3%BCr%C3%BCy%C3%BC%C5%9F%C3%BC\/\">#do\u011fay\u00fcr\u00fcy\u00fc\u015f\u00fc<\/a>\u00a0<a href=\"https:\/\/www.instagram.com\/explore\/tags\/hiking\/\">#hiking\u00a0<\/a><a href=\"https:\/\/www.instagram.com\/explore\/tags\/trekking\/\">#trekking\u00a0<\/a><a href=\"https:\/\/www.instagram.com\/explore\/tags\/da%C4%9Fc%C4%B1l%C4%B1k\/\">#da\u011fc\u0131l\u0131k\u00a0<\/a><a href=\"https:\/\/www.instagram.com\/explore\/tags\/manisada%C4%9Fc%C4%B1l%C4%B1k\/\">#manisada\u011fc\u0131l\u0131k\u00a0<\/a><a href=\"https:\/\/www.instagram.com\/explore\/tags\/spilda%C4%9F%C4%B1\/\">#spilda\u011f\u0131\u00a0<\/a><a href=\"https:\/\/www.instagram.com\/explore\/tags\/anemontrekking\/\">#anemontrekking\u00a0<\/a><a href=\"https:\/\/www.instagram.com\/explore\/tags\/nature\/\">#nature\u00a0<\/a><a href=\"https:\/\/www.instagram.com\/explore\/tags\/natural\/\">#natural\u00a0<\/a><a href=\"https:\/\/www.instagram.com\/explore\/tags\/gezi\/\">#gezi<\/a>\u00a0#\u00fc\u00e7delima\u011faras\u0131 #anemontrekking<\/p>\n","protected":false},"excerpt":{"rendered":"<div class=\"slide-text-bg2\">\n<h3>7 Ocak 2024 Pazar g\u00fcn\u00fc y\u0131l\u0131n ilk etkinli\u011fini Manisa Spil Da\u011f\u0131 \u00dc\u00c7DEL\u0130 MA\u011eARASI mevkiine yapaca\u011f\u0131z. Y\u00fcr\u00fcy\u00fc\u015f\u00fcm\u00fcze Manisa Karak\u00f6y K\u0131rm\u0131z\u0131 k\u00f6pr\u00fcden<\/h3>\n<\/div>\n<div class=\"flex-btn-div\"><a href=\"https:\/\/anemontrekking.com\/?page_id=2426\" class=\"btn1 flex-btn\">Daha fazlas\u0131n\u0131 oku<\/a><\/div>\n","protected":false},"author":1,"featured_media":0,"parent":0,"menu_order":0,"comment_status":"closed","ping_status":"closed","template":"","meta":{"ngg_post_thumbnail":0,"footnotes":""},"class_list":["post-2426","page","type-page","status-publish","hentry"],"yoast_head":"<!-- This site is optimized with the Yoast SEO plugin v26.3 - https:\/\/yoast.com\/wordpress\/plugins\/seo\/ -->\n<title>SP\u0130L DA\u011eI \u00dc\u00c7DEL\u0130 MA\u011eARASI - Anemon Trekking Spor Kulub\u00fc<\/title>\n<meta name=\"robots\" content=\"index, follow, max-snippet:-1, max-image-preview:large, max-video-preview:-1\" \/>\n<link rel=\"canonical\" href=\"https:\/\/anemontrekking.com\/?page_id=2426\" \/>\n<meta property=\"og:locale\" content=\"tr_TR\" \/>\n<meta property=\"og:type\" content=\"article\" \/>\n<meta property=\"og:title\" content=\"SP\u0130L DA\u011eI \u00dc\u00c7DEL\u0130 MA\u011eARASI - Anemon Trekking Spor Kulub\u00fc\" \/>\n<meta property=\"og:description\" content=\"7 Ocak 2024 Pazar g\u00fcn\u00fc y\u0131l\u0131n ilk etkinli\u011fini Manisa Spil Da\u011f\u0131 \u00dc\u00c7DEL\u0130 MA\u011eARASI mevkiine yapaca\u011f\u0131z. Y\u00fcr\u00fcy\u00fc\u015f\u00fcm\u00fcze Manisa Karak\u00f6y K\u0131rm\u0131z\u0131 k\u00f6pr\u00fcdenDaha fazlas\u0131n\u0131 oku\" \/>\n<meta property=\"og:url\" content=\"https:\/\/anemontrekking.com\/?page_id=2426\" \/>\n<meta property=\"og:site_name\" content=\"Anemon Trekking Spor Kulub\u00fc\" \/>\n<meta property=\"article:publisher\" content=\"https:\/\/facebook.com\/anemontreking\" \/>\n<meta property=\"article:modified_time\" content=\"2024-01-02T11:37:13+00:00\" \/>\n<meta property=\"og:image\" content=\"https:\/\/anemontrekking.com\/wp-content\/uploads\/2024\/01\/Ucdeli-Magarasi-1024x1024.jpg\" \/>\n<meta name=\"twitter:card\" content=\"summary_large_image\" \/>\n<meta name=\"twitter:site\" content=\"@anemon_trekking\" \/>\n<meta name=\"twitter:label1\" content=\"Tahmini okuma s\u00fcresi\" \/>\n\t<meta name=\"twitter:data1\" content=\"2 dakika\" \/>\n<script type=\"application\/ld+json\" class=\"yoast-schema-graph\">{\"@context\":\"https:\/\/schema.org\",\"@graph\":[{\"@type\":\"WebPage\",\"@id\":\"https:\/\/anemontrekking.com\/?page_id=2426\",\"url\":\"https:\/\/anemontrekking.com\/?page_id=2426\",\"name\":\"SP\u0130L DA\u011eI \u00dc\u00c7DEL\u0130 MA\u011eARASI - Anemon Trekking Spor Kulub\u00fc\",\"isPartOf\":{\"@id\":\"https:\/\/anemontrekking.com\/#website\"},\"primaryImageOfPage\":{\"@id\":\"https:\/\/anemontrekking.com\/?page_id=2426#primaryimage\"},\"image\":{\"@id\":\"https:\/\/anemontrekking.com\/?page_id=2426#primaryimage\"},\"thumbnailUrl\":\"https:\/\/anemontrekking.com\/wp-content\/uploads\/2024\/01\/Ucdeli-Magarasi-1024x1024.jpg\",\"datePublished\":\"2024-01-02T11:37:12+00:00\",\"dateModified\":\"2024-01-02T11:37:13+00:00\",\"breadcrumb\":{\"@id\":\"https:\/\/anemontrekking.com\/?page_id=2426#breadcrumb\"},\"inLanguage\":\"tr\",\"potentialAction\":[{\"@type\":\"ReadAction\",\"target\":[\"https:\/\/anemontrekking.com\/?page_id=2426\"]}]},{\"@type\":\"ImageObject\",\"inLanguage\":\"tr\",\"@id\":\"https:\/\/anemontrekking.com\/?page_id=2426#primaryimage\",\"url\":\"https:\/\/anemontrekking.com\/wp-content\/uploads\/2024\/01\/Ucdeli-Magarasi-1024x1024.jpg\",\"contentUrl\":\"https:\/\/anemontrekking.com\/wp-content\/uploads\/2024\/01\/Ucdeli-Magarasi-1024x1024.jpg\"},{\"@type\":\"BreadcrumbList\",\"@id\":\"https:\/\/anemontrekking.com\/?page_id=2426#breadcrumb\",\"itemListElement\":[{\"@type\":\"ListItem\",\"position\":1,\"name\":\"Anasayfa\",\"item\":\"https:\/\/anemontrekking.com\/\"},{\"@type\":\"ListItem\",\"position\":2,\"name\":\"SP\u0130L DA\u011eI \u00dc\u00c7DEL\u0130 MA\u011eARASI\"}]},{\"@type\":\"WebSite\",\"@id\":\"https:\/\/anemontrekking.com\/#website\",\"url\":\"https:\/\/anemontrekking.com\/\",\"name\":\"Anemon Trekking Spor Kulub\u00fc\",\"description\":\"Da\u011fc\u0131l\u0131k, Trekking,Kamp\u00e7\u0131l\u0131k ve Do\u011fa Sporlar\u0131\",\"publisher\":{\"@id\":\"https:\/\/anemontrekking.com\/#organization\"},\"potentialAction\":[{\"@type\":\"SearchAction\",\"target\":{\"@type\":\"EntryPoint\",\"urlTemplate\":\"https:\/\/anemontrekking.com\/?s={search_term_string}\"},\"query-input\":{\"@type\":\"PropertyValueSpecification\",\"valueRequired\":true,\"valueName\":\"search_term_string\"}}],\"inLanguage\":\"tr\"},{\"@type\":\"Organization\",\"@id\":\"https:\/\/anemontrekking.com\/#organization\",\"name\":\"Anemon Trekking Spor Kulub\u00fc\",\"url\":\"https:\/\/anemontrekking.com\/\",\"logo\":{\"@type\":\"ImageObject\",\"inLanguage\":\"tr\",\"@id\":\"https:\/\/anemontrekking.com\/#\/schema\/logo\/image\/\",\"url\":\"http:\/\/anemontrekking.com\/wp-content\/uploads\/2021\/02\/47292421_10156386216874652_1517111611498692608_n.jpg\",\"contentUrl\":\"http:\/\/anemontrekking.com\/wp-content\/uploads\/2021\/02\/47292421_10156386216874652_1517111611498692608_n.jpg\",\"width\":960,\"height\":906,\"caption\":\"Anemon Trekking Spor Kulub\u00fc\"},\"image\":{\"@id\":\"https:\/\/anemontrekking.com\/#\/schema\/logo\/image\/\"},\"sameAs\":[\"https:\/\/facebook.com\/anemontreking\",\"https:\/\/x.com\/anemon_trekking\",\"https:\/\/www.instagram.com\/anemontreking\/\"]}]}<\/script>\n<!-- \/ Yoast SEO plugin. -->","yoast_head_json":{"title":"SP\u0130L DA\u011eI \u00dc\u00c7DEL\u0130 MA\u011eARASI - Anemon Trekking Spor Kulub\u00fc","robots":{"index":"index","follow":"follow","max-snippet":"max-snippet:-1","max-image-preview":"max-image-preview:large","max-video-preview":"max-video-preview:-1"},"canonical":"https:\/\/anemontrekking.com\/?page_id=2426","og_locale":"tr_TR","og_type":"article","og_title":"SP\u0130L DA\u011eI \u00dc\u00c7DEL\u0130 MA\u011eARASI - Anemon Trekking Spor Kulub\u00fc","og_description":"7 Ocak 2024 Pazar g\u00fcn\u00fc y\u0131l\u0131n ilk etkinli\u011fini Manisa Spil Da\u011f\u0131 \u00dc\u00c7DEL\u0130 MA\u011eARASI mevkiine yapaca\u011f\u0131z. Y\u00fcr\u00fcy\u00fc\u015f\u00fcm\u00fcze Manisa Karak\u00f6y K\u0131rm\u0131z\u0131 k\u00f6pr\u00fcdenDaha fazlas\u0131n\u0131 oku","og_url":"https:\/\/anemontrekking.com\/?page_id=2426","og_site_name":"Anemon Trekking Spor Kulub\u00fc","article_publisher":"https:\/\/facebook.com\/anemontreking","article_modified_time":"2024-01-02T11:37:13+00:00","og_image":[{"url":"https:\/\/anemontrekking.com\/wp-content\/uploads\/2024\/01\/Ucdeli-Magarasi-1024x1024.jpg","type":"","width":"","height":""}],"twitter_card":"summary_large_image","twitter_site":"@anemon_trekking","twitter_misc":{"Tahmini okuma s\u00fcresi":"2 dakika"},"schema":{"@context":"https:\/\/schema.org","@graph":[{"@type":"WebPage","@id":"https:\/\/anemontrekking.com\/?page_id=2426","url":"https:\/\/anemontrekking.com\/?page_id=2426","name":"SP\u0130L DA\u011eI \u00dc\u00c7DEL\u0130 MA\u011eARASI - Anemon Trekking Spor Kulub\u00fc","isPartOf":{"@id":"https:\/\/anemontrekking.com\/#website"},"primaryImageOfPage":{"@id":"https:\/\/anemontrekking.com\/?page_id=2426#primaryimage"},"image":{"@id":"https:\/\/anemontrekking.com\/?page_id=2426#primaryimage"},"thumbnailUrl":"https:\/\/anemontrekking.com\/wp-content\/uploads\/2024\/01\/Ucdeli-Magarasi-1024x1024.jpg","datePublished":"2024-01-02T11:37:12+00:00","dateModified":"2024-01-02T11:37:13+00:00","breadcrumb":{"@id":"https:\/\/anemontrekking.com\/?page_id=2426#breadcrumb"},"inLanguage":"tr","potentialAction":[{"@type":"ReadAction","target":["https:\/\/anemontrekking.com\/?page_id=2426"]}]},{"@type":"ImageObject","inLanguage":"tr","@id":"https:\/\/anemontrekking.com\/?page_id=2426#primaryimage","url":"https:\/\/anemontrekking.com\/wp-content\/uploads\/2024\/01\/Ucdeli-Magarasi-1024x1024.jpg","contentUrl":"https:\/\/anemontrekking.com\/wp-content\/uploads\/2024\/01\/Ucdeli-Magarasi-1024x1024.jpg"},{"@type":"BreadcrumbList","@id":"https:\/\/anemontrekking.com\/?page_id=2426#breadcrumb","itemListElement":[{"@type":"ListItem","position":1,"name":"Anasayfa","item":"https:\/\/anemontrekking.com\/"},{"@type":"ListItem","position":2,"name":"SP\u0130L DA\u011eI \u00dc\u00c7DEL\u0130 MA\u011eARASI"}]},{"@type":"WebSite","@id":"https:\/\/anemontrekking.com\/#website","url":"https:\/\/anemontrekking.com\/","name":"Anemon Trekking Spor Kulub\u00fc","description":"Da\u011fc\u0131l\u0131k, Trekking,Kamp\u00e7\u0131l\u0131k ve Do\u011fa Sporlar\u0131","publisher":{"@id":"https:\/\/anemontrekking.com\/#organization"},"potentialAction":[{"@type":"SearchAction","target":{"@type":"EntryPoint","urlTemplate":"https:\/\/anemontrekking.com\/?s={search_term_string}"},"query-input":{"@type":"PropertyValueSpecification","valueRequired":true,"valueName":"search_term_string"}}],"inLanguage":"tr"},{"@type":"Organization","@id":"https:\/\/anemontrekking.com\/#organization","name":"Anemon Trekking Spor Kulub\u00fc","url":"https:\/\/anemontrekking.com\/","logo":{"@type":"ImageObject","inLanguage":"tr","@id":"https:\/\/anemontrekking.com\/#\/schema\/logo\/image\/","url":"http:\/\/anemontrekking.com\/wp-content\/uploads\/2021\/02\/47292421_10156386216874652_1517111611498692608_n.jpg","contentUrl":"http:\/\/anemontrekking.com\/wp-content\/uploads\/2021\/02\/47292421_10156386216874652_1517111611498692608_n.jpg","width":960,"height":906,"caption":"Anemon Trekking Spor Kulub\u00fc"},"image":{"@id":"https:\/\/anemontrekking.com\/#\/schema\/logo\/image\/"},"sameAs":["https:\/\/facebook.com\/anemontreking","https:\/\/x.com\/anemon_trekking","https:\/\/www.instagram.com\/anemontreking\/"]}]}},"_links":{"self":[{"href":"https:\/\/anemontrekking.com\/index.php?rest_route=\/wp\/v2\/pages\/2426","targetHints":{"allow":["GET"]}}],"collection":[{"href":"https:\/\/anemontrekking.com\/index.php?rest_route=\/wp\/v2\/pages"}],"about":[{"href":"https:\/\/anemontrekking.com\/index.php?rest_route=\/wp\/v2\/types\/page"}],"author":[{"embeddable":true,"href":"https:\/\/anemontrekking.com\/index.php?rest_route=\/wp\/v2\/users\/1"}],"replies":[{"embeddable":true,"href":"https:\/\/anemontrekking.com\/index.php?rest_route=%2Fwp%2Fv2%2Fcomments&post=2426"}],"version-history":[{"count":1,"href":"https:\/\/anemontrekking.com\/index.php?rest_route=\/wp\/v2\/pages\/2426\/revisions"}],"predecessor-version":[{"id":2428,"href":"https:\/\/anemontrekking.com\/index.php?rest_route=\/wp\/v2\/pages\/2426\/revisions\/2428"}],"wp:attachment":[{"href":"https:\/\/anemontrekking.com\/index.php?rest_route=%2Fwp%2Fv2%2Fmedia&parent=2426"}],"curies":[{"name":"wp","href":"https:\/\/api.w.org\/{rel}","templated":true}]}}