{"id":2404,"date":"2023-12-25T12:11:21","date_gmt":"2023-12-25T09:11:21","guid":{"rendered":"https:\/\/anemontrekking.com\/?page_id=2404"},"modified":"2023-12-25T12:11:22","modified_gmt":"2023-12-25T09:11:22","slug":"hatali-wikiloc-kayitlarini-arazide-bertaraf-etme","status":"publish","type":"page","link":"https:\/\/anemontrekking.com\/?page_id=2404","title":{"rendered":"HATALI W\u0130K\u0130LOC KAYITLARINI ARAZ\u0130DE BERTARAF ETME"},"content":{"rendered":"\n<p>HATALI W\u0130K\u0130LOC KAYITLARINI ARAZ\u0130DE BERTARAF ETME<\/p>\n\n\n\n<figure class=\"wp-block-image size-full\"><img loading=\"lazy\" decoding=\"async\" width=\"843\" height=\"518\" src=\"https:\/\/anemontrekking.com\/wp-content\/uploads\/2023\/12\/414469106_10160533244444652_4037641081778911644_n.jpg\" alt=\"\" class=\"wp-image-2405\" srcset=\"https:\/\/anemontrekking.com\/wp-content\/uploads\/2023\/12\/414469106_10160533244444652_4037641081778911644_n.jpg 843w, https:\/\/anemontrekking.com\/wp-content\/uploads\/2023\/12\/414469106_10160533244444652_4037641081778911644_n-300x184.jpg 300w, https:\/\/anemontrekking.com\/wp-content\/uploads\/2023\/12\/414469106_10160533244444652_4037641081778911644_n-768x472.jpg 768w\" sizes=\"auto, (max-width: 843px) 100vw, 843px\" \/><\/figure>\n\n\n\n<p>Genellikle faaliyetlerimizde bilgisayar \u00fczerinden \u00e7izdi\u011fim HASSAS \u00d6L\u00c7\u00dcML\u00dc, E\u011e\u0130M HESABI yap\u0131lm\u0131\u015f REFERANS ROTALARI telefon veya GPS cihaz\u0131na y\u00fckleyerek faaliyetlere gidiyorum. Fakat 24 Aral\u0131k 2023 Pazar g\u00fcn\u00fc Evrenli k\u00f6y\u00fc \u00fcst mahalleden ba\u015flayarak 1880 rak\u0131ml\u0131 Ala\u015fehir Bozda\u011f zirveye giden faaliyette, daha \u00f6nce b\u00f6lgeye gelip y\u00fcr\u00fcy\u00fc\u015f yapan da\u011fc\u0131lardan birisinin rotas\u0131n\u0131 referans al\u0131p kulland\u0131k. Arazi her y\u00f6nden zirveye do\u011fru yol <a><\/a>verdi\u011fi i\u00e7in ve alternatif ge\u00e7i\u015f g\u00fczergahlar\u0131 oldu\u011fu i\u00e7in referans rotas\u0131n\u0131 masa ba\u015f\u0131nda \u00e7ok fazla incelemeden faaliyet g\u00fcn\u00fc yola koyulduk. Faaliyetlerimizde rotaya sad\u0131k kald\u0131\u011f\u0131m\u0131z i\u00e7in geni\u015f bir yol olmas\u0131na ra\u011fmen \u0131srarla rota \u00e7izgisini takip ettik fakat daha faaliyet ba\u015flang\u0131c\u0131nda \u00e7ok s\u0131k makilik bir alana rotan\u0131n y\u00f6nlendirdi\u011fini fark edince kay\u0131tl\u0131 rotada hata oldu\u011funu daha faaliyet ba\u015flang\u0131c\u0131nda anlad\u0131k. Faaliyetimiz bitti\u011finde bug\u00fcn bu rotan\u0131n ni\u00e7in hatal\u0131 oldu\u011funu incelemek i\u00e7in indirip HGM K\u00dcRE program\u0131nda a\u00e7t\u0131m. Rotan\u0131n GPS sinyalinin zay\u0131f ald\u0131\u011f\u0131 noktalarda veya GPS cihaz\u0131ndaki ileti\u015fim problemleri nedeniyle sapma yaparak kaydetti\u011fini fark ettim.<\/p>\n\n\n\n<p>Sonu\u00e7 olarak e\u011fer ba\u015fka birine ait kaydedilmi\u015f bir rotay\u0131 REFERANS ROTASI olarak kullanacaksan\u0131z. Daha \u00f6nce gitti\u011finiz bir b\u00f6lge de\u011filse gidece\u011finiz yer, ciddi risk bar\u0131nd\u0131ran TEKN\u0130K KAYA kulvarlar\u0131 i\u00e7eriyorsa, MUTLAKA ROTAYI B\u0130R B\u0130LG\u0130SAYAR ORTAMINDA incelemelisiniz. YOKSA ARAZ\u0130DE B\u00dcY\u00dcK SORUNLAR YA\u015eAYAB\u0130L\u0130RS\u0130N\u0130Z.<\/p>\n\n\n\n<p>\u00d6rnek:<\/p>\n\n\n\n<p>Foto\u011frafta kaydedilmi\u015f rotadaki sapmalar SARI \u00c7\u0130ZG\u0130DE g\u00f6r\u00fcl\u00fcyor. Do\u011fru olan rota k\u0131rm\u0131z\u0131 \u00e7izgi ile program \u00fczerinde d\u00fczelttim.<\/p>\n","protected":false},"excerpt":{"rendered":"<div class=\"slide-text-bg2\">\n<h3>HATALI W\u0130K\u0130LOC KAYITLARINI ARAZ\u0130DE BERTARAF ETME Genellikle faaliyetlerimizde bilgisayar \u00fczerinden \u00e7izdi\u011fim HASSAS \u00d6L\u00c7\u00dcML\u00dc, E\u011e\u0130M HESABI yap\u0131lm\u0131\u015f REFERANS ROTALARI telefon veya<\/h3>\n<\/div>\n<div class=\"flex-btn-div\"><a href=\"https:\/\/anemontrekking.com\/?page_id=2404\" class=\"btn1 flex-btn\">Daha fazlas\u0131n\u0131 oku<\/a><\/div>\n","protected":false},"author":1,"featured_media":0,"parent":0,"menu_order":0,"comment_status":"closed","ping_status":"closed","template":"","meta":{"ngg_post_thumbnail":0,"footnotes":""},"class_list":["post-2404","page","type-page","status-publish","hentry"],"yoast_head":"<!-- This site is optimized with the Yoast SEO plugin v26.3 - https:\/\/yoast.com\/wordpress\/plugins\/seo\/ -->\n<title>HATALI W\u0130K\u0130LOC KAYITLARINI ARAZ\u0130DE BERTARAF ETME - Anemon Trekking Spor Kulub\u00fc<\/title>\n<meta name=\"robots\" content=\"index, follow, max-snippet:-1, max-image-preview:large, max-video-preview:-1\" \/>\n<link rel=\"canonical\" href=\"https:\/\/anemontrekking.com\/?page_id=2404\" \/>\n<meta property=\"og:locale\" content=\"tr_TR\" \/>\n<meta property=\"og:type\" content=\"article\" \/>\n<meta property=\"og:title\" content=\"HATALI W\u0130K\u0130LOC KAYITLARINI ARAZ\u0130DE BERTARAF ETME - Anemon Trekking Spor Kulub\u00fc\" \/>\n<meta property=\"og:description\" content=\"HATALI W\u0130K\u0130LOC KAYITLARINI ARAZ\u0130DE BERTARAF ETME Genellikle faaliyetlerimizde bilgisayar \u00fczerinden \u00e7izdi\u011fim HASSAS \u00d6L\u00c7\u00dcML\u00dc, E\u011e\u0130M HESABI yap\u0131lm\u0131\u015f REFERANS ROTALARI telefon veyaDaha fazlas\u0131n\u0131 oku\" \/>\n<meta property=\"og:url\" content=\"https:\/\/anemontrekking.com\/?page_id=2404\" \/>\n<meta property=\"og:site_name\" content=\"Anemon Trekking Spor Kulub\u00fc\" \/>\n<meta property=\"article:publisher\" content=\"https:\/\/facebook.com\/anemontreking\" \/>\n<meta property=\"article:modified_time\" content=\"2023-12-25T09:11:22+00:00\" \/>\n<meta property=\"og:image\" content=\"https:\/\/anemontrekking.com\/wp-content\/uploads\/2023\/12\/414469106_10160533244444652_4037641081778911644_n.jpg\" \/>\n<meta name=\"twitter:card\" content=\"summary_large_image\" \/>\n<meta name=\"twitter:site\" content=\"@anemon_trekking\" \/>\n<meta name=\"twitter:label1\" content=\"Tahmini okuma s\u00fcresi\" \/>\n\t<meta name=\"twitter:data1\" content=\"2 dakika\" \/>\n<script type=\"application\/ld+json\" class=\"yoast-schema-graph\">{\"@context\":\"https:\/\/schema.org\",\"@graph\":[{\"@type\":\"WebPage\",\"@id\":\"https:\/\/anemontrekking.com\/?page_id=2404\",\"url\":\"https:\/\/anemontrekking.com\/?page_id=2404\",\"name\":\"HATALI W\u0130K\u0130LOC KAYITLARINI ARAZ\u0130DE BERTARAF ETME - Anemon Trekking Spor Kulub\u00fc\",\"isPartOf\":{\"@id\":\"https:\/\/anemontrekking.com\/#website\"},\"primaryImageOfPage\":{\"@id\":\"https:\/\/anemontrekking.com\/?page_id=2404#primaryimage\"},\"image\":{\"@id\":\"https:\/\/anemontrekking.com\/?page_id=2404#primaryimage\"},\"thumbnailUrl\":\"https:\/\/anemontrekking.com\/wp-content\/uploads\/2023\/12\/414469106_10160533244444652_4037641081778911644_n.jpg\",\"datePublished\":\"2023-12-25T09:11:21+00:00\",\"dateModified\":\"2023-12-25T09:11:22+00:00\",\"breadcrumb\":{\"@id\":\"https:\/\/anemontrekking.com\/?page_id=2404#breadcrumb\"},\"inLanguage\":\"tr\",\"potentialAction\":[{\"@type\":\"ReadAction\",\"target\":[\"https:\/\/anemontrekking.com\/?page_id=2404\"]}]},{\"@type\":\"ImageObject\",\"inLanguage\":\"tr\",\"@id\":\"https:\/\/anemontrekking.com\/?page_id=2404#primaryimage\",\"url\":\"https:\/\/anemontrekking.com\/wp-content\/uploads\/2023\/12\/414469106_10160533244444652_4037641081778911644_n.jpg\",\"contentUrl\":\"https:\/\/anemontrekking.com\/wp-content\/uploads\/2023\/12\/414469106_10160533244444652_4037641081778911644_n.jpg\"},{\"@type\":\"BreadcrumbList\",\"@id\":\"https:\/\/anemontrekking.com\/?page_id=2404#breadcrumb\",\"itemListElement\":[{\"@type\":\"ListItem\",\"position\":1,\"name\":\"Anasayfa\",\"item\":\"https:\/\/anemontrekking.com\/\"},{\"@type\":\"ListItem\",\"position\":2,\"name\":\"HATALI W\u0130K\u0130LOC KAYITLARINI ARAZ\u0130DE BERTARAF ETME\"}]},{\"@type\":\"WebSite\",\"@id\":\"https:\/\/anemontrekking.com\/#website\",\"url\":\"https:\/\/anemontrekking.com\/\",\"name\":\"Anemon Trekking Spor Kulub\u00fc\",\"description\":\"Da\u011fc\u0131l\u0131k, Trekking,Kamp\u00e7\u0131l\u0131k ve Do\u011fa Sporlar\u0131\",\"publisher\":{\"@id\":\"https:\/\/anemontrekking.com\/#organization\"},\"potentialAction\":[{\"@type\":\"SearchAction\",\"target\":{\"@type\":\"EntryPoint\",\"urlTemplate\":\"https:\/\/anemontrekking.com\/?s={search_term_string}\"},\"query-input\":{\"@type\":\"PropertyValueSpecification\",\"valueRequired\":true,\"valueName\":\"search_term_string\"}}],\"inLanguage\":\"tr\"},{\"@type\":\"Organization\",\"@id\":\"https:\/\/anemontrekking.com\/#organization\",\"name\":\"Anemon Trekking Spor Kulub\u00fc\",\"url\":\"https:\/\/anemontrekking.com\/\",\"logo\":{\"@type\":\"ImageObject\",\"inLanguage\":\"tr\",\"@id\":\"https:\/\/anemontrekking.com\/#\/schema\/logo\/image\/\",\"url\":\"http:\/\/anemontrekking.com\/wp-content\/uploads\/2021\/02\/47292421_10156386216874652_1517111611498692608_n.jpg\",\"contentUrl\":\"http:\/\/anemontrekking.com\/wp-content\/uploads\/2021\/02\/47292421_10156386216874652_1517111611498692608_n.jpg\",\"width\":960,\"height\":906,\"caption\":\"Anemon Trekking Spor Kulub\u00fc\"},\"image\":{\"@id\":\"https:\/\/anemontrekking.com\/#\/schema\/logo\/image\/\"},\"sameAs\":[\"https:\/\/facebook.com\/anemontreking\",\"https:\/\/x.com\/anemon_trekking\",\"https:\/\/www.instagram.com\/anemontreking\/\"]}]}<\/script>\n<!-- \/ Yoast SEO plugin. -->","yoast_head_json":{"title":"HATALI W\u0130K\u0130LOC KAYITLARINI ARAZ\u0130DE BERTARAF ETME - Anemon Trekking Spor Kulub\u00fc","robots":{"index":"index","follow":"follow","max-snippet":"max-snippet:-1","max-image-preview":"max-image-preview:large","max-video-preview":"max-video-preview:-1"},"canonical":"https:\/\/anemontrekking.com\/?page_id=2404","og_locale":"tr_TR","og_type":"article","og_title":"HATALI W\u0130K\u0130LOC KAYITLARINI ARAZ\u0130DE BERTARAF ETME - Anemon Trekking Spor Kulub\u00fc","og_description":"HATALI W\u0130K\u0130LOC KAYITLARINI ARAZ\u0130DE BERTARAF ETME Genellikle faaliyetlerimizde bilgisayar \u00fczerinden \u00e7izdi\u011fim HASSAS \u00d6L\u00c7\u00dcML\u00dc, E\u011e\u0130M HESABI yap\u0131lm\u0131\u015f REFERANS ROTALARI telefon veyaDaha fazlas\u0131n\u0131 oku","og_url":"https:\/\/anemontrekking.com\/?page_id=2404","og_site_name":"Anemon Trekking Spor Kulub\u00fc","article_publisher":"https:\/\/facebook.com\/anemontreking","article_modified_time":"2023-12-25T09:11:22+00:00","og_image":[{"url":"https:\/\/anemontrekking.com\/wp-content\/uploads\/2023\/12\/414469106_10160533244444652_4037641081778911644_n.jpg","type":"","width":"","height":""}],"twitter_card":"summary_large_image","twitter_site":"@anemon_trekking","twitter_misc":{"Tahmini okuma s\u00fcresi":"2 dakika"},"schema":{"@context":"https:\/\/schema.org","@graph":[{"@type":"WebPage","@id":"https:\/\/anemontrekking.com\/?page_id=2404","url":"https:\/\/anemontrekking.com\/?page_id=2404","name":"HATALI W\u0130K\u0130LOC KAYITLARINI ARAZ\u0130DE BERTARAF ETME - Anemon Trekking Spor Kulub\u00fc","isPartOf":{"@id":"https:\/\/anemontrekking.com\/#website"},"primaryImageOfPage":{"@id":"https:\/\/anemontrekking.com\/?page_id=2404#primaryimage"},"image":{"@id":"https:\/\/anemontrekking.com\/?page_id=2404#primaryimage"},"thumbnailUrl":"https:\/\/anemontrekking.com\/wp-content\/uploads\/2023\/12\/414469106_10160533244444652_4037641081778911644_n.jpg","datePublished":"2023-12-25T09:11:21+00:00","dateModified":"2023-12-25T09:11:22+00:00","breadcrumb":{"@id":"https:\/\/anemontrekking.com\/?page_id=2404#breadcrumb"},"inLanguage":"tr","potentialAction":[{"@type":"ReadAction","target":["https:\/\/anemontrekking.com\/?page_id=2404"]}]},{"@type":"ImageObject","inLanguage":"tr","@id":"https:\/\/anemontrekking.com\/?page_id=2404#primaryimage","url":"https:\/\/anemontrekking.com\/wp-content\/uploads\/2023\/12\/414469106_10160533244444652_4037641081778911644_n.jpg","contentUrl":"https:\/\/anemontrekking.com\/wp-content\/uploads\/2023\/12\/414469106_10160533244444652_4037641081778911644_n.jpg"},{"@type":"BreadcrumbList","@id":"https:\/\/anemontrekking.com\/?page_id=2404#breadcrumb","itemListElement":[{"@type":"ListItem","position":1,"name":"Anasayfa","item":"https:\/\/anemontrekking.com\/"},{"@type":"ListItem","position":2,"name":"HATALI W\u0130K\u0130LOC KAYITLARINI ARAZ\u0130DE BERTARAF ETME"}]},{"@type":"WebSite","@id":"https:\/\/anemontrekking.com\/#website","url":"https:\/\/anemontrekking.com\/","name":"Anemon Trekking Spor Kulub\u00fc","description":"Da\u011fc\u0131l\u0131k, Trekking,Kamp\u00e7\u0131l\u0131k ve Do\u011fa Sporlar\u0131","publisher":{"@id":"https:\/\/anemontrekking.com\/#organization"},"potentialAction":[{"@type":"SearchAction","target":{"@type":"EntryPoint","urlTemplate":"https:\/\/anemontrekking.com\/?s={search_term_string}"},"query-input":{"@type":"PropertyValueSpecification","valueRequired":true,"valueName":"search_term_string"}}],"inLanguage":"tr"},{"@type":"Organization","@id":"https:\/\/anemontrekking.com\/#organization","name":"Anemon Trekking Spor Kulub\u00fc","url":"https:\/\/anemontrekking.com\/","logo":{"@type":"ImageObject","inLanguage":"tr","@id":"https:\/\/anemontrekking.com\/#\/schema\/logo\/image\/","url":"http:\/\/anemontrekking.com\/wp-content\/uploads\/2021\/02\/47292421_10156386216874652_1517111611498692608_n.jpg","contentUrl":"http:\/\/anemontrekking.com\/wp-content\/uploads\/2021\/02\/47292421_10156386216874652_1517111611498692608_n.jpg","width":960,"height":906,"caption":"Anemon Trekking Spor Kulub\u00fc"},"image":{"@id":"https:\/\/anemontrekking.com\/#\/schema\/logo\/image\/"},"sameAs":["https:\/\/facebook.com\/anemontreking","https:\/\/x.com\/anemon_trekking","https:\/\/www.instagram.com\/anemontreking\/"]}]}},"_links":{"self":[{"href":"https:\/\/anemontrekking.com\/index.php?rest_route=\/wp\/v2\/pages\/2404","targetHints":{"allow":["GET"]}}],"collection":[{"href":"https:\/\/anemontrekking.com\/index.php?rest_route=\/wp\/v2\/pages"}],"about":[{"href":"https:\/\/anemontrekking.com\/index.php?rest_route=\/wp\/v2\/types\/page"}],"author":[{"embeddable":true,"href":"https:\/\/anemontrekking.com\/index.php?rest_route=\/wp\/v2\/users\/1"}],"replies":[{"embeddable":true,"href":"https:\/\/anemontrekking.com\/index.php?rest_route=%2Fwp%2Fv2%2Fcomments&post=2404"}],"version-history":[{"count":1,"href":"https:\/\/anemontrekking.com\/index.php?rest_route=\/wp\/v2\/pages\/2404\/revisions"}],"predecessor-version":[{"id":2406,"href":"https:\/\/anemontrekking.com\/index.php?rest_route=\/wp\/v2\/pages\/2404\/revisions\/2406"}],"wp:attachment":[{"href":"https:\/\/anemontrekking.com\/index.php?rest_route=%2Fwp%2Fv2%2Fmedia&parent=2404"}],"curies":[{"name":"wp","href":"https:\/\/api.w.org\/{rel}","templated":true}]}}