{"id":2346,"date":"2023-12-05T11:41:28","date_gmt":"2023-12-05T08:41:28","guid":{"rendered":"https:\/\/anemontrekking.com\/?page_id=2346"},"modified":"2023-12-05T11:41:29","modified_gmt":"2023-12-05T08:41:29","slug":"gozcubabadan-2023e-elveda","status":"publish","type":"page","link":"https:\/\/anemontrekking.com\/?page_id=2346","title":{"rendered":"G\u00d6ZC\u00dcBABA&#8217;DAN 2023&#8217;E ELVEDA"},"content":{"rendered":"\n<figure class=\"wp-block-image size-large\"><img loading=\"lazy\" decoding=\"async\" width=\"1024\" height=\"768\" src=\"https:\/\/anemontrekking.com\/wp-content\/uploads\/2023\/12\/25439913_10155536470204652_8591268372871512826_o-1024x768.jpg\" alt=\"\" class=\"wp-image-2347\" srcset=\"https:\/\/anemontrekking.com\/wp-content\/uploads\/2023\/12\/25439913_10155536470204652_8591268372871512826_o-1024x768.jpg 1024w, https:\/\/anemontrekking.com\/wp-content\/uploads\/2023\/12\/25439913_10155536470204652_8591268372871512826_o-300x225.jpg 300w, https:\/\/anemontrekking.com\/wp-content\/uploads\/2023\/12\/25439913_10155536470204652_8591268372871512826_o-768x576.jpg 768w, https:\/\/anemontrekking.com\/wp-content\/uploads\/2023\/12\/25439913_10155536470204652_8591268372871512826_o-1536x1152.jpg 1536w, https:\/\/anemontrekking.com\/wp-content\/uploads\/2023\/12\/25439913_10155536470204652_8591268372871512826_o.jpg 2048w\" sizes=\"auto, (max-width: 1024px) 100vw, 1024px\" \/><\/figure>\n\n\n\n<p>24 Aral\u0131k 2023 Pazar g\u00fcn\u00fc geleneksel hale gelen y\u0131l sonu elveda faaliyeti olarak 2023 y\u0131l\u0131n\u0131 ALA\u015eEH\u0130R&#8217;in en y\u00fcksek noktas\u0131 olan 1900 rak\u0131ml\u0131 Ala\u015fehir Bozda\u011f G\u00d6ZC\u00dcBABA TEPES\u0130NDEN u\u011furlayaca\u011f\u0131z. Saat 07:00&#8217;de Ala\u015fehir merkezde bulu\u015fuyoruz. Saat 07:30&#8217;da t\u0131rman\u0131\u015f noktas\u0131na do\u011fru kat\u0131l\u0131mc\u0131lar ile birlikte hareket ediyoruz. Planlanan rotadan bin rak\u0131mdan faaliyete ba\u015fl\u0131yoruz. 1900 rak\u0131ml\u0131 G\u00d6ZC\u00dcBABA zirvesine \u00e7\u0131karak 2023&#8217;e elveda diyoruz. Faaliyetimize kat\u0131lmak isteyen herkesi bekliyoruz. 2024 \u015fimdiden herkese sa\u011fl\u0131k ve mutluluk getirsin. BU FAAL\u0130YET \u00dcCRETS\u0130ZD\u0130R. \u00dcYEL\u0130K GEREKT\u0130RMEMEKTED\u0130R. D\u0130\u011eER KUL\u00dcP SPORCULARI KATILAB\u0130L\u0130R. <\/p>\n\n\n\n<p>\u2139\ufe0f B\u0130LG\u0130 VE REZERVASYON<br>\u27a1\ufe0f Anemon Trekking Whatsapp Hatt\u0131<br>\u260e\ufe0f 0(850) 303 91 11<\/p>\n\n\n\n<p><strong>\u00dcYE OLMAK<\/strong>, <strong>KAYIT ve B\u0130LG\u0130 \u0130\u00c7\u0130N :<\/strong><br>Anemon Trekking Whatsap Hatt\u0131 : 0-850-303 91 11 numaral\u0131 telefondan irtibata ge\u00e7ebilirsiniz.<\/p>\n\n\n\n<p><strong>NOT :<\/strong><br>Programda de\u011fi\u015fiklikler ve sarkmalar olabilir. Faaliyet esnas\u0131nda parkurda ayarlama yap\u0131labilir.<\/p>\n\n\n\n<p><strong>ULA\u015eIM :<\/strong><br>MAN\u0130SA&#8217;dan <strong>Kendi ara\u00e7lar\u0131m\u0131z ile gidece\u011fiz.<\/strong>\u00a0Kendi arac\u0131 olmayanlar bindikleri ki\u015finin arac\u0131na uygun bir \u00fccret \u00f6deyecektir. (Ki\u015fiba\u015f\u0131 \u00fc\u00e7y\u00fczlira) <\/p>\n\n\n\n<p>Di\u011fer illerden gelecek olanlar kendi ara\u00e7 organizasyonlar\u0131n\u0131 yapabilirler. <\/p>\n\n\n\n<p>Anemon Trekking Whatsap Duyuru Gurubuna \u00fcye olarak bundan sonraki etkinliklerimizden haberdar olmak i\u00e7in<br>WHATSAP \u0130\u00c7\u0130N\u00a0<a href=\"https:\/\/l.facebook.com\/l.php?u=https%3A%2F%2Fchat.whatsapp.com%2FEstLmUsfztaBqgDSmO8fPZ%3Ffbclid%3DIwAR0sDHYHloBbI78PY_2r3eBZZPvlTiB1ugh80AF5BYjPBtWiXmRxqz_hr6w&amp;h=AT1yFYtc0OgYQeD6uxJI07qa5amrHRjejQtsZhS16ym_4zfnoUqn4QTh-izh90lmC2xKb4z6PDbOgr7j__LP16wm89H6pEuKAWNA-_IZ5hjPCZHjdnD3MoTgh7V-MmkG&amp;__tn__=q&amp;c[0]=AT0pxQ85jpasBZy2aucmM8UYMpnhWXT-NCy483Xy6r_sLFuYjKV1x6rE8vK-9hpb4v5eC9A1E4z4xCNGUFejaq6NJ3loQ0UKauMZCTIZcvWMW5HDgPKEgj4ZZta3520x5AkX8gD2vjbzH2m2qdGgGGRE\" target=\"_blank\" rel=\"noreferrer noopener\">https:\/\/chat.whatsapp.com\/EstLmUsfztaBqgDSmO8fPZ<\/a><br>TELEGRAM \u0130\u00c7\u0130N<a href=\"https:\/\/t.me\/anemontrekking?fbclid=IwAR105Us33vm973055gLPwgsM6ajaRDfV_lRQV-qxGJ7H-OjD25317-3xupU\" target=\"_blank\" rel=\"noreferrer noopener\">\u00a0https:\/\/t.me\/anemontrekking<\/a><\/p>\n\n\n\n<p><\/p>\n","protected":false},"excerpt":{"rendered":"<div class=\"slide-text-bg2\">\n<h3>24 Aral\u0131k 2023 Pazar g\u00fcn\u00fc geleneksel hale gelen y\u0131l sonu elveda faaliyeti olarak 2023 y\u0131l\u0131n\u0131 ALA\u015eEH\u0130R&#8217;in en y\u00fcksek noktas\u0131 olan<\/h3>\n<\/div>\n<div class=\"flex-btn-div\"><a href=\"https:\/\/anemontrekking.com\/?page_id=2346\" class=\"btn1 flex-btn\">Daha fazlas\u0131n\u0131 oku<\/a><\/div>\n","protected":false},"author":1,"featured_media":0,"parent":0,"menu_order":0,"comment_status":"closed","ping_status":"closed","template":"","meta":{"ngg_post_thumbnail":0,"footnotes":""},"class_list":["post-2346","page","type-page","status-publish","hentry"],"yoast_head":"<!-- This site is optimized with the Yoast SEO plugin v26.3 - https:\/\/yoast.com\/wordpress\/plugins\/seo\/ -->\n<title>G\u00d6ZC\u00dcBABA&#039;DAN 2023&#039;E ELVEDA - Anemon Trekking Spor Kulub\u00fc<\/title>\n<meta name=\"robots\" content=\"index, follow, max-snippet:-1, max-image-preview:large, max-video-preview:-1\" \/>\n<link rel=\"canonical\" href=\"https:\/\/anemontrekking.com\/?page_id=2346\" \/>\n<meta property=\"og:locale\" content=\"tr_TR\" \/>\n<meta property=\"og:type\" content=\"article\" \/>\n<meta property=\"og:title\" content=\"G\u00d6ZC\u00dcBABA&#039;DAN 2023&#039;E ELVEDA - Anemon Trekking Spor Kulub\u00fc\" \/>\n<meta property=\"og:description\" content=\"24 Aral\u0131k 2023 Pazar g\u00fcn\u00fc geleneksel hale gelen y\u0131l sonu elveda faaliyeti olarak 2023 y\u0131l\u0131n\u0131 ALA\u015eEH\u0130R&#8217;in en y\u00fcksek noktas\u0131 olanDaha fazlas\u0131n\u0131 oku\" \/>\n<meta property=\"og:url\" content=\"https:\/\/anemontrekking.com\/?page_id=2346\" \/>\n<meta property=\"og:site_name\" content=\"Anemon Trekking Spor Kulub\u00fc\" \/>\n<meta property=\"article:publisher\" content=\"https:\/\/facebook.com\/anemontreking\" \/>\n<meta property=\"article:modified_time\" content=\"2023-12-05T08:41:29+00:00\" \/>\n<meta property=\"og:image\" content=\"https:\/\/anemontrekking.com\/wp-content\/uploads\/2023\/12\/25439913_10155536470204652_8591268372871512826_o-1024x768.jpg\" \/>\n<meta name=\"twitter:card\" content=\"summary_large_image\" \/>\n<meta name=\"twitter:site\" content=\"@anemon_trekking\" \/>\n<meta name=\"twitter:label1\" content=\"Tahmini okuma s\u00fcresi\" \/>\n\t<meta name=\"twitter:data1\" content=\"2 dakika\" \/>\n<script type=\"application\/ld+json\" class=\"yoast-schema-graph\">{\"@context\":\"https:\/\/schema.org\",\"@graph\":[{\"@type\":\"WebPage\",\"@id\":\"https:\/\/anemontrekking.com\/?page_id=2346\",\"url\":\"https:\/\/anemontrekking.com\/?page_id=2346\",\"name\":\"G\u00d6ZC\u00dcBABA'DAN 2023'E ELVEDA - Anemon Trekking Spor Kulub\u00fc\",\"isPartOf\":{\"@id\":\"https:\/\/anemontrekking.com\/#website\"},\"primaryImageOfPage\":{\"@id\":\"https:\/\/anemontrekking.com\/?page_id=2346#primaryimage\"},\"image\":{\"@id\":\"https:\/\/anemontrekking.com\/?page_id=2346#primaryimage\"},\"thumbnailUrl\":\"https:\/\/anemontrekking.com\/wp-content\/uploads\/2023\/12\/25439913_10155536470204652_8591268372871512826_o-1024x768.jpg\",\"datePublished\":\"2023-12-05T08:41:28+00:00\",\"dateModified\":\"2023-12-05T08:41:29+00:00\",\"breadcrumb\":{\"@id\":\"https:\/\/anemontrekking.com\/?page_id=2346#breadcrumb\"},\"inLanguage\":\"tr\",\"potentialAction\":[{\"@type\":\"ReadAction\",\"target\":[\"https:\/\/anemontrekking.com\/?page_id=2346\"]}]},{\"@type\":\"ImageObject\",\"inLanguage\":\"tr\",\"@id\":\"https:\/\/anemontrekking.com\/?page_id=2346#primaryimage\",\"url\":\"https:\/\/anemontrekking.com\/wp-content\/uploads\/2023\/12\/25439913_10155536470204652_8591268372871512826_o-1024x768.jpg\",\"contentUrl\":\"https:\/\/anemontrekking.com\/wp-content\/uploads\/2023\/12\/25439913_10155536470204652_8591268372871512826_o-1024x768.jpg\"},{\"@type\":\"BreadcrumbList\",\"@id\":\"https:\/\/anemontrekking.com\/?page_id=2346#breadcrumb\",\"itemListElement\":[{\"@type\":\"ListItem\",\"position\":1,\"name\":\"Anasayfa\",\"item\":\"https:\/\/anemontrekking.com\/\"},{\"@type\":\"ListItem\",\"position\":2,\"name\":\"G\u00d6ZC\u00dcBABA&#8217;DAN 2023&#8217;E ELVEDA\"}]},{\"@type\":\"WebSite\",\"@id\":\"https:\/\/anemontrekking.com\/#website\",\"url\":\"https:\/\/anemontrekking.com\/\",\"name\":\"Anemon Trekking Spor Kulub\u00fc\",\"description\":\"Da\u011fc\u0131l\u0131k, Trekking,Kamp\u00e7\u0131l\u0131k ve Do\u011fa Sporlar\u0131\",\"publisher\":{\"@id\":\"https:\/\/anemontrekking.com\/#organization\"},\"potentialAction\":[{\"@type\":\"SearchAction\",\"target\":{\"@type\":\"EntryPoint\",\"urlTemplate\":\"https:\/\/anemontrekking.com\/?s={search_term_string}\"},\"query-input\":{\"@type\":\"PropertyValueSpecification\",\"valueRequired\":true,\"valueName\":\"search_term_string\"}}],\"inLanguage\":\"tr\"},{\"@type\":\"Organization\",\"@id\":\"https:\/\/anemontrekking.com\/#organization\",\"name\":\"Anemon Trekking Spor Kulub\u00fc\",\"url\":\"https:\/\/anemontrekking.com\/\",\"logo\":{\"@type\":\"ImageObject\",\"inLanguage\":\"tr\",\"@id\":\"https:\/\/anemontrekking.com\/#\/schema\/logo\/image\/\",\"url\":\"http:\/\/anemontrekking.com\/wp-content\/uploads\/2021\/02\/47292421_10156386216874652_1517111611498692608_n.jpg\",\"contentUrl\":\"http:\/\/anemontrekking.com\/wp-content\/uploads\/2021\/02\/47292421_10156386216874652_1517111611498692608_n.jpg\",\"width\":960,\"height\":906,\"caption\":\"Anemon Trekking Spor Kulub\u00fc\"},\"image\":{\"@id\":\"https:\/\/anemontrekking.com\/#\/schema\/logo\/image\/\"},\"sameAs\":[\"https:\/\/facebook.com\/anemontreking\",\"https:\/\/x.com\/anemon_trekking\",\"https:\/\/www.instagram.com\/anemontreking\/\"]}]}<\/script>\n<!-- \/ Yoast SEO plugin. -->","yoast_head_json":{"title":"G\u00d6ZC\u00dcBABA'DAN 2023'E ELVEDA - Anemon Trekking Spor Kulub\u00fc","robots":{"index":"index","follow":"follow","max-snippet":"max-snippet:-1","max-image-preview":"max-image-preview:large","max-video-preview":"max-video-preview:-1"},"canonical":"https:\/\/anemontrekking.com\/?page_id=2346","og_locale":"tr_TR","og_type":"article","og_title":"G\u00d6ZC\u00dcBABA'DAN 2023'E ELVEDA - Anemon Trekking Spor Kulub\u00fc","og_description":"24 Aral\u0131k 2023 Pazar g\u00fcn\u00fc geleneksel hale gelen y\u0131l sonu elveda faaliyeti olarak 2023 y\u0131l\u0131n\u0131 ALA\u015eEH\u0130R&#8217;in en y\u00fcksek noktas\u0131 olanDaha fazlas\u0131n\u0131 oku","og_url":"https:\/\/anemontrekking.com\/?page_id=2346","og_site_name":"Anemon Trekking Spor Kulub\u00fc","article_publisher":"https:\/\/facebook.com\/anemontreking","article_modified_time":"2023-12-05T08:41:29+00:00","og_image":[{"url":"https:\/\/anemontrekking.com\/wp-content\/uploads\/2023\/12\/25439913_10155536470204652_8591268372871512826_o-1024x768.jpg","type":"","width":"","height":""}],"twitter_card":"summary_large_image","twitter_site":"@anemon_trekking","twitter_misc":{"Tahmini okuma s\u00fcresi":"2 dakika"},"schema":{"@context":"https:\/\/schema.org","@graph":[{"@type":"WebPage","@id":"https:\/\/anemontrekking.com\/?page_id=2346","url":"https:\/\/anemontrekking.com\/?page_id=2346","name":"G\u00d6ZC\u00dcBABA'DAN 2023'E ELVEDA - Anemon Trekking Spor Kulub\u00fc","isPartOf":{"@id":"https:\/\/anemontrekking.com\/#website"},"primaryImageOfPage":{"@id":"https:\/\/anemontrekking.com\/?page_id=2346#primaryimage"},"image":{"@id":"https:\/\/anemontrekking.com\/?page_id=2346#primaryimage"},"thumbnailUrl":"https:\/\/anemontrekking.com\/wp-content\/uploads\/2023\/12\/25439913_10155536470204652_8591268372871512826_o-1024x768.jpg","datePublished":"2023-12-05T08:41:28+00:00","dateModified":"2023-12-05T08:41:29+00:00","breadcrumb":{"@id":"https:\/\/anemontrekking.com\/?page_id=2346#breadcrumb"},"inLanguage":"tr","potentialAction":[{"@type":"ReadAction","target":["https:\/\/anemontrekking.com\/?page_id=2346"]}]},{"@type":"ImageObject","inLanguage":"tr","@id":"https:\/\/anemontrekking.com\/?page_id=2346#primaryimage","url":"https:\/\/anemontrekking.com\/wp-content\/uploads\/2023\/12\/25439913_10155536470204652_8591268372871512826_o-1024x768.jpg","contentUrl":"https:\/\/anemontrekking.com\/wp-content\/uploads\/2023\/12\/25439913_10155536470204652_8591268372871512826_o-1024x768.jpg"},{"@type":"BreadcrumbList","@id":"https:\/\/anemontrekking.com\/?page_id=2346#breadcrumb","itemListElement":[{"@type":"ListItem","position":1,"name":"Anasayfa","item":"https:\/\/anemontrekking.com\/"},{"@type":"ListItem","position":2,"name":"G\u00d6ZC\u00dcBABA&#8217;DAN 2023&#8217;E ELVEDA"}]},{"@type":"WebSite","@id":"https:\/\/anemontrekking.com\/#website","url":"https:\/\/anemontrekking.com\/","name":"Anemon Trekking Spor Kulub\u00fc","description":"Da\u011fc\u0131l\u0131k, Trekking,Kamp\u00e7\u0131l\u0131k ve Do\u011fa Sporlar\u0131","publisher":{"@id":"https:\/\/anemontrekking.com\/#organization"},"potentialAction":[{"@type":"SearchAction","target":{"@type":"EntryPoint","urlTemplate":"https:\/\/anemontrekking.com\/?s={search_term_string}"},"query-input":{"@type":"PropertyValueSpecification","valueRequired":true,"valueName":"search_term_string"}}],"inLanguage":"tr"},{"@type":"Organization","@id":"https:\/\/anemontrekking.com\/#organization","name":"Anemon Trekking Spor Kulub\u00fc","url":"https:\/\/anemontrekking.com\/","logo":{"@type":"ImageObject","inLanguage":"tr","@id":"https:\/\/anemontrekking.com\/#\/schema\/logo\/image\/","url":"http:\/\/anemontrekking.com\/wp-content\/uploads\/2021\/02\/47292421_10156386216874652_1517111611498692608_n.jpg","contentUrl":"http:\/\/anemontrekking.com\/wp-content\/uploads\/2021\/02\/47292421_10156386216874652_1517111611498692608_n.jpg","width":960,"height":906,"caption":"Anemon Trekking Spor Kulub\u00fc"},"image":{"@id":"https:\/\/anemontrekking.com\/#\/schema\/logo\/image\/"},"sameAs":["https:\/\/facebook.com\/anemontreking","https:\/\/x.com\/anemon_trekking","https:\/\/www.instagram.com\/anemontreking\/"]}]}},"_links":{"self":[{"href":"https:\/\/anemontrekking.com\/index.php?rest_route=\/wp\/v2\/pages\/2346","targetHints":{"allow":["GET"]}}],"collection":[{"href":"https:\/\/anemontrekking.com\/index.php?rest_route=\/wp\/v2\/pages"}],"about":[{"href":"https:\/\/anemontrekking.com\/index.php?rest_route=\/wp\/v2\/types\/page"}],"author":[{"embeddable":true,"href":"https:\/\/anemontrekking.com\/index.php?rest_route=\/wp\/v2\/users\/1"}],"replies":[{"embeddable":true,"href":"https:\/\/anemontrekking.com\/index.php?rest_route=%2Fwp%2Fv2%2Fcomments&post=2346"}],"version-history":[{"count":1,"href":"https:\/\/anemontrekking.com\/index.php?rest_route=\/wp\/v2\/pages\/2346\/revisions"}],"predecessor-version":[{"id":2348,"href":"https:\/\/anemontrekking.com\/index.php?rest_route=\/wp\/v2\/pages\/2346\/revisions\/2348"}],"wp:attachment":[{"href":"https:\/\/anemontrekking.com\/index.php?rest_route=%2Fwp%2Fv2%2Fmedia&parent=2346"}],"curies":[{"name":"wp","href":"https:\/\/api.w.org\/{rel}","templated":true}]}}