{"id":2130,"date":"2023-10-09T10:12:37","date_gmt":"2023-10-09T07:12:37","guid":{"rendered":"http:\/\/anemontrekking.com\/?page_id=2130"},"modified":"2023-10-09T10:38:29","modified_gmt":"2023-10-09T07:38:29","slug":"turkmen-selalesi-15-10-2023","status":"publish","type":"page","link":"https:\/\/anemontrekking.com\/?page_id=2130","title":{"rendered":"T\u00fcrkmen \u015eelalesi (15.10.2023)"},"content":{"rendered":"\n<figure class=\"wp-block-image size-large\"><img loading=\"lazy\" decoding=\"async\" width=\"1024\" height=\"819\" src=\"http:\/\/anemontrekking.com\/wp-content\/uploads\/2023\/10\/Turkmen-Selalesi-1-1024x819.jpg\" alt=\"\" class=\"wp-image-2131\" srcset=\"https:\/\/anemontrekking.com\/wp-content\/uploads\/2023\/10\/Turkmen-Selalesi-1-1024x819.jpg 1024w, https:\/\/anemontrekking.com\/wp-content\/uploads\/2023\/10\/Turkmen-Selalesi-1-300x240.jpg 300w, https:\/\/anemontrekking.com\/wp-content\/uploads\/2023\/10\/Turkmen-Selalesi-1-768x614.jpg 768w, https:\/\/anemontrekking.com\/wp-content\/uploads\/2023\/10\/Turkmen-Selalesi-1-1536x1229.jpg 1536w, https:\/\/anemontrekking.com\/wp-content\/uploads\/2023\/10\/Turkmen-Selalesi-1.jpg 2000w\" sizes=\"auto, (max-width: 1024px) 100vw, 1024px\" \/><\/figure>\n\n\n\n<p>T\u00fcrkmen \u015eelalesi<\/p>\n\n\n\n<p>Yunt Da\u011flar\u0131n\u0131n g\u00fczel bir k\u00f6\u015fesi T\u00fcrkmen \u015eelalelerine gidiyoruz. B\u00fcy\u00fck ve K\u00fc\u00e7\u00fck \u015eelaleyi gezerek mutlu bir \u015fekilde b\u00f6lgeden ayr\u0131l\u0131yoruz. Kat\u0131lmak isteyen arkada\u015flar\u0131m\u0131z\u0131 faaliyetimize bekliyoruz. FAAL\u0130YET \u0130LK BA\u015eLAYANLAR \u0130\u00c7\u0130N \u0130DEALD\u0130R. <\/p>\n\n\n\n<p><strong>Program :<\/strong><\/p>\n\n\n\n<p><strong>15 Ekim 2023<\/strong>\u00a0<strong>Pazar<\/strong><\/p>\n\n\n\n<p>08:00 Manisa\u2019dan b\u00f6lgeye hareket<\/p>\n\n\n\n<p>08:30 B\u00fcy\u00fck S\u00fcmb\u00fcller k\u00f6y\u00fcnde kahvalt\u0131 (\u0130ster yan\u0131n\u0131zda getirdiklerinizle, isterseniz kafeden simit,po\u00e7a,sandovi\u00e7)<\/p>\n\n\n\n<p>09:00 B\u00fcy\u00fcks\u00fcmb\u00fcller k\u00f6y\u00fcnden T\u00fcrkmen k\u00f6y\u00fcne hareket<\/p>\n\n\n\n<p>09:30 T\u00fcrkmen k\u00f6y\u00fcnden \u015eelaleye 3 km y\u00fcr\u00fcy\u00fc\u015f ve \u00e7evre gezisi<\/p>\n\n\n\n<p>16:00 Faaliyet biti\u015fi ve d\u00f6n\u00fc\u015f<\/p>\n\n\n\n<p><strong>\u00dcYE OLMAK<\/strong>,<strong>KAYIT ve B\u0130LG\u0130 \u0130\u00c7\u0130N :<\/strong><br>Anemon Trekking Whatsap Hatt\u0131 : 0-850-303 91 11 numaral\u0131 telefondan irtibata ge\u00e7ebilirsiniz.<\/p>\n\n\n\n<p><strong>NOT :<\/strong><br>Programda de\u011fi\u015fiklikler ve sarkmalar olabilir. Faaliyet esnas\u0131nda parkurda ayarlama yap\u0131labilir.<\/p>\n\n\n\n<p><strong>ULA\u015eIM :<\/strong><br><strong>Kat\u0131l\u0131m 15 ki\u015fiyi ge\u00e7mesi halinde minib\u00fcs veya otob\u00fcs tutulacakt\u0131r.<\/strong> Ara\u00e7 \u00fccreti kat\u0131l\u0131mc\u0131 say\u0131s\u0131na g\u00f6re netle\u015fecektir. <\/p>\n\n\n\n<p><strong>Kat\u0131l\u0131m say\u0131s\u0131 15 ki\u015fi alt\u0131nda olmas\u0131 durumunda kendi ara\u00e7lar\u0131m\u0131z ile gidece\u011fiz.<\/strong> Kendi arac\u0131 olmayanlar bindikleri ki\u015finin arac\u0131na uygun bir \u00fccret \u00f6deyecektir. (Ki\u015fi ba\u015f\u0131 y\u00fcz lira civar\u0131) <\/p>\n\n\n\n<p>Anemon Trekking Whatsap Duyuru Gurubuna \u00fcye olarak bundan sonraki etkinliklerimizden haberdar olmak i\u00e7in<br>WHATSAP \u0130\u00c7\u0130N\u00a0<a href=\"https:\/\/l.facebook.com\/l.php?u=https%3A%2F%2Fchat.whatsapp.com%2FEstLmUsfztaBqgDSmO8fPZ%3Ffbclid%3DIwAR0sDHYHloBbI78PY_2r3eBZZPvlTiB1ugh80AF5BYjPBtWiXmRxqz_hr6w&amp;h=AT1yFYtc0OgYQeD6uxJI07qa5amrHRjejQtsZhS16ym_4zfnoUqn4QTh-izh90lmC2xKb4z6PDbOgr7j__LP16wm89H6pEuKAWNA-_IZ5hjPCZHjdnD3MoTgh7V-MmkG&amp;__tn__=q&amp;c[0]=AT0pxQ85jpasBZy2aucmM8UYMpnhWXT-NCy483Xy6r_sLFuYjKV1x6rE8vK-9hpb4v5eC9A1E4z4xCNGUFejaq6NJ3loQ0UKauMZCTIZcvWMW5HDgPKEgj4ZZta3520x5AkX8gD2vjbzH2m2qdGgGGRE\" target=\"_blank\" rel=\"noreferrer noopener\">https:\/\/chat.whatsapp.com\/EstLmUsfztaBqgDSmO8fPZ<\/a><br>TELEGRAM \u0130\u00c7\u0130N<a href=\"https:\/\/t.me\/anemontrekking?fbclid=IwAR105Us33vm973055gLPwgsM6ajaRDfV_lRQV-qxGJ7H-OjD25317-3xupU\" target=\"_blank\" rel=\"noreferrer noopener\">\u00a0https:\/\/t.me\/anemontrekking<\/a><\/p>\n","protected":false},"excerpt":{"rendered":"<div class=\"slide-text-bg2\">\n<h3>T\u00fcrkmen \u015eelalesi Yunt Da\u011flar\u0131n\u0131n g\u00fczel bir k\u00f6\u015fesi T\u00fcrkmen \u015eelalelerine gidiyoruz. B\u00fcy\u00fck ve K\u00fc\u00e7\u00fck \u015eelaleyi gezerek mutlu bir \u015fekilde b\u00f6lgeden ayr\u0131l\u0131yoruz.<\/h3>\n<\/div>\n<div class=\"flex-btn-div\"><a href=\"https:\/\/anemontrekking.com\/?page_id=2130\" class=\"btn1 flex-btn\">Daha fazlas\u0131n\u0131 oku<\/a><\/div>\n","protected":false},"author":1,"featured_media":0,"parent":0,"menu_order":0,"comment_status":"closed","ping_status":"closed","template":"","meta":{"ngg_post_thumbnail":0,"footnotes":""},"class_list":["post-2130","page","type-page","status-publish","hentry"],"yoast_head":"<!-- This site is optimized with the Yoast SEO plugin v26.3 - https:\/\/yoast.com\/wordpress\/plugins\/seo\/ -->\n<title>T\u00fcrkmen \u015eelalesi (15.10.2023) - Anemon Trekking Spor Kulub\u00fc<\/title>\n<meta name=\"robots\" content=\"index, follow, max-snippet:-1, max-image-preview:large, max-video-preview:-1\" \/>\n<link rel=\"canonical\" href=\"https:\/\/anemontrekking.com\/?page_id=2130\" \/>\n<meta property=\"og:locale\" content=\"tr_TR\" \/>\n<meta property=\"og:type\" content=\"article\" \/>\n<meta property=\"og:title\" content=\"T\u00fcrkmen \u015eelalesi (15.10.2023) - Anemon Trekking Spor Kulub\u00fc\" \/>\n<meta property=\"og:description\" content=\"T\u00fcrkmen \u015eelalesi Yunt Da\u011flar\u0131n\u0131n g\u00fczel bir k\u00f6\u015fesi T\u00fcrkmen \u015eelalelerine gidiyoruz. B\u00fcy\u00fck ve K\u00fc\u00e7\u00fck \u015eelaleyi gezerek mutlu bir \u015fekilde b\u00f6lgeden ayr\u0131l\u0131yoruz.Daha fazlas\u0131n\u0131 oku\" \/>\n<meta property=\"og:url\" content=\"https:\/\/anemontrekking.com\/?page_id=2130\" \/>\n<meta property=\"og:site_name\" content=\"Anemon Trekking Spor Kulub\u00fc\" \/>\n<meta property=\"article:publisher\" content=\"https:\/\/facebook.com\/anemontreking\" \/>\n<meta property=\"article:modified_time\" content=\"2023-10-09T07:38:29+00:00\" \/>\n<meta property=\"og:image\" content=\"http:\/\/anemontrekking.com\/wp-content\/uploads\/2023\/10\/Turkmen-Selalesi-1-1024x819.jpg\" \/>\n<meta name=\"twitter:card\" content=\"summary_large_image\" \/>\n<meta name=\"twitter:site\" content=\"@anemon_trekking\" \/>\n<meta name=\"twitter:label1\" content=\"Tahmini okuma s\u00fcresi\" \/>\n\t<meta name=\"twitter:data1\" content=\"2 dakika\" \/>\n<script type=\"application\/ld+json\" class=\"yoast-schema-graph\">{\"@context\":\"https:\/\/schema.org\",\"@graph\":[{\"@type\":\"WebPage\",\"@id\":\"https:\/\/anemontrekking.com\/?page_id=2130\",\"url\":\"https:\/\/anemontrekking.com\/?page_id=2130\",\"name\":\"T\u00fcrkmen \u015eelalesi (15.10.2023) - Anemon Trekking Spor Kulub\u00fc\",\"isPartOf\":{\"@id\":\"https:\/\/anemontrekking.com\/#website\"},\"primaryImageOfPage\":{\"@id\":\"https:\/\/anemontrekking.com\/?page_id=2130#primaryimage\"},\"image\":{\"@id\":\"https:\/\/anemontrekking.com\/?page_id=2130#primaryimage\"},\"thumbnailUrl\":\"http:\/\/anemontrekking.com\/wp-content\/uploads\/2023\/10\/Turkmen-Selalesi-1-1024x819.jpg\",\"datePublished\":\"2023-10-09T07:12:37+00:00\",\"dateModified\":\"2023-10-09T07:38:29+00:00\",\"breadcrumb\":{\"@id\":\"https:\/\/anemontrekking.com\/?page_id=2130#breadcrumb\"},\"inLanguage\":\"tr\",\"potentialAction\":[{\"@type\":\"ReadAction\",\"target\":[\"https:\/\/anemontrekking.com\/?page_id=2130\"]}]},{\"@type\":\"ImageObject\",\"inLanguage\":\"tr\",\"@id\":\"https:\/\/anemontrekking.com\/?page_id=2130#primaryimage\",\"url\":\"https:\/\/anemontrekking.com\/wp-content\/uploads\/2023\/10\/Turkmen-Selalesi-1.jpg\",\"contentUrl\":\"https:\/\/anemontrekking.com\/wp-content\/uploads\/2023\/10\/Turkmen-Selalesi-1.jpg\",\"width\":2000,\"height\":1600},{\"@type\":\"BreadcrumbList\",\"@id\":\"https:\/\/anemontrekking.com\/?page_id=2130#breadcrumb\",\"itemListElement\":[{\"@type\":\"ListItem\",\"position\":1,\"name\":\"Anasayfa\",\"item\":\"https:\/\/anemontrekking.com\/\"},{\"@type\":\"ListItem\",\"position\":2,\"name\":\"T\u00fcrkmen \u015eelalesi (15.10.2023)\"}]},{\"@type\":\"WebSite\",\"@id\":\"https:\/\/anemontrekking.com\/#website\",\"url\":\"https:\/\/anemontrekking.com\/\",\"name\":\"Anemon Trekking Spor Kulub\u00fc\",\"description\":\"Da\u011fc\u0131l\u0131k, Trekking,Kamp\u00e7\u0131l\u0131k ve Do\u011fa Sporlar\u0131\",\"publisher\":{\"@id\":\"https:\/\/anemontrekking.com\/#organization\"},\"potentialAction\":[{\"@type\":\"SearchAction\",\"target\":{\"@type\":\"EntryPoint\",\"urlTemplate\":\"https:\/\/anemontrekking.com\/?s={search_term_string}\"},\"query-input\":{\"@type\":\"PropertyValueSpecification\",\"valueRequired\":true,\"valueName\":\"search_term_string\"}}],\"inLanguage\":\"tr\"},{\"@type\":\"Organization\",\"@id\":\"https:\/\/anemontrekking.com\/#organization\",\"name\":\"Anemon Trekking Spor Kulub\u00fc\",\"url\":\"https:\/\/anemontrekking.com\/\",\"logo\":{\"@type\":\"ImageObject\",\"inLanguage\":\"tr\",\"@id\":\"https:\/\/anemontrekking.com\/#\/schema\/logo\/image\/\",\"url\":\"http:\/\/anemontrekking.com\/wp-content\/uploads\/2021\/02\/47292421_10156386216874652_1517111611498692608_n.jpg\",\"contentUrl\":\"http:\/\/anemontrekking.com\/wp-content\/uploads\/2021\/02\/47292421_10156386216874652_1517111611498692608_n.jpg\",\"width\":960,\"height\":906,\"caption\":\"Anemon Trekking Spor Kulub\u00fc\"},\"image\":{\"@id\":\"https:\/\/anemontrekking.com\/#\/schema\/logo\/image\/\"},\"sameAs\":[\"https:\/\/facebook.com\/anemontreking\",\"https:\/\/x.com\/anemon_trekking\",\"https:\/\/www.instagram.com\/anemontreking\/\"]}]}<\/script>\n<!-- \/ Yoast SEO plugin. -->","yoast_head_json":{"title":"T\u00fcrkmen \u015eelalesi (15.10.2023) - Anemon Trekking Spor Kulub\u00fc","robots":{"index":"index","follow":"follow","max-snippet":"max-snippet:-1","max-image-preview":"max-image-preview:large","max-video-preview":"max-video-preview:-1"},"canonical":"https:\/\/anemontrekking.com\/?page_id=2130","og_locale":"tr_TR","og_type":"article","og_title":"T\u00fcrkmen \u015eelalesi (15.10.2023) - Anemon Trekking Spor Kulub\u00fc","og_description":"T\u00fcrkmen \u015eelalesi Yunt Da\u011flar\u0131n\u0131n g\u00fczel bir k\u00f6\u015fesi T\u00fcrkmen \u015eelalelerine gidiyoruz. B\u00fcy\u00fck ve K\u00fc\u00e7\u00fck \u015eelaleyi gezerek mutlu bir \u015fekilde b\u00f6lgeden ayr\u0131l\u0131yoruz.Daha fazlas\u0131n\u0131 oku","og_url":"https:\/\/anemontrekking.com\/?page_id=2130","og_site_name":"Anemon Trekking Spor Kulub\u00fc","article_publisher":"https:\/\/facebook.com\/anemontreking","article_modified_time":"2023-10-09T07:38:29+00:00","og_image":[{"url":"http:\/\/anemontrekking.com\/wp-content\/uploads\/2023\/10\/Turkmen-Selalesi-1-1024x819.jpg","type":"","width":"","height":""}],"twitter_card":"summary_large_image","twitter_site":"@anemon_trekking","twitter_misc":{"Tahmini okuma s\u00fcresi":"2 dakika"},"schema":{"@context":"https:\/\/schema.org","@graph":[{"@type":"WebPage","@id":"https:\/\/anemontrekking.com\/?page_id=2130","url":"https:\/\/anemontrekking.com\/?page_id=2130","name":"T\u00fcrkmen \u015eelalesi (15.10.2023) - Anemon Trekking Spor Kulub\u00fc","isPartOf":{"@id":"https:\/\/anemontrekking.com\/#website"},"primaryImageOfPage":{"@id":"https:\/\/anemontrekking.com\/?page_id=2130#primaryimage"},"image":{"@id":"https:\/\/anemontrekking.com\/?page_id=2130#primaryimage"},"thumbnailUrl":"http:\/\/anemontrekking.com\/wp-content\/uploads\/2023\/10\/Turkmen-Selalesi-1-1024x819.jpg","datePublished":"2023-10-09T07:12:37+00:00","dateModified":"2023-10-09T07:38:29+00:00","breadcrumb":{"@id":"https:\/\/anemontrekking.com\/?page_id=2130#breadcrumb"},"inLanguage":"tr","potentialAction":[{"@type":"ReadAction","target":["https:\/\/anemontrekking.com\/?page_id=2130"]}]},{"@type":"ImageObject","inLanguage":"tr","@id":"https:\/\/anemontrekking.com\/?page_id=2130#primaryimage","url":"https:\/\/anemontrekking.com\/wp-content\/uploads\/2023\/10\/Turkmen-Selalesi-1.jpg","contentUrl":"https:\/\/anemontrekking.com\/wp-content\/uploads\/2023\/10\/Turkmen-Selalesi-1.jpg","width":2000,"height":1600},{"@type":"BreadcrumbList","@id":"https:\/\/anemontrekking.com\/?page_id=2130#breadcrumb","itemListElement":[{"@type":"ListItem","position":1,"name":"Anasayfa","item":"https:\/\/anemontrekking.com\/"},{"@type":"ListItem","position":2,"name":"T\u00fcrkmen \u015eelalesi (15.10.2023)"}]},{"@type":"WebSite","@id":"https:\/\/anemontrekking.com\/#website","url":"https:\/\/anemontrekking.com\/","name":"Anemon Trekking Spor Kulub\u00fc","description":"Da\u011fc\u0131l\u0131k, Trekking,Kamp\u00e7\u0131l\u0131k ve Do\u011fa Sporlar\u0131","publisher":{"@id":"https:\/\/anemontrekking.com\/#organization"},"potentialAction":[{"@type":"SearchAction","target":{"@type":"EntryPoint","urlTemplate":"https:\/\/anemontrekking.com\/?s={search_term_string}"},"query-input":{"@type":"PropertyValueSpecification","valueRequired":true,"valueName":"search_term_string"}}],"inLanguage":"tr"},{"@type":"Organization","@id":"https:\/\/anemontrekking.com\/#organization","name":"Anemon Trekking Spor Kulub\u00fc","url":"https:\/\/anemontrekking.com\/","logo":{"@type":"ImageObject","inLanguage":"tr","@id":"https:\/\/anemontrekking.com\/#\/schema\/logo\/image\/","url":"http:\/\/anemontrekking.com\/wp-content\/uploads\/2021\/02\/47292421_10156386216874652_1517111611498692608_n.jpg","contentUrl":"http:\/\/anemontrekking.com\/wp-content\/uploads\/2021\/02\/47292421_10156386216874652_1517111611498692608_n.jpg","width":960,"height":906,"caption":"Anemon Trekking Spor Kulub\u00fc"},"image":{"@id":"https:\/\/anemontrekking.com\/#\/schema\/logo\/image\/"},"sameAs":["https:\/\/facebook.com\/anemontreking","https:\/\/x.com\/anemon_trekking","https:\/\/www.instagram.com\/anemontreking\/"]}]}},"_links":{"self":[{"href":"https:\/\/anemontrekking.com\/index.php?rest_route=\/wp\/v2\/pages\/2130","targetHints":{"allow":["GET"]}}],"collection":[{"href":"https:\/\/anemontrekking.com\/index.php?rest_route=\/wp\/v2\/pages"}],"about":[{"href":"https:\/\/anemontrekking.com\/index.php?rest_route=\/wp\/v2\/types\/page"}],"author":[{"embeddable":true,"href":"https:\/\/anemontrekking.com\/index.php?rest_route=\/wp\/v2\/users\/1"}],"replies":[{"embeddable":true,"href":"https:\/\/anemontrekking.com\/index.php?rest_route=%2Fwp%2Fv2%2Fcomments&post=2130"}],"version-history":[{"count":2,"href":"https:\/\/anemontrekking.com\/index.php?rest_route=\/wp\/v2\/pages\/2130\/revisions"}],"predecessor-version":[{"id":2134,"href":"https:\/\/anemontrekking.com\/index.php?rest_route=\/wp\/v2\/pages\/2130\/revisions\/2134"}],"wp:attachment":[{"href":"https:\/\/anemontrekking.com\/index.php?rest_route=%2Fwp%2Fv2%2Fmedia&parent=2130"}],"curies":[{"name":"wp","href":"https:\/\/api.w.org\/{rel}","templated":true}]}}