{"id":2020,"date":"2023-09-05T09:43:43","date_gmt":"2023-09-05T06:43:43","guid":{"rendered":"http:\/\/anemontrekking.com\/?page_id=2020"},"modified":"2023-09-05T10:11:46","modified_gmt":"2023-09-05T07:11:46","slug":"baranda-golu-girdev-golu-eren-dagi-kampi","status":"publish","type":"page","link":"https:\/\/anemontrekking.com\/?page_id=2020","title":{"rendered":"BARANDA G\u00d6L\u00dc-G\u0130RDEV G\u00d6L\u00dc-EREN DA\u011eI KAMPI"},"content":{"rendered":"\n<figure class=\"wp-block-image size-large\"><a href=\"http:\/\/anemontrekking.com\/wp-content\/uploads\/2023\/09\/1.jpg\"><img loading=\"lazy\" decoding=\"async\" width=\"1024\" height=\"819\" src=\"http:\/\/anemontrekking.com\/wp-content\/uploads\/2023\/09\/1-1024x819.jpg\" alt=\"\" class=\"wp-image-2021\" srcset=\"https:\/\/anemontrekking.com\/wp-content\/uploads\/2023\/09\/1-1024x819.jpg 1024w, https:\/\/anemontrekking.com\/wp-content\/uploads\/2023\/09\/1-300x240.jpg 300w, https:\/\/anemontrekking.com\/wp-content\/uploads\/2023\/09\/1-768x614.jpg 768w, https:\/\/anemontrekking.com\/wp-content\/uploads\/2023\/09\/1-1536x1229.jpg 1536w, https:\/\/anemontrekking.com\/wp-content\/uploads\/2023\/09\/1.jpg 2000w\" sizes=\"auto, (max-width: 1024px) 100vw, 1024px\" \/><\/a><\/figure>\n\n\n\n<p>16 Eyl\u00fcl 2023 Cumartesi g\u00fcn\u00fc sabah saat 05:30&#8217;da Manisa&#8217;dan yola \u00e7\u0131karak Antalya&#8217;n\u0131n Elmal\u0131 il\u00e7esine ba\u011fl\u0131 \u0130slamlar k\u00f6y\u00fc \u00fcst\u00fcnde bulunan Baranda G\u00f6l\u00fc&#8217;ne ara\u00e7lar\u0131m\u0131z ile yedi saatlik yolculuk sonras\u0131  ula\u015faca\u011f\u0131z. Ara\u00e7lardan inip son haz\u0131rl\u0131klar\u0131m\u0131z\u0131 yapt\u0131ktan sonra KAMP Y\u00dcK\u00dcM\u00dcZ ile Girdev G\u00f6l\u00fcne belirlenen rotadan 11 km y\u00fcr\u00fcyerek ge\u00e7ece\u011fiz. Yakla\u015f\u0131k 500 metre irtifa y\u00fckselece\u011fiz. Girdev G\u00f6l\u00fcnde uygun bir noktaya kamp\u0131m\u0131z\u0131 kuraca\u011f\u0131z. 17 Eyl\u00fcl 2023 Pazar sabah saat 05:00&#8217;te planlanan rotadan EREN DA\u011eINA t\u0131rman\u0131\u015fa ge\u00e7ece\u011fiz. Yakla\u015f\u0131k 1100 metre irtifa y\u00fckselip 11 km mesafe kaydedece\u011fiz. Kamp alan\u0131m\u0131za d\u00f6n\u00fc\u015fte ufak bir dinlenme molas\u0131 sonras\u0131 kamp\u0131m\u0131z\u0131 toplay\u0131p d\u00f6n\u00fc\u015fe ge\u00e7ece\u011fiz. <\/p>\n\n\n\n<p><strong>Program :<\/strong><\/p>\n\n\n\n<p><strong>16 Eyl\u00fcl Cumartesi<\/strong><\/p>\n\n\n\n<p>05:30 Manisa\u2019dan b\u00f6lgeye hareket<\/p>\n\n\n\n<p>13:00 Baranda G\u00f6l\u00fcne var\u0131\u015f ve kamp y\u00fckl\u00fc Girdev G\u00f6l\u00fcne hareket.<\/p>\n\n\n\n<p>17:00 Kamp\u0131n kurulmas\u0131 ve dinlenme<\/p>\n\n\n\n<p><strong>17 Eyl\u00fcl Pazar <\/strong><\/p>\n\n\n\n<p>05:00 Planlanan rotadan Eren Da\u011f\u0131 zirvesine hareket<\/p>\n\n\n\n<p>13:00 Kamp alan\u0131na d\u00f6n\u00fc\u015f ve kamp\u0131 toplama ve ini\u015f.<\/p>\n\n\n\n<p><\/p>\n\n\n\n<p><strong>KAYIT ve B\u0130LG\u0130 \u0130\u00c7\u0130N :<\/strong><\/p>\n\n\n\n<p>Anemon Trekking Whatsap Hatt\u0131 : 0-850-303 91 11 numaral\u0131 telefondan irtibata ge\u00e7ebilirsiniz.<\/p>\n\n\n\n<p><strong>NOT :<\/strong><\/p>\n\n\n\n<p>Programda de\u011fi\u015fiklikler ve sarkmalar olabilir. Faaliyet esnas\u0131nda parkurda ayarlama yap\u0131labilir.<\/p>\n\n\n\n<p><strong>ULA\u015eIM :<\/strong><\/p>\n\n\n\n<p>Kendi ara\u00e7lar\u0131m\u0131z ile b\u00f6lgeye gidiyoruz.<\/p>\n\n\n\n<p>Anemon Trekking Whatsap Duyuru Gurubuna \u00fcye olarak bundan sonraki etkinliklerimizden haberdar olmak i\u00e7in<\/p>\n\n\n\n<p>WHATSAP \u0130\u00c7\u0130N&nbsp;<a rel=\"noreferrer noopener\" href=\"https:\/\/l.facebook.com\/l.php?u=https%3A%2F%2Fchat.whatsapp.com%2FEstLmUsfztaBqgDSmO8fPZ%3Ffbclid%3DIwAR0sDHYHloBbI78PY_2r3eBZZPvlTiB1ugh80AF5BYjPBtWiXmRxqz_hr6w&amp;h=AT1yFYtc0OgYQeD6uxJI07qa5amrHRjejQtsZhS16ym_4zfnoUqn4QTh-izh90lmC2xKb4z6PDbOgr7j__LP16wm89H6pEuKAWNA-_IZ5hjPCZHjdnD3MoTgh7V-MmkG&amp;__tn__=q&amp;c[0]=AT0pxQ85jpasBZy2aucmM8UYMpnhWXT-NCy483Xy6r_sLFuYjKV1x6rE8vK-9hpb4v5eC9A1E4z4xCNGUFejaq6NJ3loQ0UKauMZCTIZcvWMW5HDgPKEgj4ZZta3520x5AkX8gD2vjbzH2m2qdGgGGRE\" target=\"_blank\">https:\/\/chat.whatsapp.com\/EstLmUsfztaBqgDSmO8fPZ<\/a><\/p>\n\n\n\n<p>TELEGRAM \u0130\u00c7\u0130N<a rel=\"noreferrer noopener\" href=\"https:\/\/t.me\/anemontrekking?fbclid=IwAR105Us33vm973055gLPwgsM6ajaRDfV_lRQV-qxGJ7H-OjD25317-3xupU\" target=\"_blank\">&nbsp;https:\/\/t.me\/anemontrekking<\/a><\/p>\n","protected":false},"excerpt":{"rendered":"<div class=\"slide-text-bg2\">\n<h3>16 Eyl\u00fcl 2023 Cumartesi g\u00fcn\u00fc sabah saat 05:30&#8217;da Manisa&#8217;dan yola \u00e7\u0131karak Antalya&#8217;n\u0131n Elmal\u0131 il\u00e7esine ba\u011fl\u0131 \u0130slamlar k\u00f6y\u00fc \u00fcst\u00fcnde bulunan Baranda<\/h3>\n<\/div>\n<div class=\"flex-btn-div\"><a href=\"https:\/\/anemontrekking.com\/?page_id=2020\" class=\"btn1 flex-btn\">Daha fazlas\u0131n\u0131 oku<\/a><\/div>\n","protected":false},"author":1,"featured_media":0,"parent":0,"menu_order":0,"comment_status":"closed","ping_status":"closed","template":"","meta":{"ngg_post_thumbnail":0,"footnotes":""},"class_list":["post-2020","page","type-page","status-publish","hentry"],"yoast_head":"<!-- This site is optimized with the Yoast SEO plugin v26.3 - https:\/\/yoast.com\/wordpress\/plugins\/seo\/ -->\n<title>BARANDA G\u00d6L\u00dc-G\u0130RDEV G\u00d6L\u00dc-EREN DA\u011eI KAMPI - Anemon Trekking Spor Kulub\u00fc<\/title>\n<meta name=\"robots\" content=\"index, follow, max-snippet:-1, max-image-preview:large, max-video-preview:-1\" \/>\n<link rel=\"canonical\" href=\"https:\/\/anemontrekking.com\/?page_id=2020\" \/>\n<meta property=\"og:locale\" content=\"tr_TR\" \/>\n<meta property=\"og:type\" content=\"article\" \/>\n<meta property=\"og:title\" content=\"BARANDA G\u00d6L\u00dc-G\u0130RDEV G\u00d6L\u00dc-EREN DA\u011eI KAMPI - Anemon Trekking Spor Kulub\u00fc\" \/>\n<meta property=\"og:description\" content=\"16 Eyl\u00fcl 2023 Cumartesi g\u00fcn\u00fc sabah saat 05:30&#8217;da Manisa&#8217;dan yola \u00e7\u0131karak Antalya&#8217;n\u0131n Elmal\u0131 il\u00e7esine ba\u011fl\u0131 \u0130slamlar k\u00f6y\u00fc \u00fcst\u00fcnde bulunan BarandaDaha fazlas\u0131n\u0131 oku\" \/>\n<meta property=\"og:url\" content=\"https:\/\/anemontrekking.com\/?page_id=2020\" \/>\n<meta property=\"og:site_name\" content=\"Anemon Trekking Spor Kulub\u00fc\" \/>\n<meta property=\"article:publisher\" content=\"https:\/\/facebook.com\/anemontreking\" \/>\n<meta property=\"article:modified_time\" content=\"2023-09-05T07:11:46+00:00\" \/>\n<meta property=\"og:image\" content=\"http:\/\/anemontrekking.com\/wp-content\/uploads\/2023\/09\/1-1024x819.jpg\" \/>\n<meta name=\"twitter:card\" content=\"summary_large_image\" \/>\n<meta name=\"twitter:site\" content=\"@anemon_trekking\" \/>\n<meta name=\"twitter:label1\" content=\"Tahmini okuma s\u00fcresi\" \/>\n\t<meta name=\"twitter:data1\" content=\"2 dakika\" \/>\n<script type=\"application\/ld+json\" class=\"yoast-schema-graph\">{\"@context\":\"https:\/\/schema.org\",\"@graph\":[{\"@type\":\"WebPage\",\"@id\":\"https:\/\/anemontrekking.com\/?page_id=2020\",\"url\":\"https:\/\/anemontrekking.com\/?page_id=2020\",\"name\":\"BARANDA G\u00d6L\u00dc-G\u0130RDEV G\u00d6L\u00dc-EREN DA\u011eI KAMPI - Anemon Trekking Spor Kulub\u00fc\",\"isPartOf\":{\"@id\":\"https:\/\/anemontrekking.com\/#website\"},\"primaryImageOfPage\":{\"@id\":\"https:\/\/anemontrekking.com\/?page_id=2020#primaryimage\"},\"image\":{\"@id\":\"https:\/\/anemontrekking.com\/?page_id=2020#primaryimage\"},\"thumbnailUrl\":\"http:\/\/anemontrekking.com\/wp-content\/uploads\/2023\/09\/1-1024x819.jpg\",\"datePublished\":\"2023-09-05T06:43:43+00:00\",\"dateModified\":\"2023-09-05T07:11:46+00:00\",\"breadcrumb\":{\"@id\":\"https:\/\/anemontrekking.com\/?page_id=2020#breadcrumb\"},\"inLanguage\":\"tr\",\"potentialAction\":[{\"@type\":\"ReadAction\",\"target\":[\"https:\/\/anemontrekking.com\/?page_id=2020\"]}]},{\"@type\":\"ImageObject\",\"inLanguage\":\"tr\",\"@id\":\"https:\/\/anemontrekking.com\/?page_id=2020#primaryimage\",\"url\":\"https:\/\/anemontrekking.com\/wp-content\/uploads\/2023\/09\/1.jpg\",\"contentUrl\":\"https:\/\/anemontrekking.com\/wp-content\/uploads\/2023\/09\/1.jpg\",\"width\":2000,\"height\":1600},{\"@type\":\"BreadcrumbList\",\"@id\":\"https:\/\/anemontrekking.com\/?page_id=2020#breadcrumb\",\"itemListElement\":[{\"@type\":\"ListItem\",\"position\":1,\"name\":\"Anasayfa\",\"item\":\"https:\/\/anemontrekking.com\/\"},{\"@type\":\"ListItem\",\"position\":2,\"name\":\"BARANDA G\u00d6L\u00dc-G\u0130RDEV G\u00d6L\u00dc-EREN DA\u011eI KAMPI\"}]},{\"@type\":\"WebSite\",\"@id\":\"https:\/\/anemontrekking.com\/#website\",\"url\":\"https:\/\/anemontrekking.com\/\",\"name\":\"Anemon Trekking Spor Kulub\u00fc\",\"description\":\"Da\u011fc\u0131l\u0131k, Trekking,Kamp\u00e7\u0131l\u0131k ve Do\u011fa Sporlar\u0131\",\"publisher\":{\"@id\":\"https:\/\/anemontrekking.com\/#organization\"},\"potentialAction\":[{\"@type\":\"SearchAction\",\"target\":{\"@type\":\"EntryPoint\",\"urlTemplate\":\"https:\/\/anemontrekking.com\/?s={search_term_string}\"},\"query-input\":{\"@type\":\"PropertyValueSpecification\",\"valueRequired\":true,\"valueName\":\"search_term_string\"}}],\"inLanguage\":\"tr\"},{\"@type\":\"Organization\",\"@id\":\"https:\/\/anemontrekking.com\/#organization\",\"name\":\"Anemon Trekking Spor Kulub\u00fc\",\"url\":\"https:\/\/anemontrekking.com\/\",\"logo\":{\"@type\":\"ImageObject\",\"inLanguage\":\"tr\",\"@id\":\"https:\/\/anemontrekking.com\/#\/schema\/logo\/image\/\",\"url\":\"http:\/\/anemontrekking.com\/wp-content\/uploads\/2021\/02\/47292421_10156386216874652_1517111611498692608_n.jpg\",\"contentUrl\":\"http:\/\/anemontrekking.com\/wp-content\/uploads\/2021\/02\/47292421_10156386216874652_1517111611498692608_n.jpg\",\"width\":960,\"height\":906,\"caption\":\"Anemon Trekking Spor Kulub\u00fc\"},\"image\":{\"@id\":\"https:\/\/anemontrekking.com\/#\/schema\/logo\/image\/\"},\"sameAs\":[\"https:\/\/facebook.com\/anemontreking\",\"https:\/\/x.com\/anemon_trekking\",\"https:\/\/www.instagram.com\/anemontreking\/\"]}]}<\/script>\n<!-- \/ Yoast SEO plugin. -->","yoast_head_json":{"title":"BARANDA G\u00d6L\u00dc-G\u0130RDEV G\u00d6L\u00dc-EREN DA\u011eI KAMPI - Anemon Trekking Spor Kulub\u00fc","robots":{"index":"index","follow":"follow","max-snippet":"max-snippet:-1","max-image-preview":"max-image-preview:large","max-video-preview":"max-video-preview:-1"},"canonical":"https:\/\/anemontrekking.com\/?page_id=2020","og_locale":"tr_TR","og_type":"article","og_title":"BARANDA G\u00d6L\u00dc-G\u0130RDEV G\u00d6L\u00dc-EREN DA\u011eI KAMPI - Anemon Trekking Spor Kulub\u00fc","og_description":"16 Eyl\u00fcl 2023 Cumartesi g\u00fcn\u00fc sabah saat 05:30&#8217;da Manisa&#8217;dan yola \u00e7\u0131karak Antalya&#8217;n\u0131n Elmal\u0131 il\u00e7esine ba\u011fl\u0131 \u0130slamlar k\u00f6y\u00fc \u00fcst\u00fcnde bulunan BarandaDaha fazlas\u0131n\u0131 oku","og_url":"https:\/\/anemontrekking.com\/?page_id=2020","og_site_name":"Anemon Trekking Spor Kulub\u00fc","article_publisher":"https:\/\/facebook.com\/anemontreking","article_modified_time":"2023-09-05T07:11:46+00:00","og_image":[{"url":"http:\/\/anemontrekking.com\/wp-content\/uploads\/2023\/09\/1-1024x819.jpg","type":"","width":"","height":""}],"twitter_card":"summary_large_image","twitter_site":"@anemon_trekking","twitter_misc":{"Tahmini okuma s\u00fcresi":"2 dakika"},"schema":{"@context":"https:\/\/schema.org","@graph":[{"@type":"WebPage","@id":"https:\/\/anemontrekking.com\/?page_id=2020","url":"https:\/\/anemontrekking.com\/?page_id=2020","name":"BARANDA G\u00d6L\u00dc-G\u0130RDEV G\u00d6L\u00dc-EREN DA\u011eI KAMPI - Anemon Trekking Spor Kulub\u00fc","isPartOf":{"@id":"https:\/\/anemontrekking.com\/#website"},"primaryImageOfPage":{"@id":"https:\/\/anemontrekking.com\/?page_id=2020#primaryimage"},"image":{"@id":"https:\/\/anemontrekking.com\/?page_id=2020#primaryimage"},"thumbnailUrl":"http:\/\/anemontrekking.com\/wp-content\/uploads\/2023\/09\/1-1024x819.jpg","datePublished":"2023-09-05T06:43:43+00:00","dateModified":"2023-09-05T07:11:46+00:00","breadcrumb":{"@id":"https:\/\/anemontrekking.com\/?page_id=2020#breadcrumb"},"inLanguage":"tr","potentialAction":[{"@type":"ReadAction","target":["https:\/\/anemontrekking.com\/?page_id=2020"]}]},{"@type":"ImageObject","inLanguage":"tr","@id":"https:\/\/anemontrekking.com\/?page_id=2020#primaryimage","url":"https:\/\/anemontrekking.com\/wp-content\/uploads\/2023\/09\/1.jpg","contentUrl":"https:\/\/anemontrekking.com\/wp-content\/uploads\/2023\/09\/1.jpg","width":2000,"height":1600},{"@type":"BreadcrumbList","@id":"https:\/\/anemontrekking.com\/?page_id=2020#breadcrumb","itemListElement":[{"@type":"ListItem","position":1,"name":"Anasayfa","item":"https:\/\/anemontrekking.com\/"},{"@type":"ListItem","position":2,"name":"BARANDA G\u00d6L\u00dc-G\u0130RDEV G\u00d6L\u00dc-EREN DA\u011eI KAMPI"}]},{"@type":"WebSite","@id":"https:\/\/anemontrekking.com\/#website","url":"https:\/\/anemontrekking.com\/","name":"Anemon Trekking Spor Kulub\u00fc","description":"Da\u011fc\u0131l\u0131k, Trekking,Kamp\u00e7\u0131l\u0131k ve Do\u011fa Sporlar\u0131","publisher":{"@id":"https:\/\/anemontrekking.com\/#organization"},"potentialAction":[{"@type":"SearchAction","target":{"@type":"EntryPoint","urlTemplate":"https:\/\/anemontrekking.com\/?s={search_term_string}"},"query-input":{"@type":"PropertyValueSpecification","valueRequired":true,"valueName":"search_term_string"}}],"inLanguage":"tr"},{"@type":"Organization","@id":"https:\/\/anemontrekking.com\/#organization","name":"Anemon Trekking Spor Kulub\u00fc","url":"https:\/\/anemontrekking.com\/","logo":{"@type":"ImageObject","inLanguage":"tr","@id":"https:\/\/anemontrekking.com\/#\/schema\/logo\/image\/","url":"http:\/\/anemontrekking.com\/wp-content\/uploads\/2021\/02\/47292421_10156386216874652_1517111611498692608_n.jpg","contentUrl":"http:\/\/anemontrekking.com\/wp-content\/uploads\/2021\/02\/47292421_10156386216874652_1517111611498692608_n.jpg","width":960,"height":906,"caption":"Anemon Trekking Spor Kulub\u00fc"},"image":{"@id":"https:\/\/anemontrekking.com\/#\/schema\/logo\/image\/"},"sameAs":["https:\/\/facebook.com\/anemontreking","https:\/\/x.com\/anemon_trekking","https:\/\/www.instagram.com\/anemontreking\/"]}]}},"_links":{"self":[{"href":"https:\/\/anemontrekking.com\/index.php?rest_route=\/wp\/v2\/pages\/2020","targetHints":{"allow":["GET"]}}],"collection":[{"href":"https:\/\/anemontrekking.com\/index.php?rest_route=\/wp\/v2\/pages"}],"about":[{"href":"https:\/\/anemontrekking.com\/index.php?rest_route=\/wp\/v2\/types\/page"}],"author":[{"embeddable":true,"href":"https:\/\/anemontrekking.com\/index.php?rest_route=\/wp\/v2\/users\/1"}],"replies":[{"embeddable":true,"href":"https:\/\/anemontrekking.com\/index.php?rest_route=%2Fwp%2Fv2%2Fcomments&post=2020"}],"version-history":[{"count":2,"href":"https:\/\/anemontrekking.com\/index.php?rest_route=\/wp\/v2\/pages\/2020\/revisions"}],"predecessor-version":[{"id":2024,"href":"https:\/\/anemontrekking.com\/index.php?rest_route=\/wp\/v2\/pages\/2020\/revisions\/2024"}],"wp:attachment":[{"href":"https:\/\/anemontrekking.com\/index.php?rest_route=%2Fwp%2Fv2%2Fmedia&parent=2020"}],"curies":[{"name":"wp","href":"https:\/\/api.w.org\/{rel}","templated":true}]}}