{"id":1980,"date":"2023-07-14T11:38:01","date_gmt":"2023-07-14T08:38:01","guid":{"rendered":"http:\/\/anemontrekking.com\/?page_id=1980"},"modified":"2023-07-14T11:38:04","modified_gmt":"2023-07-14T08:38:04","slug":"uludag-guney-sirti","status":"publish","type":"page","link":"https:\/\/anemontrekking.com\/?page_id=1980","title":{"rendered":"ULUDA\u011e G\u00dcNEY SIRTI"},"content":{"rendered":"\n<figure class=\"wp-block-image size-large\"><img loading=\"lazy\" decoding=\"async\" width=\"1024\" height=\"819\" src=\"http:\/\/anemontrekking.com\/wp-content\/uploads\/2023\/07\/Uludag-Guney-Sirti-1024x819.jpg\" alt=\"\" class=\"wp-image-1981\" srcset=\"https:\/\/anemontrekking.com\/wp-content\/uploads\/2023\/07\/Uludag-Guney-Sirti-1024x819.jpg 1024w, https:\/\/anemontrekking.com\/wp-content\/uploads\/2023\/07\/Uludag-Guney-Sirti-300x240.jpg 300w, https:\/\/anemontrekking.com\/wp-content\/uploads\/2023\/07\/Uludag-Guney-Sirti-768x614.jpg 768w, https:\/\/anemontrekking.com\/wp-content\/uploads\/2023\/07\/Uludag-Guney-Sirti-1536x1229.jpg 1536w, https:\/\/anemontrekking.com\/wp-content\/uploads\/2023\/07\/Uludag-Guney-Sirti.jpg 2000w\" sizes=\"auto, (max-width: 1024px) 100vw, 1024px\" \/><\/figure>\n\n\n\n<p>21 Temmuz Cuma&#8217;y\u0131 22 Temmuz Cumartesi&#8217;ye ba\u011flayan gece saat 00:00&#8217;da Manisa&#8217;dan Bursa Uluda\u011f So\u011fukp\u0131nar K\u00f6y\u00fc Ketenlik Yaylas\u0131na do\u011fru yola \u00e7\u0131k\u0131yoruz. Ketenlik Yaylas\u0131ndan saat 06:00&#8217;da son haz\u0131rl\u0131klar\u0131m\u0131z\u0131 yaparak faaliyetimize ba\u015fl\u0131yoruz. Planlad\u0131\u011f\u0131m\u0131z rotadan ilk \u00f6nce Aras \u015eelalesine ula\u015f\u0131yoruz. Aras \u015eelalesinde k\u00fc\u00e7\u00fck bir mola sonras\u0131 planlanan rotadan K\u00fc\u00e7\u00fck Zirveye do\u011fru kaya t\u0131rmanarak zirveye ula\u015f\u0131yoruz. K\u00fc\u00e7\u00fck Zirvede mola verdikten sonra s\u0131rt hatt\u0131ndan B\u00fcy\u00fck Zirveye ge\u00e7iyoruz. B\u00fcy\u00fck Zirvede mola verdikten sonra g\u00fcneye do\u011fru ini\u015fe ge\u00e7iyoruz. Ercek \u015eelalelerinin Vadisinden orman yoluna inerek ba\u015flang\u0131\u00e7 noktam\u0131za geri d\u00f6n\u00fcyoruz. Toplam 26 km mesafe kaydedip 1500 metre irtifa y\u00fcksele\u011fiz. Faaliyet sonras\u0131 uygun bir noktada kamp\u0131m\u0131z\u0131 kurup dinlenmeye \u00e7ekilece\u011fiz. 23 Temmuz Pazar g\u00fcn\u00fc \u00e7evre gezisi yaparak d\u00f6n\u00fc\u015fe ge\u00e7ece\u011fiz.  <\/p>\n\n\n\n<p><strong>Program :<\/strong><\/p>\n\n\n\n<p><strong>21 Temmuz Cuma<\/strong><\/p>\n\n\n\n<p>23:59 Manisa\u2019dan b\u00f6lgeye hareket<\/p>\n\n\n\n<p><strong>22 Temmuz Cumartesi<\/strong><\/p>\n\n\n\n<p>06:00 Faaliyete ba\u015flama<\/p>\n\n\n\n<p>16:00 Kamp alan\u0131na var\u0131\u015f ve \u00e7ad\u0131rlar\u0131n kurulmas\u0131 dinlenme<\/p>\n\n\n\n<p><strong>22 Temmuz Pazar<\/strong><\/p>\n\n\n\n<p>08:00 Kahvalt\u0131 sonras\u0131 kamp\u0131 toplama, Uluda\u011f \u00c7evre gezisi ve b\u00f6lgeden ayr\u0131lma<\/p>\n\n\n\n<p><strong>KAYIT ve B\u0130LG\u0130 \u0130\u00c7\u0130N :<\/strong><\/p>\n\n\n\n<p>Anemon Trekking Whatsap Hatt\u0131 : 0-850-303 91 11 numaral\u0131 telefondan irtibata ge\u00e7ebilirsiniz.<\/p>\n\n\n\n<p><strong>NOT :<\/strong><\/p>\n\n\n\n<p>Programda de\u011fi\u015fiklikler ve sarkmalar olabilir. Faaliyet esnas\u0131nda parkurda ayarlama yap\u0131labilir.<\/p>\n\n\n\n<p><strong>ULA\u015eIM :<\/strong><\/p>\n\n\n\n<p>Kendi ara\u00e7lar\u0131m\u0131z ile b\u00f6lgeye gidiyoruz. <\/p>\n\n\n\n<p>Anemon Trekking Whatsap Duyuru Gurubuna \u00fcye olarak bundan sonraki etkinliklerimizden haberdar olmak i\u00e7in<\/p>\n\n\n\n<p>WHATSAP \u0130\u00c7\u0130N&nbsp;<a rel=\"noreferrer noopener\" href=\"https:\/\/l.facebook.com\/l.php?u=https%3A%2F%2Fchat.whatsapp.com%2FEstLmUsfztaBqgDSmO8fPZ%3Ffbclid%3DIwAR0sDHYHloBbI78PY_2r3eBZZPvlTiB1ugh80AF5BYjPBtWiXmRxqz_hr6w&amp;h=AT1yFYtc0OgYQeD6uxJI07qa5amrHRjejQtsZhS16ym_4zfnoUqn4QTh-izh90lmC2xKb4z6PDbOgr7j__LP16wm89H6pEuKAWNA-_IZ5hjPCZHjdnD3MoTgh7V-MmkG&amp;__tn__=q&amp;c[0]=AT0pxQ85jpasBZy2aucmM8UYMpnhWXT-NCy483Xy6r_sLFuYjKV1x6rE8vK-9hpb4v5eC9A1E4z4xCNGUFejaq6NJ3loQ0UKauMZCTIZcvWMW5HDgPKEgj4ZZta3520x5AkX8gD2vjbzH2m2qdGgGGRE\" target=\"_blank\">https:\/\/chat.whatsapp.com\/EstLmUsfztaBqgDSmO8fPZ<\/a><\/p>\n\n\n\n<p>TELEGRAM \u0130\u00c7\u0130N<a rel=\"noreferrer noopener\" href=\"https:\/\/t.me\/anemontrekking?fbclid=IwAR105Us33vm973055gLPwgsM6ajaRDfV_lRQV-qxGJ7H-OjD25317-3xupU\" target=\"_blank\">&nbsp;https:\/\/t.me\/anemontrekking<\/a><\/p>\n","protected":false},"excerpt":{"rendered":"<div class=\"slide-text-bg2\">\n<h3>21 Temmuz Cuma&#8217;y\u0131 22 Temmuz Cumartesi&#8217;ye ba\u011flayan gece saat 00:00&#8217;da Manisa&#8217;dan Bursa Uluda\u011f So\u011fukp\u0131nar K\u00f6y\u00fc Ketenlik Yaylas\u0131na do\u011fru yola \u00e7\u0131k\u0131yoruz.<\/h3>\n<\/div>\n<div class=\"flex-btn-div\"><a href=\"https:\/\/anemontrekking.com\/?page_id=1980\" class=\"btn1 flex-btn\">Daha fazlas\u0131n\u0131 oku<\/a><\/div>\n","protected":false},"author":1,"featured_media":0,"parent":0,"menu_order":0,"comment_status":"closed","ping_status":"closed","template":"","meta":{"ngg_post_thumbnail":0,"footnotes":""},"class_list":["post-1980","page","type-page","status-publish","hentry"],"yoast_head":"<!-- This site is optimized with the Yoast SEO plugin v26.3 - https:\/\/yoast.com\/wordpress\/plugins\/seo\/ -->\n<title>ULUDA\u011e G\u00dcNEY SIRTI - Anemon Trekking Spor Kulub\u00fc<\/title>\n<meta name=\"robots\" content=\"index, follow, max-snippet:-1, max-image-preview:large, max-video-preview:-1\" \/>\n<link rel=\"canonical\" href=\"https:\/\/anemontrekking.com\/?page_id=1980\" \/>\n<meta property=\"og:locale\" content=\"tr_TR\" \/>\n<meta property=\"og:type\" content=\"article\" \/>\n<meta property=\"og:title\" content=\"ULUDA\u011e G\u00dcNEY SIRTI - Anemon Trekking Spor Kulub\u00fc\" \/>\n<meta property=\"og:description\" content=\"21 Temmuz Cuma&#8217;y\u0131 22 Temmuz Cumartesi&#8217;ye ba\u011flayan gece saat 00:00&#8217;da Manisa&#8217;dan Bursa Uluda\u011f So\u011fukp\u0131nar K\u00f6y\u00fc Ketenlik Yaylas\u0131na do\u011fru yola \u00e7\u0131k\u0131yoruz.Daha fazlas\u0131n\u0131 oku\" \/>\n<meta property=\"og:url\" content=\"https:\/\/anemontrekking.com\/?page_id=1980\" \/>\n<meta property=\"og:site_name\" content=\"Anemon Trekking Spor Kulub\u00fc\" \/>\n<meta property=\"article:publisher\" content=\"https:\/\/facebook.com\/anemontreking\" \/>\n<meta property=\"article:modified_time\" content=\"2023-07-14T08:38:04+00:00\" \/>\n<meta property=\"og:image\" content=\"http:\/\/anemontrekking.com\/wp-content\/uploads\/2023\/07\/Uludag-Guney-Sirti-1024x819.jpg\" \/>\n<meta name=\"twitter:card\" content=\"summary_large_image\" \/>\n<meta name=\"twitter:site\" content=\"@anemon_trekking\" \/>\n<meta name=\"twitter:label1\" content=\"Tahmini okuma s\u00fcresi\" \/>\n\t<meta name=\"twitter:data1\" content=\"2 dakika\" \/>\n<script type=\"application\/ld+json\" class=\"yoast-schema-graph\">{\"@context\":\"https:\/\/schema.org\",\"@graph\":[{\"@type\":\"WebPage\",\"@id\":\"https:\/\/anemontrekking.com\/?page_id=1980\",\"url\":\"https:\/\/anemontrekking.com\/?page_id=1980\",\"name\":\"ULUDA\u011e G\u00dcNEY SIRTI - Anemon Trekking Spor Kulub\u00fc\",\"isPartOf\":{\"@id\":\"https:\/\/anemontrekking.com\/#website\"},\"primaryImageOfPage\":{\"@id\":\"https:\/\/anemontrekking.com\/?page_id=1980#primaryimage\"},\"image\":{\"@id\":\"https:\/\/anemontrekking.com\/?page_id=1980#primaryimage\"},\"thumbnailUrl\":\"http:\/\/anemontrekking.com\/wp-content\/uploads\/2023\/07\/Uludag-Guney-Sirti-1024x819.jpg\",\"datePublished\":\"2023-07-14T08:38:01+00:00\",\"dateModified\":\"2023-07-14T08:38:04+00:00\",\"breadcrumb\":{\"@id\":\"https:\/\/anemontrekking.com\/?page_id=1980#breadcrumb\"},\"inLanguage\":\"tr\",\"potentialAction\":[{\"@type\":\"ReadAction\",\"target\":[\"https:\/\/anemontrekking.com\/?page_id=1980\"]}]},{\"@type\":\"ImageObject\",\"inLanguage\":\"tr\",\"@id\":\"https:\/\/anemontrekking.com\/?page_id=1980#primaryimage\",\"url\":\"https:\/\/anemontrekking.com\/wp-content\/uploads\/2023\/07\/Uludag-Guney-Sirti.jpg\",\"contentUrl\":\"https:\/\/anemontrekking.com\/wp-content\/uploads\/2023\/07\/Uludag-Guney-Sirti.jpg\",\"width\":2000,\"height\":1600},{\"@type\":\"BreadcrumbList\",\"@id\":\"https:\/\/anemontrekking.com\/?page_id=1980#breadcrumb\",\"itemListElement\":[{\"@type\":\"ListItem\",\"position\":1,\"name\":\"Anasayfa\",\"item\":\"https:\/\/anemontrekking.com\/\"},{\"@type\":\"ListItem\",\"position\":2,\"name\":\"ULUDA\u011e G\u00dcNEY SIRTI\"}]},{\"@type\":\"WebSite\",\"@id\":\"https:\/\/anemontrekking.com\/#website\",\"url\":\"https:\/\/anemontrekking.com\/\",\"name\":\"Anemon Trekking Spor Kulub\u00fc\",\"description\":\"Da\u011fc\u0131l\u0131k, Trekking,Kamp\u00e7\u0131l\u0131k ve Do\u011fa Sporlar\u0131\",\"publisher\":{\"@id\":\"https:\/\/anemontrekking.com\/#organization\"},\"potentialAction\":[{\"@type\":\"SearchAction\",\"target\":{\"@type\":\"EntryPoint\",\"urlTemplate\":\"https:\/\/anemontrekking.com\/?s={search_term_string}\"},\"query-input\":{\"@type\":\"PropertyValueSpecification\",\"valueRequired\":true,\"valueName\":\"search_term_string\"}}],\"inLanguage\":\"tr\"},{\"@type\":\"Organization\",\"@id\":\"https:\/\/anemontrekking.com\/#organization\",\"name\":\"Anemon Trekking Spor Kulub\u00fc\",\"url\":\"https:\/\/anemontrekking.com\/\",\"logo\":{\"@type\":\"ImageObject\",\"inLanguage\":\"tr\",\"@id\":\"https:\/\/anemontrekking.com\/#\/schema\/logo\/image\/\",\"url\":\"http:\/\/anemontrekking.com\/wp-content\/uploads\/2021\/02\/47292421_10156386216874652_1517111611498692608_n.jpg\",\"contentUrl\":\"http:\/\/anemontrekking.com\/wp-content\/uploads\/2021\/02\/47292421_10156386216874652_1517111611498692608_n.jpg\",\"width\":960,\"height\":906,\"caption\":\"Anemon Trekking Spor Kulub\u00fc\"},\"image\":{\"@id\":\"https:\/\/anemontrekking.com\/#\/schema\/logo\/image\/\"},\"sameAs\":[\"https:\/\/facebook.com\/anemontreking\",\"https:\/\/x.com\/anemon_trekking\",\"https:\/\/www.instagram.com\/anemontreking\/\"]}]}<\/script>\n<!-- \/ Yoast SEO plugin. -->","yoast_head_json":{"title":"ULUDA\u011e G\u00dcNEY SIRTI - Anemon Trekking Spor Kulub\u00fc","robots":{"index":"index","follow":"follow","max-snippet":"max-snippet:-1","max-image-preview":"max-image-preview:large","max-video-preview":"max-video-preview:-1"},"canonical":"https:\/\/anemontrekking.com\/?page_id=1980","og_locale":"tr_TR","og_type":"article","og_title":"ULUDA\u011e G\u00dcNEY SIRTI - Anemon Trekking Spor Kulub\u00fc","og_description":"21 Temmuz Cuma&#8217;y\u0131 22 Temmuz Cumartesi&#8217;ye ba\u011flayan gece saat 00:00&#8217;da Manisa&#8217;dan Bursa Uluda\u011f So\u011fukp\u0131nar K\u00f6y\u00fc Ketenlik Yaylas\u0131na do\u011fru yola \u00e7\u0131k\u0131yoruz.Daha fazlas\u0131n\u0131 oku","og_url":"https:\/\/anemontrekking.com\/?page_id=1980","og_site_name":"Anemon Trekking Spor Kulub\u00fc","article_publisher":"https:\/\/facebook.com\/anemontreking","article_modified_time":"2023-07-14T08:38:04+00:00","og_image":[{"url":"http:\/\/anemontrekking.com\/wp-content\/uploads\/2023\/07\/Uludag-Guney-Sirti-1024x819.jpg","type":"","width":"","height":""}],"twitter_card":"summary_large_image","twitter_site":"@anemon_trekking","twitter_misc":{"Tahmini okuma s\u00fcresi":"2 dakika"},"schema":{"@context":"https:\/\/schema.org","@graph":[{"@type":"WebPage","@id":"https:\/\/anemontrekking.com\/?page_id=1980","url":"https:\/\/anemontrekking.com\/?page_id=1980","name":"ULUDA\u011e G\u00dcNEY SIRTI - Anemon Trekking Spor Kulub\u00fc","isPartOf":{"@id":"https:\/\/anemontrekking.com\/#website"},"primaryImageOfPage":{"@id":"https:\/\/anemontrekking.com\/?page_id=1980#primaryimage"},"image":{"@id":"https:\/\/anemontrekking.com\/?page_id=1980#primaryimage"},"thumbnailUrl":"http:\/\/anemontrekking.com\/wp-content\/uploads\/2023\/07\/Uludag-Guney-Sirti-1024x819.jpg","datePublished":"2023-07-14T08:38:01+00:00","dateModified":"2023-07-14T08:38:04+00:00","breadcrumb":{"@id":"https:\/\/anemontrekking.com\/?page_id=1980#breadcrumb"},"inLanguage":"tr","potentialAction":[{"@type":"ReadAction","target":["https:\/\/anemontrekking.com\/?page_id=1980"]}]},{"@type":"ImageObject","inLanguage":"tr","@id":"https:\/\/anemontrekking.com\/?page_id=1980#primaryimage","url":"https:\/\/anemontrekking.com\/wp-content\/uploads\/2023\/07\/Uludag-Guney-Sirti.jpg","contentUrl":"https:\/\/anemontrekking.com\/wp-content\/uploads\/2023\/07\/Uludag-Guney-Sirti.jpg","width":2000,"height":1600},{"@type":"BreadcrumbList","@id":"https:\/\/anemontrekking.com\/?page_id=1980#breadcrumb","itemListElement":[{"@type":"ListItem","position":1,"name":"Anasayfa","item":"https:\/\/anemontrekking.com\/"},{"@type":"ListItem","position":2,"name":"ULUDA\u011e G\u00dcNEY SIRTI"}]},{"@type":"WebSite","@id":"https:\/\/anemontrekking.com\/#website","url":"https:\/\/anemontrekking.com\/","name":"Anemon Trekking Spor Kulub\u00fc","description":"Da\u011fc\u0131l\u0131k, Trekking,Kamp\u00e7\u0131l\u0131k ve Do\u011fa Sporlar\u0131","publisher":{"@id":"https:\/\/anemontrekking.com\/#organization"},"potentialAction":[{"@type":"SearchAction","target":{"@type":"EntryPoint","urlTemplate":"https:\/\/anemontrekking.com\/?s={search_term_string}"},"query-input":{"@type":"PropertyValueSpecification","valueRequired":true,"valueName":"search_term_string"}}],"inLanguage":"tr"},{"@type":"Organization","@id":"https:\/\/anemontrekking.com\/#organization","name":"Anemon Trekking Spor Kulub\u00fc","url":"https:\/\/anemontrekking.com\/","logo":{"@type":"ImageObject","inLanguage":"tr","@id":"https:\/\/anemontrekking.com\/#\/schema\/logo\/image\/","url":"http:\/\/anemontrekking.com\/wp-content\/uploads\/2021\/02\/47292421_10156386216874652_1517111611498692608_n.jpg","contentUrl":"http:\/\/anemontrekking.com\/wp-content\/uploads\/2021\/02\/47292421_10156386216874652_1517111611498692608_n.jpg","width":960,"height":906,"caption":"Anemon Trekking Spor Kulub\u00fc"},"image":{"@id":"https:\/\/anemontrekking.com\/#\/schema\/logo\/image\/"},"sameAs":["https:\/\/facebook.com\/anemontreking","https:\/\/x.com\/anemon_trekking","https:\/\/www.instagram.com\/anemontreking\/"]}]}},"_links":{"self":[{"href":"https:\/\/anemontrekking.com\/index.php?rest_route=\/wp\/v2\/pages\/1980","targetHints":{"allow":["GET"]}}],"collection":[{"href":"https:\/\/anemontrekking.com\/index.php?rest_route=\/wp\/v2\/pages"}],"about":[{"href":"https:\/\/anemontrekking.com\/index.php?rest_route=\/wp\/v2\/types\/page"}],"author":[{"embeddable":true,"href":"https:\/\/anemontrekking.com\/index.php?rest_route=\/wp\/v2\/users\/1"}],"replies":[{"embeddable":true,"href":"https:\/\/anemontrekking.com\/index.php?rest_route=%2Fwp%2Fv2%2Fcomments&post=1980"}],"version-history":[{"count":1,"href":"https:\/\/anemontrekking.com\/index.php?rest_route=\/wp\/v2\/pages\/1980\/revisions"}],"predecessor-version":[{"id":1982,"href":"https:\/\/anemontrekking.com\/index.php?rest_route=\/wp\/v2\/pages\/1980\/revisions\/1982"}],"wp:attachment":[{"href":"https:\/\/anemontrekking.com\/index.php?rest_route=%2Fwp%2Fv2%2Fmedia&parent=1980"}],"curies":[{"name":"wp","href":"https:\/\/api.w.org\/{rel}","templated":true}]}}