{"id":1646,"date":"2023-03-13T10:51:23","date_gmt":"2023-03-13T07:51:23","guid":{"rendered":"http:\/\/anemontrekking.com\/?page_id=1646"},"modified":"2023-03-13T11:56:01","modified_gmt":"2023-03-13T08:56:01","slug":"canakkale-sehitleri-anma-tirmanisi-spil-onduvar","status":"publish","type":"page","link":"https:\/\/anemontrekking.com\/?page_id=1646","title":{"rendered":"\u00c7anakkale \u015eehitleri Anma T\u0131rman\u0131\u015f\u0131 (Spil \u00d6nduvar)"},"content":{"rendered":"\n<figure class=\"wp-block-image size-large\"><img loading=\"lazy\" decoding=\"async\" width=\"1024\" height=\"819\" src=\"http:\/\/anemontrekking.com\/wp-content\/uploads\/2023\/03\/Canakkale-Sehitleri-Anma-Tirmanisi-1024x819.jpg\" alt=\"\" class=\"wp-image-1648\" srcset=\"https:\/\/anemontrekking.com\/wp-content\/uploads\/2023\/03\/Canakkale-Sehitleri-Anma-Tirmanisi-1024x819.jpg 1024w, https:\/\/anemontrekking.com\/wp-content\/uploads\/2023\/03\/Canakkale-Sehitleri-Anma-Tirmanisi-300x240.jpg 300w, https:\/\/anemontrekking.com\/wp-content\/uploads\/2023\/03\/Canakkale-Sehitleri-Anma-Tirmanisi-768x614.jpg 768w, https:\/\/anemontrekking.com\/wp-content\/uploads\/2023\/03\/Canakkale-Sehitleri-Anma-Tirmanisi-1536x1229.jpg 1536w, https:\/\/anemontrekking.com\/wp-content\/uploads\/2023\/03\/Canakkale-Sehitleri-Anma-Tirmanisi.jpg 2000w\" sizes=\"auto, (max-width: 1024px) 100vw, 1024px\" \/><\/figure>\n\n\n\n<p>19 MART 2023 Pazar g\u00fcn\u00fc Manisa \u015eehir Merkezinden ba\u015flayarak Spil Da\u011f\u0131n\u0131n \u00d6n duvar Klasik Rotas\u0131ndan Bayrak Tepeye \u00e7\u0131kaca\u011f\u0131z. Ortalama 1500 metre irtifa y\u00fckselece\u011fiz. Faaliyetimize kat\u0131lmak isteyen herkesi bekliyoruz. Yorulanlar ve parkuru tamamlayamayacak durumda olanlar Armut suyu mevkiinden geri d\u00f6nebilir. Y\u00fcr\u00fcy\u00fc\u015f saat 07:00&#8217;de ba\u015flayacak olup kahvalt\u0131 yap\u0131lmayacakt\u0131r. Parkur \u00fcst\u00fcnde verilecek molada at\u0131\u015ft\u0131rmal\u0131k yiyecekler yiyebilirsiniz. <\/p>\n\n\n\n<p><strong>Program :<\/strong><\/p>\n\n\n\n<p><strong>19 Mart 2023<\/strong><\/p>\n\n\n\n<p>07:00 Manisa K\u0131rt\u0131k \u015eehitli\u011fi \u00f6n\u00fcnden y\u00fcr\u00fcy\u00fc\u015fe ba\u015flama (<a href=\"https:\/\/goo.gl\/maps\/EUxH33GVy8pTQC2cA\" target=\"_blank\" rel=\"noreferrer noopener\">Konum<\/a>)<\/p>\n\n\n\n<p>11:00 Tahmini Zirveye var\u0131\u015f ve seremoni<\/p>\n\n\n\n<p>18:00 Faaliyet biti\u015fi ve da\u011f\u0131lma<\/p>\n\n\n\n<p><strong>KAYIT ve B\u0130LG\u0130 \u0130\u00c7\u0130N :<\/strong><br>Anemon Trekking Whatsap Hatt\u0131 : 0-850-303 91 11 numaral\u0131 telefondan irtibata ge\u00e7ebilirsiniz.<\/p>\n\n\n\n<p><\/p>\n\n\n\n<p><strong>NOT :<\/strong><br>Programda de\u011fi\u015fiklikler ve sarkmalar olabilir. Faaliyet esnas\u0131nda parkurda ayarlama yap\u0131labilir.<\/p>\n\n\n\n<p><\/p>\n\n\n\n<p>Anemon Trekking Whatsap Duyuru Gurubuna \u00fcye olarak bundan sonraki etkinliklerimizden haberdar olmak i\u00e7in<br>WHATSAP \u0130\u00c7\u0130N\u00a0<a href=\"https:\/\/l.facebook.com\/l.php?u=https%3A%2F%2Fchat.whatsapp.com%2FEstLmUsfztaBqgDSmO8fPZ%3Ffbclid%3DIwAR0sDHYHloBbI78PY_2r3eBZZPvlTiB1ugh80AF5BYjPBtWiXmRxqz_hr6w&amp;h=AT1yFYtc0OgYQeD6uxJI07qa5amrHRjejQtsZhS16ym_4zfnoUqn4QTh-izh90lmC2xKb4z6PDbOgr7j__LP16wm89H6pEuKAWNA-_IZ5hjPCZHjdnD3MoTgh7V-MmkG&amp;__tn__=q&amp;c[0]=AT0pxQ85jpasBZy2aucmM8UYMpnhWXT-NCy483Xy6r_sLFuYjKV1x6rE8vK-9hpb4v5eC9A1E4z4xCNGUFejaq6NJ3loQ0UKauMZCTIZcvWMW5HDgPKEgj4ZZta3520x5AkX8gD2vjbzH2m2qdGgGGRE\" target=\"_blank\" rel=\"noreferrer noopener\">https:\/\/chat.whatsapp.com\/EstLmUsfztaBqgDSmO8fPZ<\/a><br>TELEGRAM \u0130\u00c7\u0130N<a href=\"https:\/\/t.me\/anemontrekking?fbclid=IwAR105Us33vm973055gLPwgsM6ajaRDfV_lRQV-qxGJ7H-OjD25317-3xupU\" target=\"_blank\" rel=\"noreferrer noopener\">\u00a0https:\/\/t.me\/anemontrekking<\/a><\/p>\n","protected":false},"excerpt":{"rendered":"<div class=\"slide-text-bg2\">\n<h3>19 MART 2023 Pazar g\u00fcn\u00fc Manisa \u015eehir Merkezinden ba\u015flayarak Spil Da\u011f\u0131n\u0131n \u00d6n duvar Klasik Rotas\u0131ndan Bayrak Tepeye \u00e7\u0131kaca\u011f\u0131z. Ortalama 1500<\/h3>\n<\/div>\n<div class=\"flex-btn-div\"><a href=\"https:\/\/anemontrekking.com\/?page_id=1646\" class=\"btn1 flex-btn\">Daha fazlas\u0131n\u0131 oku<\/a><\/div>\n","protected":false},"author":1,"featured_media":0,"parent":0,"menu_order":0,"comment_status":"closed","ping_status":"closed","template":"","meta":{"ngg_post_thumbnail":0,"footnotes":""},"class_list":["post-1646","page","type-page","status-publish","hentry"],"yoast_head":"<!-- This site is optimized with the Yoast SEO plugin v26.3 - https:\/\/yoast.com\/wordpress\/plugins\/seo\/ -->\n<title>\u00c7anakkale \u015eehitleri Anma T\u0131rman\u0131\u015f\u0131 (Spil \u00d6nduvar) - Anemon Trekking Spor Kulub\u00fc<\/title>\n<meta name=\"robots\" content=\"index, follow, max-snippet:-1, max-image-preview:large, max-video-preview:-1\" \/>\n<link rel=\"canonical\" href=\"https:\/\/anemontrekking.com\/?page_id=1646\" \/>\n<meta property=\"og:locale\" content=\"tr_TR\" \/>\n<meta property=\"og:type\" content=\"article\" \/>\n<meta property=\"og:title\" content=\"\u00c7anakkale \u015eehitleri Anma T\u0131rman\u0131\u015f\u0131 (Spil \u00d6nduvar) - Anemon Trekking Spor Kulub\u00fc\" \/>\n<meta property=\"og:description\" content=\"19 MART 2023 Pazar g\u00fcn\u00fc Manisa \u015eehir Merkezinden ba\u015flayarak Spil Da\u011f\u0131n\u0131n \u00d6n duvar Klasik Rotas\u0131ndan Bayrak Tepeye \u00e7\u0131kaca\u011f\u0131z. Ortalama 1500Daha fazlas\u0131n\u0131 oku\" \/>\n<meta property=\"og:url\" content=\"https:\/\/anemontrekking.com\/?page_id=1646\" \/>\n<meta property=\"og:site_name\" content=\"Anemon Trekking Spor Kulub\u00fc\" \/>\n<meta property=\"article:publisher\" content=\"https:\/\/facebook.com\/anemontreking\" \/>\n<meta property=\"article:modified_time\" content=\"2023-03-13T08:56:01+00:00\" \/>\n<meta property=\"og:image\" content=\"http:\/\/anemontrekking.com\/wp-content\/uploads\/2023\/03\/Canakkale-Sehitleri-Anma-Tirmanisi-1024x819.jpg\" \/>\n<meta name=\"twitter:card\" content=\"summary_large_image\" \/>\n<meta name=\"twitter:title\" content=\"\u00c7anakkale \u015eehitleri Anma T\u0131rman\u0131\u015f\u0131 (Spil \u00d6nduvar)\" \/>\n<meta name=\"twitter:description\" content=\"\u00c7anakkale \u015eehitleri i\u00e7in Manisa Spil Da\u011f\u0131 \u00d6nduvar Klasik Rotas\u0131ndan t\u0131rman\u0131\u015f yap\u0131lacakt\u0131r.\" \/>\n<meta name=\"twitter:image\" content=\"https:\/\/anemontrekking.com\/wp-content\/uploads\/2023\/03\/Canakkale-Sehitleri-Anma-Tirmanisi.jpg\" \/>\n<meta name=\"twitter:site\" content=\"@anemon_trekking\" \/>\n<meta name=\"twitter:label1\" content=\"Tahmini okuma s\u00fcresi\" \/>\n\t<meta name=\"twitter:data1\" content=\"1 dakika\" \/>\n<script type=\"application\/ld+json\" class=\"yoast-schema-graph\">{\"@context\":\"https:\/\/schema.org\",\"@graph\":[{\"@type\":\"WebPage\",\"@id\":\"https:\/\/anemontrekking.com\/?page_id=1646\",\"url\":\"https:\/\/anemontrekking.com\/?page_id=1646\",\"name\":\"\u00c7anakkale \u015eehitleri Anma T\u0131rman\u0131\u015f\u0131 (Spil \u00d6nduvar) - Anemon Trekking Spor Kulub\u00fc\",\"isPartOf\":{\"@id\":\"https:\/\/anemontrekking.com\/#website\"},\"primaryImageOfPage\":{\"@id\":\"https:\/\/anemontrekking.com\/?page_id=1646#primaryimage\"},\"image\":{\"@id\":\"https:\/\/anemontrekking.com\/?page_id=1646#primaryimage\"},\"thumbnailUrl\":\"http:\/\/anemontrekking.com\/wp-content\/uploads\/2023\/03\/Canakkale-Sehitleri-Anma-Tirmanisi-1024x819.jpg\",\"datePublished\":\"2023-03-13T07:51:23+00:00\",\"dateModified\":\"2023-03-13T08:56:01+00:00\",\"breadcrumb\":{\"@id\":\"https:\/\/anemontrekking.com\/?page_id=1646#breadcrumb\"},\"inLanguage\":\"tr\",\"potentialAction\":[{\"@type\":\"ReadAction\",\"target\":[\"https:\/\/anemontrekking.com\/?page_id=1646\"]}]},{\"@type\":\"ImageObject\",\"inLanguage\":\"tr\",\"@id\":\"https:\/\/anemontrekking.com\/?page_id=1646#primaryimage\",\"url\":\"https:\/\/anemontrekking.com\/wp-content\/uploads\/2023\/03\/Canakkale-Sehitleri-Anma-Tirmanisi.jpg\",\"contentUrl\":\"https:\/\/anemontrekking.com\/wp-content\/uploads\/2023\/03\/Canakkale-Sehitleri-Anma-Tirmanisi.jpg\",\"width\":2000,\"height\":1600},{\"@type\":\"BreadcrumbList\",\"@id\":\"https:\/\/anemontrekking.com\/?page_id=1646#breadcrumb\",\"itemListElement\":[{\"@type\":\"ListItem\",\"position\":1,\"name\":\"Anasayfa\",\"item\":\"https:\/\/anemontrekking.com\/\"},{\"@type\":\"ListItem\",\"position\":2,\"name\":\"\u00c7anakkale \u015eehitleri Anma T\u0131rman\u0131\u015f\u0131 (Spil \u00d6nduvar)\"}]},{\"@type\":\"WebSite\",\"@id\":\"https:\/\/anemontrekking.com\/#website\",\"url\":\"https:\/\/anemontrekking.com\/\",\"name\":\"Anemon Trekking Spor Kulub\u00fc\",\"description\":\"Da\u011fc\u0131l\u0131k, Trekking,Kamp\u00e7\u0131l\u0131k ve Do\u011fa Sporlar\u0131\",\"publisher\":{\"@id\":\"https:\/\/anemontrekking.com\/#organization\"},\"potentialAction\":[{\"@type\":\"SearchAction\",\"target\":{\"@type\":\"EntryPoint\",\"urlTemplate\":\"https:\/\/anemontrekking.com\/?s={search_term_string}\"},\"query-input\":{\"@type\":\"PropertyValueSpecification\",\"valueRequired\":true,\"valueName\":\"search_term_string\"}}],\"inLanguage\":\"tr\"},{\"@type\":\"Organization\",\"@id\":\"https:\/\/anemontrekking.com\/#organization\",\"name\":\"Anemon Trekking Spor Kulub\u00fc\",\"url\":\"https:\/\/anemontrekking.com\/\",\"logo\":{\"@type\":\"ImageObject\",\"inLanguage\":\"tr\",\"@id\":\"https:\/\/anemontrekking.com\/#\/schema\/logo\/image\/\",\"url\":\"http:\/\/anemontrekking.com\/wp-content\/uploads\/2021\/02\/47292421_10156386216874652_1517111611498692608_n.jpg\",\"contentUrl\":\"http:\/\/anemontrekking.com\/wp-content\/uploads\/2021\/02\/47292421_10156386216874652_1517111611498692608_n.jpg\",\"width\":960,\"height\":906,\"caption\":\"Anemon Trekking Spor Kulub\u00fc\"},\"image\":{\"@id\":\"https:\/\/anemontrekking.com\/#\/schema\/logo\/image\/\"},\"sameAs\":[\"https:\/\/facebook.com\/anemontreking\",\"https:\/\/x.com\/anemon_trekking\",\"https:\/\/www.instagram.com\/anemontreking\/\"]}]}<\/script>\n<!-- \/ Yoast SEO plugin. -->","yoast_head_json":{"title":"\u00c7anakkale \u015eehitleri Anma T\u0131rman\u0131\u015f\u0131 (Spil \u00d6nduvar) - Anemon Trekking Spor Kulub\u00fc","robots":{"index":"index","follow":"follow","max-snippet":"max-snippet:-1","max-image-preview":"max-image-preview:large","max-video-preview":"max-video-preview:-1"},"canonical":"https:\/\/anemontrekking.com\/?page_id=1646","og_locale":"tr_TR","og_type":"article","og_title":"\u00c7anakkale \u015eehitleri Anma T\u0131rman\u0131\u015f\u0131 (Spil \u00d6nduvar) - Anemon Trekking Spor Kulub\u00fc","og_description":"19 MART 2023 Pazar g\u00fcn\u00fc Manisa \u015eehir Merkezinden ba\u015flayarak Spil Da\u011f\u0131n\u0131n \u00d6n duvar Klasik Rotas\u0131ndan Bayrak Tepeye \u00e7\u0131kaca\u011f\u0131z. Ortalama 1500Daha fazlas\u0131n\u0131 oku","og_url":"https:\/\/anemontrekking.com\/?page_id=1646","og_site_name":"Anemon Trekking Spor Kulub\u00fc","article_publisher":"https:\/\/facebook.com\/anemontreking","article_modified_time":"2023-03-13T08:56:01+00:00","og_image":[{"url":"http:\/\/anemontrekking.com\/wp-content\/uploads\/2023\/03\/Canakkale-Sehitleri-Anma-Tirmanisi-1024x819.jpg","type":"","width":"","height":""}],"twitter_card":"summary_large_image","twitter_title":"\u00c7anakkale \u015eehitleri Anma T\u0131rman\u0131\u015f\u0131 (Spil \u00d6nduvar)","twitter_description":"\u00c7anakkale \u015eehitleri i\u00e7in Manisa Spil Da\u011f\u0131 \u00d6nduvar Klasik Rotas\u0131ndan t\u0131rman\u0131\u015f yap\u0131lacakt\u0131r.","twitter_image":"https:\/\/anemontrekking.com\/wp-content\/uploads\/2023\/03\/Canakkale-Sehitleri-Anma-Tirmanisi.jpg","twitter_site":"@anemon_trekking","twitter_misc":{"Tahmini okuma s\u00fcresi":"1 dakika"},"schema":{"@context":"https:\/\/schema.org","@graph":[{"@type":"WebPage","@id":"https:\/\/anemontrekking.com\/?page_id=1646","url":"https:\/\/anemontrekking.com\/?page_id=1646","name":"\u00c7anakkale \u015eehitleri Anma T\u0131rman\u0131\u015f\u0131 (Spil \u00d6nduvar) - Anemon Trekking Spor Kulub\u00fc","isPartOf":{"@id":"https:\/\/anemontrekking.com\/#website"},"primaryImageOfPage":{"@id":"https:\/\/anemontrekking.com\/?page_id=1646#primaryimage"},"image":{"@id":"https:\/\/anemontrekking.com\/?page_id=1646#primaryimage"},"thumbnailUrl":"http:\/\/anemontrekking.com\/wp-content\/uploads\/2023\/03\/Canakkale-Sehitleri-Anma-Tirmanisi-1024x819.jpg","datePublished":"2023-03-13T07:51:23+00:00","dateModified":"2023-03-13T08:56:01+00:00","breadcrumb":{"@id":"https:\/\/anemontrekking.com\/?page_id=1646#breadcrumb"},"inLanguage":"tr","potentialAction":[{"@type":"ReadAction","target":["https:\/\/anemontrekking.com\/?page_id=1646"]}]},{"@type":"ImageObject","inLanguage":"tr","@id":"https:\/\/anemontrekking.com\/?page_id=1646#primaryimage","url":"https:\/\/anemontrekking.com\/wp-content\/uploads\/2023\/03\/Canakkale-Sehitleri-Anma-Tirmanisi.jpg","contentUrl":"https:\/\/anemontrekking.com\/wp-content\/uploads\/2023\/03\/Canakkale-Sehitleri-Anma-Tirmanisi.jpg","width":2000,"height":1600},{"@type":"BreadcrumbList","@id":"https:\/\/anemontrekking.com\/?page_id=1646#breadcrumb","itemListElement":[{"@type":"ListItem","position":1,"name":"Anasayfa","item":"https:\/\/anemontrekking.com\/"},{"@type":"ListItem","position":2,"name":"\u00c7anakkale \u015eehitleri Anma T\u0131rman\u0131\u015f\u0131 (Spil \u00d6nduvar)"}]},{"@type":"WebSite","@id":"https:\/\/anemontrekking.com\/#website","url":"https:\/\/anemontrekking.com\/","name":"Anemon Trekking Spor Kulub\u00fc","description":"Da\u011fc\u0131l\u0131k, Trekking,Kamp\u00e7\u0131l\u0131k ve Do\u011fa Sporlar\u0131","publisher":{"@id":"https:\/\/anemontrekking.com\/#organization"},"potentialAction":[{"@type":"SearchAction","target":{"@type":"EntryPoint","urlTemplate":"https:\/\/anemontrekking.com\/?s={search_term_string}"},"query-input":{"@type":"PropertyValueSpecification","valueRequired":true,"valueName":"search_term_string"}}],"inLanguage":"tr"},{"@type":"Organization","@id":"https:\/\/anemontrekking.com\/#organization","name":"Anemon Trekking Spor Kulub\u00fc","url":"https:\/\/anemontrekking.com\/","logo":{"@type":"ImageObject","inLanguage":"tr","@id":"https:\/\/anemontrekking.com\/#\/schema\/logo\/image\/","url":"http:\/\/anemontrekking.com\/wp-content\/uploads\/2021\/02\/47292421_10156386216874652_1517111611498692608_n.jpg","contentUrl":"http:\/\/anemontrekking.com\/wp-content\/uploads\/2021\/02\/47292421_10156386216874652_1517111611498692608_n.jpg","width":960,"height":906,"caption":"Anemon Trekking Spor Kulub\u00fc"},"image":{"@id":"https:\/\/anemontrekking.com\/#\/schema\/logo\/image\/"},"sameAs":["https:\/\/facebook.com\/anemontreking","https:\/\/x.com\/anemon_trekking","https:\/\/www.instagram.com\/anemontreking\/"]}]}},"_links":{"self":[{"href":"https:\/\/anemontrekking.com\/index.php?rest_route=\/wp\/v2\/pages\/1646","targetHints":{"allow":["GET"]}}],"collection":[{"href":"https:\/\/anemontrekking.com\/index.php?rest_route=\/wp\/v2\/pages"}],"about":[{"href":"https:\/\/anemontrekking.com\/index.php?rest_route=\/wp\/v2\/types\/page"}],"author":[{"embeddable":true,"href":"https:\/\/anemontrekking.com\/index.php?rest_route=\/wp\/v2\/users\/1"}],"replies":[{"embeddable":true,"href":"https:\/\/anemontrekking.com\/index.php?rest_route=%2Fwp%2Fv2%2Fcomments&post=1646"}],"version-history":[{"count":2,"href":"https:\/\/anemontrekking.com\/index.php?rest_route=\/wp\/v2\/pages\/1646\/revisions"}],"predecessor-version":[{"id":1652,"href":"https:\/\/anemontrekking.com\/index.php?rest_route=\/wp\/v2\/pages\/1646\/revisions\/1652"}],"wp:attachment":[{"href":"https:\/\/anemontrekking.com\/index.php?rest_route=%2Fwp%2Fv2%2Fmedia&parent=1646"}],"curies":[{"name":"wp","href":"https:\/\/api.w.org\/{rel}","templated":true}]}}