{"id":1601,"date":"2023-02-01T10:53:52","date_gmt":"2023-02-01T07:53:52","guid":{"rendered":"http:\/\/anemontrekking.com\/?page_id=1601"},"modified":"2023-02-01T11:02:44","modified_gmt":"2023-02-01T08:02:44","slug":"manisa-kalesi-caybasi-kanyonu","status":"publish","type":"page","link":"https:\/\/anemontrekking.com\/?page_id=1601","title":{"rendered":"MAN\u0130SA KALES\u0130-\u00c7AYBA\u015eI KANYONU"},"content":{"rendered":"\n<figure class=\"wp-block-image size-large\"><img loading=\"lazy\" decoding=\"async\" width=\"1024\" height=\"819\" src=\"http:\/\/anemontrekking.com\/wp-content\/uploads\/2023\/02\/MANISA-KALESI-CAYBASI-KANYONU-1024x819.jpg\" alt=\"\" class=\"wp-image-1602\" srcset=\"https:\/\/anemontrekking.com\/wp-content\/uploads\/2023\/02\/MANISA-KALESI-CAYBASI-KANYONU-1024x819.jpg 1024w, https:\/\/anemontrekking.com\/wp-content\/uploads\/2023\/02\/MANISA-KALESI-CAYBASI-KANYONU-300x240.jpg 300w, https:\/\/anemontrekking.com\/wp-content\/uploads\/2023\/02\/MANISA-KALESI-CAYBASI-KANYONU-768x614.jpg 768w, https:\/\/anemontrekking.com\/wp-content\/uploads\/2023\/02\/MANISA-KALESI-CAYBASI-KANYONU-1536x1229.jpg 1536w, https:\/\/anemontrekking.com\/wp-content\/uploads\/2023\/02\/MANISA-KALESI-CAYBASI-KANYONU.jpg 2000w\" sizes=\"auto, (max-width: 1024px) 100vw, 1024px\" \/><\/figure>\n\n\n\n<p>5 \u015eubat 2023 Pazar g\u00fcn\u00fc Manisa Karak\u00f6y A\u011flayankaya&#8217;dan ba\u015flayarak Manisa Kalesine \u00e7\u0131kaca\u011f\u0131z. Manisa Kalesinden muhte\u015fem turkuaz renkleri ile akan \u00c7ayba\u015f\u0131 Kanyonu i\u00e7ine girece\u011fiz. Burada muhte\u015fem foto\u011fraflar \u00e7ekildikten sonra Seyir Tepesine gidece\u011fiz. Seyir Tepesinden Sivrice Tepesine oradan Haydar Deresinin billur gibi sular\u0131n\u0131n yan\u0131ndan Karak\u00f6y&#8217;e inerek bu muhte\u015fem do\u011fa y\u00fcr\u00fcy\u00fc\u015f\u00fcn\u00fc Karak\u00f6y kahvelerinde \u00e7ay i\u00e7erek ta\u00e7land\u0131raca\u011f\u0131z. Faaliyetimiz olduk\u00e7a kolay g\u00f6rselli\u011fi bol g\u00fczel bir faaliyet olup t\u00fcm dostlar\u0131m\u0131z davetlidir. Sizleri bekliyoruz \ud83d\ude42<\/p>\n\n\n\n<p><strong>Program :<\/strong><\/p>\n\n\n\n<p><strong>05 \u015eubat 2023<\/strong><\/p>\n\n\n\n<p>08:0 Karak\u00f6y K\u0131rm\u0131z\u0131 K\u00f6pr\u00fcde bulu\u015fma ve kahvalt\u0131<\/p>\n\n\n\n<p>08:30 A\u011flayan Kayadan y\u00fcr\u00fcy\u00fc\u015fe ba\u015flama <\/p>\n\n\n\n<p>17:00 Faaliyet biti\u015fi ve da\u011f\u0131lma<\/p>\n\n\n\n<p><strong>KAYIT ve B\u0130LG\u0130 \u0130\u00c7\u0130N :<\/strong><br>Anemon Trekking Whatsap Hatt\u0131 : 0-850-303 91 11 numaral\u0131 telefondan irtibata ge\u00e7ebilirsiniz.<\/p>\n\n\n\n<p><strong>KATILIM VE \u00dcYEL\u0130K :<\/strong><\/p>\n\n\n\n<p>Anemon Trekking faaliyetlerine ilk defa kat\u0131lacak olan ki\u015filerden bir defaya mahsus 2023 y\u0131l\u0131 i\u00e7in y\u00fcz lira katk\u0131 pay\u0131 al\u0131yoruz. Faaliyetlere kat\u0131l\u0131m\u0131 te\u015fvik amac\u0131yla da \u00fc\u00e7 hafta \u00fcst \u00fcste kat\u0131lamayanlardan da y\u00fcz lira telafi \u00fccreti al\u0131yoruz. Faaliyete d\u00fczenli olarak kat\u0131lan \u00dc\u00c7 HAFTA \u00dcST \u00dcSTE F\u0130RE VERMEYEN arkada\u015flara FAAL\u0130YETLER\u0130M\u0130Z \u00dcCRETS\u0130ZD\u0130R. Faaliyetlerimize hem sa\u011fl\u0131\u011f\u0131n\u0131z hem de cebiniz i\u00e7in d\u00fczenli olarak kat\u0131lman\u0131z\u0131 tavsiye ederiz.<\/p>\n\n\n\n<p><strong>NOT :<\/strong><br>Programda de\u011fi\u015fiklikler ve sarkmalar olabilir. Faaliyet esnas\u0131nda parkurda ayarlama yap\u0131labilir.<\/p>\n\n\n\n<p><strong>ULA\u015eIM :<\/strong><br>Karak\u00f6y A\u011flayan Kayaya bu linkteki konumdan gelebilirsiniz &#8212;->>> <a rel=\"noreferrer noopener\" href=\"https:\/\/goo.gl\/maps\/HYDycvS9Jyrfvj6G7\" target=\"_blank\">Konum<\/a><br>Anemon Trekking Whatsap Duyuru Gurubuna \u00fcye olarak bundan sonraki etkinliklerimizden haberdar olmak i\u00e7in<br>WHATSAP \u0130\u00c7\u0130N\u00a0<a rel=\"noreferrer noopener\" href=\"https:\/\/l.facebook.com\/l.php?u=https%3A%2F%2Fchat.whatsapp.com%2FEstLmUsfztaBqgDSmO8fPZ%3Ffbclid%3DIwAR0sDHYHloBbI78PY_2r3eBZZPvlTiB1ugh80AF5BYjPBtWiXmRxqz_hr6w&amp;h=AT1yFYtc0OgYQeD6uxJI07qa5amrHRjejQtsZhS16ym_4zfnoUqn4QTh-izh90lmC2xKb4z6PDbOgr7j__LP16wm89H6pEuKAWNA-_IZ5hjPCZHjdnD3MoTgh7V-MmkG&amp;__tn__=q&amp;c[0]=AT0pxQ85jpasBZy2aucmM8UYMpnhWXT-NCy483Xy6r_sLFuYjKV1x6rE8vK-9hpb4v5eC9A1E4z4xCNGUFejaq6NJ3loQ0UKauMZCTIZcvWMW5HDgPKEgj4ZZta3520x5AkX8gD2vjbzH2m2qdGgGGRE\" target=\"_blank\">https:\/\/chat.whatsapp.com\/EstLmUsfztaBqgDSmO8fPZ<\/a><br>TELEGRAM \u0130\u00c7\u0130N<a rel=\"noreferrer noopener\" href=\"https:\/\/t.me\/anemontrekking?fbclid=IwAR105Us33vm973055gLPwgsM6ajaRDfV_lRQV-qxGJ7H-OjD25317-3xupU\" target=\"_blank\">\u00a0https:\/\/t.me\/anemontrekking<\/a><\/p>\n","protected":false},"excerpt":{"rendered":"<div class=\"slide-text-bg2\">\n<h3>5 \u015eubat 2023 Pazar g\u00fcn\u00fc Manisa Karak\u00f6y A\u011flayankaya&#8217;dan ba\u015flayarak Manisa Kalesine \u00e7\u0131kaca\u011f\u0131z. Manisa Kalesinden muhte\u015fem turkuaz renkleri ile akan \u00c7ayba\u015f\u0131<\/h3>\n<\/div>\n<div class=\"flex-btn-div\"><a href=\"https:\/\/anemontrekking.com\/?page_id=1601\" class=\"btn1 flex-btn\">Daha fazlas\u0131n\u0131 oku<\/a><\/div>\n","protected":false},"author":1,"featured_media":0,"parent":0,"menu_order":0,"comment_status":"closed","ping_status":"closed","template":"","meta":{"ngg_post_thumbnail":0,"footnotes":""},"class_list":["post-1601","page","type-page","status-publish","hentry"],"yoast_head":"<!-- This site is optimized with the Yoast SEO plugin v26.3 - https:\/\/yoast.com\/wordpress\/plugins\/seo\/ -->\n<title>MAN\u0130SA KALES\u0130-\u00c7AYBA\u015eI KANYONU - Anemon Trekking Spor Kulub\u00fc<\/title>\n<meta name=\"robots\" content=\"index, follow, max-snippet:-1, max-image-preview:large, max-video-preview:-1\" \/>\n<link rel=\"canonical\" href=\"https:\/\/anemontrekking.com\/?page_id=1601\" \/>\n<meta property=\"og:locale\" content=\"tr_TR\" \/>\n<meta property=\"og:type\" content=\"article\" \/>\n<meta property=\"og:title\" content=\"MAN\u0130SA KALES\u0130-\u00c7AYBA\u015eI KANYONU - Anemon Trekking Spor Kulub\u00fc\" \/>\n<meta property=\"og:description\" content=\"5 \u015eubat 2023 Pazar g\u00fcn\u00fc Manisa Karak\u00f6y A\u011flayankaya&#8217;dan ba\u015flayarak Manisa Kalesine \u00e7\u0131kaca\u011f\u0131z. Manisa Kalesinden muhte\u015fem turkuaz renkleri ile akan \u00c7ayba\u015f\u0131Daha fazlas\u0131n\u0131 oku\" \/>\n<meta property=\"og:url\" content=\"https:\/\/anemontrekking.com\/?page_id=1601\" \/>\n<meta property=\"og:site_name\" content=\"Anemon Trekking Spor Kulub\u00fc\" \/>\n<meta property=\"article:publisher\" content=\"https:\/\/facebook.com\/anemontreking\" \/>\n<meta property=\"article:modified_time\" content=\"2023-02-01T08:02:44+00:00\" \/>\n<meta property=\"og:image\" content=\"http:\/\/anemontrekking.com\/wp-content\/uploads\/2023\/02\/MANISA-KALESI-CAYBASI-KANYONU-1024x819.jpg\" \/>\n<meta name=\"twitter:card\" content=\"summary_large_image\" \/>\n<meta name=\"twitter:site\" content=\"@anemon_trekking\" \/>\n<meta name=\"twitter:label1\" content=\"Tahmini okuma s\u00fcresi\" \/>\n\t<meta name=\"twitter:data1\" content=\"1 dakika\" \/>\n<script type=\"application\/ld+json\" class=\"yoast-schema-graph\">{\"@context\":\"https:\/\/schema.org\",\"@graph\":[{\"@type\":\"WebPage\",\"@id\":\"https:\/\/anemontrekking.com\/?page_id=1601\",\"url\":\"https:\/\/anemontrekking.com\/?page_id=1601\",\"name\":\"MAN\u0130SA KALES\u0130-\u00c7AYBA\u015eI KANYONU - Anemon Trekking Spor Kulub\u00fc\",\"isPartOf\":{\"@id\":\"https:\/\/anemontrekking.com\/#website\"},\"primaryImageOfPage\":{\"@id\":\"https:\/\/anemontrekking.com\/?page_id=1601#primaryimage\"},\"image\":{\"@id\":\"https:\/\/anemontrekking.com\/?page_id=1601#primaryimage\"},\"thumbnailUrl\":\"http:\/\/anemontrekking.com\/wp-content\/uploads\/2023\/02\/MANISA-KALESI-CAYBASI-KANYONU-1024x819.jpg\",\"datePublished\":\"2023-02-01T07:53:52+00:00\",\"dateModified\":\"2023-02-01T08:02:44+00:00\",\"breadcrumb\":{\"@id\":\"https:\/\/anemontrekking.com\/?page_id=1601#breadcrumb\"},\"inLanguage\":\"tr\",\"potentialAction\":[{\"@type\":\"ReadAction\",\"target\":[\"https:\/\/anemontrekking.com\/?page_id=1601\"]}]},{\"@type\":\"ImageObject\",\"inLanguage\":\"tr\",\"@id\":\"https:\/\/anemontrekking.com\/?page_id=1601#primaryimage\",\"url\":\"https:\/\/anemontrekking.com\/wp-content\/uploads\/2023\/02\/MANISA-KALESI-CAYBASI-KANYONU.jpg\",\"contentUrl\":\"https:\/\/anemontrekking.com\/wp-content\/uploads\/2023\/02\/MANISA-KALESI-CAYBASI-KANYONU.jpg\",\"width\":2000,\"height\":1600},{\"@type\":\"BreadcrumbList\",\"@id\":\"https:\/\/anemontrekking.com\/?page_id=1601#breadcrumb\",\"itemListElement\":[{\"@type\":\"ListItem\",\"position\":1,\"name\":\"Anasayfa\",\"item\":\"https:\/\/anemontrekking.com\/\"},{\"@type\":\"ListItem\",\"position\":2,\"name\":\"MAN\u0130SA KALES\u0130-\u00c7AYBA\u015eI KANYONU\"}]},{\"@type\":\"WebSite\",\"@id\":\"https:\/\/anemontrekking.com\/#website\",\"url\":\"https:\/\/anemontrekking.com\/\",\"name\":\"Anemon Trekking Spor Kulub\u00fc\",\"description\":\"Da\u011fc\u0131l\u0131k, Trekking,Kamp\u00e7\u0131l\u0131k ve Do\u011fa Sporlar\u0131\",\"publisher\":{\"@id\":\"https:\/\/anemontrekking.com\/#organization\"},\"potentialAction\":[{\"@type\":\"SearchAction\",\"target\":{\"@type\":\"EntryPoint\",\"urlTemplate\":\"https:\/\/anemontrekking.com\/?s={search_term_string}\"},\"query-input\":{\"@type\":\"PropertyValueSpecification\",\"valueRequired\":true,\"valueName\":\"search_term_string\"}}],\"inLanguage\":\"tr\"},{\"@type\":\"Organization\",\"@id\":\"https:\/\/anemontrekking.com\/#organization\",\"name\":\"Anemon Trekking Spor Kulub\u00fc\",\"url\":\"https:\/\/anemontrekking.com\/\",\"logo\":{\"@type\":\"ImageObject\",\"inLanguage\":\"tr\",\"@id\":\"https:\/\/anemontrekking.com\/#\/schema\/logo\/image\/\",\"url\":\"http:\/\/anemontrekking.com\/wp-content\/uploads\/2021\/02\/47292421_10156386216874652_1517111611498692608_n.jpg\",\"contentUrl\":\"http:\/\/anemontrekking.com\/wp-content\/uploads\/2021\/02\/47292421_10156386216874652_1517111611498692608_n.jpg\",\"width\":960,\"height\":906,\"caption\":\"Anemon Trekking Spor Kulub\u00fc\"},\"image\":{\"@id\":\"https:\/\/anemontrekking.com\/#\/schema\/logo\/image\/\"},\"sameAs\":[\"https:\/\/facebook.com\/anemontreking\",\"https:\/\/x.com\/anemon_trekking\",\"https:\/\/www.instagram.com\/anemontreking\/\"]}]}<\/script>\n<!-- \/ Yoast SEO plugin. -->","yoast_head_json":{"title":"MAN\u0130SA KALES\u0130-\u00c7AYBA\u015eI KANYONU - Anemon Trekking Spor Kulub\u00fc","robots":{"index":"index","follow":"follow","max-snippet":"max-snippet:-1","max-image-preview":"max-image-preview:large","max-video-preview":"max-video-preview:-1"},"canonical":"https:\/\/anemontrekking.com\/?page_id=1601","og_locale":"tr_TR","og_type":"article","og_title":"MAN\u0130SA KALES\u0130-\u00c7AYBA\u015eI KANYONU - Anemon Trekking Spor Kulub\u00fc","og_description":"5 \u015eubat 2023 Pazar g\u00fcn\u00fc Manisa Karak\u00f6y A\u011flayankaya&#8217;dan ba\u015flayarak Manisa Kalesine \u00e7\u0131kaca\u011f\u0131z. Manisa Kalesinden muhte\u015fem turkuaz renkleri ile akan \u00c7ayba\u015f\u0131Daha fazlas\u0131n\u0131 oku","og_url":"https:\/\/anemontrekking.com\/?page_id=1601","og_site_name":"Anemon Trekking Spor Kulub\u00fc","article_publisher":"https:\/\/facebook.com\/anemontreking","article_modified_time":"2023-02-01T08:02:44+00:00","og_image":[{"url":"http:\/\/anemontrekking.com\/wp-content\/uploads\/2023\/02\/MANISA-KALESI-CAYBASI-KANYONU-1024x819.jpg","type":"","width":"","height":""}],"twitter_card":"summary_large_image","twitter_site":"@anemon_trekking","twitter_misc":{"Tahmini okuma s\u00fcresi":"1 dakika"},"schema":{"@context":"https:\/\/schema.org","@graph":[{"@type":"WebPage","@id":"https:\/\/anemontrekking.com\/?page_id=1601","url":"https:\/\/anemontrekking.com\/?page_id=1601","name":"MAN\u0130SA KALES\u0130-\u00c7AYBA\u015eI KANYONU - Anemon Trekking Spor Kulub\u00fc","isPartOf":{"@id":"https:\/\/anemontrekking.com\/#website"},"primaryImageOfPage":{"@id":"https:\/\/anemontrekking.com\/?page_id=1601#primaryimage"},"image":{"@id":"https:\/\/anemontrekking.com\/?page_id=1601#primaryimage"},"thumbnailUrl":"http:\/\/anemontrekking.com\/wp-content\/uploads\/2023\/02\/MANISA-KALESI-CAYBASI-KANYONU-1024x819.jpg","datePublished":"2023-02-01T07:53:52+00:00","dateModified":"2023-02-01T08:02:44+00:00","breadcrumb":{"@id":"https:\/\/anemontrekking.com\/?page_id=1601#breadcrumb"},"inLanguage":"tr","potentialAction":[{"@type":"ReadAction","target":["https:\/\/anemontrekking.com\/?page_id=1601"]}]},{"@type":"ImageObject","inLanguage":"tr","@id":"https:\/\/anemontrekking.com\/?page_id=1601#primaryimage","url":"https:\/\/anemontrekking.com\/wp-content\/uploads\/2023\/02\/MANISA-KALESI-CAYBASI-KANYONU.jpg","contentUrl":"https:\/\/anemontrekking.com\/wp-content\/uploads\/2023\/02\/MANISA-KALESI-CAYBASI-KANYONU.jpg","width":2000,"height":1600},{"@type":"BreadcrumbList","@id":"https:\/\/anemontrekking.com\/?page_id=1601#breadcrumb","itemListElement":[{"@type":"ListItem","position":1,"name":"Anasayfa","item":"https:\/\/anemontrekking.com\/"},{"@type":"ListItem","position":2,"name":"MAN\u0130SA KALES\u0130-\u00c7AYBA\u015eI KANYONU"}]},{"@type":"WebSite","@id":"https:\/\/anemontrekking.com\/#website","url":"https:\/\/anemontrekking.com\/","name":"Anemon Trekking Spor Kulub\u00fc","description":"Da\u011fc\u0131l\u0131k, Trekking,Kamp\u00e7\u0131l\u0131k ve Do\u011fa Sporlar\u0131","publisher":{"@id":"https:\/\/anemontrekking.com\/#organization"},"potentialAction":[{"@type":"SearchAction","target":{"@type":"EntryPoint","urlTemplate":"https:\/\/anemontrekking.com\/?s={search_term_string}"},"query-input":{"@type":"PropertyValueSpecification","valueRequired":true,"valueName":"search_term_string"}}],"inLanguage":"tr"},{"@type":"Organization","@id":"https:\/\/anemontrekking.com\/#organization","name":"Anemon Trekking Spor Kulub\u00fc","url":"https:\/\/anemontrekking.com\/","logo":{"@type":"ImageObject","inLanguage":"tr","@id":"https:\/\/anemontrekking.com\/#\/schema\/logo\/image\/","url":"http:\/\/anemontrekking.com\/wp-content\/uploads\/2021\/02\/47292421_10156386216874652_1517111611498692608_n.jpg","contentUrl":"http:\/\/anemontrekking.com\/wp-content\/uploads\/2021\/02\/47292421_10156386216874652_1517111611498692608_n.jpg","width":960,"height":906,"caption":"Anemon Trekking Spor Kulub\u00fc"},"image":{"@id":"https:\/\/anemontrekking.com\/#\/schema\/logo\/image\/"},"sameAs":["https:\/\/facebook.com\/anemontreking","https:\/\/x.com\/anemon_trekking","https:\/\/www.instagram.com\/anemontreking\/"]}]}},"_links":{"self":[{"href":"https:\/\/anemontrekking.com\/index.php?rest_route=\/wp\/v2\/pages\/1601","targetHints":{"allow":["GET"]}}],"collection":[{"href":"https:\/\/anemontrekking.com\/index.php?rest_route=\/wp\/v2\/pages"}],"about":[{"href":"https:\/\/anemontrekking.com\/index.php?rest_route=\/wp\/v2\/types\/page"}],"author":[{"embeddable":true,"href":"https:\/\/anemontrekking.com\/index.php?rest_route=\/wp\/v2\/users\/1"}],"replies":[{"embeddable":true,"href":"https:\/\/anemontrekking.com\/index.php?rest_route=%2Fwp%2Fv2%2Fcomments&post=1601"}],"version-history":[{"count":2,"href":"https:\/\/anemontrekking.com\/index.php?rest_route=\/wp\/v2\/pages\/1601\/revisions"}],"predecessor-version":[{"id":1605,"href":"https:\/\/anemontrekking.com\/index.php?rest_route=\/wp\/v2\/pages\/1601\/revisions\/1605"}],"wp:attachment":[{"href":"https:\/\/anemontrekking.com\/index.php?rest_route=%2Fwp%2Fv2%2Fmedia&parent=1601"}],"curies":[{"name":"wp","href":"https:\/\/api.w.org\/{rel}","templated":true}]}}