{"id":1568,"date":"2023-01-16T10:40:17","date_gmt":"2023-01-16T07:40:17","guid":{"rendered":"http:\/\/anemontrekking.com\/?page_id=1568"},"modified":"2023-01-16T10:40:19","modified_gmt":"2023-01-16T07:40:19","slug":"buhar-magaralari-deliklitepe","status":"publish","type":"page","link":"https:\/\/anemontrekking.com\/?page_id=1568","title":{"rendered":"BUHAR MA\u011eARALARI DEL\u0130KL\u0130TEPE"},"content":{"rendered":"\n<figure class=\"wp-block-image size-large\"><img loading=\"lazy\" decoding=\"async\" width=\"1024\" height=\"819\" src=\"http:\/\/anemontrekking.com\/wp-content\/uploads\/2023\/01\/BuharMagaralari-DelikliTepe-1024x819.jpg\" alt=\"\" class=\"wp-image-1569\" srcset=\"https:\/\/anemontrekking.com\/wp-content\/uploads\/2023\/01\/BuharMagaralari-DelikliTepe-1024x819.jpg 1024w, https:\/\/anemontrekking.com\/wp-content\/uploads\/2023\/01\/BuharMagaralari-DelikliTepe-300x240.jpg 300w, https:\/\/anemontrekking.com\/wp-content\/uploads\/2023\/01\/BuharMagaralari-DelikliTepe-768x614.jpg 768w, https:\/\/anemontrekking.com\/wp-content\/uploads\/2023\/01\/BuharMagaralari-DelikliTepe-1536x1229.jpg 1536w, https:\/\/anemontrekking.com\/wp-content\/uploads\/2023\/01\/BuharMagaralari-DelikliTepe.jpg 2000w\" sizes=\"auto, (max-width: 1024px) 100vw, 1024px\" \/><\/figure>\n\n\n\n<p>22 Ocak 2023 Pazar g\u00fcn\u00fc Turgutlu \u00c7al Da\u011f\u0131 Buhar Ma\u011faralar\u0131 ve Deliklitepe mevkiinde volkanik hareketlili\u011fe sahip b\u00f6lgede trekking yapaca\u011f\u0131z. Kat\u0131l\u0131mc\u0131lar\u0131n profili ve performans\u0131na g\u00f6re \u00c7al Da\u011f\u0131 zirvesinede \u00e7\u0131kabiliriz. Herkese uygun bir faaliyet olup b\u00f6lgemizin enteresan do\u011fa mucuizelerine yerinde \u015fahitlik etmek i\u00e7in faaliyetimize sizleri bekliyoruz.<\/p>\n\n\n\n<p><strong>Program :<\/strong><\/p>\n\n\n\n<p><strong>22 Ocak 2023<\/strong><\/p>\n\n\n\n<p>07:30 Manisa\u2019dan hareket<\/p>\n\n\n\n<p>08:00 Yeniharmandal\u0131 k\u00f6y\u00fcnde kahvalt\u0131 ve faaliyet ba\u015flang\u0131c\u0131na hareket<\/p>\n\n\n\n<p>09:00 Y\u00fcr\u00fcy\u00fc\u015fe ba\u015flama<\/p>\n\n\n\n<p>17:00 Faaliyet biti\u015fi ve d\u00f6n\u00fc\u015f<\/p>\n\n\n\n<p><strong>KAYIT ve B\u0130LG\u0130 \u0130\u00c7\u0130N :<\/strong><br>Anemon Trekking Whatsap Hatt\u0131 : 0-850-303 91 11 numaral\u0131 telefondan irtibata ge\u00e7ebilirsiniz.<\/p>\n\n\n\n<p><strong>KATILIM VE \u00dcYEL\u0130K :<\/strong><\/p>\n\n\n\n<p>Anemon Trekking faaliyetlerine ilk defa kat\u0131lacak olan ki\u015filerden bir defaya mahsus 2023 y\u0131l\u0131 i\u00e7in y\u00fcz lira katk\u0131 pay\u0131 al\u0131yoruz. Faaliyetlere kat\u0131l\u0131m\u0131 te\u015fvik amac\u0131yla da \u00fc\u00e7 hafta \u00fcst \u00fcste kat\u0131lamayanlardan da y\u00fcz lira telafi \u00fccreti al\u0131yoruz. Faaliyete d\u00fczenli olarak kat\u0131lan \u00dc\u00c7 HAFTA \u00dcST \u00dcSTE F\u0130RE VERMEYEN arkada\u015flara FAAL\u0130YETLER\u0130M\u0130Z \u00dcCRETS\u0130ZD\u0130R. Faaliyetlerimize hem sa\u011fl\u0131\u011f\u0131n\u0131z hem de cebiniz i\u00e7in d\u00fczenli olarak kat\u0131lman\u0131z\u0131 tavsiye ederiz.<\/p>\n\n\n\n<p><strong>NOT :<\/strong><br>Programda de\u011fi\u015fiklikler ve sarkmalar olabilir. Faaliyet esnas\u0131nda parkurda ayarlama yap\u0131labilir.<\/p>\n\n\n\n<p><strong>ULA\u015eIM :<\/strong><br>Kay\u0131t durumuna g\u00f6re \u00f6zel ara\u00e7lar\u0131m\u0131z ile veya minib\u00fcs\/otob\u00fcsle ula\u015f\u0131m organize edilecektir. \u00dccretler ona g\u00f6re hesaplanacakt\u0131r.<br>Anemon Trekking Whatsap Duyuru Gurubuna \u00fcye olarak bundan sonraki etkinliklerimizden haberdar olmak i\u00e7in<br>WHATSAP \u0130\u00c7\u0130N&nbsp;<a rel=\"noreferrer noopener\" href=\"https:\/\/l.facebook.com\/l.php?u=https%3A%2F%2Fchat.whatsapp.com%2FEstLmUsfztaBqgDSmO8fPZ%3Ffbclid%3DIwAR0sDHYHloBbI78PY_2r3eBZZPvlTiB1ugh80AF5BYjPBtWiXmRxqz_hr6w&amp;h=AT1yFYtc0OgYQeD6uxJI07qa5amrHRjejQtsZhS16ym_4zfnoUqn4QTh-izh90lmC2xKb4z6PDbOgr7j__LP16wm89H6pEuKAWNA-_IZ5hjPCZHjdnD3MoTgh7V-MmkG&amp;__tn__=q&amp;c[0]=AT0pxQ85jpasBZy2aucmM8UYMpnhWXT-NCy483Xy6r_sLFuYjKV1x6rE8vK-9hpb4v5eC9A1E4z4xCNGUFejaq6NJ3loQ0UKauMZCTIZcvWMW5HDgPKEgj4ZZta3520x5AkX8gD2vjbzH2m2qdGgGGRE\" target=\"_blank\">https:\/\/chat.whatsapp.com\/EstLmUsfztaBqgDSmO8fPZ<\/a><br>TELEGRAM \u0130\u00c7\u0130N<a rel=\"noreferrer noopener\" href=\"https:\/\/t.me\/anemontrekking?fbclid=IwAR105Us33vm973055gLPwgsM6ajaRDfV_lRQV-qxGJ7H-OjD25317-3xupU\" target=\"_blank\">&nbsp;https:\/\/t.me\/anemontrekking<\/a><\/p>\n","protected":false},"excerpt":{"rendered":"<div class=\"slide-text-bg2\">\n<h3>22 Ocak 2023 Pazar g\u00fcn\u00fc Turgutlu \u00c7al Da\u011f\u0131 Buhar Ma\u011faralar\u0131 ve Deliklitepe mevkiinde volkanik hareketlili\u011fe sahip b\u00f6lgede trekking yapaca\u011f\u0131z. Kat\u0131l\u0131mc\u0131lar\u0131n<\/h3>\n<\/div>\n<div class=\"flex-btn-div\"><a href=\"https:\/\/anemontrekking.com\/?page_id=1568\" class=\"btn1 flex-btn\">Daha fazlas\u0131n\u0131 oku<\/a><\/div>\n","protected":false},"author":1,"featured_media":0,"parent":0,"menu_order":0,"comment_status":"closed","ping_status":"closed","template":"","meta":{"ngg_post_thumbnail":0,"footnotes":""},"class_list":["post-1568","page","type-page","status-publish","hentry"],"yoast_head":"<!-- This site is optimized with the Yoast SEO plugin v26.3 - https:\/\/yoast.com\/wordpress\/plugins\/seo\/ -->\n<title>BUHAR MA\u011eARALARI DEL\u0130KL\u0130TEPE - Anemon Trekking Spor Kulub\u00fc<\/title>\n<meta name=\"robots\" content=\"index, follow, max-snippet:-1, max-image-preview:large, max-video-preview:-1\" \/>\n<link rel=\"canonical\" href=\"https:\/\/anemontrekking.com\/?page_id=1568\" \/>\n<meta property=\"og:locale\" content=\"tr_TR\" \/>\n<meta property=\"og:type\" content=\"article\" \/>\n<meta property=\"og:title\" content=\"BUHAR MA\u011eARALARI DEL\u0130KL\u0130TEPE - Anemon Trekking Spor Kulub\u00fc\" \/>\n<meta property=\"og:description\" content=\"22 Ocak 2023 Pazar g\u00fcn\u00fc Turgutlu \u00c7al Da\u011f\u0131 Buhar Ma\u011faralar\u0131 ve Deliklitepe mevkiinde volkanik hareketlili\u011fe sahip b\u00f6lgede trekking yapaca\u011f\u0131z. Kat\u0131l\u0131mc\u0131lar\u0131nDaha fazlas\u0131n\u0131 oku\" \/>\n<meta property=\"og:url\" content=\"https:\/\/anemontrekking.com\/?page_id=1568\" \/>\n<meta property=\"og:site_name\" content=\"Anemon Trekking Spor Kulub\u00fc\" \/>\n<meta property=\"article:publisher\" content=\"https:\/\/facebook.com\/anemontreking\" \/>\n<meta property=\"article:modified_time\" content=\"2023-01-16T07:40:19+00:00\" \/>\n<meta property=\"og:image\" content=\"http:\/\/anemontrekking.com\/wp-content\/uploads\/2023\/01\/BuharMagaralari-DelikliTepe-1024x819.jpg\" \/>\n<meta name=\"twitter:card\" content=\"summary_large_image\" \/>\n<meta name=\"twitter:site\" content=\"@anemon_trekking\" \/>\n<meta name=\"twitter:label1\" content=\"Tahmini okuma s\u00fcresi\" \/>\n\t<meta name=\"twitter:data1\" content=\"1 dakika\" \/>\n<script type=\"application\/ld+json\" class=\"yoast-schema-graph\">{\"@context\":\"https:\/\/schema.org\",\"@graph\":[{\"@type\":\"WebPage\",\"@id\":\"https:\/\/anemontrekking.com\/?page_id=1568\",\"url\":\"https:\/\/anemontrekking.com\/?page_id=1568\",\"name\":\"BUHAR MA\u011eARALARI DEL\u0130KL\u0130TEPE - Anemon Trekking Spor Kulub\u00fc\",\"isPartOf\":{\"@id\":\"https:\/\/anemontrekking.com\/#website\"},\"primaryImageOfPage\":{\"@id\":\"https:\/\/anemontrekking.com\/?page_id=1568#primaryimage\"},\"image\":{\"@id\":\"https:\/\/anemontrekking.com\/?page_id=1568#primaryimage\"},\"thumbnailUrl\":\"http:\/\/anemontrekking.com\/wp-content\/uploads\/2023\/01\/BuharMagaralari-DelikliTepe-1024x819.jpg\",\"datePublished\":\"2023-01-16T07:40:17+00:00\",\"dateModified\":\"2023-01-16T07:40:19+00:00\",\"breadcrumb\":{\"@id\":\"https:\/\/anemontrekking.com\/?page_id=1568#breadcrumb\"},\"inLanguage\":\"tr\",\"potentialAction\":[{\"@type\":\"ReadAction\",\"target\":[\"https:\/\/anemontrekking.com\/?page_id=1568\"]}]},{\"@type\":\"ImageObject\",\"inLanguage\":\"tr\",\"@id\":\"https:\/\/anemontrekking.com\/?page_id=1568#primaryimage\",\"url\":\"https:\/\/anemontrekking.com\/wp-content\/uploads\/2023\/01\/BuharMagaralari-DelikliTepe.jpg\",\"contentUrl\":\"https:\/\/anemontrekking.com\/wp-content\/uploads\/2023\/01\/BuharMagaralari-DelikliTepe.jpg\",\"width\":2000,\"height\":1600},{\"@type\":\"BreadcrumbList\",\"@id\":\"https:\/\/anemontrekking.com\/?page_id=1568#breadcrumb\",\"itemListElement\":[{\"@type\":\"ListItem\",\"position\":1,\"name\":\"Anasayfa\",\"item\":\"https:\/\/anemontrekking.com\/\"},{\"@type\":\"ListItem\",\"position\":2,\"name\":\"BUHAR MA\u011eARALARI DEL\u0130KL\u0130TEPE\"}]},{\"@type\":\"WebSite\",\"@id\":\"https:\/\/anemontrekking.com\/#website\",\"url\":\"https:\/\/anemontrekking.com\/\",\"name\":\"Anemon Trekking Spor Kulub\u00fc\",\"description\":\"Da\u011fc\u0131l\u0131k, Trekking,Kamp\u00e7\u0131l\u0131k ve Do\u011fa Sporlar\u0131\",\"publisher\":{\"@id\":\"https:\/\/anemontrekking.com\/#organization\"},\"potentialAction\":[{\"@type\":\"SearchAction\",\"target\":{\"@type\":\"EntryPoint\",\"urlTemplate\":\"https:\/\/anemontrekking.com\/?s={search_term_string}\"},\"query-input\":{\"@type\":\"PropertyValueSpecification\",\"valueRequired\":true,\"valueName\":\"search_term_string\"}}],\"inLanguage\":\"tr\"},{\"@type\":\"Organization\",\"@id\":\"https:\/\/anemontrekking.com\/#organization\",\"name\":\"Anemon Trekking Spor Kulub\u00fc\",\"url\":\"https:\/\/anemontrekking.com\/\",\"logo\":{\"@type\":\"ImageObject\",\"inLanguage\":\"tr\",\"@id\":\"https:\/\/anemontrekking.com\/#\/schema\/logo\/image\/\",\"url\":\"http:\/\/anemontrekking.com\/wp-content\/uploads\/2021\/02\/47292421_10156386216874652_1517111611498692608_n.jpg\",\"contentUrl\":\"http:\/\/anemontrekking.com\/wp-content\/uploads\/2021\/02\/47292421_10156386216874652_1517111611498692608_n.jpg\",\"width\":960,\"height\":906,\"caption\":\"Anemon Trekking Spor Kulub\u00fc\"},\"image\":{\"@id\":\"https:\/\/anemontrekking.com\/#\/schema\/logo\/image\/\"},\"sameAs\":[\"https:\/\/facebook.com\/anemontreking\",\"https:\/\/x.com\/anemon_trekking\",\"https:\/\/www.instagram.com\/anemontreking\/\"]}]}<\/script>\n<!-- \/ Yoast SEO plugin. -->","yoast_head_json":{"title":"BUHAR MA\u011eARALARI DEL\u0130KL\u0130TEPE - Anemon Trekking Spor Kulub\u00fc","robots":{"index":"index","follow":"follow","max-snippet":"max-snippet:-1","max-image-preview":"max-image-preview:large","max-video-preview":"max-video-preview:-1"},"canonical":"https:\/\/anemontrekking.com\/?page_id=1568","og_locale":"tr_TR","og_type":"article","og_title":"BUHAR MA\u011eARALARI DEL\u0130KL\u0130TEPE - Anemon Trekking Spor Kulub\u00fc","og_description":"22 Ocak 2023 Pazar g\u00fcn\u00fc Turgutlu \u00c7al Da\u011f\u0131 Buhar Ma\u011faralar\u0131 ve Deliklitepe mevkiinde volkanik hareketlili\u011fe sahip b\u00f6lgede trekking yapaca\u011f\u0131z. Kat\u0131l\u0131mc\u0131lar\u0131nDaha fazlas\u0131n\u0131 oku","og_url":"https:\/\/anemontrekking.com\/?page_id=1568","og_site_name":"Anemon Trekking Spor Kulub\u00fc","article_publisher":"https:\/\/facebook.com\/anemontreking","article_modified_time":"2023-01-16T07:40:19+00:00","og_image":[{"url":"http:\/\/anemontrekking.com\/wp-content\/uploads\/2023\/01\/BuharMagaralari-DelikliTepe-1024x819.jpg","type":"","width":"","height":""}],"twitter_card":"summary_large_image","twitter_site":"@anemon_trekking","twitter_misc":{"Tahmini okuma s\u00fcresi":"1 dakika"},"schema":{"@context":"https:\/\/schema.org","@graph":[{"@type":"WebPage","@id":"https:\/\/anemontrekking.com\/?page_id=1568","url":"https:\/\/anemontrekking.com\/?page_id=1568","name":"BUHAR MA\u011eARALARI DEL\u0130KL\u0130TEPE - Anemon Trekking Spor Kulub\u00fc","isPartOf":{"@id":"https:\/\/anemontrekking.com\/#website"},"primaryImageOfPage":{"@id":"https:\/\/anemontrekking.com\/?page_id=1568#primaryimage"},"image":{"@id":"https:\/\/anemontrekking.com\/?page_id=1568#primaryimage"},"thumbnailUrl":"http:\/\/anemontrekking.com\/wp-content\/uploads\/2023\/01\/BuharMagaralari-DelikliTepe-1024x819.jpg","datePublished":"2023-01-16T07:40:17+00:00","dateModified":"2023-01-16T07:40:19+00:00","breadcrumb":{"@id":"https:\/\/anemontrekking.com\/?page_id=1568#breadcrumb"},"inLanguage":"tr","potentialAction":[{"@type":"ReadAction","target":["https:\/\/anemontrekking.com\/?page_id=1568"]}]},{"@type":"ImageObject","inLanguage":"tr","@id":"https:\/\/anemontrekking.com\/?page_id=1568#primaryimage","url":"https:\/\/anemontrekking.com\/wp-content\/uploads\/2023\/01\/BuharMagaralari-DelikliTepe.jpg","contentUrl":"https:\/\/anemontrekking.com\/wp-content\/uploads\/2023\/01\/BuharMagaralari-DelikliTepe.jpg","width":2000,"height":1600},{"@type":"BreadcrumbList","@id":"https:\/\/anemontrekking.com\/?page_id=1568#breadcrumb","itemListElement":[{"@type":"ListItem","position":1,"name":"Anasayfa","item":"https:\/\/anemontrekking.com\/"},{"@type":"ListItem","position":2,"name":"BUHAR MA\u011eARALARI DEL\u0130KL\u0130TEPE"}]},{"@type":"WebSite","@id":"https:\/\/anemontrekking.com\/#website","url":"https:\/\/anemontrekking.com\/","name":"Anemon Trekking Spor Kulub\u00fc","description":"Da\u011fc\u0131l\u0131k, Trekking,Kamp\u00e7\u0131l\u0131k ve Do\u011fa Sporlar\u0131","publisher":{"@id":"https:\/\/anemontrekking.com\/#organization"},"potentialAction":[{"@type":"SearchAction","target":{"@type":"EntryPoint","urlTemplate":"https:\/\/anemontrekking.com\/?s={search_term_string}"},"query-input":{"@type":"PropertyValueSpecification","valueRequired":true,"valueName":"search_term_string"}}],"inLanguage":"tr"},{"@type":"Organization","@id":"https:\/\/anemontrekking.com\/#organization","name":"Anemon Trekking Spor Kulub\u00fc","url":"https:\/\/anemontrekking.com\/","logo":{"@type":"ImageObject","inLanguage":"tr","@id":"https:\/\/anemontrekking.com\/#\/schema\/logo\/image\/","url":"http:\/\/anemontrekking.com\/wp-content\/uploads\/2021\/02\/47292421_10156386216874652_1517111611498692608_n.jpg","contentUrl":"http:\/\/anemontrekking.com\/wp-content\/uploads\/2021\/02\/47292421_10156386216874652_1517111611498692608_n.jpg","width":960,"height":906,"caption":"Anemon Trekking Spor Kulub\u00fc"},"image":{"@id":"https:\/\/anemontrekking.com\/#\/schema\/logo\/image\/"},"sameAs":["https:\/\/facebook.com\/anemontreking","https:\/\/x.com\/anemon_trekking","https:\/\/www.instagram.com\/anemontreking\/"]}]}},"_links":{"self":[{"href":"https:\/\/anemontrekking.com\/index.php?rest_route=\/wp\/v2\/pages\/1568","targetHints":{"allow":["GET"]}}],"collection":[{"href":"https:\/\/anemontrekking.com\/index.php?rest_route=\/wp\/v2\/pages"}],"about":[{"href":"https:\/\/anemontrekking.com\/index.php?rest_route=\/wp\/v2\/types\/page"}],"author":[{"embeddable":true,"href":"https:\/\/anemontrekking.com\/index.php?rest_route=\/wp\/v2\/users\/1"}],"replies":[{"embeddable":true,"href":"https:\/\/anemontrekking.com\/index.php?rest_route=%2Fwp%2Fv2%2Fcomments&post=1568"}],"version-history":[{"count":1,"href":"https:\/\/anemontrekking.com\/index.php?rest_route=\/wp\/v2\/pages\/1568\/revisions"}],"predecessor-version":[{"id":1570,"href":"https:\/\/anemontrekking.com\/index.php?rest_route=\/wp\/v2\/pages\/1568\/revisions\/1570"}],"wp:attachment":[{"href":"https:\/\/anemontrekking.com\/index.php?rest_route=%2Fwp%2Fv2%2Fmedia&parent=1568"}],"curies":[{"name":"wp","href":"https:\/\/api.w.org\/{rel}","templated":true}]}}