{"id":1492,"date":"2022-12-15T17:09:21","date_gmt":"2022-12-15T14:09:21","guid":{"rendered":"http:\/\/anemontrekking.com\/?page_id=1492"},"modified":"2022-12-15T17:10:36","modified_gmt":"2022-12-15T14:10:36","slug":"garkin-dagindan-2022ye-elveda","status":"publish","type":"page","link":"https:\/\/anemontrekking.com\/?page_id=1492","title":{"rendered":"GARKIN DA\u011eINDAN 2022&#8217;YE ELVEDA"},"content":{"rendered":"\n<figure class=\"wp-block-image size-large\"><img loading=\"lazy\" decoding=\"async\" width=\"1024\" height=\"819\" src=\"http:\/\/anemontrekking.com\/wp-content\/uploads\/2022\/12\/Garkin-Dagi-1024x819.jpg\" alt=\"\" class=\"wp-image-1493\" srcset=\"https:\/\/anemontrekking.com\/wp-content\/uploads\/2022\/12\/Garkin-Dagi-1024x819.jpg 1024w, https:\/\/anemontrekking.com\/wp-content\/uploads\/2022\/12\/Garkin-Dagi-300x240.jpg 300w, https:\/\/anemontrekking.com\/wp-content\/uploads\/2022\/12\/Garkin-Dagi-768x614.jpg 768w, https:\/\/anemontrekking.com\/wp-content\/uploads\/2022\/12\/Garkin-Dagi-1536x1229.jpg 1536w, https:\/\/anemontrekking.com\/wp-content\/uploads\/2022\/12\/Garkin-Dagi.jpg 2000w\" sizes=\"auto, (max-width: 1024px) 100vw, 1024px\" \/><\/figure>\n\n\n\n<p>24 Aral\u0131k 2022 Cumartesi g\u00fcn\u00fc Elmal\u0131yurt k\u00f6y\u00fc Belba\u015f\u0131 Mezarl\u0131\u011f\u0131 1570 metrede kamp\u0131m\u0131z\u0131 kurduktan sonra 25 Aral\u0131k 2022 sabah saat 07:00&#8217;de 2418 rak\u0131ml\u0131 GARKIN DA\u011eI zirvesine t\u0131rmanaca\u011f\u0131z. Ortalama 900 metre irtifa y\u00fckselece\u011fiz. Faaliyetimize da\u011fc\u0131l\u0131k tecr\u00fcbesi olan arkada\u015flar\u0131m\u0131z\u0131 bekleriz.<\/p>\n\n\n\n<p><\/p>\n\n\n\n<p><strong>Program :<\/strong><\/p>\n\n\n\n<p><strong>24 Aral\u0131k Cumartesi<\/strong><\/p>\n\n\n\n<p><strong>13:00<\/strong> Elmal\u0131yurt k\u00f6y\u00fcnde bulu\u015fma  ve kamp alan\u0131na hareket (<a rel=\"noreferrer noopener\" href=\"https:\/\/www.google.com\/maps\/place\/Elmal%C4%B1yurt,+G%C3%B6lhisar%2FBurdur\/@36.9449989,29.3868181,1463m\/data=!3m2!1e3!4b1!4m5!3m4!1s0x14c0e2cdbce27a61:0x72c12691fd1bfcea!8m2!3d36.940801!4d29.389223\" target=\"_blank\">Konum<\/a>)<\/p>\n\n\n\n<p><strong>14:00<\/strong> Kamp\u0131n kurulmas\u0131 (<a rel=\"noreferrer noopener\" href=\"https:\/\/www.google.com\/maps\/place\/BELBA%C5%9EI+MEZARLI%C4%9EI\/@36.8711215,29.3447971,732m\/data=!3m2!1e3!4b1!4m5!3m4!1s0x14c0fea21f022f8b:0xcb308f9c1e02face!8m2!3d36.8711172!4d29.3469858\" target=\"_blank\">Konum<\/a>)<\/p>\n\n\n\n<p><strong>25\u00a0Aral\u0131k Pazar<\/strong><\/p>\n\n\n\n<p><strong>05:00<\/strong> Y\u00fcr\u00fcy\u00fc\u015fe haz\u0131r vaziyette zirveye hareket<\/p>\n\n\n\n<p><strong>09:00<\/strong> Tahmini zirveye var\u0131\u015f ve seremoni<\/p>\n\n\n\n<p><strong>15:00<\/strong> Kampa d\u00f6n\u00fc\u015f ve kamp\u0131 toplama ve da\u011f\u0131lma<\/p>\n\n\n\n<p><strong>KAYIT ve B\u0130LG\u0130 \u0130\u00c7\u0130N :<\/strong><br>Anemon Trekking Whatsap Hatt\u0131 : 0-850-303 91 11 numaral\u0131 telefondan irtibata ge\u00e7ebilirsiniz.<\/p>\n\n\n\n<p><br><strong>NOT :<\/strong><br>Programda de\u011fi\u015fiklikler ve sarkmalar olabilir. Faaliyet esnas\u0131nda parkurda ayarlama yap\u0131labilir. <\/p>\n\n\n\n<p><\/p>\n\n\n\n<p><strong>ULA\u015eIM :<\/strong><br>Kay\u0131t durumuna g\u00f6re \u00f6zel ara\u00e7lar\u0131m\u0131z ile veya minib\u00fcs\/otob\u00fcsle ula\u015f\u0131m organize edilecektir. \u00dccretler ona g\u00f6re hesaplanacakt\u0131r.<br>Anemon Trekking Whatsap Duyuru Gurubuna \u00fcye olarak bundan sonraki etkinliklerimizden haberdar olmak i\u00e7in<br>WHATSAP \u0130\u00c7\u0130N&nbsp;<a rel=\"noreferrer noopener\" href=\"https:\/\/l.facebook.com\/l.php?u=https%3A%2F%2Fchat.whatsapp.com%2FEstLmUsfztaBqgDSmO8fPZ%3Ffbclid%3DIwAR0sDHYHloBbI78PY_2r3eBZZPvlTiB1ugh80AF5BYjPBtWiXmRxqz_hr6w&amp;h=AT1yFYtc0OgYQeD6uxJI07qa5amrHRjejQtsZhS16ym_4zfnoUqn4QTh-izh90lmC2xKb4z6PDbOgr7j__LP16wm89H6pEuKAWNA-_IZ5hjPCZHjdnD3MoTgh7V-MmkG&amp;__tn__=q&amp;c[0]=AT0pxQ85jpasBZy2aucmM8UYMpnhWXT-NCy483Xy6r_sLFuYjKV1x6rE8vK-9hpb4v5eC9A1E4z4xCNGUFejaq6NJ3loQ0UKauMZCTIZcvWMW5HDgPKEgj4ZZta3520x5AkX8gD2vjbzH2m2qdGgGGRE\" target=\"_blank\">https:\/\/chat.whatsapp.com\/EstLmUsfztaBqgDSmO8fPZ<\/a><br>TELEGRAM \u0130\u00c7\u0130N<a rel=\"noreferrer noopener\" href=\"https:\/\/t.me\/anemontrekking?fbclid=IwAR105Us33vm973055gLPwgsM6ajaRDfV_lRQV-qxGJ7H-OjD25317-3xupU\" target=\"_blank\">&nbsp;https:\/\/t.me\/anemontrekking<\/a><\/p>\n","protected":false},"excerpt":{"rendered":"<div class=\"slide-text-bg2\">\n<h3>24 Aral\u0131k 2022 Cumartesi g\u00fcn\u00fc Elmal\u0131yurt k\u00f6y\u00fc Belba\u015f\u0131 Mezarl\u0131\u011f\u0131 1570 metrede kamp\u0131m\u0131z\u0131 kurduktan sonra 25 Aral\u0131k 2022 sabah saat 07:00&#8217;de<\/h3>\n<\/div>\n<div class=\"flex-btn-div\"><a href=\"https:\/\/anemontrekking.com\/?page_id=1492\" class=\"btn1 flex-btn\">Daha fazlas\u0131n\u0131 oku<\/a><\/div>\n","protected":false},"author":1,"featured_media":0,"parent":0,"menu_order":0,"comment_status":"closed","ping_status":"closed","template":"","meta":{"ngg_post_thumbnail":0,"footnotes":""},"class_list":["post-1492","page","type-page","status-publish","hentry"],"yoast_head":"<!-- This site is optimized with the Yoast SEO plugin v26.3 - https:\/\/yoast.com\/wordpress\/plugins\/seo\/ -->\n<title>GARKIN DA\u011eINDAN 2022&#039;YE ELVEDA - Anemon Trekking Spor Kulub\u00fc<\/title>\n<meta name=\"robots\" content=\"index, follow, max-snippet:-1, max-image-preview:large, max-video-preview:-1\" \/>\n<link rel=\"canonical\" href=\"https:\/\/anemontrekking.com\/?page_id=1492\" \/>\n<meta property=\"og:locale\" content=\"tr_TR\" \/>\n<meta property=\"og:type\" content=\"article\" \/>\n<meta property=\"og:title\" content=\"GARKIN DA\u011eINDAN 2022&#039;YE ELVEDA - Anemon Trekking Spor Kulub\u00fc\" \/>\n<meta property=\"og:description\" content=\"24 Aral\u0131k 2022 Cumartesi g\u00fcn\u00fc Elmal\u0131yurt k\u00f6y\u00fc Belba\u015f\u0131 Mezarl\u0131\u011f\u0131 1570 metrede kamp\u0131m\u0131z\u0131 kurduktan sonra 25 Aral\u0131k 2022 sabah saat 07:00&#8217;deDaha fazlas\u0131n\u0131 oku\" \/>\n<meta property=\"og:url\" content=\"https:\/\/anemontrekking.com\/?page_id=1492\" \/>\n<meta property=\"og:site_name\" content=\"Anemon Trekking Spor Kulub\u00fc\" \/>\n<meta property=\"article:publisher\" content=\"https:\/\/facebook.com\/anemontreking\" \/>\n<meta property=\"article:modified_time\" content=\"2022-12-15T14:10:36+00:00\" \/>\n<meta property=\"og:image\" content=\"http:\/\/anemontrekking.com\/wp-content\/uploads\/2022\/12\/Garkin-Dagi-1024x819.jpg\" \/>\n<meta name=\"twitter:card\" content=\"summary_large_image\" \/>\n<meta name=\"twitter:site\" content=\"@anemon_trekking\" \/>\n<meta name=\"twitter:label1\" content=\"Tahmini okuma s\u00fcresi\" \/>\n\t<meta name=\"twitter:data1\" content=\"1 dakika\" \/>\n<script type=\"application\/ld+json\" class=\"yoast-schema-graph\">{\"@context\":\"https:\/\/schema.org\",\"@graph\":[{\"@type\":\"WebPage\",\"@id\":\"https:\/\/anemontrekking.com\/?page_id=1492\",\"url\":\"https:\/\/anemontrekking.com\/?page_id=1492\",\"name\":\"GARKIN DA\u011eINDAN 2022'YE ELVEDA - Anemon Trekking Spor Kulub\u00fc\",\"isPartOf\":{\"@id\":\"https:\/\/anemontrekking.com\/#website\"},\"primaryImageOfPage\":{\"@id\":\"https:\/\/anemontrekking.com\/?page_id=1492#primaryimage\"},\"image\":{\"@id\":\"https:\/\/anemontrekking.com\/?page_id=1492#primaryimage\"},\"thumbnailUrl\":\"http:\/\/anemontrekking.com\/wp-content\/uploads\/2022\/12\/Garkin-Dagi-1024x819.jpg\",\"datePublished\":\"2022-12-15T14:09:21+00:00\",\"dateModified\":\"2022-12-15T14:10:36+00:00\",\"breadcrumb\":{\"@id\":\"https:\/\/anemontrekking.com\/?page_id=1492#breadcrumb\"},\"inLanguage\":\"tr\",\"potentialAction\":[{\"@type\":\"ReadAction\",\"target\":[\"https:\/\/anemontrekking.com\/?page_id=1492\"]}]},{\"@type\":\"ImageObject\",\"inLanguage\":\"tr\",\"@id\":\"https:\/\/anemontrekking.com\/?page_id=1492#primaryimage\",\"url\":\"https:\/\/anemontrekking.com\/wp-content\/uploads\/2022\/12\/Garkin-Dagi.jpg\",\"contentUrl\":\"https:\/\/anemontrekking.com\/wp-content\/uploads\/2022\/12\/Garkin-Dagi.jpg\",\"width\":2000,\"height\":1600},{\"@type\":\"BreadcrumbList\",\"@id\":\"https:\/\/anemontrekking.com\/?page_id=1492#breadcrumb\",\"itemListElement\":[{\"@type\":\"ListItem\",\"position\":1,\"name\":\"Anasayfa\",\"item\":\"https:\/\/anemontrekking.com\/\"},{\"@type\":\"ListItem\",\"position\":2,\"name\":\"GARKIN DA\u011eINDAN 2022&#8217;YE ELVEDA\"}]},{\"@type\":\"WebSite\",\"@id\":\"https:\/\/anemontrekking.com\/#website\",\"url\":\"https:\/\/anemontrekking.com\/\",\"name\":\"Anemon Trekking Spor Kulub\u00fc\",\"description\":\"Da\u011fc\u0131l\u0131k, Trekking,Kamp\u00e7\u0131l\u0131k ve Do\u011fa Sporlar\u0131\",\"publisher\":{\"@id\":\"https:\/\/anemontrekking.com\/#organization\"},\"potentialAction\":[{\"@type\":\"SearchAction\",\"target\":{\"@type\":\"EntryPoint\",\"urlTemplate\":\"https:\/\/anemontrekking.com\/?s={search_term_string}\"},\"query-input\":{\"@type\":\"PropertyValueSpecification\",\"valueRequired\":true,\"valueName\":\"search_term_string\"}}],\"inLanguage\":\"tr\"},{\"@type\":\"Organization\",\"@id\":\"https:\/\/anemontrekking.com\/#organization\",\"name\":\"Anemon Trekking Spor Kulub\u00fc\",\"url\":\"https:\/\/anemontrekking.com\/\",\"logo\":{\"@type\":\"ImageObject\",\"inLanguage\":\"tr\",\"@id\":\"https:\/\/anemontrekking.com\/#\/schema\/logo\/image\/\",\"url\":\"http:\/\/anemontrekking.com\/wp-content\/uploads\/2021\/02\/47292421_10156386216874652_1517111611498692608_n.jpg\",\"contentUrl\":\"http:\/\/anemontrekking.com\/wp-content\/uploads\/2021\/02\/47292421_10156386216874652_1517111611498692608_n.jpg\",\"width\":960,\"height\":906,\"caption\":\"Anemon Trekking Spor Kulub\u00fc\"},\"image\":{\"@id\":\"https:\/\/anemontrekking.com\/#\/schema\/logo\/image\/\"},\"sameAs\":[\"https:\/\/facebook.com\/anemontreking\",\"https:\/\/x.com\/anemon_trekking\",\"https:\/\/www.instagram.com\/anemontreking\/\"]}]}<\/script>\n<!-- \/ Yoast SEO plugin. -->","yoast_head_json":{"title":"GARKIN DA\u011eINDAN 2022'YE ELVEDA - Anemon Trekking Spor Kulub\u00fc","robots":{"index":"index","follow":"follow","max-snippet":"max-snippet:-1","max-image-preview":"max-image-preview:large","max-video-preview":"max-video-preview:-1"},"canonical":"https:\/\/anemontrekking.com\/?page_id=1492","og_locale":"tr_TR","og_type":"article","og_title":"GARKIN DA\u011eINDAN 2022'YE ELVEDA - Anemon Trekking Spor Kulub\u00fc","og_description":"24 Aral\u0131k 2022 Cumartesi g\u00fcn\u00fc Elmal\u0131yurt k\u00f6y\u00fc Belba\u015f\u0131 Mezarl\u0131\u011f\u0131 1570 metrede kamp\u0131m\u0131z\u0131 kurduktan sonra 25 Aral\u0131k 2022 sabah saat 07:00&#8217;deDaha fazlas\u0131n\u0131 oku","og_url":"https:\/\/anemontrekking.com\/?page_id=1492","og_site_name":"Anemon Trekking Spor Kulub\u00fc","article_publisher":"https:\/\/facebook.com\/anemontreking","article_modified_time":"2022-12-15T14:10:36+00:00","og_image":[{"url":"http:\/\/anemontrekking.com\/wp-content\/uploads\/2022\/12\/Garkin-Dagi-1024x819.jpg","type":"","width":"","height":""}],"twitter_card":"summary_large_image","twitter_site":"@anemon_trekking","twitter_misc":{"Tahmini okuma s\u00fcresi":"1 dakika"},"schema":{"@context":"https:\/\/schema.org","@graph":[{"@type":"WebPage","@id":"https:\/\/anemontrekking.com\/?page_id=1492","url":"https:\/\/anemontrekking.com\/?page_id=1492","name":"GARKIN DA\u011eINDAN 2022'YE ELVEDA - Anemon Trekking Spor Kulub\u00fc","isPartOf":{"@id":"https:\/\/anemontrekking.com\/#website"},"primaryImageOfPage":{"@id":"https:\/\/anemontrekking.com\/?page_id=1492#primaryimage"},"image":{"@id":"https:\/\/anemontrekking.com\/?page_id=1492#primaryimage"},"thumbnailUrl":"http:\/\/anemontrekking.com\/wp-content\/uploads\/2022\/12\/Garkin-Dagi-1024x819.jpg","datePublished":"2022-12-15T14:09:21+00:00","dateModified":"2022-12-15T14:10:36+00:00","breadcrumb":{"@id":"https:\/\/anemontrekking.com\/?page_id=1492#breadcrumb"},"inLanguage":"tr","potentialAction":[{"@type":"ReadAction","target":["https:\/\/anemontrekking.com\/?page_id=1492"]}]},{"@type":"ImageObject","inLanguage":"tr","@id":"https:\/\/anemontrekking.com\/?page_id=1492#primaryimage","url":"https:\/\/anemontrekking.com\/wp-content\/uploads\/2022\/12\/Garkin-Dagi.jpg","contentUrl":"https:\/\/anemontrekking.com\/wp-content\/uploads\/2022\/12\/Garkin-Dagi.jpg","width":2000,"height":1600},{"@type":"BreadcrumbList","@id":"https:\/\/anemontrekking.com\/?page_id=1492#breadcrumb","itemListElement":[{"@type":"ListItem","position":1,"name":"Anasayfa","item":"https:\/\/anemontrekking.com\/"},{"@type":"ListItem","position":2,"name":"GARKIN DA\u011eINDAN 2022&#8217;YE ELVEDA"}]},{"@type":"WebSite","@id":"https:\/\/anemontrekking.com\/#website","url":"https:\/\/anemontrekking.com\/","name":"Anemon Trekking Spor Kulub\u00fc","description":"Da\u011fc\u0131l\u0131k, Trekking,Kamp\u00e7\u0131l\u0131k ve Do\u011fa Sporlar\u0131","publisher":{"@id":"https:\/\/anemontrekking.com\/#organization"},"potentialAction":[{"@type":"SearchAction","target":{"@type":"EntryPoint","urlTemplate":"https:\/\/anemontrekking.com\/?s={search_term_string}"},"query-input":{"@type":"PropertyValueSpecification","valueRequired":true,"valueName":"search_term_string"}}],"inLanguage":"tr"},{"@type":"Organization","@id":"https:\/\/anemontrekking.com\/#organization","name":"Anemon Trekking Spor Kulub\u00fc","url":"https:\/\/anemontrekking.com\/","logo":{"@type":"ImageObject","inLanguage":"tr","@id":"https:\/\/anemontrekking.com\/#\/schema\/logo\/image\/","url":"http:\/\/anemontrekking.com\/wp-content\/uploads\/2021\/02\/47292421_10156386216874652_1517111611498692608_n.jpg","contentUrl":"http:\/\/anemontrekking.com\/wp-content\/uploads\/2021\/02\/47292421_10156386216874652_1517111611498692608_n.jpg","width":960,"height":906,"caption":"Anemon Trekking Spor Kulub\u00fc"},"image":{"@id":"https:\/\/anemontrekking.com\/#\/schema\/logo\/image\/"},"sameAs":["https:\/\/facebook.com\/anemontreking","https:\/\/x.com\/anemon_trekking","https:\/\/www.instagram.com\/anemontreking\/"]}]}},"_links":{"self":[{"href":"https:\/\/anemontrekking.com\/index.php?rest_route=\/wp\/v2\/pages\/1492","targetHints":{"allow":["GET"]}}],"collection":[{"href":"https:\/\/anemontrekking.com\/index.php?rest_route=\/wp\/v2\/pages"}],"about":[{"href":"https:\/\/anemontrekking.com\/index.php?rest_route=\/wp\/v2\/types\/page"}],"author":[{"embeddable":true,"href":"https:\/\/anemontrekking.com\/index.php?rest_route=\/wp\/v2\/users\/1"}],"replies":[{"embeddable":true,"href":"https:\/\/anemontrekking.com\/index.php?rest_route=%2Fwp%2Fv2%2Fcomments&post=1492"}],"version-history":[{"count":2,"href":"https:\/\/anemontrekking.com\/index.php?rest_route=\/wp\/v2\/pages\/1492\/revisions"}],"predecessor-version":[{"id":1495,"href":"https:\/\/anemontrekking.com\/index.php?rest_route=\/wp\/v2\/pages\/1492\/revisions\/1495"}],"wp:attachment":[{"href":"https:\/\/anemontrekking.com\/index.php?rest_route=%2Fwp%2Fv2%2Fmedia&parent=1492"}],"curies":[{"name":"wp","href":"https:\/\/api.w.org\/{rel}","templated":true}]}}