{"id":1410,"date":"2022-11-09T11:36:10","date_gmt":"2022-11-09T08:36:10","guid":{"rendered":"http:\/\/anemontrekking.com\/?page_id=1410"},"modified":"2022-11-09T11:36:11","modified_gmt":"2022-11-09T08:36:11","slug":"sancakli-yamanlar-dagi","status":"publish","type":"page","link":"https:\/\/anemontrekking.com\/?page_id=1410","title":{"rendered":"SANCAKLI-YAMANLAR DA\u011eI"},"content":{"rendered":"\n<figure class=\"wp-block-image size-large\"><img loading=\"lazy\" decoding=\"async\" width=\"1024\" height=\"667\" src=\"http:\/\/anemontrekking.com\/wp-content\/uploads\/2022\/11\/Mahmut-Dagi-Kurluk-Tepeleri-Kopyasi-2-1024x667.jpg\" alt=\"\" class=\"wp-image-1412\" srcset=\"https:\/\/anemontrekking.com\/wp-content\/uploads\/2022\/11\/Mahmut-Dagi-Kurluk-Tepeleri-Kopyasi-2-1024x667.jpg 1024w, https:\/\/anemontrekking.com\/wp-content\/uploads\/2022\/11\/Mahmut-Dagi-Kurluk-Tepeleri-Kopyasi-2-300x195.jpg 300w, https:\/\/anemontrekking.com\/wp-content\/uploads\/2022\/11\/Mahmut-Dagi-Kurluk-Tepeleri-Kopyasi-2-768x500.jpg 768w, https:\/\/anemontrekking.com\/wp-content\/uploads\/2022\/11\/Mahmut-Dagi-Kurluk-Tepeleri-Kopyasi-2-1536x1001.jpg 1536w, https:\/\/anemontrekking.com\/wp-content\/uploads\/2022\/11\/Mahmut-Dagi-Kurluk-Tepeleri-Kopyasi-2.jpg 1684w\" sizes=\"auto, (max-width: 1024px) 100vw, 1024px\" \/><\/figure>\n\n\n\n<p>\u0130zmir\u2019in Kar\u015f\u0131yaka il\u00e7esine ba\u011fl\u0131 480 rak\u0131ml\u0131 Sancakl\u0131 k\u00f6y\u00fcnden ba\u015flayarak 980 rak\u0131ml\u0131 Yamanlar Da\u011f\u0131 Kar\u015f\u0131yaka Gen\u00e7lik Merkezine planlanan rotadan t\u0131rmand\u0131ktan sonra Yamanlar k\u00f6y\u00fcne inece\u011fiz. Yamanlar k\u00f6y\u00fcnden Sancakl\u0131 k\u00f6y\u00fcne ula\u015farak falaiyetimizi tamamlayaca\u011f\u0131z. Toplam mesafe 16 km olup ortalama 1100 metre irtifa kaydedece\u011fiz. Spor dolu bu g\u00fczel faaliyete sizleri bekliyoruz. <\/p>\n\n\n\n<p><strong>Program :<\/strong><\/p>\n\n\n\n<p><strong>20 Kas\u0131m Pazar<\/strong><\/p>\n\n\n\n<p>08:00 Sancakl\u0131 k\u00f6y\u00fcnde bulu\u015fma ve kahvalt\u0131 (<a rel=\"noreferrer noopener\" href=\"https:\/\/goo.gl\/maps\/mK1w722ULtaCfJnW6\" target=\"_blank\">Konum<\/a>)<br>08:30 Y\u00fcr\u00fcy\u00fc\u015fe ba\u015flama<br>17:30 Faaliyeti sonland\u0131rma ve d\u00f6n\u00fc\u015f<\/p>\n\n\n\n<p><strong>KAYIT ve B\u0130LG\u0130 \u0130\u00c7\u0130N :<\/strong><br>Anemon Trekking Whatsap Hatt\u0131 : 0-850-303 91 11 veya \u00d6nder ERG\u00dcL ile 0 534 737 95 35 numaral\u0131 telefondan irtibata ge\u00e7ebilirsiniz.<br><strong>NOT :<\/strong><br>Programda de\u011fi\u015fiklikler ve sarkmalar olabilir. Faaliyet esnas\u0131nda parkurda ayarlama yap\u0131labilir.<br><strong>ULA\u015eIM :<\/strong><br>Kay\u0131t durumuna g\u00f6re \u00f6zel ara\u00e7lar\u0131m\u0131z ile veya minib\u00fcs\/otob\u00fcsle ula\u015f\u0131m organize edilecektir. \u00dccretler ona g\u00f6re hesaplanacakt\u0131r. Bunun d\u0131\u015f\u0131nda KATILIM \u00dcCRETS\u0130ZD\u0130R.<br>Anemon Trekking Whatsap Duyuru Gurubuna \u00fcye olarak bundan sonraki etkinliklerimizden haberdar olmak i\u00e7in<br>WHATSAP \u0130\u00c7\u0130N&nbsp;<a rel=\"noreferrer noopener\" href=\"https:\/\/l.facebook.com\/l.php?u=https%3A%2F%2Fchat.whatsapp.com%2FEstLmUsfztaBqgDSmO8fPZ%3Ffbclid%3DIwAR0sDHYHloBbI78PY_2r3eBZZPvlTiB1ugh80AF5BYjPBtWiXmRxqz_hr6w&amp;h=AT1yFYtc0OgYQeD6uxJI07qa5amrHRjejQtsZhS16ym_4zfnoUqn4QTh-izh90lmC2xKb4z6PDbOgr7j__LP16wm89H6pEuKAWNA-_IZ5hjPCZHjdnD3MoTgh7V-MmkG&amp;__tn__=q&amp;c[0]=AT0pxQ85jpasBZy2aucmM8UYMpnhWXT-NCy483Xy6r_sLFuYjKV1x6rE8vK-9hpb4v5eC9A1E4z4xCNGUFejaq6NJ3loQ0UKauMZCTIZcvWMW5HDgPKEgj4ZZta3520x5AkX8gD2vjbzH2m2qdGgGGRE\" target=\"_blank\">https:\/\/chat.whatsapp.com\/EstLmUsfztaBqgDSmO8fPZ<\/a><br>TELEGRAM \u0130\u00c7\u0130N<a rel=\"noreferrer noopener\" href=\"https:\/\/t.me\/anemontrekking?fbclid=IwAR105Us33vm973055gLPwgsM6ajaRDfV_lRQV-qxGJ7H-OjD25317-3xupU\" target=\"_blank\">&nbsp;https:\/\/t.me\/anemontrekking<\/a><\/p>\n","protected":false},"excerpt":{"rendered":"<div class=\"slide-text-bg2\">\n<h3>\u0130zmir\u2019in Kar\u015f\u0131yaka il\u00e7esine ba\u011fl\u0131 480 rak\u0131ml\u0131 Sancakl\u0131 k\u00f6y\u00fcnden ba\u015flayarak 980 rak\u0131ml\u0131 Yamanlar Da\u011f\u0131 Kar\u015f\u0131yaka Gen\u00e7lik Merkezine planlanan rotadan t\u0131rmand\u0131ktan sonra<\/h3>\n<\/div>\n<div class=\"flex-btn-div\"><a href=\"https:\/\/anemontrekking.com\/?page_id=1410\" class=\"btn1 flex-btn\">Daha fazlas\u0131n\u0131 oku<\/a><\/div>\n","protected":false},"author":1,"featured_media":0,"parent":0,"menu_order":0,"comment_status":"closed","ping_status":"closed","template":"","meta":{"ngg_post_thumbnail":0,"footnotes":""},"class_list":["post-1410","page","type-page","status-publish","hentry"],"yoast_head":"<!-- This site is optimized with the Yoast SEO plugin v26.3 - https:\/\/yoast.com\/wordpress\/plugins\/seo\/ -->\n<title>SANCAKLI-YAMANLAR DA\u011eI - Anemon Trekking Spor Kulub\u00fc<\/title>\n<meta name=\"robots\" content=\"index, follow, max-snippet:-1, max-image-preview:large, max-video-preview:-1\" \/>\n<link rel=\"canonical\" href=\"https:\/\/anemontrekking.com\/?page_id=1410\" \/>\n<meta property=\"og:locale\" content=\"tr_TR\" \/>\n<meta property=\"og:type\" content=\"article\" \/>\n<meta property=\"og:title\" content=\"SANCAKLI-YAMANLAR DA\u011eI - Anemon Trekking Spor Kulub\u00fc\" \/>\n<meta property=\"og:description\" content=\"\u0130zmir\u2019in Kar\u015f\u0131yaka il\u00e7esine ba\u011fl\u0131 480 rak\u0131ml\u0131 Sancakl\u0131 k\u00f6y\u00fcnden ba\u015flayarak 980 rak\u0131ml\u0131 Yamanlar Da\u011f\u0131 Kar\u015f\u0131yaka Gen\u00e7lik Merkezine planlanan rotadan t\u0131rmand\u0131ktan sonraDaha fazlas\u0131n\u0131 oku\" \/>\n<meta property=\"og:url\" content=\"https:\/\/anemontrekking.com\/?page_id=1410\" \/>\n<meta property=\"og:site_name\" content=\"Anemon Trekking Spor Kulub\u00fc\" \/>\n<meta property=\"article:publisher\" content=\"https:\/\/facebook.com\/anemontreking\" \/>\n<meta property=\"article:modified_time\" content=\"2022-11-09T08:36:11+00:00\" \/>\n<meta property=\"og:image\" content=\"http:\/\/anemontrekking.com\/wp-content\/uploads\/2022\/11\/Mahmut-Dagi-Kurluk-Tepeleri-Kopyasi-2-1024x667.jpg\" \/>\n<meta name=\"twitter:card\" content=\"summary_large_image\" \/>\n<meta name=\"twitter:site\" content=\"@anemon_trekking\" \/>\n<meta name=\"twitter:label1\" content=\"Tahmini okuma s\u00fcresi\" \/>\n\t<meta name=\"twitter:data1\" content=\"1 dakika\" \/>\n<script type=\"application\/ld+json\" class=\"yoast-schema-graph\">{\"@context\":\"https:\/\/schema.org\",\"@graph\":[{\"@type\":\"WebPage\",\"@id\":\"https:\/\/anemontrekking.com\/?page_id=1410\",\"url\":\"https:\/\/anemontrekking.com\/?page_id=1410\",\"name\":\"SANCAKLI-YAMANLAR DA\u011eI - Anemon Trekking Spor Kulub\u00fc\",\"isPartOf\":{\"@id\":\"https:\/\/anemontrekking.com\/#website\"},\"primaryImageOfPage\":{\"@id\":\"https:\/\/anemontrekking.com\/?page_id=1410#primaryimage\"},\"image\":{\"@id\":\"https:\/\/anemontrekking.com\/?page_id=1410#primaryimage\"},\"thumbnailUrl\":\"http:\/\/anemontrekking.com\/wp-content\/uploads\/2022\/11\/Mahmut-Dagi-Kurluk-Tepeleri-Kopyasi-2-1024x667.jpg\",\"datePublished\":\"2022-11-09T08:36:10+00:00\",\"dateModified\":\"2022-11-09T08:36:11+00:00\",\"breadcrumb\":{\"@id\":\"https:\/\/anemontrekking.com\/?page_id=1410#breadcrumb\"},\"inLanguage\":\"tr\",\"potentialAction\":[{\"@type\":\"ReadAction\",\"target\":[\"https:\/\/anemontrekking.com\/?page_id=1410\"]}]},{\"@type\":\"ImageObject\",\"inLanguage\":\"tr\",\"@id\":\"https:\/\/anemontrekking.com\/?page_id=1410#primaryimage\",\"url\":\"https:\/\/anemontrekking.com\/wp-content\/uploads\/2022\/11\/Mahmut-Dagi-Kurluk-Tepeleri-Kopyasi-2.jpg\",\"contentUrl\":\"https:\/\/anemontrekking.com\/wp-content\/uploads\/2022\/11\/Mahmut-Dagi-Kurluk-Tepeleri-Kopyasi-2.jpg\",\"width\":1684,\"height\":1097},{\"@type\":\"BreadcrumbList\",\"@id\":\"https:\/\/anemontrekking.com\/?page_id=1410#breadcrumb\",\"itemListElement\":[{\"@type\":\"ListItem\",\"position\":1,\"name\":\"Anasayfa\",\"item\":\"https:\/\/anemontrekking.com\/\"},{\"@type\":\"ListItem\",\"position\":2,\"name\":\"SANCAKLI-YAMANLAR DA\u011eI\"}]},{\"@type\":\"WebSite\",\"@id\":\"https:\/\/anemontrekking.com\/#website\",\"url\":\"https:\/\/anemontrekking.com\/\",\"name\":\"Anemon Trekking Spor Kulub\u00fc\",\"description\":\"Da\u011fc\u0131l\u0131k, Trekking,Kamp\u00e7\u0131l\u0131k ve Do\u011fa Sporlar\u0131\",\"publisher\":{\"@id\":\"https:\/\/anemontrekking.com\/#organization\"},\"potentialAction\":[{\"@type\":\"SearchAction\",\"target\":{\"@type\":\"EntryPoint\",\"urlTemplate\":\"https:\/\/anemontrekking.com\/?s={search_term_string}\"},\"query-input\":{\"@type\":\"PropertyValueSpecification\",\"valueRequired\":true,\"valueName\":\"search_term_string\"}}],\"inLanguage\":\"tr\"},{\"@type\":\"Organization\",\"@id\":\"https:\/\/anemontrekking.com\/#organization\",\"name\":\"Anemon Trekking Spor Kulub\u00fc\",\"url\":\"https:\/\/anemontrekking.com\/\",\"logo\":{\"@type\":\"ImageObject\",\"inLanguage\":\"tr\",\"@id\":\"https:\/\/anemontrekking.com\/#\/schema\/logo\/image\/\",\"url\":\"http:\/\/anemontrekking.com\/wp-content\/uploads\/2021\/02\/47292421_10156386216874652_1517111611498692608_n.jpg\",\"contentUrl\":\"http:\/\/anemontrekking.com\/wp-content\/uploads\/2021\/02\/47292421_10156386216874652_1517111611498692608_n.jpg\",\"width\":960,\"height\":906,\"caption\":\"Anemon Trekking Spor Kulub\u00fc\"},\"image\":{\"@id\":\"https:\/\/anemontrekking.com\/#\/schema\/logo\/image\/\"},\"sameAs\":[\"https:\/\/facebook.com\/anemontreking\",\"https:\/\/x.com\/anemon_trekking\",\"https:\/\/www.instagram.com\/anemontreking\/\"]}]}<\/script>\n<!-- \/ Yoast SEO plugin. -->","yoast_head_json":{"title":"SANCAKLI-YAMANLAR DA\u011eI - Anemon Trekking Spor Kulub\u00fc","robots":{"index":"index","follow":"follow","max-snippet":"max-snippet:-1","max-image-preview":"max-image-preview:large","max-video-preview":"max-video-preview:-1"},"canonical":"https:\/\/anemontrekking.com\/?page_id=1410","og_locale":"tr_TR","og_type":"article","og_title":"SANCAKLI-YAMANLAR DA\u011eI - Anemon Trekking Spor Kulub\u00fc","og_description":"\u0130zmir\u2019in Kar\u015f\u0131yaka il\u00e7esine ba\u011fl\u0131 480 rak\u0131ml\u0131 Sancakl\u0131 k\u00f6y\u00fcnden ba\u015flayarak 980 rak\u0131ml\u0131 Yamanlar Da\u011f\u0131 Kar\u015f\u0131yaka Gen\u00e7lik Merkezine planlanan rotadan t\u0131rmand\u0131ktan sonraDaha fazlas\u0131n\u0131 oku","og_url":"https:\/\/anemontrekking.com\/?page_id=1410","og_site_name":"Anemon Trekking Spor Kulub\u00fc","article_publisher":"https:\/\/facebook.com\/anemontreking","article_modified_time":"2022-11-09T08:36:11+00:00","og_image":[{"url":"http:\/\/anemontrekking.com\/wp-content\/uploads\/2022\/11\/Mahmut-Dagi-Kurluk-Tepeleri-Kopyasi-2-1024x667.jpg","type":"","width":"","height":""}],"twitter_card":"summary_large_image","twitter_site":"@anemon_trekking","twitter_misc":{"Tahmini okuma s\u00fcresi":"1 dakika"},"schema":{"@context":"https:\/\/schema.org","@graph":[{"@type":"WebPage","@id":"https:\/\/anemontrekking.com\/?page_id=1410","url":"https:\/\/anemontrekking.com\/?page_id=1410","name":"SANCAKLI-YAMANLAR DA\u011eI - Anemon Trekking Spor Kulub\u00fc","isPartOf":{"@id":"https:\/\/anemontrekking.com\/#website"},"primaryImageOfPage":{"@id":"https:\/\/anemontrekking.com\/?page_id=1410#primaryimage"},"image":{"@id":"https:\/\/anemontrekking.com\/?page_id=1410#primaryimage"},"thumbnailUrl":"http:\/\/anemontrekking.com\/wp-content\/uploads\/2022\/11\/Mahmut-Dagi-Kurluk-Tepeleri-Kopyasi-2-1024x667.jpg","datePublished":"2022-11-09T08:36:10+00:00","dateModified":"2022-11-09T08:36:11+00:00","breadcrumb":{"@id":"https:\/\/anemontrekking.com\/?page_id=1410#breadcrumb"},"inLanguage":"tr","potentialAction":[{"@type":"ReadAction","target":["https:\/\/anemontrekking.com\/?page_id=1410"]}]},{"@type":"ImageObject","inLanguage":"tr","@id":"https:\/\/anemontrekking.com\/?page_id=1410#primaryimage","url":"https:\/\/anemontrekking.com\/wp-content\/uploads\/2022\/11\/Mahmut-Dagi-Kurluk-Tepeleri-Kopyasi-2.jpg","contentUrl":"https:\/\/anemontrekking.com\/wp-content\/uploads\/2022\/11\/Mahmut-Dagi-Kurluk-Tepeleri-Kopyasi-2.jpg","width":1684,"height":1097},{"@type":"BreadcrumbList","@id":"https:\/\/anemontrekking.com\/?page_id=1410#breadcrumb","itemListElement":[{"@type":"ListItem","position":1,"name":"Anasayfa","item":"https:\/\/anemontrekking.com\/"},{"@type":"ListItem","position":2,"name":"SANCAKLI-YAMANLAR DA\u011eI"}]},{"@type":"WebSite","@id":"https:\/\/anemontrekking.com\/#website","url":"https:\/\/anemontrekking.com\/","name":"Anemon Trekking Spor Kulub\u00fc","description":"Da\u011fc\u0131l\u0131k, Trekking,Kamp\u00e7\u0131l\u0131k ve Do\u011fa Sporlar\u0131","publisher":{"@id":"https:\/\/anemontrekking.com\/#organization"},"potentialAction":[{"@type":"SearchAction","target":{"@type":"EntryPoint","urlTemplate":"https:\/\/anemontrekking.com\/?s={search_term_string}"},"query-input":{"@type":"PropertyValueSpecification","valueRequired":true,"valueName":"search_term_string"}}],"inLanguage":"tr"},{"@type":"Organization","@id":"https:\/\/anemontrekking.com\/#organization","name":"Anemon Trekking Spor Kulub\u00fc","url":"https:\/\/anemontrekking.com\/","logo":{"@type":"ImageObject","inLanguage":"tr","@id":"https:\/\/anemontrekking.com\/#\/schema\/logo\/image\/","url":"http:\/\/anemontrekking.com\/wp-content\/uploads\/2021\/02\/47292421_10156386216874652_1517111611498692608_n.jpg","contentUrl":"http:\/\/anemontrekking.com\/wp-content\/uploads\/2021\/02\/47292421_10156386216874652_1517111611498692608_n.jpg","width":960,"height":906,"caption":"Anemon Trekking Spor Kulub\u00fc"},"image":{"@id":"https:\/\/anemontrekking.com\/#\/schema\/logo\/image\/"},"sameAs":["https:\/\/facebook.com\/anemontreking","https:\/\/x.com\/anemon_trekking","https:\/\/www.instagram.com\/anemontreking\/"]}]}},"_links":{"self":[{"href":"https:\/\/anemontrekking.com\/index.php?rest_route=\/wp\/v2\/pages\/1410","targetHints":{"allow":["GET"]}}],"collection":[{"href":"https:\/\/anemontrekking.com\/index.php?rest_route=\/wp\/v2\/pages"}],"about":[{"href":"https:\/\/anemontrekking.com\/index.php?rest_route=\/wp\/v2\/types\/page"}],"author":[{"embeddable":true,"href":"https:\/\/anemontrekking.com\/index.php?rest_route=\/wp\/v2\/users\/1"}],"replies":[{"embeddable":true,"href":"https:\/\/anemontrekking.com\/index.php?rest_route=%2Fwp%2Fv2%2Fcomments&post=1410"}],"version-history":[{"count":1,"href":"https:\/\/anemontrekking.com\/index.php?rest_route=\/wp\/v2\/pages\/1410\/revisions"}],"predecessor-version":[{"id":1413,"href":"https:\/\/anemontrekking.com\/index.php?rest_route=\/wp\/v2\/pages\/1410\/revisions\/1413"}],"wp:attachment":[{"href":"https:\/\/anemontrekking.com\/index.php?rest_route=%2Fwp%2Fv2%2Fmedia&parent=1410"}],"curies":[{"name":"wp","href":"https:\/\/api.w.org\/{rel}","templated":true}]}}