{"id":1351,"date":"2022-10-19T15:40:44","date_gmt":"2022-10-19T12:40:44","guid":{"rendered":"http:\/\/anemontrekking.com\/?page_id=1351"},"modified":"2022-10-19T15:58:33","modified_gmt":"2022-10-19T12:58:33","slug":"__trashed","status":"publish","type":"page","link":"https:\/\/anemontrekking.com\/?page_id=1351","title":{"rendered":"ULUDA\u011e KAMPI VE Z\u0130RVE TIRMANI\u015eI"},"content":{"rendered":"\n<figure class=\"wp-block-image size-large\"><img loading=\"lazy\" decoding=\"async\" width=\"1024\" height=\"819\" src=\"http:\/\/anemontrekking.com\/wp-content\/uploads\/2022\/10\/Uludag-Ketenlik-Yaylasi-1024x819.png\" alt=\"\" class=\"wp-image-1353\" srcset=\"https:\/\/anemontrekking.com\/wp-content\/uploads\/2022\/10\/Uludag-Ketenlik-Yaylasi-1024x819.png 1024w, https:\/\/anemontrekking.com\/wp-content\/uploads\/2022\/10\/Uludag-Ketenlik-Yaylasi-300x240.png 300w, https:\/\/anemontrekking.com\/wp-content\/uploads\/2022\/10\/Uludag-Ketenlik-Yaylasi-768x614.png 768w, https:\/\/anemontrekking.com\/wp-content\/uploads\/2022\/10\/Uludag-Ketenlik-Yaylasi-1536x1229.png 1536w, https:\/\/anemontrekking.com\/wp-content\/uploads\/2022\/10\/Uludag-Ketenlik-Yaylasi.png 2000w\" sizes=\"auto, (max-width: 1024px) 100vw, 1024px\" \/><\/figure>\n\n\n\n<p>29-30 Ekim tarihlerinde Bursa Uluda\u011f&#8217;\u0131n g\u00fcney y\u00fcz\u00fcnde bulunan Osmangazi So\u011fukp\u0131nar k\u00f6y\u00fc \u00fcst\u00fcndeki KETENL\u0130K YAYLASINA gidiyoruz. 28 Ekim 2022 Cuma ak\u015fam saat 22:00&#8217;de yola \u00e7\u0131karak Saat 29 Ekim 2022 05:00&#8217;te Ketenlik Yaylas\u0131na ula\u015ft\u0131ktan sonra planlanan rotadan Uluda\u011f B\u00fcy\u00fck Zirveye \u00e7\u0131karak 29 Ekim Cumhuriyet Bayram\u0131n\u0131n 99.Y\u0131l\u0131n\u0131 zirvede kutluyoruz. Daha sonra planlanan rotadan Ketenlik Yaylas\u0131na inerek \u00e7ad\u0131rlar\u0131m\u0131z\u0131 kurup dinlenmeye ge\u00e7iyoruz. 30 Ekim 2022 Pazar sabah\u0131 Yaylan\u0131n 3 km uza\u011f\u0131ndaki ARAS \u015eELALES\u0130 ve b\u00f6lgenin di\u011fer g\u00fczel yerlerini gezdikten sonra faaliyetimizi bitirip d\u00f6n\u00fc\u015fe ge\u00e7iyoruz. Zirve t\u0131rman\u0131\u015f\u0131na kat\u0131lmak istemeyen arkada\u015flar\u0131m\u0131z KETENL\u0130K YAYLASINDA kamp\u0131n keyfini \u00e7\u0131karabilir. <\/p>\n\n\n\n<p><strong>Program :<\/strong><\/p>\n\n\n\n<p><strong>28 Ekim Cuma<\/strong><\/p>\n\n\n\n<p>22:00 Manisa&#8217;dan Bursa&#8217;ya hareket<\/p>\n\n\n\n<p><strong>29 Ekim Cumartesi<\/strong><\/p>\n\n\n\n<p>05:00 So\u011fukp\u0131nar&#8217;da kahvalt\u0131 <\/p>\n\n\n\n<p>07:00 Ketenlik Yaylas\u0131ndan planlanan rotadan Uluda\u011f Zirveye hareket.<\/p>\n\n\n\n<p>11:00 Tahmini Zirveye var\u0131\u015f ve seremoni<\/p>\n\n\n\n<p>16:00 Kamp alan\u0131na var\u0131\u015f ve \u00e7ad\u0131rlar\u0131n kurulmas\u0131<\/p>\n\n\n\n<p><strong>30 Ekim Pazar<\/strong><\/p>\n\n\n\n<p>08:00 Kahvalt\u0131 sonras\u0131 Aras \u015eelalesi ve \u00c7evre gezisi<\/p>\n\n\n\n<p>13:00 Kamp\u0131 toplama ve da\u011f\u0131lma<\/p>\n\n\n\n<p><strong>KAYIT ve B\u0130LG\u0130 \u0130\u00c7\u0130N :<\/strong><\/p>\n\n\n\n<p>Anemon Trekking Whatsap Hatt\u0131 : 0-850-303 91 11 veya \u00d6nder ERG\u00dcL ile 0 534 737 95 35 numaral\u0131 telefondan irtibata ge\u00e7ebilirsiniz.<\/p>\n\n\n\n<p><strong>NOT :<\/strong><\/p>\n\n\n\n<p>Programda de\u011fi\u015fiklikler ve sarkmalar olabilir. Faaliyet esnas\u0131nda parkurda ayarlama yap\u0131labilir.<\/p>\n\n\n\n<p><strong>ULA\u015eIM :<\/strong><\/p>\n\n\n\n<p>Kay\u0131t durumuna g\u00f6re \u00f6zel ara\u00e7lar\u0131m\u0131z ile veya minib\u00fcs\/otob\u00fcsle ula\u015f\u0131m organize edilecektir. <\/p>\n\n\n\n<p>Anemon Trekking Whatsap Duyuru Gurubuna \u00fcye olarak bundan sonraki etkinliklerimizden haberdar olmak i\u00e7in<\/p>\n\n\n\n<p>WHATSAP \u0130\u00c7\u0130N&nbsp;<a rel=\"noreferrer noopener\" href=\"https:\/\/l.facebook.com\/l.php?u=https%3A%2F%2Fchat.whatsapp.com%2FEstLmUsfztaBqgDSmO8fPZ%3Ffbclid%3DIwAR0sDHYHloBbI78PY_2r3eBZZPvlTiB1ugh80AF5BYjPBtWiXmRxqz_hr6w&amp;h=AT1yFYtc0OgYQeD6uxJI07qa5amrHRjejQtsZhS16ym_4zfnoUqn4QTh-izh90lmC2xKb4z6PDbOgr7j__LP16wm89H6pEuKAWNA-_IZ5hjPCZHjdnD3MoTgh7V-MmkG&amp;__tn__=q&amp;c[0]=AT0pxQ85jpasBZy2aucmM8UYMpnhWXT-NCy483Xy6r_sLFuYjKV1x6rE8vK-9hpb4v5eC9A1E4z4xCNGUFejaq6NJ3loQ0UKauMZCTIZcvWMW5HDgPKEgj4ZZta3520x5AkX8gD2vjbzH2m2qdGgGGRE\" target=\"_blank\">https:\/\/chat.whatsapp.com\/EstLmUsfztaBqgDSmO8fPZ<\/a><\/p>\n\n\n\n<p>TELEGRAM \u0130\u00c7\u0130N<a rel=\"noreferrer noopener\" href=\"https:\/\/t.me\/anemontrekking?fbclid=IwAR105Us33vm973055gLPwgsM6ajaRDfV_lRQV-qxGJ7H-OjD25317-3xupU\" target=\"_blank\">&nbsp;https:\/\/t.me\/anemontrekking<\/a><\/p>\n\n\n\n<p><\/p>\n","protected":false},"excerpt":{"rendered":"<div class=\"slide-text-bg2\">\n<h3>29-30 Ekim tarihlerinde Bursa Uluda\u011f&#8217;\u0131n g\u00fcney y\u00fcz\u00fcnde bulunan Osmangazi So\u011fukp\u0131nar k\u00f6y\u00fc \u00fcst\u00fcndeki KETENL\u0130K YAYLASINA gidiyoruz. 28 Ekim 2022 Cuma ak\u015fam<\/h3>\n<\/div>\n<div class=\"flex-btn-div\"><a href=\"https:\/\/anemontrekking.com\/?page_id=1351\" class=\"btn1 flex-btn\">Daha fazlas\u0131n\u0131 oku<\/a><\/div>\n","protected":false},"author":1,"featured_media":0,"parent":0,"menu_order":0,"comment_status":"closed","ping_status":"closed","template":"","meta":{"ngg_post_thumbnail":0,"footnotes":""},"class_list":["post-1351","page","type-page","status-publish","hentry"],"yoast_head":"<!-- This site is optimized with the Yoast SEO plugin v26.3 - https:\/\/yoast.com\/wordpress\/plugins\/seo\/ -->\n<title>ULUDA\u011e KAMPI VE Z\u0130RVE TIRMANI\u015eI - Anemon Trekking Spor Kulub\u00fc<\/title>\n<meta name=\"robots\" content=\"index, follow, max-snippet:-1, max-image-preview:large, max-video-preview:-1\" \/>\n<link rel=\"canonical\" href=\"https:\/\/anemontrekking.com\/?page_id=1351\" \/>\n<meta property=\"og:locale\" content=\"tr_TR\" \/>\n<meta property=\"og:type\" content=\"article\" \/>\n<meta property=\"og:title\" content=\"ULUDA\u011e KAMPI VE Z\u0130RVE TIRMANI\u015eI - Anemon Trekking Spor Kulub\u00fc\" \/>\n<meta property=\"og:description\" content=\"29-30 Ekim tarihlerinde Bursa Uluda\u011f&#8217;\u0131n g\u00fcney y\u00fcz\u00fcnde bulunan Osmangazi So\u011fukp\u0131nar k\u00f6y\u00fc \u00fcst\u00fcndeki KETENL\u0130K YAYLASINA gidiyoruz. 28 Ekim 2022 Cuma ak\u015famDaha fazlas\u0131n\u0131 oku\" \/>\n<meta property=\"og:url\" content=\"https:\/\/anemontrekking.com\/?page_id=1351\" \/>\n<meta property=\"og:site_name\" content=\"Anemon Trekking Spor Kulub\u00fc\" \/>\n<meta property=\"article:publisher\" content=\"https:\/\/facebook.com\/anemontreking\" \/>\n<meta property=\"article:modified_time\" content=\"2022-10-19T12:58:33+00:00\" \/>\n<meta property=\"og:image\" content=\"http:\/\/anemontrekking.com\/wp-content\/uploads\/2022\/10\/Uludag-Ketenlik-Yaylasi-1024x819.png\" \/>\n<meta name=\"twitter:card\" content=\"summary_large_image\" \/>\n<meta name=\"twitter:site\" content=\"@anemon_trekking\" \/>\n<meta name=\"twitter:label1\" content=\"Tahmini okuma s\u00fcresi\" \/>\n\t<meta name=\"twitter:data1\" content=\"1 dakika\" \/>\n<script type=\"application\/ld+json\" class=\"yoast-schema-graph\">{\"@context\":\"https:\/\/schema.org\",\"@graph\":[{\"@type\":\"WebPage\",\"@id\":\"https:\/\/anemontrekking.com\/?page_id=1351\",\"url\":\"https:\/\/anemontrekking.com\/?page_id=1351\",\"name\":\"ULUDA\u011e KAMPI VE Z\u0130RVE TIRMANI\u015eI - Anemon Trekking Spor Kulub\u00fc\",\"isPartOf\":{\"@id\":\"https:\/\/anemontrekking.com\/#website\"},\"primaryImageOfPage\":{\"@id\":\"https:\/\/anemontrekking.com\/?page_id=1351#primaryimage\"},\"image\":{\"@id\":\"https:\/\/anemontrekking.com\/?page_id=1351#primaryimage\"},\"thumbnailUrl\":\"http:\/\/anemontrekking.com\/wp-content\/uploads\/2022\/10\/Uludag-Ketenlik-Yaylasi-1024x819.png\",\"datePublished\":\"2022-10-19T12:40:44+00:00\",\"dateModified\":\"2022-10-19T12:58:33+00:00\",\"breadcrumb\":{\"@id\":\"https:\/\/anemontrekking.com\/?page_id=1351#breadcrumb\"},\"inLanguage\":\"tr\",\"potentialAction\":[{\"@type\":\"ReadAction\",\"target\":[\"https:\/\/anemontrekking.com\/?page_id=1351\"]}]},{\"@type\":\"ImageObject\",\"inLanguage\":\"tr\",\"@id\":\"https:\/\/anemontrekking.com\/?page_id=1351#primaryimage\",\"url\":\"https:\/\/anemontrekking.com\/wp-content\/uploads\/2022\/10\/Uludag-Ketenlik-Yaylasi.png\",\"contentUrl\":\"https:\/\/anemontrekking.com\/wp-content\/uploads\/2022\/10\/Uludag-Ketenlik-Yaylasi.png\",\"width\":2000,\"height\":1600},{\"@type\":\"BreadcrumbList\",\"@id\":\"https:\/\/anemontrekking.com\/?page_id=1351#breadcrumb\",\"itemListElement\":[{\"@type\":\"ListItem\",\"position\":1,\"name\":\"Anasayfa\",\"item\":\"https:\/\/anemontrekking.com\/\"},{\"@type\":\"ListItem\",\"position\":2,\"name\":\"ULUDA\u011e KAMPI VE Z\u0130RVE TIRMANI\u015eI\"}]},{\"@type\":\"WebSite\",\"@id\":\"https:\/\/anemontrekking.com\/#website\",\"url\":\"https:\/\/anemontrekking.com\/\",\"name\":\"Anemon Trekking Spor Kulub\u00fc\",\"description\":\"Da\u011fc\u0131l\u0131k, Trekking,Kamp\u00e7\u0131l\u0131k ve Do\u011fa Sporlar\u0131\",\"publisher\":{\"@id\":\"https:\/\/anemontrekking.com\/#organization\"},\"potentialAction\":[{\"@type\":\"SearchAction\",\"target\":{\"@type\":\"EntryPoint\",\"urlTemplate\":\"https:\/\/anemontrekking.com\/?s={search_term_string}\"},\"query-input\":{\"@type\":\"PropertyValueSpecification\",\"valueRequired\":true,\"valueName\":\"search_term_string\"}}],\"inLanguage\":\"tr\"},{\"@type\":\"Organization\",\"@id\":\"https:\/\/anemontrekking.com\/#organization\",\"name\":\"Anemon Trekking Spor Kulub\u00fc\",\"url\":\"https:\/\/anemontrekking.com\/\",\"logo\":{\"@type\":\"ImageObject\",\"inLanguage\":\"tr\",\"@id\":\"https:\/\/anemontrekking.com\/#\/schema\/logo\/image\/\",\"url\":\"http:\/\/anemontrekking.com\/wp-content\/uploads\/2021\/02\/47292421_10156386216874652_1517111611498692608_n.jpg\",\"contentUrl\":\"http:\/\/anemontrekking.com\/wp-content\/uploads\/2021\/02\/47292421_10156386216874652_1517111611498692608_n.jpg\",\"width\":960,\"height\":906,\"caption\":\"Anemon Trekking Spor Kulub\u00fc\"},\"image\":{\"@id\":\"https:\/\/anemontrekking.com\/#\/schema\/logo\/image\/\"},\"sameAs\":[\"https:\/\/facebook.com\/anemontreking\",\"https:\/\/x.com\/anemon_trekking\",\"https:\/\/www.instagram.com\/anemontreking\/\"]}]}<\/script>\n<!-- \/ Yoast SEO plugin. -->","yoast_head_json":{"title":"ULUDA\u011e KAMPI VE Z\u0130RVE TIRMANI\u015eI - Anemon Trekking Spor Kulub\u00fc","robots":{"index":"index","follow":"follow","max-snippet":"max-snippet:-1","max-image-preview":"max-image-preview:large","max-video-preview":"max-video-preview:-1"},"canonical":"https:\/\/anemontrekking.com\/?page_id=1351","og_locale":"tr_TR","og_type":"article","og_title":"ULUDA\u011e KAMPI VE Z\u0130RVE TIRMANI\u015eI - Anemon Trekking Spor Kulub\u00fc","og_description":"29-30 Ekim tarihlerinde Bursa Uluda\u011f&#8217;\u0131n g\u00fcney y\u00fcz\u00fcnde bulunan Osmangazi So\u011fukp\u0131nar k\u00f6y\u00fc \u00fcst\u00fcndeki KETENL\u0130K YAYLASINA gidiyoruz. 28 Ekim 2022 Cuma ak\u015famDaha fazlas\u0131n\u0131 oku","og_url":"https:\/\/anemontrekking.com\/?page_id=1351","og_site_name":"Anemon Trekking Spor Kulub\u00fc","article_publisher":"https:\/\/facebook.com\/anemontreking","article_modified_time":"2022-10-19T12:58:33+00:00","og_image":[{"url":"http:\/\/anemontrekking.com\/wp-content\/uploads\/2022\/10\/Uludag-Ketenlik-Yaylasi-1024x819.png","type":"","width":"","height":""}],"twitter_card":"summary_large_image","twitter_site":"@anemon_trekking","twitter_misc":{"Tahmini okuma s\u00fcresi":"1 dakika"},"schema":{"@context":"https:\/\/schema.org","@graph":[{"@type":"WebPage","@id":"https:\/\/anemontrekking.com\/?page_id=1351","url":"https:\/\/anemontrekking.com\/?page_id=1351","name":"ULUDA\u011e KAMPI VE Z\u0130RVE TIRMANI\u015eI - Anemon Trekking Spor Kulub\u00fc","isPartOf":{"@id":"https:\/\/anemontrekking.com\/#website"},"primaryImageOfPage":{"@id":"https:\/\/anemontrekking.com\/?page_id=1351#primaryimage"},"image":{"@id":"https:\/\/anemontrekking.com\/?page_id=1351#primaryimage"},"thumbnailUrl":"http:\/\/anemontrekking.com\/wp-content\/uploads\/2022\/10\/Uludag-Ketenlik-Yaylasi-1024x819.png","datePublished":"2022-10-19T12:40:44+00:00","dateModified":"2022-10-19T12:58:33+00:00","breadcrumb":{"@id":"https:\/\/anemontrekking.com\/?page_id=1351#breadcrumb"},"inLanguage":"tr","potentialAction":[{"@type":"ReadAction","target":["https:\/\/anemontrekking.com\/?page_id=1351"]}]},{"@type":"ImageObject","inLanguage":"tr","@id":"https:\/\/anemontrekking.com\/?page_id=1351#primaryimage","url":"https:\/\/anemontrekking.com\/wp-content\/uploads\/2022\/10\/Uludag-Ketenlik-Yaylasi.png","contentUrl":"https:\/\/anemontrekking.com\/wp-content\/uploads\/2022\/10\/Uludag-Ketenlik-Yaylasi.png","width":2000,"height":1600},{"@type":"BreadcrumbList","@id":"https:\/\/anemontrekking.com\/?page_id=1351#breadcrumb","itemListElement":[{"@type":"ListItem","position":1,"name":"Anasayfa","item":"https:\/\/anemontrekking.com\/"},{"@type":"ListItem","position":2,"name":"ULUDA\u011e KAMPI VE Z\u0130RVE TIRMANI\u015eI"}]},{"@type":"WebSite","@id":"https:\/\/anemontrekking.com\/#website","url":"https:\/\/anemontrekking.com\/","name":"Anemon Trekking Spor Kulub\u00fc","description":"Da\u011fc\u0131l\u0131k, Trekking,Kamp\u00e7\u0131l\u0131k ve Do\u011fa Sporlar\u0131","publisher":{"@id":"https:\/\/anemontrekking.com\/#organization"},"potentialAction":[{"@type":"SearchAction","target":{"@type":"EntryPoint","urlTemplate":"https:\/\/anemontrekking.com\/?s={search_term_string}"},"query-input":{"@type":"PropertyValueSpecification","valueRequired":true,"valueName":"search_term_string"}}],"inLanguage":"tr"},{"@type":"Organization","@id":"https:\/\/anemontrekking.com\/#organization","name":"Anemon Trekking Spor Kulub\u00fc","url":"https:\/\/anemontrekking.com\/","logo":{"@type":"ImageObject","inLanguage":"tr","@id":"https:\/\/anemontrekking.com\/#\/schema\/logo\/image\/","url":"http:\/\/anemontrekking.com\/wp-content\/uploads\/2021\/02\/47292421_10156386216874652_1517111611498692608_n.jpg","contentUrl":"http:\/\/anemontrekking.com\/wp-content\/uploads\/2021\/02\/47292421_10156386216874652_1517111611498692608_n.jpg","width":960,"height":906,"caption":"Anemon Trekking Spor Kulub\u00fc"},"image":{"@id":"https:\/\/anemontrekking.com\/#\/schema\/logo\/image\/"},"sameAs":["https:\/\/facebook.com\/anemontreking","https:\/\/x.com\/anemon_trekking","https:\/\/www.instagram.com\/anemontreking\/"]}]}},"_links":{"self":[{"href":"https:\/\/anemontrekking.com\/index.php?rest_route=\/wp\/v2\/pages\/1351","targetHints":{"allow":["GET"]}}],"collection":[{"href":"https:\/\/anemontrekking.com\/index.php?rest_route=\/wp\/v2\/pages"}],"about":[{"href":"https:\/\/anemontrekking.com\/index.php?rest_route=\/wp\/v2\/types\/page"}],"author":[{"embeddable":true,"href":"https:\/\/anemontrekking.com\/index.php?rest_route=\/wp\/v2\/users\/1"}],"replies":[{"embeddable":true,"href":"https:\/\/anemontrekking.com\/index.php?rest_route=%2Fwp%2Fv2%2Fcomments&post=1351"}],"version-history":[{"count":5,"href":"https:\/\/anemontrekking.com\/index.php?rest_route=\/wp\/v2\/pages\/1351\/revisions"}],"predecessor-version":[{"id":1361,"href":"https:\/\/anemontrekking.com\/index.php?rest_route=\/wp\/v2\/pages\/1351\/revisions\/1361"}],"wp:attachment":[{"href":"https:\/\/anemontrekking.com\/index.php?rest_route=%2Fwp%2Fv2%2Fmedia&parent=1351"}],"curies":[{"name":"wp","href":"https:\/\/api.w.org\/{rel}","templated":true}]}}