{"id":1317,"date":"2022-10-08T11:49:50","date_gmt":"2022-10-08T08:49:50","guid":{"rendered":"http:\/\/anemontrekking.com\/?page_id=1317"},"modified":"2022-10-08T11:49:51","modified_gmt":"2022-10-08T08:49:51","slug":"sekercibaba-cesmesi","status":"publish","type":"page","link":"https:\/\/anemontrekking.com\/?page_id=1317","title":{"rendered":"\u015eEKERC\u0130BABA \u00c7E\u015eMES\u0130"},"content":{"rendered":"\n<figure class=\"wp-block-image size-large\"><img loading=\"lazy\" decoding=\"async\" width=\"1024\" height=\"819\" src=\"http:\/\/anemontrekking.com\/wp-content\/uploads\/2022\/10\/Sekercibaba-Cesmesi-1024x819.jpg\" alt=\"\" class=\"wp-image-1318\" srcset=\"https:\/\/anemontrekking.com\/wp-content\/uploads\/2022\/10\/Sekercibaba-Cesmesi-1024x819.jpg 1024w, https:\/\/anemontrekking.com\/wp-content\/uploads\/2022\/10\/Sekercibaba-Cesmesi-300x240.jpg 300w, https:\/\/anemontrekking.com\/wp-content\/uploads\/2022\/10\/Sekercibaba-Cesmesi-768x614.jpg 768w, https:\/\/anemontrekking.com\/wp-content\/uploads\/2022\/10\/Sekercibaba-Cesmesi-1536x1229.jpg 1536w, https:\/\/anemontrekking.com\/wp-content\/uploads\/2022\/10\/Sekercibaba-Cesmesi.jpg 2000w\" sizes=\"auto, (max-width: 1024px) 100vw, 1024px\" \/><\/figure>\n\n\n\n<p>Manisa Alaybey Zab\u0131ta M\u00fcd\u00fcrl\u00fc\u011f\u00fc \u00f6n\u00fcnden ba\u015flayarak Alaybey Falezleri k\u0131y\u0131s\u0131ndan ge\u00e7erek Spil Da\u011f\u0131 Komando \u00c7e\u015fmesine y\u00fckselece\u011fiz. Oradan dere yata\u011f\u0131 i\u00e7ine inerek \u015eeker\u00e7ibaba \u00c7e\u015fmesinin oldu\u011fu yaylaya ula\u015faca\u011f\u0131z. Burada \u00f6\u011fle molas\u0131 verdikten sonra \u00c7ukur\u00e7e\u015fme \u00fcst\u00fcndeki Komando \u00c7e\u015fmesine gelip buradan Manisa \u015eehir Hastanesine inerek faaliyetimizi sonland\u0131raca\u011f\u0131z. Orta zorlukta bir parkur olup 10 km civar\u0131nda mesafe kaydedece\u011fiz. Kat\u0131lmak isteyen arkada\u015flar\u0131m\u0131z\u0131 faaliyetimize bekleriz. <\/p>\n\n\n\n<p><strong>Program :<\/strong><\/p>\n\n\n\n<p><strong>16 Ekim Pazar<\/strong><\/p>\n\n\n\n<p>08:00 Manisa Alaybey Zab\u0131ta M\u00fcd\u00fcrl\u00fc\u011f\u00fc \u00f6n\u00fcnde bulu\u015fma<\/p>\n\n\n\n<p>16:00 Faaliyet biti\u015fi ve da\u011f\u0131lma<\/p>\n\n\n\n<p><strong>KAYIT ve B\u0130LG\u0130 \u0130\u00c7\u0130N :<\/strong><\/p>\n\n\n\n<p>Anemon Trekking Whatsap Hatt\u0131 : 0-850-303 91 11 veya \u00d6nder ERG\u00dcL ile 0 534 737 95 35 numaral\u0131 telefondan irtibata ge\u00e7ebilirsiniz.<\/p>\n\n\n\n<p><strong>NOT :<\/strong><\/p>\n\n\n\n<p>Programda de\u011fi\u015fiklikler ve sarkmalar olabilir. Faaliyet esnas\u0131nda parkurda ayarlama yap\u0131labilir.<\/p>\n\n\n\n<p><strong>ULA\u015eIM :<\/strong><\/p>\n\n\n\n<p>Alaybey Zab\u0131ta M\u00fcd\u00fcrl\u00fc\u011f\u00fc Ula\u015f\u0131m Linki :  Bu <a href=\"https:\/\/www.google.com\/maps\/place\/Manisa+Belediyesi+Zab%C4%B1ta+M%C3%BCd%C3%BCrl%C3%BC%C4%9F%C3%BC\/@38.612096,27.4453906,16z\/data=!4m5!3m4!1s0x14b99c10efb1cee5:0x908757ec794bc5cb!8m2!3d38.6141466!4d27.4417645\" target=\"_blank\" rel=\"noreferrer noopener\">linkten<\/a> takip ediniz. <\/p>\n","protected":false},"excerpt":{"rendered":"<div class=\"slide-text-bg2\">\n<h3>Manisa Alaybey Zab\u0131ta M\u00fcd\u00fcrl\u00fc\u011f\u00fc \u00f6n\u00fcnden ba\u015flayarak Alaybey Falezleri k\u0131y\u0131s\u0131ndan ge\u00e7erek Spil Da\u011f\u0131 Komando \u00c7e\u015fmesine y\u00fckselece\u011fiz. Oradan dere yata\u011f\u0131 i\u00e7ine inerek<\/h3>\n<\/div>\n<div class=\"flex-btn-div\"><a href=\"https:\/\/anemontrekking.com\/?page_id=1317\" class=\"btn1 flex-btn\">Daha fazlas\u0131n\u0131 oku<\/a><\/div>\n","protected":false},"author":1,"featured_media":0,"parent":0,"menu_order":0,"comment_status":"closed","ping_status":"closed","template":"","meta":{"ngg_post_thumbnail":0,"footnotes":""},"class_list":["post-1317","page","type-page","status-publish","hentry"],"yoast_head":"<!-- This site is optimized with the Yoast SEO plugin v26.3 - https:\/\/yoast.com\/wordpress\/plugins\/seo\/ -->\n<title>\u015eEKERC\u0130BABA \u00c7E\u015eMES\u0130 - Anemon Trekking Spor Kulub\u00fc<\/title>\n<meta name=\"robots\" content=\"index, follow, max-snippet:-1, max-image-preview:large, max-video-preview:-1\" \/>\n<link rel=\"canonical\" href=\"https:\/\/anemontrekking.com\/?page_id=1317\" \/>\n<meta property=\"og:locale\" content=\"tr_TR\" \/>\n<meta property=\"og:type\" content=\"article\" \/>\n<meta property=\"og:title\" content=\"\u015eEKERC\u0130BABA \u00c7E\u015eMES\u0130 - Anemon Trekking Spor Kulub\u00fc\" \/>\n<meta property=\"og:description\" content=\"Manisa Alaybey Zab\u0131ta M\u00fcd\u00fcrl\u00fc\u011f\u00fc \u00f6n\u00fcnden ba\u015flayarak Alaybey Falezleri k\u0131y\u0131s\u0131ndan ge\u00e7erek Spil Da\u011f\u0131 Komando \u00c7e\u015fmesine y\u00fckselece\u011fiz. Oradan dere yata\u011f\u0131 i\u00e7ine inerekDaha fazlas\u0131n\u0131 oku\" \/>\n<meta property=\"og:url\" content=\"https:\/\/anemontrekking.com\/?page_id=1317\" \/>\n<meta property=\"og:site_name\" content=\"Anemon Trekking Spor Kulub\u00fc\" \/>\n<meta property=\"article:publisher\" content=\"https:\/\/facebook.com\/anemontreking\" \/>\n<meta property=\"article:modified_time\" content=\"2022-10-08T08:49:51+00:00\" \/>\n<meta property=\"og:image\" content=\"http:\/\/anemontrekking.com\/wp-content\/uploads\/2022\/10\/Sekercibaba-Cesmesi-1024x819.jpg\" \/>\n<meta name=\"twitter:card\" content=\"summary_large_image\" \/>\n<meta name=\"twitter:site\" content=\"@anemon_trekking\" \/>\n<meta name=\"twitter:label1\" content=\"Tahmini okuma s\u00fcresi\" \/>\n\t<meta name=\"twitter:data1\" content=\"1 dakika\" \/>\n<script type=\"application\/ld+json\" class=\"yoast-schema-graph\">{\"@context\":\"https:\/\/schema.org\",\"@graph\":[{\"@type\":\"WebPage\",\"@id\":\"https:\/\/anemontrekking.com\/?page_id=1317\",\"url\":\"https:\/\/anemontrekking.com\/?page_id=1317\",\"name\":\"\u015eEKERC\u0130BABA \u00c7E\u015eMES\u0130 - Anemon Trekking Spor Kulub\u00fc\",\"isPartOf\":{\"@id\":\"https:\/\/anemontrekking.com\/#website\"},\"primaryImageOfPage\":{\"@id\":\"https:\/\/anemontrekking.com\/?page_id=1317#primaryimage\"},\"image\":{\"@id\":\"https:\/\/anemontrekking.com\/?page_id=1317#primaryimage\"},\"thumbnailUrl\":\"http:\/\/anemontrekking.com\/wp-content\/uploads\/2022\/10\/Sekercibaba-Cesmesi-1024x819.jpg\",\"datePublished\":\"2022-10-08T08:49:50+00:00\",\"dateModified\":\"2022-10-08T08:49:51+00:00\",\"breadcrumb\":{\"@id\":\"https:\/\/anemontrekking.com\/?page_id=1317#breadcrumb\"},\"inLanguage\":\"tr\",\"potentialAction\":[{\"@type\":\"ReadAction\",\"target\":[\"https:\/\/anemontrekking.com\/?page_id=1317\"]}]},{\"@type\":\"ImageObject\",\"inLanguage\":\"tr\",\"@id\":\"https:\/\/anemontrekking.com\/?page_id=1317#primaryimage\",\"url\":\"https:\/\/anemontrekking.com\/wp-content\/uploads\/2022\/10\/Sekercibaba-Cesmesi.jpg\",\"contentUrl\":\"https:\/\/anemontrekking.com\/wp-content\/uploads\/2022\/10\/Sekercibaba-Cesmesi.jpg\",\"width\":2000,\"height\":1600},{\"@type\":\"BreadcrumbList\",\"@id\":\"https:\/\/anemontrekking.com\/?page_id=1317#breadcrumb\",\"itemListElement\":[{\"@type\":\"ListItem\",\"position\":1,\"name\":\"Anasayfa\",\"item\":\"https:\/\/anemontrekking.com\/\"},{\"@type\":\"ListItem\",\"position\":2,\"name\":\"\u015eEKERC\u0130BABA \u00c7E\u015eMES\u0130\"}]},{\"@type\":\"WebSite\",\"@id\":\"https:\/\/anemontrekking.com\/#website\",\"url\":\"https:\/\/anemontrekking.com\/\",\"name\":\"Anemon Trekking Spor Kulub\u00fc\",\"description\":\"Da\u011fc\u0131l\u0131k, Trekking,Kamp\u00e7\u0131l\u0131k ve Do\u011fa Sporlar\u0131\",\"publisher\":{\"@id\":\"https:\/\/anemontrekking.com\/#organization\"},\"potentialAction\":[{\"@type\":\"SearchAction\",\"target\":{\"@type\":\"EntryPoint\",\"urlTemplate\":\"https:\/\/anemontrekking.com\/?s={search_term_string}\"},\"query-input\":{\"@type\":\"PropertyValueSpecification\",\"valueRequired\":true,\"valueName\":\"search_term_string\"}}],\"inLanguage\":\"tr\"},{\"@type\":\"Organization\",\"@id\":\"https:\/\/anemontrekking.com\/#organization\",\"name\":\"Anemon Trekking Spor Kulub\u00fc\",\"url\":\"https:\/\/anemontrekking.com\/\",\"logo\":{\"@type\":\"ImageObject\",\"inLanguage\":\"tr\",\"@id\":\"https:\/\/anemontrekking.com\/#\/schema\/logo\/image\/\",\"url\":\"http:\/\/anemontrekking.com\/wp-content\/uploads\/2021\/02\/47292421_10156386216874652_1517111611498692608_n.jpg\",\"contentUrl\":\"http:\/\/anemontrekking.com\/wp-content\/uploads\/2021\/02\/47292421_10156386216874652_1517111611498692608_n.jpg\",\"width\":960,\"height\":906,\"caption\":\"Anemon Trekking Spor Kulub\u00fc\"},\"image\":{\"@id\":\"https:\/\/anemontrekking.com\/#\/schema\/logo\/image\/\"},\"sameAs\":[\"https:\/\/facebook.com\/anemontreking\",\"https:\/\/x.com\/anemon_trekking\",\"https:\/\/www.instagram.com\/anemontreking\/\"]}]}<\/script>\n<!-- \/ Yoast SEO plugin. -->","yoast_head_json":{"title":"\u015eEKERC\u0130BABA \u00c7E\u015eMES\u0130 - Anemon Trekking Spor Kulub\u00fc","robots":{"index":"index","follow":"follow","max-snippet":"max-snippet:-1","max-image-preview":"max-image-preview:large","max-video-preview":"max-video-preview:-1"},"canonical":"https:\/\/anemontrekking.com\/?page_id=1317","og_locale":"tr_TR","og_type":"article","og_title":"\u015eEKERC\u0130BABA \u00c7E\u015eMES\u0130 - Anemon Trekking Spor Kulub\u00fc","og_description":"Manisa Alaybey Zab\u0131ta M\u00fcd\u00fcrl\u00fc\u011f\u00fc \u00f6n\u00fcnden ba\u015flayarak Alaybey Falezleri k\u0131y\u0131s\u0131ndan ge\u00e7erek Spil Da\u011f\u0131 Komando \u00c7e\u015fmesine y\u00fckselece\u011fiz. Oradan dere yata\u011f\u0131 i\u00e7ine inerekDaha fazlas\u0131n\u0131 oku","og_url":"https:\/\/anemontrekking.com\/?page_id=1317","og_site_name":"Anemon Trekking Spor Kulub\u00fc","article_publisher":"https:\/\/facebook.com\/anemontreking","article_modified_time":"2022-10-08T08:49:51+00:00","og_image":[{"url":"http:\/\/anemontrekking.com\/wp-content\/uploads\/2022\/10\/Sekercibaba-Cesmesi-1024x819.jpg","type":"","width":"","height":""}],"twitter_card":"summary_large_image","twitter_site":"@anemon_trekking","twitter_misc":{"Tahmini okuma s\u00fcresi":"1 dakika"},"schema":{"@context":"https:\/\/schema.org","@graph":[{"@type":"WebPage","@id":"https:\/\/anemontrekking.com\/?page_id=1317","url":"https:\/\/anemontrekking.com\/?page_id=1317","name":"\u015eEKERC\u0130BABA \u00c7E\u015eMES\u0130 - Anemon Trekking Spor Kulub\u00fc","isPartOf":{"@id":"https:\/\/anemontrekking.com\/#website"},"primaryImageOfPage":{"@id":"https:\/\/anemontrekking.com\/?page_id=1317#primaryimage"},"image":{"@id":"https:\/\/anemontrekking.com\/?page_id=1317#primaryimage"},"thumbnailUrl":"http:\/\/anemontrekking.com\/wp-content\/uploads\/2022\/10\/Sekercibaba-Cesmesi-1024x819.jpg","datePublished":"2022-10-08T08:49:50+00:00","dateModified":"2022-10-08T08:49:51+00:00","breadcrumb":{"@id":"https:\/\/anemontrekking.com\/?page_id=1317#breadcrumb"},"inLanguage":"tr","potentialAction":[{"@type":"ReadAction","target":["https:\/\/anemontrekking.com\/?page_id=1317"]}]},{"@type":"ImageObject","inLanguage":"tr","@id":"https:\/\/anemontrekking.com\/?page_id=1317#primaryimage","url":"https:\/\/anemontrekking.com\/wp-content\/uploads\/2022\/10\/Sekercibaba-Cesmesi.jpg","contentUrl":"https:\/\/anemontrekking.com\/wp-content\/uploads\/2022\/10\/Sekercibaba-Cesmesi.jpg","width":2000,"height":1600},{"@type":"BreadcrumbList","@id":"https:\/\/anemontrekking.com\/?page_id=1317#breadcrumb","itemListElement":[{"@type":"ListItem","position":1,"name":"Anasayfa","item":"https:\/\/anemontrekking.com\/"},{"@type":"ListItem","position":2,"name":"\u015eEKERC\u0130BABA \u00c7E\u015eMES\u0130"}]},{"@type":"WebSite","@id":"https:\/\/anemontrekking.com\/#website","url":"https:\/\/anemontrekking.com\/","name":"Anemon Trekking Spor Kulub\u00fc","description":"Da\u011fc\u0131l\u0131k, Trekking,Kamp\u00e7\u0131l\u0131k ve Do\u011fa Sporlar\u0131","publisher":{"@id":"https:\/\/anemontrekking.com\/#organization"},"potentialAction":[{"@type":"SearchAction","target":{"@type":"EntryPoint","urlTemplate":"https:\/\/anemontrekking.com\/?s={search_term_string}"},"query-input":{"@type":"PropertyValueSpecification","valueRequired":true,"valueName":"search_term_string"}}],"inLanguage":"tr"},{"@type":"Organization","@id":"https:\/\/anemontrekking.com\/#organization","name":"Anemon Trekking Spor Kulub\u00fc","url":"https:\/\/anemontrekking.com\/","logo":{"@type":"ImageObject","inLanguage":"tr","@id":"https:\/\/anemontrekking.com\/#\/schema\/logo\/image\/","url":"http:\/\/anemontrekking.com\/wp-content\/uploads\/2021\/02\/47292421_10156386216874652_1517111611498692608_n.jpg","contentUrl":"http:\/\/anemontrekking.com\/wp-content\/uploads\/2021\/02\/47292421_10156386216874652_1517111611498692608_n.jpg","width":960,"height":906,"caption":"Anemon Trekking Spor Kulub\u00fc"},"image":{"@id":"https:\/\/anemontrekking.com\/#\/schema\/logo\/image\/"},"sameAs":["https:\/\/facebook.com\/anemontreking","https:\/\/x.com\/anemon_trekking","https:\/\/www.instagram.com\/anemontreking\/"]}]}},"_links":{"self":[{"href":"https:\/\/anemontrekking.com\/index.php?rest_route=\/wp\/v2\/pages\/1317","targetHints":{"allow":["GET"]}}],"collection":[{"href":"https:\/\/anemontrekking.com\/index.php?rest_route=\/wp\/v2\/pages"}],"about":[{"href":"https:\/\/anemontrekking.com\/index.php?rest_route=\/wp\/v2\/types\/page"}],"author":[{"embeddable":true,"href":"https:\/\/anemontrekking.com\/index.php?rest_route=\/wp\/v2\/users\/1"}],"replies":[{"embeddable":true,"href":"https:\/\/anemontrekking.com\/index.php?rest_route=%2Fwp%2Fv2%2Fcomments&post=1317"}],"version-history":[{"count":1,"href":"https:\/\/anemontrekking.com\/index.php?rest_route=\/wp\/v2\/pages\/1317\/revisions"}],"predecessor-version":[{"id":1319,"href":"https:\/\/anemontrekking.com\/index.php?rest_route=\/wp\/v2\/pages\/1317\/revisions\/1319"}],"wp:attachment":[{"href":"https:\/\/anemontrekking.com\/index.php?rest_route=%2Fwp%2Fv2%2Fmedia&parent=1317"}],"curies":[{"name":"wp","href":"https:\/\/api.w.org\/{rel}","templated":true}]}}