{"id":1257,"date":"2022-07-19T16:07:09","date_gmt":"2022-07-19T13:07:09","guid":{"rendered":"http:\/\/anemontrekking.com\/?page_id=1257"},"modified":"2022-07-19T16:21:59","modified_gmt":"2022-07-19T13:21:59","slug":"cayeli-dagcilik-senligi","status":"publish","type":"page","link":"https:\/\/anemontrekking.com\/?page_id=1257","title":{"rendered":"MAN\u0130SA \u00c7IKI\u015eLI \u00c7AYEL\u0130 DA\u011eCILIK \u015eENL\u0130\u011e\u0130 (1-8 A\u011eUSTOS 2022)"},"content":{"rendered":"\n<figure class=\"wp-block-image size-full\"><img loading=\"lazy\" decoding=\"async\" width=\"945\" height=\"540\" src=\"http:\/\/anemontrekking.com\/wp-content\/uploads\/2022\/07\/168258b0-8ad1-4f1d-be59-60178a3bf0e7.jpg\" alt=\"\" class=\"wp-image-1258\" srcset=\"https:\/\/anemontrekking.com\/wp-content\/uploads\/2022\/07\/168258b0-8ad1-4f1d-be59-60178a3bf0e7.jpg 945w, https:\/\/anemontrekking.com\/wp-content\/uploads\/2022\/07\/168258b0-8ad1-4f1d-be59-60178a3bf0e7-300x171.jpg 300w, https:\/\/anemontrekking.com\/wp-content\/uploads\/2022\/07\/168258b0-8ad1-4f1d-be59-60178a3bf0e7-768x439.jpg 768w\" sizes=\"auto, (max-width: 945px) 100vw, 945px\" \/><\/figure>\n\n\n\n<p>\u00c7AYEL\u0130 8. ULUSLARARASI DA\u011eCILIK TUR\u0130ZM VE YAYLA \u015eENL\u0130\u011e\u0130 FEST\u0130VAL\u0130<br>03-07 A\u011fustos tarihleri aras\u0131nda \u00c7ayeli Da\u011fc\u0131l\u0131k ve Do\u011fa Sporlar\u0131 Kul\u00fcb\u00fcn\u00fcn ger\u00e7ekle\u015ftirece\u011fi Ka\u00e7kar Da\u011f\u0131 faaliyetine Manisa&#8217;dan kat\u0131laca\u011f\u0131z. Faaliyete kat\u0131lmak isteyenler bizimle temasa ge\u00e7ebilir.<\/p>\n\n\n\n<p><strong>Faaliyet Program\u0131<\/strong><\/p>\n\n\n\n<p><strong>01 A\u011eUSTOS 2022 Pazartesi <\/strong><\/p>\n\n\n\n<p>Saat 10:00 Manisa&#8217;dan hareket.<\/p>\n\n\n\n<p>Saat 20:00 Amasya Yediku\u011fular Milli Park\u0131nda kamp<\/p>\n\n\n\n<p><strong>02 A\u011fustos 2022 Sal\u0131<\/strong><\/p>\n\n\n\n<p>Saat 08:00 Kamp\u0131 toplama ve Rize \u00c7ayeli il\u00e7esine hareket.<\/p>\n\n\n\n<p>Saat 18:00 \u00c7ayeli merkezde sahil kenar\u0131nda kamp<\/p>\n\n\n\n<p><strong>03 A\u011fustos 2022 \u00c7ar\u015famba<\/strong><\/p>\n\n\n\n<p>Saat 10:00 \u00c7ayeli Belediyesi \u00f6n\u00fcnde \u00c7AYDOSK Kul\u00fcb\u00fc yetkilileri ile bulu\u015fma<\/p>\n\n\n\n<p>Saat 11:00 \u00c7ayeli meydan\u0131nda \u015fenlik a\u00e7\u0131l\u0131\u015f t\u00f6reni<br>Saat: 12.00 \u00d6\u011fle Yeme\u011fi<br>Saat: 13.30 \u00c7ayeli il\u00e7esinden hareket ile \u00c7aml\u0131hem\u015fin Kavrun yaylas\u0131na ara\u00e7larla hareket, buradan 3 saatlik kamp y\u00fck\u00fc y\u00fcr\u00fcy\u00fc\u015f ile Mezovit (\u00d6k\u00fcz yata\u011f\u0131na kamp)<\/p>\n\n\n\n<p><strong>04 A\u011fustos 2022 Per\u015fembe<\/strong><\/p>\n\n\n\n<p>Ka\u00e7kar zirve t\u0131rman\u0131\u015f\u0131 3937 m<br>Zirveye gelemeyenler i\u00e7in \u00c7evre g\u00f6ller gezisi<\/p>\n\n\n\n<p><br><strong>05 A\u011fustos 2022 Cuma<\/strong><\/p>\n\n\n\n<p>Mezovitten kamp y\u00fck\u00fc ile 4 saatlik y\u00fcr\u00fcy\u00fc\u015f ile Kavrun yaylas\u0131 ard\u0131ndan samistal yaylas\u0131na kamp<\/p>\n\n\n\n<p><strong>06 A\u011fustos 2022 Cumartesi<\/strong><\/p>\n\n\n\n<p>Samistal Yaylas\u0131ndan 2 saatlik kamp y\u00fck\u00fc ile y\u00fcr\u00fcy\u00fc\u015f ile Palovit Yaylas\u0131na kamp.<\/p>\n\n\n\n<p><strong>07 A\u011fustos 2022 Pazar<\/strong><\/p>\n\n\n\n<p>Palovit yaylas\u0131ndan Minib\u00fcslerle \u00c7ayeli&#8217;ne d\u00f6n\u00fc\u015f, veda yeme\u011fi ve kat\u0131l\u0131m sertifikalar\u0131n\u0131n verilmesi.<\/p>\n\n\n\n<p>Manisa&#8217;ya d\u00f6n\u00fc\u015f<\/p>\n\n\n\n<p><strong>08 A\u011fustos 2022 Pazartesi<\/strong><\/p>\n\n\n\n<p>Saat 20:00 Tahmini Manisa&#8217;ya var\u0131\u015f<\/p>\n\n\n\n<p><strong>Notlar<\/strong><br>\u2022 Manisa&#8217;dan \u00c7ayeli&#8217;ne gidi\u015f-geli\u015f yol maliyeti ki\u015fi ba\u015f\u0131 1500 TL&#8217;dir. Ula\u015f\u0131m\u0131 kendi ara\u00e7lar\u0131m\u0131z ile sa\u011flayaca\u011f\u0131z. Kendi arac\u0131yla kat\u0131lan arkada\u015flar \u00fccret \u00f6demeyecektir. <br>\u2022 Mevsim \u015fartlar\u0131na uygun e\u015fyalar\u0131n\u0131z olmas\u0131 (bot, mont, \u00e7ad\u0131r v.b), zirve yapacaklar\u0131n kask bulundurmas\u0131 gerekmektedir.<br>\u2022 Kat\u0131l\u0131mc\u0131lar \u00e7ad\u0131r+mat+uyku tulumu ve kamp malzemelerini kendileri getireceklerdir.<\/p>\n\n\n\n<p>\u2022 Kat\u0131l\u0131mc\u0131lar\u0131n yeme i\u00e7me maliyetleri kendilerine aittir. \u0130steyen kendi pi\u015firdi\u011fini yiyebilir, isteyen haz\u0131r restoranlardan yiyebilir. Da\u011fdaki kampl\u0131 y\u00fcr\u00fcy\u00fc\u015f s\u0131ras\u0131nda kat\u0131lanlar yemeklerini kendileri yapmak zorundad\u0131r. Da\u011fda haz\u0131r restoran yok.<\/p>\n\n\n\n<p><strong>\u0130LET\u0130\u015e\u0130M ve KAYIT :<\/strong> <strong>0-850-303 91 11<\/strong><\/p>\n\n\n\n<p><br><\/p>\n","protected":false},"excerpt":{"rendered":"<div class=\"slide-text-bg2\">\n<h3>\u00c7AYEL\u0130 8. ULUSLARARASI DA\u011eCILIK TUR\u0130ZM VE YAYLA \u015eENL\u0130\u011e\u0130 FEST\u0130VAL\u013003-07 A\u011fustos tarihleri aras\u0131nda \u00c7ayeli Da\u011fc\u0131l\u0131k ve Do\u011fa Sporlar\u0131 Kul\u00fcb\u00fcn\u00fcn ger\u00e7ekle\u015ftirece\u011fi Ka\u00e7kar<\/h3>\n<\/div>\n<div class=\"flex-btn-div\"><a href=\"https:\/\/anemontrekking.com\/?page_id=1257\" class=\"btn1 flex-btn\">Daha fazlas\u0131n\u0131 oku<\/a><\/div>\n","protected":false},"author":1,"featured_media":0,"parent":0,"menu_order":0,"comment_status":"closed","ping_status":"closed","template":"","meta":{"ngg_post_thumbnail":0,"footnotes":""},"class_list":["post-1257","page","type-page","status-publish","hentry"],"yoast_head":"<!-- This site is optimized with the Yoast SEO plugin v26.3 - https:\/\/yoast.com\/wordpress\/plugins\/seo\/ -->\n<title>MAN\u0130SA \u00c7IKI\u015eLI \u00c7AYEL\u0130 DA\u011eCILIK \u015eENL\u0130\u011e\u0130 (1-8 A\u011eUSTOS 2022) - Anemon Trekking Spor Kulub\u00fc<\/title>\n<meta name=\"robots\" content=\"index, follow, max-snippet:-1, max-image-preview:large, max-video-preview:-1\" \/>\n<link rel=\"canonical\" href=\"https:\/\/anemontrekking.com\/?page_id=1257\" \/>\n<meta property=\"og:locale\" content=\"tr_TR\" \/>\n<meta property=\"og:type\" content=\"article\" \/>\n<meta property=\"og:title\" content=\"MAN\u0130SA \u00c7IKI\u015eLI \u00c7AYEL\u0130 DA\u011eCILIK \u015eENL\u0130\u011e\u0130 (1-8 A\u011eUSTOS 2022) - Anemon Trekking Spor Kulub\u00fc\" \/>\n<meta property=\"og:description\" content=\"\u00c7AYEL\u0130 8. ULUSLARARASI DA\u011eCILIK TUR\u0130ZM VE YAYLA \u015eENL\u0130\u011e\u0130 FEST\u0130VAL\u013003-07 A\u011fustos tarihleri aras\u0131nda \u00c7ayeli Da\u011fc\u0131l\u0131k ve Do\u011fa Sporlar\u0131 Kul\u00fcb\u00fcn\u00fcn ger\u00e7ekle\u015ftirece\u011fi Ka\u00e7karDaha fazlas\u0131n\u0131 oku\" \/>\n<meta property=\"og:url\" content=\"https:\/\/anemontrekking.com\/?page_id=1257\" \/>\n<meta property=\"og:site_name\" content=\"Anemon Trekking Spor Kulub\u00fc\" \/>\n<meta property=\"article:publisher\" content=\"https:\/\/facebook.com\/anemontreking\" \/>\n<meta property=\"article:modified_time\" content=\"2022-07-19T13:21:59+00:00\" \/>\n<meta property=\"og:image\" content=\"http:\/\/anemontrekking.com\/wp-content\/uploads\/2022\/07\/168258b0-8ad1-4f1d-be59-60178a3bf0e7.jpg\" \/>\n<meta name=\"twitter:card\" content=\"summary_large_image\" \/>\n<meta name=\"twitter:site\" content=\"@anemon_trekking\" \/>\n<meta name=\"twitter:label1\" content=\"Tahmini okuma s\u00fcresi\" \/>\n\t<meta name=\"twitter:data1\" content=\"2 dakika\" \/>\n<script type=\"application\/ld+json\" class=\"yoast-schema-graph\">{\"@context\":\"https:\/\/schema.org\",\"@graph\":[{\"@type\":\"WebPage\",\"@id\":\"https:\/\/anemontrekking.com\/?page_id=1257\",\"url\":\"https:\/\/anemontrekking.com\/?page_id=1257\",\"name\":\"MAN\u0130SA \u00c7IKI\u015eLI \u00c7AYEL\u0130 DA\u011eCILIK \u015eENL\u0130\u011e\u0130 (1-8 A\u011eUSTOS 2022) - Anemon Trekking Spor Kulub\u00fc\",\"isPartOf\":{\"@id\":\"https:\/\/anemontrekking.com\/#website\"},\"primaryImageOfPage\":{\"@id\":\"https:\/\/anemontrekking.com\/?page_id=1257#primaryimage\"},\"image\":{\"@id\":\"https:\/\/anemontrekking.com\/?page_id=1257#primaryimage\"},\"thumbnailUrl\":\"http:\/\/anemontrekking.com\/wp-content\/uploads\/2022\/07\/168258b0-8ad1-4f1d-be59-60178a3bf0e7.jpg\",\"datePublished\":\"2022-07-19T13:07:09+00:00\",\"dateModified\":\"2022-07-19T13:21:59+00:00\",\"breadcrumb\":{\"@id\":\"https:\/\/anemontrekking.com\/?page_id=1257#breadcrumb\"},\"inLanguage\":\"tr\",\"potentialAction\":[{\"@type\":\"ReadAction\",\"target\":[\"https:\/\/anemontrekking.com\/?page_id=1257\"]}]},{\"@type\":\"ImageObject\",\"inLanguage\":\"tr\",\"@id\":\"https:\/\/anemontrekking.com\/?page_id=1257#primaryimage\",\"url\":\"https:\/\/anemontrekking.com\/wp-content\/uploads\/2022\/07\/168258b0-8ad1-4f1d-be59-60178a3bf0e7.jpg\",\"contentUrl\":\"https:\/\/anemontrekking.com\/wp-content\/uploads\/2022\/07\/168258b0-8ad1-4f1d-be59-60178a3bf0e7.jpg\",\"width\":945,\"height\":540},{\"@type\":\"BreadcrumbList\",\"@id\":\"https:\/\/anemontrekking.com\/?page_id=1257#breadcrumb\",\"itemListElement\":[{\"@type\":\"ListItem\",\"position\":1,\"name\":\"Anasayfa\",\"item\":\"https:\/\/anemontrekking.com\/\"},{\"@type\":\"ListItem\",\"position\":2,\"name\":\"MAN\u0130SA \u00c7IKI\u015eLI \u00c7AYEL\u0130 DA\u011eCILIK \u015eENL\u0130\u011e\u0130 (1-8 A\u011eUSTOS 2022)\"}]},{\"@type\":\"WebSite\",\"@id\":\"https:\/\/anemontrekking.com\/#website\",\"url\":\"https:\/\/anemontrekking.com\/\",\"name\":\"Anemon Trekking Spor Kulub\u00fc\",\"description\":\"Da\u011fc\u0131l\u0131k, Trekking,Kamp\u00e7\u0131l\u0131k ve Do\u011fa Sporlar\u0131\",\"publisher\":{\"@id\":\"https:\/\/anemontrekking.com\/#organization\"},\"potentialAction\":[{\"@type\":\"SearchAction\",\"target\":{\"@type\":\"EntryPoint\",\"urlTemplate\":\"https:\/\/anemontrekking.com\/?s={search_term_string}\"},\"query-input\":{\"@type\":\"PropertyValueSpecification\",\"valueRequired\":true,\"valueName\":\"search_term_string\"}}],\"inLanguage\":\"tr\"},{\"@type\":\"Organization\",\"@id\":\"https:\/\/anemontrekking.com\/#organization\",\"name\":\"Anemon Trekking Spor Kulub\u00fc\",\"url\":\"https:\/\/anemontrekking.com\/\",\"logo\":{\"@type\":\"ImageObject\",\"inLanguage\":\"tr\",\"@id\":\"https:\/\/anemontrekking.com\/#\/schema\/logo\/image\/\",\"url\":\"http:\/\/anemontrekking.com\/wp-content\/uploads\/2021\/02\/47292421_10156386216874652_1517111611498692608_n.jpg\",\"contentUrl\":\"http:\/\/anemontrekking.com\/wp-content\/uploads\/2021\/02\/47292421_10156386216874652_1517111611498692608_n.jpg\",\"width\":960,\"height\":906,\"caption\":\"Anemon Trekking Spor Kulub\u00fc\"},\"image\":{\"@id\":\"https:\/\/anemontrekking.com\/#\/schema\/logo\/image\/\"},\"sameAs\":[\"https:\/\/facebook.com\/anemontreking\",\"https:\/\/x.com\/anemon_trekking\",\"https:\/\/www.instagram.com\/anemontreking\/\"]}]}<\/script>\n<!-- \/ Yoast SEO plugin. -->","yoast_head_json":{"title":"MAN\u0130SA \u00c7IKI\u015eLI \u00c7AYEL\u0130 DA\u011eCILIK \u015eENL\u0130\u011e\u0130 (1-8 A\u011eUSTOS 2022) - Anemon Trekking Spor Kulub\u00fc","robots":{"index":"index","follow":"follow","max-snippet":"max-snippet:-1","max-image-preview":"max-image-preview:large","max-video-preview":"max-video-preview:-1"},"canonical":"https:\/\/anemontrekking.com\/?page_id=1257","og_locale":"tr_TR","og_type":"article","og_title":"MAN\u0130SA \u00c7IKI\u015eLI \u00c7AYEL\u0130 DA\u011eCILIK \u015eENL\u0130\u011e\u0130 (1-8 A\u011eUSTOS 2022) - Anemon Trekking Spor Kulub\u00fc","og_description":"\u00c7AYEL\u0130 8. ULUSLARARASI DA\u011eCILIK TUR\u0130ZM VE YAYLA \u015eENL\u0130\u011e\u0130 FEST\u0130VAL\u013003-07 A\u011fustos tarihleri aras\u0131nda \u00c7ayeli Da\u011fc\u0131l\u0131k ve Do\u011fa Sporlar\u0131 Kul\u00fcb\u00fcn\u00fcn ger\u00e7ekle\u015ftirece\u011fi Ka\u00e7karDaha fazlas\u0131n\u0131 oku","og_url":"https:\/\/anemontrekking.com\/?page_id=1257","og_site_name":"Anemon Trekking Spor Kulub\u00fc","article_publisher":"https:\/\/facebook.com\/anemontreking","article_modified_time":"2022-07-19T13:21:59+00:00","og_image":[{"url":"http:\/\/anemontrekking.com\/wp-content\/uploads\/2022\/07\/168258b0-8ad1-4f1d-be59-60178a3bf0e7.jpg","type":"","width":"","height":""}],"twitter_card":"summary_large_image","twitter_site":"@anemon_trekking","twitter_misc":{"Tahmini okuma s\u00fcresi":"2 dakika"},"schema":{"@context":"https:\/\/schema.org","@graph":[{"@type":"WebPage","@id":"https:\/\/anemontrekking.com\/?page_id=1257","url":"https:\/\/anemontrekking.com\/?page_id=1257","name":"MAN\u0130SA \u00c7IKI\u015eLI \u00c7AYEL\u0130 DA\u011eCILIK \u015eENL\u0130\u011e\u0130 (1-8 A\u011eUSTOS 2022) - Anemon Trekking Spor Kulub\u00fc","isPartOf":{"@id":"https:\/\/anemontrekking.com\/#website"},"primaryImageOfPage":{"@id":"https:\/\/anemontrekking.com\/?page_id=1257#primaryimage"},"image":{"@id":"https:\/\/anemontrekking.com\/?page_id=1257#primaryimage"},"thumbnailUrl":"http:\/\/anemontrekking.com\/wp-content\/uploads\/2022\/07\/168258b0-8ad1-4f1d-be59-60178a3bf0e7.jpg","datePublished":"2022-07-19T13:07:09+00:00","dateModified":"2022-07-19T13:21:59+00:00","breadcrumb":{"@id":"https:\/\/anemontrekking.com\/?page_id=1257#breadcrumb"},"inLanguage":"tr","potentialAction":[{"@type":"ReadAction","target":["https:\/\/anemontrekking.com\/?page_id=1257"]}]},{"@type":"ImageObject","inLanguage":"tr","@id":"https:\/\/anemontrekking.com\/?page_id=1257#primaryimage","url":"https:\/\/anemontrekking.com\/wp-content\/uploads\/2022\/07\/168258b0-8ad1-4f1d-be59-60178a3bf0e7.jpg","contentUrl":"https:\/\/anemontrekking.com\/wp-content\/uploads\/2022\/07\/168258b0-8ad1-4f1d-be59-60178a3bf0e7.jpg","width":945,"height":540},{"@type":"BreadcrumbList","@id":"https:\/\/anemontrekking.com\/?page_id=1257#breadcrumb","itemListElement":[{"@type":"ListItem","position":1,"name":"Anasayfa","item":"https:\/\/anemontrekking.com\/"},{"@type":"ListItem","position":2,"name":"MAN\u0130SA \u00c7IKI\u015eLI \u00c7AYEL\u0130 DA\u011eCILIK \u015eENL\u0130\u011e\u0130 (1-8 A\u011eUSTOS 2022)"}]},{"@type":"WebSite","@id":"https:\/\/anemontrekking.com\/#website","url":"https:\/\/anemontrekking.com\/","name":"Anemon Trekking Spor Kulub\u00fc","description":"Da\u011fc\u0131l\u0131k, Trekking,Kamp\u00e7\u0131l\u0131k ve Do\u011fa Sporlar\u0131","publisher":{"@id":"https:\/\/anemontrekking.com\/#organization"},"potentialAction":[{"@type":"SearchAction","target":{"@type":"EntryPoint","urlTemplate":"https:\/\/anemontrekking.com\/?s={search_term_string}"},"query-input":{"@type":"PropertyValueSpecification","valueRequired":true,"valueName":"search_term_string"}}],"inLanguage":"tr"},{"@type":"Organization","@id":"https:\/\/anemontrekking.com\/#organization","name":"Anemon Trekking Spor Kulub\u00fc","url":"https:\/\/anemontrekking.com\/","logo":{"@type":"ImageObject","inLanguage":"tr","@id":"https:\/\/anemontrekking.com\/#\/schema\/logo\/image\/","url":"http:\/\/anemontrekking.com\/wp-content\/uploads\/2021\/02\/47292421_10156386216874652_1517111611498692608_n.jpg","contentUrl":"http:\/\/anemontrekking.com\/wp-content\/uploads\/2021\/02\/47292421_10156386216874652_1517111611498692608_n.jpg","width":960,"height":906,"caption":"Anemon Trekking Spor Kulub\u00fc"},"image":{"@id":"https:\/\/anemontrekking.com\/#\/schema\/logo\/image\/"},"sameAs":["https:\/\/facebook.com\/anemontreking","https:\/\/x.com\/anemon_trekking","https:\/\/www.instagram.com\/anemontreking\/"]}]}},"_links":{"self":[{"href":"https:\/\/anemontrekking.com\/index.php?rest_route=\/wp\/v2\/pages\/1257","targetHints":{"allow":["GET"]}}],"collection":[{"href":"https:\/\/anemontrekking.com\/index.php?rest_route=\/wp\/v2\/pages"}],"about":[{"href":"https:\/\/anemontrekking.com\/index.php?rest_route=\/wp\/v2\/types\/page"}],"author":[{"embeddable":true,"href":"https:\/\/anemontrekking.com\/index.php?rest_route=\/wp\/v2\/users\/1"}],"replies":[{"embeddable":true,"href":"https:\/\/anemontrekking.com\/index.php?rest_route=%2Fwp%2Fv2%2Fcomments&post=1257"}],"version-history":[{"count":4,"href":"https:\/\/anemontrekking.com\/index.php?rest_route=\/wp\/v2\/pages\/1257\/revisions"}],"predecessor-version":[{"id":1264,"href":"https:\/\/anemontrekking.com\/index.php?rest_route=\/wp\/v2\/pages\/1257\/revisions\/1264"}],"wp:attachment":[{"href":"https:\/\/anemontrekking.com\/index.php?rest_route=%2Fwp%2Fv2%2Fmedia&parent=1257"}],"curies":[{"name":"wp","href":"https:\/\/api.w.org\/{rel}","templated":true}]}}