{"id":1111,"date":"2022-05-23T14:02:11","date_gmt":"2022-05-23T11:02:11","guid":{"rendered":"http:\/\/anemontrekking.com\/?page_id=1111"},"modified":"2022-05-23T14:25:03","modified_gmt":"2022-05-23T11:25:03","slug":"egrigol-kampi-ve-geyik-dagi-tirmanisi","status":"publish","type":"page","link":"https:\/\/anemontrekking.com\/?page_id=1111","title":{"rendered":"E\u011eR\u0130G\u00d6L KAMPI VE GEY\u0130K DA\u011eI TIRMANI\u015eI"},"content":{"rendered":"\n<figure class=\"wp-block-image size-large\"><img loading=\"lazy\" decoding=\"async\" width=\"1024\" height=\"819\" src=\"http:\/\/anemontrekking.com\/wp-content\/uploads\/2022\/05\/Egrigol-Geyik-Dagi-1024x819.png\" alt=\"\" class=\"wp-image-1114\" srcset=\"https:\/\/anemontrekking.com\/wp-content\/uploads\/2022\/05\/Egrigol-Geyik-Dagi-1024x819.png 1024w, https:\/\/anemontrekking.com\/wp-content\/uploads\/2022\/05\/Egrigol-Geyik-Dagi-300x240.png 300w, https:\/\/anemontrekking.com\/wp-content\/uploads\/2022\/05\/Egrigol-Geyik-Dagi-768x614.png 768w, https:\/\/anemontrekking.com\/wp-content\/uploads\/2022\/05\/Egrigol-Geyik-Dagi-1536x1229.png 1536w, https:\/\/anemontrekking.com\/wp-content\/uploads\/2022\/05\/Egrigol-Geyik-Dagi.png 2000w\" sizes=\"auto, (max-width: 1024px) 100vw, 1024px\" \/><\/figure>\n\n\n\n<p>27 May\u0131s Cuma g\u00fcn\u00fc Saat 19:45&#8217;de \u0130zmir Basmane Gar\u0131ndan hareket eden trenle Konya&#8217;ya giderek Konya&#8217;da TDF \u0130l Temsilcisi H\u00fcseyin TURAN LAZO\u011eLU&#8217;nun ara\u00e7 organizasyonuna dahil olarak Konya&#8217;ya 170 km uzaktaki Hadim E\u011frig\u00f6l Yaylas\u0131na otob\u00fcs veya minib\u00fcslerle gidece\u011fiz. Konya E\u011frig\u00f6l ara\u00e7 \u00fccreti kat\u0131l\u0131mc\u0131 say\u0131s\u0131na b\u00f6l\u00fcnecektir. Ortalama 150-200 lira aras\u0131nda de\u011fi\u015febilir. E\u011frig\u00f6l k\u0131y\u0131s\u0131nda kamp kurduktan sonra 2900 rak\u0131ml\u0131 Geyik Da\u011f\u0131 zirvesine t\u0131rmanaca\u011f\u0131z. T\u0131rman\u0131\u015f sonras\u0131 kamp alan\u0131m\u0131za d\u00f6n\u00fcp kamp\u0131 toplay\u0131p EN GE\u00c7 saat 12:00&#8217;de ara\u00e7lara binip Konya&#8217;ya do\u011fru d\u00f6n\u00fc\u015fe ge\u00e7ece\u011fiz. Ak\u015fam saat 19:00&#8217;da \u0130zmir treni ile geri d\u00f6nece\u011fiz. Tren biletlerinizi <a rel=\"noreferrer noopener\" href=\"https:\/\/ebilet.tcddtasimacilik.gov.tr\/\" target=\"_blank\">https:\/\/ebilet.tcddtasimacilik.gov.tr\/<\/a> adresinden alabilirsiniz.<\/p>\n\n\n\n<p><strong>Program :<\/strong><\/p>\n\n\n\n<p><strong>27.5.2022 Cuma<\/strong><\/p>\n\n\n\n<p>Saat 19:55 Basman Tren Gar\u0131ndan Konya&#8217;ya hareket (Manisa&#8217;dan 21:30&#8217;da)<\/p>\n\n\n\n<p><strong>28.5.2022 Cumartesi<\/strong><\/p>\n\n\n\n<p>Saat 08:30 Konya Tren Gar\u0131nda ini\u015f<br>Saat 09:00-12:00 Serbest Zaman<br>Saat 12:00 Hadim\/E\u011frig\u00f6l&#8217;e Hareket (170 km)<br>Saat 16:00 E\u011frig\u00f6l&#8217;e var\u0131\u015f ve kamp\u0131n kurulmas\u0131<\/p>\n\n\n\n<p><strong>29.5.2022 Pazar<\/strong><\/p>\n\n\n\n<p>Saat 03:00 Kalk\u0131\u015f ve Geyik Da\u011f\u0131 Zirvesine hareket<br>Saat 08:00 Tahmini Zirveye var\u0131\u015f<br>Saat 12:00 Kamp Alan\u0131na d\u00f6n\u00fc\u015f ve kamp\u0131 toplama ve Konya&#8217;ya d\u00f6n\u00fc\u015f<br>Saat 19:00 Konya&#8217;dan trenle Manisa&#8217;ya d\u00f6n\u00fc\u015f<\/p>\n\n\n\n<p><strong>30.5.2022 Pazartesi<\/strong><\/p>\n\n\n\n<p>Saat 06:00 Manisa&#8217;ya var\u0131\u015f<\/p>\n\n\n\n<p><strong>GEREKL\u0130 MALZEMELER<\/strong> :<\/p>\n\n\n\n<ul class=\"wp-block-list\"><li>\u00c7ad\u0131r<\/li><li>Uyku Tulumu \/ Mat<\/li><li>Kafa Lambas\u0131<\/li><li>Kask (varsa)<\/li><li>Ki\u015fisel Yiyecek ve \u0130\u00e7ecekler (yolda al\u0131\u015fveri\u015f molas\u0131nda temin edebilirsiniz)<\/li><\/ul>\n\n\n\n<p><strong>Not : <\/strong><\/p>\n\n\n\n<ul class=\"wp-block-list\"><li>Olumsuz Hava Ko\u015fullar\u0131<\/li><li>Konya&#8217;daki Ara\u00e7 Organizasyonundaki aksamalar<\/li><li>Da\u011f T\u0131rman\u0131\u015f\u0131ndan kaynaklanan gecikmeler<\/li><li>Tren saatlerindeki gecikmeler<\/li><li>Di\u011fer nedenler<\/li><\/ul>\n\n\n\n<p>Yukar\u0131daki nedenlerle alm\u0131\u015f oldu\u011funuz tren bileti yanabilir, tren ka\u00e7abilir. Bu y\u00fczden sorumluluk kabul etmiyoruz. Yukar\u0131daki durumlar\u0131 g\u00f6z \u00f6n\u00fcnde bulundurarak kay\u0131t yapt\u0131r\u0131p EN GE\u00c7 25 May\u0131s ak\u015fam\u0131na kadar ald\u0131\u011f\u0131n\u0131z biletin fotosunu  0850 303 91 11 nolu whatsap hatt\u0131na atarak veya internetten ald\u0131\u011f\u0131n\u0131z bileti payla\u015farak kay\u0131t yapt\u0131rabilirsiniz. Manisa ve \u0130zmir d\u0131\u015f\u0131ndan dileyenler KAYIT OLMAK \u015eARTIYLA E\u011frig\u00f6l kamp alan\u0131na gelerek faaliyetimize dahil olabilir. <\/p>\n\n\n\n<p><\/p>\n\n\n\n<p><strong>KAYIT ve B\u0130LG\u0130 \u0130\u00c7\u0130N :<\/strong><\/p>\n\n\n\n<p>Anemon Trekking Whatsap Hatt\u0131 : <strong>0-850-303 91 11<\/strong><\/p>\n\n\n\n<p>Anemon Trekking Whatsap Duyuru Gurubuna \u00fcye olarak bundan sonraki etkinliklerimizden haberdar olmak i\u00e7in<\/p>\n\n\n\n<p>WHATSAP \u0130\u00c7\u0130N&nbsp;<a rel=\"noreferrer noopener\" href=\"https:\/\/l.facebook.com\/l.php?u=https%3A%2F%2Fchat.whatsapp.com%2FEstLmUsfztaBqgDSmO8fPZ%3Ffbclid%3DIwAR0sDHYHloBbI78PY_2r3eBZZPvlTiB1ugh80AF5BYjPBtWiXmRxqz_hr6w&amp;h=AT1yFYtc0OgYQeD6uxJI07qa5amrHRjejQtsZhS16ym_4zfnoUqn4QTh-izh90lmC2xKb4z6PDbOgr7j__LP16wm89H6pEuKAWNA-_IZ5hjPCZHjdnD3MoTgh7V-MmkG&amp;__tn__=q&amp;c[0]=AT0pxQ85jpasBZy2aucmM8UYMpnhWXT-NCy483Xy6r_sLFuYjKV1x6rE8vK-9hpb4v5eC9A1E4z4xCNGUFejaq6NJ3loQ0UKauMZCTIZcvWMW5HDgPKEgj4ZZta3520x5AkX8gD2vjbzH2m2qdGgGGRE\" target=\"_blank\">https:\/\/chat.whatsapp.com\/EstLmUsfztaBqgDSmO8fPZ<\/a><\/p>\n\n\n\n<p>TELEGRAM \u0130\u00c7\u0130N<a rel=\"noreferrer noopener\" href=\"https:\/\/t.me\/anemontrekking?fbclid=IwAR105Us33vm973055gLPwgsM6ajaRDfV_lRQV-qxGJ7H-OjD25317-3xupU\" target=\"_blank\">&nbsp;https:\/\/t.me\/anemontrekking<\/a><\/p>\n\n\n\n<p><\/p>\n","protected":false},"excerpt":{"rendered":"<div class=\"slide-text-bg2\">\n<h3>27 May\u0131s Cuma g\u00fcn\u00fc Saat 19:45&#8217;de \u0130zmir Basmane Gar\u0131ndan hareket eden trenle Konya&#8217;ya giderek Konya&#8217;da TDF \u0130l Temsilcisi H\u00fcseyin TURAN<\/h3>\n<\/div>\n<div class=\"flex-btn-div\"><a href=\"https:\/\/anemontrekking.com\/?page_id=1111\" class=\"btn1 flex-btn\">Daha fazlas\u0131n\u0131 oku<\/a><\/div>\n","protected":false},"author":1,"featured_media":0,"parent":0,"menu_order":0,"comment_status":"closed","ping_status":"closed","template":"","meta":{"ngg_post_thumbnail":0,"footnotes":""},"class_list":["post-1111","page","type-page","status-publish","hentry"],"yoast_head":"<!-- This site is optimized with the Yoast SEO plugin v26.3 - https:\/\/yoast.com\/wordpress\/plugins\/seo\/ -->\n<title>E\u011eR\u0130G\u00d6L KAMPI VE GEY\u0130K DA\u011eI TIRMANI\u015eI - Anemon Trekking Spor Kulub\u00fc<\/title>\n<meta name=\"robots\" content=\"index, follow, max-snippet:-1, max-image-preview:large, max-video-preview:-1\" \/>\n<link rel=\"canonical\" href=\"https:\/\/anemontrekking.com\/?page_id=1111\" \/>\n<meta property=\"og:locale\" content=\"tr_TR\" \/>\n<meta property=\"og:type\" content=\"article\" \/>\n<meta property=\"og:title\" content=\"E\u011eR\u0130G\u00d6L KAMPI VE GEY\u0130K DA\u011eI TIRMANI\u015eI - Anemon Trekking Spor Kulub\u00fc\" \/>\n<meta property=\"og:description\" content=\"27 May\u0131s Cuma g\u00fcn\u00fc Saat 19:45&#8217;de \u0130zmir Basmane Gar\u0131ndan hareket eden trenle Konya&#8217;ya giderek Konya&#8217;da TDF \u0130l Temsilcisi H\u00fcseyin TURANDaha fazlas\u0131n\u0131 oku\" \/>\n<meta property=\"og:url\" content=\"https:\/\/anemontrekking.com\/?page_id=1111\" \/>\n<meta property=\"og:site_name\" content=\"Anemon Trekking Spor Kulub\u00fc\" \/>\n<meta property=\"article:publisher\" content=\"https:\/\/facebook.com\/anemontreking\" \/>\n<meta property=\"article:modified_time\" content=\"2022-05-23T11:25:03+00:00\" \/>\n<meta property=\"og:image\" content=\"http:\/\/anemontrekking.com\/wp-content\/uploads\/2022\/05\/Egrigol-Geyik-Dagi-1024x819.png\" \/>\n<meta name=\"twitter:card\" content=\"summary_large_image\" \/>\n<meta name=\"twitter:site\" content=\"@anemon_trekking\" \/>\n<meta name=\"twitter:label1\" content=\"Tahmini okuma s\u00fcresi\" \/>\n\t<meta name=\"twitter:data1\" content=\"2 dakika\" \/>\n<script type=\"application\/ld+json\" class=\"yoast-schema-graph\">{\"@context\":\"https:\/\/schema.org\",\"@graph\":[{\"@type\":\"WebPage\",\"@id\":\"https:\/\/anemontrekking.com\/?page_id=1111\",\"url\":\"https:\/\/anemontrekking.com\/?page_id=1111\",\"name\":\"E\u011eR\u0130G\u00d6L KAMPI VE GEY\u0130K DA\u011eI TIRMANI\u015eI - Anemon Trekking Spor Kulub\u00fc\",\"isPartOf\":{\"@id\":\"https:\/\/anemontrekking.com\/#website\"},\"primaryImageOfPage\":{\"@id\":\"https:\/\/anemontrekking.com\/?page_id=1111#primaryimage\"},\"image\":{\"@id\":\"https:\/\/anemontrekking.com\/?page_id=1111#primaryimage\"},\"thumbnailUrl\":\"http:\/\/anemontrekking.com\/wp-content\/uploads\/2022\/05\/Egrigol-Geyik-Dagi-1024x819.png\",\"datePublished\":\"2022-05-23T11:02:11+00:00\",\"dateModified\":\"2022-05-23T11:25:03+00:00\",\"breadcrumb\":{\"@id\":\"https:\/\/anemontrekking.com\/?page_id=1111#breadcrumb\"},\"inLanguage\":\"tr\",\"potentialAction\":[{\"@type\":\"ReadAction\",\"target\":[\"https:\/\/anemontrekking.com\/?page_id=1111\"]}]},{\"@type\":\"ImageObject\",\"inLanguage\":\"tr\",\"@id\":\"https:\/\/anemontrekking.com\/?page_id=1111#primaryimage\",\"url\":\"https:\/\/anemontrekking.com\/wp-content\/uploads\/2022\/05\/Egrigol-Geyik-Dagi.png\",\"contentUrl\":\"https:\/\/anemontrekking.com\/wp-content\/uploads\/2022\/05\/Egrigol-Geyik-Dagi.png\",\"width\":2000,\"height\":1600},{\"@type\":\"BreadcrumbList\",\"@id\":\"https:\/\/anemontrekking.com\/?page_id=1111#breadcrumb\",\"itemListElement\":[{\"@type\":\"ListItem\",\"position\":1,\"name\":\"Anasayfa\",\"item\":\"https:\/\/anemontrekking.com\/\"},{\"@type\":\"ListItem\",\"position\":2,\"name\":\"E\u011eR\u0130G\u00d6L KAMPI VE GEY\u0130K DA\u011eI TIRMANI\u015eI\"}]},{\"@type\":\"WebSite\",\"@id\":\"https:\/\/anemontrekking.com\/#website\",\"url\":\"https:\/\/anemontrekking.com\/\",\"name\":\"Anemon Trekking Spor Kulub\u00fc\",\"description\":\"Da\u011fc\u0131l\u0131k, Trekking,Kamp\u00e7\u0131l\u0131k ve Do\u011fa Sporlar\u0131\",\"publisher\":{\"@id\":\"https:\/\/anemontrekking.com\/#organization\"},\"potentialAction\":[{\"@type\":\"SearchAction\",\"target\":{\"@type\":\"EntryPoint\",\"urlTemplate\":\"https:\/\/anemontrekking.com\/?s={search_term_string}\"},\"query-input\":{\"@type\":\"PropertyValueSpecification\",\"valueRequired\":true,\"valueName\":\"search_term_string\"}}],\"inLanguage\":\"tr\"},{\"@type\":\"Organization\",\"@id\":\"https:\/\/anemontrekking.com\/#organization\",\"name\":\"Anemon Trekking Spor Kulub\u00fc\",\"url\":\"https:\/\/anemontrekking.com\/\",\"logo\":{\"@type\":\"ImageObject\",\"inLanguage\":\"tr\",\"@id\":\"https:\/\/anemontrekking.com\/#\/schema\/logo\/image\/\",\"url\":\"http:\/\/anemontrekking.com\/wp-content\/uploads\/2021\/02\/47292421_10156386216874652_1517111611498692608_n.jpg\",\"contentUrl\":\"http:\/\/anemontrekking.com\/wp-content\/uploads\/2021\/02\/47292421_10156386216874652_1517111611498692608_n.jpg\",\"width\":960,\"height\":906,\"caption\":\"Anemon Trekking Spor Kulub\u00fc\"},\"image\":{\"@id\":\"https:\/\/anemontrekking.com\/#\/schema\/logo\/image\/\"},\"sameAs\":[\"https:\/\/facebook.com\/anemontreking\",\"https:\/\/x.com\/anemon_trekking\",\"https:\/\/www.instagram.com\/anemontreking\/\"]}]}<\/script>\n<!-- \/ Yoast SEO plugin. -->","yoast_head_json":{"title":"E\u011eR\u0130G\u00d6L KAMPI VE GEY\u0130K DA\u011eI TIRMANI\u015eI - Anemon Trekking Spor Kulub\u00fc","robots":{"index":"index","follow":"follow","max-snippet":"max-snippet:-1","max-image-preview":"max-image-preview:large","max-video-preview":"max-video-preview:-1"},"canonical":"https:\/\/anemontrekking.com\/?page_id=1111","og_locale":"tr_TR","og_type":"article","og_title":"E\u011eR\u0130G\u00d6L KAMPI VE GEY\u0130K DA\u011eI TIRMANI\u015eI - Anemon Trekking Spor Kulub\u00fc","og_description":"27 May\u0131s Cuma g\u00fcn\u00fc Saat 19:45&#8217;de \u0130zmir Basmane Gar\u0131ndan hareket eden trenle Konya&#8217;ya giderek Konya&#8217;da TDF \u0130l Temsilcisi H\u00fcseyin TURANDaha fazlas\u0131n\u0131 oku","og_url":"https:\/\/anemontrekking.com\/?page_id=1111","og_site_name":"Anemon Trekking Spor Kulub\u00fc","article_publisher":"https:\/\/facebook.com\/anemontreking","article_modified_time":"2022-05-23T11:25:03+00:00","og_image":[{"url":"http:\/\/anemontrekking.com\/wp-content\/uploads\/2022\/05\/Egrigol-Geyik-Dagi-1024x819.png","type":"","width":"","height":""}],"twitter_card":"summary_large_image","twitter_site":"@anemon_trekking","twitter_misc":{"Tahmini okuma s\u00fcresi":"2 dakika"},"schema":{"@context":"https:\/\/schema.org","@graph":[{"@type":"WebPage","@id":"https:\/\/anemontrekking.com\/?page_id=1111","url":"https:\/\/anemontrekking.com\/?page_id=1111","name":"E\u011eR\u0130G\u00d6L KAMPI VE GEY\u0130K DA\u011eI TIRMANI\u015eI - Anemon Trekking Spor Kulub\u00fc","isPartOf":{"@id":"https:\/\/anemontrekking.com\/#website"},"primaryImageOfPage":{"@id":"https:\/\/anemontrekking.com\/?page_id=1111#primaryimage"},"image":{"@id":"https:\/\/anemontrekking.com\/?page_id=1111#primaryimage"},"thumbnailUrl":"http:\/\/anemontrekking.com\/wp-content\/uploads\/2022\/05\/Egrigol-Geyik-Dagi-1024x819.png","datePublished":"2022-05-23T11:02:11+00:00","dateModified":"2022-05-23T11:25:03+00:00","breadcrumb":{"@id":"https:\/\/anemontrekking.com\/?page_id=1111#breadcrumb"},"inLanguage":"tr","potentialAction":[{"@type":"ReadAction","target":["https:\/\/anemontrekking.com\/?page_id=1111"]}]},{"@type":"ImageObject","inLanguage":"tr","@id":"https:\/\/anemontrekking.com\/?page_id=1111#primaryimage","url":"https:\/\/anemontrekking.com\/wp-content\/uploads\/2022\/05\/Egrigol-Geyik-Dagi.png","contentUrl":"https:\/\/anemontrekking.com\/wp-content\/uploads\/2022\/05\/Egrigol-Geyik-Dagi.png","width":2000,"height":1600},{"@type":"BreadcrumbList","@id":"https:\/\/anemontrekking.com\/?page_id=1111#breadcrumb","itemListElement":[{"@type":"ListItem","position":1,"name":"Anasayfa","item":"https:\/\/anemontrekking.com\/"},{"@type":"ListItem","position":2,"name":"E\u011eR\u0130G\u00d6L KAMPI VE GEY\u0130K DA\u011eI TIRMANI\u015eI"}]},{"@type":"WebSite","@id":"https:\/\/anemontrekking.com\/#website","url":"https:\/\/anemontrekking.com\/","name":"Anemon Trekking Spor Kulub\u00fc","description":"Da\u011fc\u0131l\u0131k, Trekking,Kamp\u00e7\u0131l\u0131k ve Do\u011fa Sporlar\u0131","publisher":{"@id":"https:\/\/anemontrekking.com\/#organization"},"potentialAction":[{"@type":"SearchAction","target":{"@type":"EntryPoint","urlTemplate":"https:\/\/anemontrekking.com\/?s={search_term_string}"},"query-input":{"@type":"PropertyValueSpecification","valueRequired":true,"valueName":"search_term_string"}}],"inLanguage":"tr"},{"@type":"Organization","@id":"https:\/\/anemontrekking.com\/#organization","name":"Anemon Trekking Spor Kulub\u00fc","url":"https:\/\/anemontrekking.com\/","logo":{"@type":"ImageObject","inLanguage":"tr","@id":"https:\/\/anemontrekking.com\/#\/schema\/logo\/image\/","url":"http:\/\/anemontrekking.com\/wp-content\/uploads\/2021\/02\/47292421_10156386216874652_1517111611498692608_n.jpg","contentUrl":"http:\/\/anemontrekking.com\/wp-content\/uploads\/2021\/02\/47292421_10156386216874652_1517111611498692608_n.jpg","width":960,"height":906,"caption":"Anemon Trekking Spor Kulub\u00fc"},"image":{"@id":"https:\/\/anemontrekking.com\/#\/schema\/logo\/image\/"},"sameAs":["https:\/\/facebook.com\/anemontreking","https:\/\/x.com\/anemon_trekking","https:\/\/www.instagram.com\/anemontreking\/"]}]}},"_links":{"self":[{"href":"https:\/\/anemontrekking.com\/index.php?rest_route=\/wp\/v2\/pages\/1111","targetHints":{"allow":["GET"]}}],"collection":[{"href":"https:\/\/anemontrekking.com\/index.php?rest_route=\/wp\/v2\/pages"}],"about":[{"href":"https:\/\/anemontrekking.com\/index.php?rest_route=\/wp\/v2\/types\/page"}],"author":[{"embeddable":true,"href":"https:\/\/anemontrekking.com\/index.php?rest_route=\/wp\/v2\/users\/1"}],"replies":[{"embeddable":true,"href":"https:\/\/anemontrekking.com\/index.php?rest_route=%2Fwp%2Fv2%2Fcomments&post=1111"}],"version-history":[{"count":3,"href":"https:\/\/anemontrekking.com\/index.php?rest_route=\/wp\/v2\/pages\/1111\/revisions"}],"predecessor-version":[{"id":1119,"href":"https:\/\/anemontrekking.com\/index.php?rest_route=\/wp\/v2\/pages\/1111\/revisions\/1119"}],"wp:attachment":[{"href":"https:\/\/anemontrekking.com\/index.php?rest_route=%2Fwp%2Fv2%2Fmedia&parent=1111"}],"curies":[{"name":"wp","href":"https:\/\/api.w.org\/{rel}","templated":true}]}}